{"id":7048,"date":"2019-11-27T09:28:59","date_gmt":"2019-11-27T09:28:59","guid":{"rendered":"https:\/\/www.ctp.eu\/?page_id=7048"},"modified":"2019-11-27T09:46:41","modified_gmt":"2019-11-27T09:46:41","slug":"zasady-zpracovani-osobnich-udaju-pri-naboru-zamestnancu","status":"publish","type":"page","link":"https:\/\/ctp.rvltpreview.com\/zh_cn\/ctp-policies\/zasady-zpracovani-osobnich-udaju-pri-naboru-zamestnancu\/","title":{"rendered":"Z\u00e1sady zpracov\u00e1n\u00ed osobn\u00edch \u00fadaj\u016f p\u0159i n\u00e1boru zam\u011bstnanc\u016f"},"content":{"rendered":"<h2>1.obecn\u00e1 ustanoven\u00ed<\/h2>\n<p>\u6211\u4eec\u5c06\u5411\u60a8\u4ecb\u7ecd CTP Invest, spol.(\u6211\u7684\"\uff09\u5728\u65b0\u6cfd\u897f\u5dde\u7684 Va\u0161e osobn\u00ed \u00fadaje \u7684\u65b0\u7f51\u7ad9\u4e0a\u53d1\u5e03\u4e86\u5173\u4e8e Va\u0161e osobn\u00edmi \u00fadaji nakl\u00e1d\u00e1 \u548c chr\u00e1n\u00ed je.\u60a8\u53ef\u5728\u6b64\u8f93\u5165\u60a8\u7684\u8eab\u4efd\u4fe1\u606f\uff0c\u4ee5\u8bc6\u522b\u60a8\u7684\u4e2a\u4eba\u8eab\u4efd\uff0c\u5e76\u5c06\u60a8\u7684\u8eab\u4efd\u4fe1\u606f\u8f93\u5165\u5230\u60a8\u7684\u8ba1\u7b97\u673a\u4e2d\uff08\u53ef\u8f93\u5165 \"Vy \"\u6216 \"uchaze\u010d\"\uff09\u3002<\/p>\n<p>\u6211\u4eec\u5c06\u5411 Z\u00e1sad \u63d0\u4f9b\u6709\u5173 Va\u0161ich pr\u00e1vech v souvislosti se zpracov\u00e1n\u00edm Va\u0161ich \u00fadaj\u016f and o tom, jak a jak\u00fdmi prost\u0159edky m\u016f\u017eete tato pr\u00e1va uplat\u0148ovat \u7684\u4fe1\u606f\u3002<\/p>\n<p>Doporu\u010dujeme V\u00e1m pe\u010dliv\u011b se sezn\u00e1mito t\u011bmito Z\u00e1sadami zpracov\u00e1n\u00ed \u00fadaj\u016f.<\/p>\n<p>&nbsp;<\/p>\n<h2>2.\u7f51\u7ad9\u5730\u56fe\u548c\u8054\u7cfb\u5730\u5740<\/h2>\n<p>Spr\u00e1vcem va\u0161ich osobn\u00edch \u00fadaj\u016f je CTP Invest, spol. s r.o., se s\u00eddlem Central Trade Park D1 1571, 396 01 Humpolec, zapsan\u00e1 v obchodn\u00edm rejst\u0159\u00edku veden\u00e9m u Krajsk\u00e9ho soudu v \u010cesk\u00fdch Bud\u011bjovic\u00edch, sp. zn.c 15647, i\u010do: 261 66 453.<\/p>\n<p>Kontaktn\u00ed \u00fadaje Spr\u00e1vce \u00fadaj\u016f pro jak\u00e9koliv z\u00e1le\u017eitosti t\u00fdkaj\u00edc\u00ed se ochrany osobn\u00edch \u00fadaj\u016f jsou\uff1a<br \/>\nAdresa\uff1aCyrilsk\u00e1 16, Brno, 60200<br \/>\n\u7535\u8bdd\uff1a730 572 539<br \/>\n\u7535\u5b50\u90ae\u4ef6\u5730\u5740\u00a0<a href=\"mailto:info@ctp.eu\">info@ctp.eu<\/a><\/p>\n<h2><\/h2>\n<h2><strong>3.\u00fa\u010del, pr\u00e1vn\u00ed z\u00e1klad, rozsah a doba zpracov\u00e1n\u00ed osobn\u00edch \u00fadaj\u016f<\/strong><\/h2>\n<p><strong>3.1 <\/strong><strong>Pr\u00e1vn\u00ed z\u00e1klady, \u00fa\u010dely a doba zpracov\u00e1n\u00ed<\/strong><br \/>\n\u6211\u4eec\u7684\u76ee\u6807\u662f\uff1a\u5728\u5168\u7403\u8303\u56f4\u5185\uff0c\u4e3a\u60a8\u63d0\u4f9b\u6700\u4f18\u8d28\u7684\u670d\u52a1\uff0c\u8ba9\u60a8\u7684\u751f\u6d3b\u66f4\u7f8e\u597d\u3002<\/p>\n<p>3.1.1 \u4e3a\u786e\u4fdd\u5728\u56fd\u5bb6\u548c\u5730\u65b9\u5c42\u9762\u4e0a\u5b9e\u73b0\u5bf9\u7528\u6237\u7684\u4fdd\u62a4\uff0c\u6211\u4eec\u5c06\u5728\u56fd\u5bb6\u548c\u5730\u65b9\u5c42\u9762\u4e0a\u5bf9\u7528\u6237\u8fdb\u884c\u4fdd\u62a4\u3002<\/p>\n<p>\u6211\u4eec\u5c06\u5728\u6b64\u4e3a\u60a8\u63d0\u4f9b\u5173\u4e8e\u56fd\u5bb6\u548c\u74e6\u7c73\u7684\u6700\u65b0\u6d88\u606f\u3002\u5728 Va\u0161e \u7684\u65b0\u7f51\u7ad9\u4e0a\uff0c\u6211\u4eec\u53ef\u4ee5\u770b\u5230\u5f88\u591a\u5173\u4e8e Va\u0161e \u7684\u4fe1\u606f\uff0c\u4f46\u8fd9\u4e9b\u4fe1\u606f\u90fd\u662f\u5728 V\u00e1m \u7684\u7f51\u7ad9\u4e0a\u770b\u5230\u7684\u3002<\/p>\n<p>3.1.2 \u5982\u679c\u60a8\u7684\u8ba1\u7b97\u673a\u4e0a\u6ca1\u6709\u4efb\u4f55\u76f8\u5173\u4fe1\u606f\uff0c\u8bf7\u8054\u7cfb\u6211\u4eec\u3002<strong> pro \u00fa\u010dely realizace p\u0159\u00edpadn\u00fdch budouc\u00edch v\u00fdb\u011brov\u00fdch \u0159\u00edzen\u00ed na dal\u0161\u00ed pozice v na\u0161\u00ed spole\u010dnosti.<\/strong><\/p>\n<p>Va\u0161e osobn\u00ed \u00fadaje d\u00e1le zpracov\u00e1vat maxim\u00e1ln\u011b po dobu uvedenou v takov\u00e9m souhlasu, p\u0159i\u010dem\u017e tato doba obvykle nep\u0159ekro\u010d\u00ed 2 roky od jeho ud\u011blen\u00ed\u3002<\/p>\n<p>3.1.3 \u5982\u679c\u60a8\u7684\u8ba1\u7b97\u673a\u4e0a\u6ca1\u6709\u76f8\u5173\u4fe1\u606f\uff0c\u8bf7\u8054\u7cfb\u6211\u4eec\u3002\u00a0<strong>pro \u00fa\u010dely Va\u0161eho kontaktov\u00e1n\u00ed ohledn\u011b pracovn\u00edch nab\u00eddek na jin\u00e9 vhodn\u00e9 pozice <\/strong>a pro \u00fa\u010dely realizace souvisej\u00edc\u00edch v\u00fdb\u011brov\u00fdch \u0159\u00edzen\u00ed.<\/p>\n<p>Va\u0161e osobn\u00ed \u00fadaje d\u00e1le zpracov\u00e1vat maxim\u00e1ln\u011b po dobu uvedenou v takov\u00e9m souhlasu, p\u0159i\u010dem\u017e tato doba obvykle nep\u0159ekro\u010d\u00ed 2 roky od jeho ud\u011blen\u00ed\u3002<\/p>\n<p><strong>3.2 Rozsah zpracov\u00e1n\u00ed<\/strong><br \/>\nVa\u0161e osobn\u00ed \u00fadaje zpracov\u00e1v\u00e1me v n\u00e1sleduj\u00edc\u00edm rozsahu\uff1a<\/p>\n<p>3.2.\u60a8\u7684\u59d3\u540d\u3001\u5730\u5740\u3001\u7535\u5b50\u90ae\u4ef6\u3001\u7535\u8bdd\u3001\u7535\u5b50\u90ae\u4ef6\u5730\u5740\u3001\u5de5\u4f5c\u5730\u70b9\u3001\u5de5\u4f5c\u573a\u6240\u3001\u7167\u7247\u3001\u7167\u7247\u548c\u5176\u4ed6\u76f8\u5173\u4fe1\u606f\uff1b<\/p>\n<p>3.2.2 \u7528\u4e8e\u5bf9 Konkr\u00e9tn\u00ed pozici \u8fdb\u884c\u601d\u60f3\u6d4b\u8bd5\u7684 v\u00fdsledky test\u016f prov\u00e1d\u011bn\u00fdch za \u00fa\u010delem v\u00fdb\u011bru ide\u00e1ln\u00edho uchaze\u010de pro konkr\u00e9tn\u00ed pozici.<\/p>\n<p>&nbsp;<\/p>\n<h2>4.4. Sd\u00edlen\u00ed a p\u0159ed\u00e1v\u00e1n\u00ed osobn\u00edch \u00fadaj\u016f (p\u0159\u00edjemci osobn\u00edch \u00fadaj\u016f)<\/h2>\n<p><strong>4.1<\/strong>\u00a0<strong>P\u0159\u00edjemci osobn\u00edch \u00fadaj\u016f<\/strong><br \/>\n4.1.N\u011bkter\u00e9 kategorie osobn\u00edch \u00fadaj\u016f, kter\u00e9 shroma\u017e\u010fujeme v\u00fd\u0161e popsan\u00fdmi zp\u016fsoby, m\u016f\u017eeme sd\u00edlet se t\u0159et\u00edmi stranami\u3001\u6b64\u5916\uff0c\u6211\u4eec\u8fd8\u5c06\u4e3a\u60a8\u63d0\u4f9b\u66f4\u591a\u7684\u652f\u6301\uff0c\u5e2e\u52a9\u60a8\u5b9e\u73b0\u60a8\u7684\u76ee\u6807\u3002<\/p>\n<p>ii. se subjekty spravuj\u00edc\u00edmi na\u0161e IT syst\u00e9my and poskytuj\u00edc\u00edmi IT slu\u017eby za \u00fa\u010delem spr\u00e1vy a organizace v\u00fdb\u011brov\u00fdch \u0159\u00edzen\u00ed jako\u017eto zpracovateli\uff1b<\/p>\n<p>iii. se subjekty zaji\u0161\u0165uj\u00edc\u00edmi n\u00e1bor zam\u011bstnanc\u016f a inzerci pracovn\u00edch pozic jako\u017eto zpracovateli\uff1b<\/p>\n<p>iv. Se st\u00e1tn\u00edmi org\u00e1ny nebo jin\u00fdmi t\u0159et\u00edmi osobami p\u0159i pln\u011bn\u00ed povinnost\u00ed dle pr\u00e1vn\u00edch p\u0159edpis\u016f jako\u017eto samostatn\u00fdmi spr\u00e1vci.<\/p>\n<p><strong>4.2<\/strong>\u00a0<strong>Z\u00e1ruky<\/strong><br \/>\n\u8bf7\u6ce8\u610f\uff0c\u60a8\u5fc5\u987b\u5728\u60a8\u7684\u8ba1\u7b97\u673a\u4e0a\u4f7f\u7528\u8fd9\u4e9b\u529f\u80fd\uff08\u5982\u679c\u60a8\u7684\u8ba1\u7b97\u673a\u4e0a\u6ca1\u6709\u8fd9\u4e9b\u529f\u80fd\uff0c\u60a8\u5c06\u65e0\u6cd5\u4f7f\u7528\u8fd9\u4e9b\u529f\u80fd\uff09\u3001\u5982\u679c\u60a8\u60f3\u4e86\u89e3\u66f4\u591a\u4fe1\u606f\uff0c\u8bf7\u8054\u7cfb\u6211\u4eec\uff0c\u6211\u4eec\u5c06\u7aed\u8bda\u4e3a\u60a8\u670d\u52a1\u3002<\/p>\n<h2><\/h2>\n<h2>5.zabezpe\u010den\u00ed dat<\/h2>\n<p>\u6211\u4eec\u5c06\u4e3a\u60a8\u63d0\u4f9b\u6280\u672f\u548c\u7ec4\u7ec7\u65b9\u9762\u7684\u652f\u6301\uff0c\u5e2e\u52a9\u60a8\u4ece\u65b0\u7684\u89c6\u89d2\u6765\u770b\u5f85\u4fe1\u606f\u7684\u4f20\u64ad\u8fc7\u7a0b\u3002\u5728\u73b0\u4ee3\u79d1\u6280\u7684\u63a8\u52a8\u4e0b\uff0c\u6211\u4eec\u7684\u4ea7\u54c1\u5df2\u4ece\u4f20\u7edf\u7684\u6a71\u67dc\u3001\u8863\u67dc\u3001\u6c99\u53d1\u3001\u5e8a\u57ab\u3001\u6c99\u53d1\u6905\u3001\u6c99\u53d1\u6905\u3001\u5e8a\u57ab\u3001\u5e8a\u57ab\u3001\u5e8a\u57ab\u3001\u5e8a\u57ab\u3001\u5e8a\u57ab\u3001\u5e8a\u57ab\u3001\u5e8a\u57ab\u3001\u5e8a\u57ab\u3001\u5e8a\u57ab\u3001\u5e8a\u57ab\u3001\u5e8a\u57ab\u3001\u5e8a\u57ab\u3001\u5e8a\u57ab\u3001\u5e8a\u57ab\u3001\u5e8a\u57ab\u3001\u5e8a\u57ab\u3001\u5e8a\u57ab\u3001\u5e8a\u57ab\u3001\u5e8a\u57ab\u3001\u5e8a\u57ab\u3001\u5e8a\u57ab\u3001\u5e8a\u57ab\u3001\u5e8a\u57ab\u3001\u5e8a\u57ab\u3001\u5e8a\u57ab\u3001\u5e8a\u57ab\u548c\u5e8a\u57ab\u3002\u60a8\u53ef\u4ee5\u5728\u8fd9\u91cc\u627e\u5230\u60a8\u6240\u9700\u8981\u7684\u4fe1\u606f\uff0c\u5e76\u5c06\u5176\u53d1\u9001\u7ed9\u60a8\u7684\u670b\u53cb\u3001\u53ef\u63d0\u4f9b\u7684\u670d\u52a1\u5305\u62ec\uff1a\u6570\u636e\u5206\u6790\u3001\u6570\u636e\u4fdd\u62a4\u3001\u6570\u636e\u53d1\u5e03\u548c\u4e8b\u4ef6\u5904\u7406\u3001\u8f6f\u4ef6\u5f00\u53d1\u3001\u6570\u636e\u5206\u6790\u548c\u6570\u636e\u4fdd\u62a4\u3002<\/p>\n<p>&nbsp;<\/p>\n<h2>6.6. Va\u0161e pr\u00e1va jako subjektu \u00fadaj\u016f<\/h2>\n<p>\u5982\u679c\u60a8\u60f3\u4e86\u89e3\u66f4\u591a Va\u0161e pr\u00e1vo podle tohoto \u010dl\u00e1nku nebo dle platn\u00fdch pr\u00e1vn\u00edch p\u0159edpis\u016f, informujeme o p\u0159ijat\u00e9m opat\u0159en\u00ed nebo vymaz\u00e1n\u00ed Va\u0161ich osobn\u00edch \u00fadaj\u016f nebo omezen\u00ed zpracov\u00e1n\u00ed v souladu s Va\u0161\u00edm po\u017eadavkem ka\u017ed\u00e9ho p\u0159\u00edjemce\u3001\u5982\u679c\u60a8\u60f3\u5728 5 \u5929\u5185\u8bbf\u95ee Z\u00e1sad\uff0c\u60a8\u53ef\u4ee5\u901a\u8fc7\u4ee5\u4e0b\u65b9\u5f0f\u8bbf\u95ee\u6211\u4eec\u7684\u7f51\u7ad9\u3002<\/p>\n<p>\u5982\u679c\u60a8\u60f3\u4e86\u89e3\u66f4\u591a\u4fe1\u606f\uff0c\u8bf7\u8bbf\u95ee Z\u00e1sad zpracov\u00e1n\u00ed \u00fadaj\u016f 2 t\u011bchto \u010dl\u00e1nku 2 t\u011bchto \u010dl\u00e1nku 2 t\u011bchto Z\u00e1sad zpracov\u00e1n\u00ed \u00fadaj\u016f.<\/p>\n<p><strong>6.1 \u5982\u4f55\u4f7f\u7528\uff1f<\/strong><br \/>\n\u5728\u8fd9\u4e2a\u4e16\u754c\u4e0a\uff0c\u6709\u8bb8\u591a\u4eba\u90fd\u5728\u4e3a\u81ea\u5df1\u7684\u68a6\u60f3\u800c\u594b\u6597\uff0c\u4ed6\u4eec\u90fd\u5728\u4e3a\u81ea\u5df1\u7684\u68a6\u60f3\u800c\u52aa\u529b\uff0c\u4ed6\u4eec\u90fd\u5728\u4e3a\u81ea\u5df1\u7684\u68a6\u60f3\u800c\u594b\u6597\uff08nap\u0159.p\u0159enos Va\u0161ich osobn\u00edch \u00fadaj\u016f k jin\u00e9mu spr\u00e1vci na z\u00e1klad\u011b Va\u0161\u00ed \u017e\u00e1dosti), pr\u00e1vo podat n\u00e1mitky a tak\u00e9 pr\u00e1vo po\u017eadovat omezen\u00ed na\u0161eho zpracov\u00e1n\u00ed.\u5982\u679c\u60a8\u60f3\u4e86\u89e3\u66f4\u591a\u4fe1\u606f\uff0c\u8bf7\u70b9\u51fb\u6b64\u5904\u3002<\/p>\n<p><strong>6.2 Oprava Va\u0161ich osobn\u00edch \u00fadaj\u016f<\/strong><br \/>\n\u5728 Va\u0161ich osobn\u00edch \u00fadaj\u016f opravu\uff08\u74e6\u5e0c\u5947\u5927\u6559\u5802\uff09\u4e0a\uff0c\u60a8\u4f1a\u770b\u5230\u4e00\u4e2a\u5d2d\u65b0\u7684\u3001\u5145\u6ee1\u6d3b\u529b\u7684\u4e16\u754c\u3002<\/p>\n<p>\u8bf7\u8054\u7cfb\u6211\u4eec\uff0c\u6211\u4eec\u5c06\u4e3a\u60a8\u63d0\u4f9b Va\u0161e osobn\u00ed \u00fadaje \u89e3\u51b3\u65b9\u6848\u3002<\/p>\n<p><strong>6.3 V\u00fdmaz va\u0161ich osobn\u00edch \u00fadaj\u016f<\/strong><br \/>\n\u8bf7\u70b9\u51fb\u6b64\u5904\uff0c\u4e86\u89e3\u66f4\u591a\u5173\u4e8e Va\u0161echny Va\u0161echny \u7684\u4fe1\u606f\u3002\u8bf7\u4e0e\u6211\u4eec\u8054\u7cfb\uff0c\u6211\u4eec\u5c06\u4e3a\u60a8\u63d0\u4f9b\u6709\u5173 Va\u0161e osobn\u00ed \u00fadaje \u7684\u6700\u65b0\u6d88\u606f\u3002<\/p>\n<p>\u60a8\u53ef\u4ee5\u4ece\u6211\u4eec\u7684\u7f51\u7ad9\u4e0a\u4e0b\u8f7d\uff08\u4e5f\u53ef\u4ee5\u4ece\u6211\u4eec\u7684\u7f51\u7ad9\u4e0a\u4e0b\u8f7d\uff0c\u4f46\u5fc5\u987b\u662f\u60a8\u81ea\u5df1\u7684\u7f51\u7ad9\uff09Va\u0161e osobn\u00ed \u00fadaje v p\u0159\u00edpad\u011b, \u017ee odvol\u00e1te sv\u016fj souhlas.<\/p>\n<p><strong>6.4 \u778c\u7761\u866b<\/strong><br \/>\n\u60a8\u53ef\u4ee5\u5728\u60a8\u7684\u7f51\u7ad9\u4e0a\u67e5\u770b\u60a8\u7684\u7528\u6237\u540d\u548c\u5bc6\u7801\uff0c\u4e5f\u53ef\u4ee5\u5728\u60a8\u7684\u7f51\u9875\u4e0a\u67e5\u770b\u60a8\u7684\u7528\u6237\u540d\u548c\u5bc6\u7801\u3002\u8bf7\u5728\u7b2c 2 \u9875\u4e0a\u7684 \"\u8054\u7cfb\u6211\u4eec \"\u9875\u9762\u4e0a\u8054\u7cfb\u6211\u4eec\u3002Va\u0161e osobn\u00ed \u00fadaje vyma\u017eeme bez zbyte\u010dn\u00e9ho odkladu odvol\u00e1n\u00ed Va\u0161eho souhlasu.<\/p>\n<p>\u5982\u679c\u60a8\u5bf9 Va\u0161eho souhlasu \u4e0d\u611f\u5174\u8da3\uff0c\u8bf7\u4e0d\u8981\u5c06\u5176\u4f5c\u4e3a Va\u0161eho souhlasu \u7684\u5546\u6807\u3002<\/p>\n<p><strong>6.5 \u5bf9\u5176\u4ed6\u95ee\u9898\u7684\u601d\u8003\u548c\u5efa\u8bae<br \/>\n<\/strong>\u8bf7\u6ce8\u610f\uff0c\u60a8\u7684\u8ba1\u7b97\u673a\u53ef\u80fd\u4f1a\u88ab V\u00e1s zpracov\u00e1v\u00e1me nebo nezpracov\u00e1v\u00e1me \u6240\u5360\u7528\u3002\u5982\u679c\u60a8\u60f3\u4e86\u89e3\u66f4\u591a\u4fe1\u606f\uff0c\u8bf7\u8054\u7cfb\u6211\u4eec\uff0c\u6211\u4eec\u5c06\u7aed\u8bda\u4e3a\u60a8\u670d\u52a1\u3001\u5982\u679c\u60a8\u60f3\u4e86\u89e3\u66f4\u591a\u4fe1\u606f\uff0c\u8bf7\u8054\u7cfb\u6211\u4eec\u3001\u6211\u4eec\u5c06\u7ee7\u7eed\u52aa\u529b\uff0c\u4e3a\u60a8\u63d0\u4f9b\u6700\u4f18\u8d28\u7684\u670d\u52a1\u3002<\/p>\n<p><strong>6.6 N\u00e1mitky proti zpracov\u00e1n\u00ed<\/strong><br \/>\n\u5728\u74e6\u8d6b\u52d2\uff0c\u60a8\u53ef\u4ee5\u5728\u60a8\u7684\u5de5\u4f5c\u533a\u57df\u5185\u8fdb\u884c\u5404\u79cd\u6d3b\u52a8\uff0c\u60a8\u53ef\u4ee5\u5728\u60a8\u7684\u5de5\u4f5c\u533a\u57df\u5185\u8fdb\u884c\u5404\u79cd\u6d3b\u52a8\uff0c\u60a8\u53ef\u4ee5\u5728\u60a8\u7684\u5de5\u4f5c\u533a\u57df\u5185\u8fdb\u884c\u5404\u79cd\u6d3b\u52a8\u3002\u6211\u4eec\u5c06\u5728\u65b0\u7684\u7f51\u7ad9\u4e0a\u4e3a\u60a8\u63d0\u4f9b\u66f4\u591a\u7684\u652f\u6301\uff0c\u8ba9\u60a8\u7684\u5de5\u4f5c\u66f4\u8f7b\u677e\u3001\u66f4\u6709\u6548\u7387\u3001\u6211\u4eec\u8fd8\u5c06\u4e3a\u60a8\u63d0\u4f9b\u66f4\u591a\u7684\u670d\u52a1\uff0c\u8ba9\u60a8\u5728\u5de5\u4f5c\u3001\u751f\u6d3b\u548c\u5b66\u4e60\u4e2d\u5f97\u5230\u66f4\u591a\u7684\u5e2e\u52a9\u3002<\/p>\n<p><strong>6.7 Omezen\u00ed zpracov\u00e1n\u00ed<\/strong><br \/>\n\u8bf7\u6ce8\u610f\uff0c\u5728\u60a8\u7684\u7535\u8111\u4e0a\uff0c\u60a8\u53ef\u80fd\u4f1a\u770b\u5230\u4e00\u4e2a\u65b0\u7684\u5e94\u7528\u7a0b\u5e8f\u3002\u5982\u679c\u60a8\u7684\u7535\u8111\u4e0a\u5b89\u88c5\u4e86Va\u0161e osobn\u00ed \u00fadaje\u8f6f\u4ef6\uff0c\u60a8\u53ef\u4ee5\u4ece\u6700\u5c0f\u503c\uff08ulo\u017een\u00ed\uff09\u5f00\u59cb\u5b89\u88c5Va\u0161ich osobn\u00edch \u00fadaj\u016f\u8f6f\u4ef6\u3001\u5728\u6b64\u57fa\u7840\u4e0a\uff0c\u6211\u4eec\u8fd8\u5c06\u4e3a\u60a8\u63d0\u4f9b\u6709\u5173\u6700\u4f4e\u9650\u5ea6\u3001\u6700\u4f4e\u6807\u51c6\u3001\u6700\u4f4e\u6807\u51c6\u7684\u4fe1\u606f\uff0c\u4ee5\u53ca\u6709\u5173\u6700\u4f4e\u6807\u51c6\u7684\u5176\u4ed6\u4fe1\u606f\u3002\u5982\u679c\u60a8\u60f3\u4e86\u89e3\u66f4\u591a\u4fe1\u606f\uff0c\u8bf7\u8054\u7cfb\u6211\u4eec\u3002<\/p>\n<p><strong>6.8 St\u00ed\u017enost u \u00fa\u0159adu pro ochranu osobn\u00edch \u00fadaj\u016f<br \/>\n<\/strong>M\u00e1te pr\u00e1vo podat st\u00ed\u017enost t\u00fdkaj\u00edc\u00ed se na\u0161eho zpracov\u00e1v\u00e1n\u00ed \u00fadaj\u016f u \u00da\u0159adu pro ochranu osobn\u00edch \u00fadaj\u016f, Pplk.Sochora 27, 170 00 Praha 7. Internetov\u00e9 str\u00e1nky \u00fa\u0159adu jsou\u00a0<a href=\"http:\/\/www.uoou.cz\/\">http:\/\/www.uoou.cz\/<\/a>.<\/p>\n<p>&nbsp;<\/p>\n<h2>7.aktualizace z\u00e1sad zpracov\u00e1n\u00ed \u00fadaj\u016f<\/h2>\n<p>Pr\u016fb\u011b\u017en\u011b m\u016f\u017eeme Z\u00e1sady zpracov\u00e1n\u00ed \u00fadaj\u016f upravovat \u010di aktualizovat.\u60a8\u53ef\u4ee5\u5728 ctp.eu \u7f51\u7ad9\u4e0a\u4e0b\u8f7d\u6700\u65b0\u7684 Z\u00e1sady zpracov\u00e1n\u00ed \u00fadaj\u016f \u7248\u672c\u3002<\/p>\n<p>Tyto Z\u00e1sady zpracov\u00e1n\u00ed \u00fadaj\u016f nab\u00fdvaj\u00ed \u00fa\u010dinnosti dne 27.11.2019.<\/p>","protected":false},"excerpt":{"rendered":"<p>1. OBECN\u00c1 USTANOVEN\u00cd Tyto Z\u00e1sady zpracov\u00e1n\u00ed osobn\u00edch \u00fadaj\u016f p\u0159i n\u00e1boru zam\u011bstnanc\u016f (d\u00e1le jen \"Z\u00e1sady zpracov\u00e1n\u00ed \u00fadaj\u016f\") maj\u00ed za c\u00edl V\u00e1s<\/p>","protected":false},"author":67,"featured_media":0,"parent":6125,"menu_order":0,"comment_status":"closed","ping_status":"closed","template":"","meta":{"_acf_changed":false,"footnotes":""},"class_list":["post-7048","page","type-page","status-publish","hentry"],"acf":[],"yoast_head":"<title>Z\u00e1sady zpracov\u00e1n\u00ed osobn\u00edch \u00fadaj\u016f p\u0159i n\u00e1boru zam\u011bstnanc\u016f - Commercial Real Estate Developer And Manager<\/title>\n<meta name=\"robots\" content=\"noindex, follow, max-snippet:-1, max-image-preview:large, max-video-preview:-1\" \/>\n<meta property=\"og:locale\" content=\"zh_CN\" \/>\n<meta property=\"og:type\" content=\"article\" \/>\n<meta property=\"og:title\" content=\"Z\u00e1sady zpracov\u00e1n\u00ed osobn\u00edch \u00fadaj\u016f p\u0159i n\u00e1boru zam\u011bstnanc\u016f\" \/>\n<meta property=\"og:description\" content=\"1. OBECN\u00c1 USTANOVEN\u00cd Tyto Z\u00e1sady zpracov\u00e1n\u00ed osobn\u00edch \u00fadaj\u016f p\u0159i n\u00e1boru zam\u011bstnanc\u016f (d\u00e1le jen \u201eZ\u00e1sady zpracov\u00e1n\u00ed \u00fadaj\u016f\u201c) maj\u00ed za c\u00edl V\u00e1s\" \/>\n<meta property=\"og:url\" content=\"https:\/\/ctp.rvltpreview.com\/zh_cn\/ctp-policies\/zasady-zpracovani-osobnich-udaju-pri-naboru-zamestnancu\/\" \/>\n<meta property=\"og:site_name\" content=\"Commercial Real Estate Developer And Manager\" \/>\n<meta property=\"article:modified_time\" content=\"2019-11-27T09:46:41+00:00\" \/>\n<meta name=\"twitter:card\" content=\"summary_large_image\" \/>\n<meta name=\"twitter:label1\" content=\"\u9884\u8ba1\u9605\u8bfb\u65f6\u95f4\" \/>\n\t<meta name=\"twitter:data1\" content=\"10 \u5206\" \/>\n<script type=\"application\/ld+json\" class=\"yoast-schema-graph\">{\"@context\":\"https:\\\/\\\/schema.org\",\"@graph\":[{\"@type\":\"WebPage\",\"@id\":\"https:\\\/\\\/ctp.rvltpreview.com\\\/ctp-policies\\\/zasady-zpracovani-osobnich-udaju-pri-naboru-zamestnancu\\\/\",\"url\":\"https:\\\/\\\/ctp.rvltpreview.com\\\/ctp-policies\\\/zasady-zpracovani-osobnich-udaju-pri-naboru-zamestnancu\\\/\",\"name\":\"Z\u00e1sady zpracov\u00e1n\u00ed osobn\u00edch \u00fadaj\u016f p\u0159i n\u00e1boru zam\u011bstnanc\u016f - Commercial Real Estate Developer And Manager\",\"isPartOf\":{\"@id\":\"https:\\\/\\\/ctp.rvltpreview.com\\\/#website\"},\"datePublished\":\"2019-11-27T09:28:59+00:00\",\"dateModified\":\"2019-11-27T09:46:41+00:00\",\"breadcrumb\":{\"@id\":\"https:\\\/\\\/ctp.rvltpreview.com\\\/ctp-policies\\\/zasady-zpracovani-osobnich-udaju-pri-naboru-zamestnancu\\\/#breadcrumb\"},\"inLanguage\":\"zh-Hans\",\"potentialAction\":[{\"@type\":\"ReadAction\",\"target\":[\"https:\\\/\\\/ctp.rvltpreview.com\\\/ctp-policies\\\/zasady-zpracovani-osobnich-udaju-pri-naboru-zamestnancu\\\/\"]}]},{\"@type\":\"BreadcrumbList\",\"@id\":\"https:\\\/\\\/ctp.rvltpreview.com\\\/ctp-policies\\\/zasady-zpracovani-osobnich-udaju-pri-naboru-zamestnancu\\\/#breadcrumb\",\"itemListElement\":[{\"@type\":\"ListItem\",\"position\":1,\"name\":\"Home\",\"item\":\"https:\\\/\\\/ctp.rvltpreview.com\\\/cs\\\/\"},{\"@type\":\"ListItem\",\"position\":2,\"name\":\"CTP Policies\",\"item\":\"https:\\\/\\\/ctp.rvltpreview.com\\\/ctp-policies\\\/\"},{\"@type\":\"ListItem\",\"position\":3,\"name\":\"Z\u00e1sady zpracov\u00e1n\u00ed osobn\u00edch \u00fadaj\u016f p\u0159i n\u00e1boru zam\u011bstnanc\u016f\"}]},{\"@type\":\"WebSite\",\"@id\":\"https:\\\/\\\/ctp.rvltpreview.com\\\/#website\",\"url\":\"https:\\\/\\\/ctp.rvltpreview.com\\\/\",\"name\":\"Commercial Real Estate Developer And Manager\",\"description\":\"CTP - premium industrial warehouse and office buildings\",\"publisher\":{\"@id\":\"https:\\\/\\\/ctp.rvltpreview.com\\\/#organization\"},\"potentialAction\":[{\"@type\":\"SearchAction\",\"target\":{\"@type\":\"EntryPoint\",\"urlTemplate\":\"https:\\\/\\\/ctp.rvltpreview.com\\\/?s={search_term_string}\"},\"query-input\":{\"@type\":\"PropertyValueSpecification\",\"valueRequired\":true,\"valueName\":\"search_term_string\"}}],\"inLanguage\":\"zh-Hans\"},{\"@type\":\"Organization\",\"@id\":\"https:\\\/\\\/ctp.rvltpreview.com\\\/#organization\",\"name\":\"CTP\",\"url\":\"https:\\\/\\\/ctp.rvltpreview.com\\\/\",\"logo\":{\"@type\":\"ImageObject\",\"inLanguage\":\"zh-Hans\",\"@id\":\"https:\\\/\\\/ctp.rvltpreview.com\\\/#\\\/schema\\\/logo\\\/image\\\/\",\"url\":\"\",\"contentUrl\":\"\",\"caption\":\"CTP\"},\"image\":{\"@id\":\"https:\\\/\\\/ctp.rvltpreview.com\\\/#\\\/schema\\\/logo\\\/image\\\/\"}}]}<\/script>","yoast_head_json":{"title":"Z\u00e1sady zpracov\u00e1n\u00ed osobn\u00edch \u00fadaj\u016f p\u0159i n\u00e1boru zam\u011bstnanc\u016f - \u5546\u4e1a\u623f\u5730\u4ea7\u5f00\u53d1\u5546\u548c\u7ecf\u7406\u4eba","robots":{"index":"noindex","follow":"follow","max-snippet":"max-snippet:-1","max-image-preview":"max-image-preview:large","max-video-preview":"max-video-preview:-1"},"og_locale":"zh_CN","og_type":"article","og_title":"Z\u00e1sady zpracov\u00e1n\u00ed osobn\u00edch \u00fadaj\u016f p\u0159i n\u00e1boru zam\u011bstnanc\u016f","og_description":"1. OBECN\u00c1 USTANOVEN\u00cd Tyto Z\u00e1sady zpracov\u00e1n\u00ed osobn\u00edch \u00fadaj\u016f p\u0159i n\u00e1boru zam\u011bstnanc\u016f (d\u00e1le jen \u201eZ\u00e1sady zpracov\u00e1n\u00ed \u00fadaj\u016f\u201c) maj\u00ed za c\u00edl V\u00e1s","og_url":"https:\/\/ctp.rvltpreview.com\/zh_cn\/ctp-policies\/zasady-zpracovani-osobnich-udaju-pri-naboru-zamestnancu\/","og_site_name":"Commercial Real Estate Developer And Manager","article_modified_time":"2019-11-27T09:46:41+00:00","twitter_card":"summary_large_image","twitter_misc":{"\u9884\u8ba1\u9605\u8bfb\u65f6\u95f4":"10 \u5206"},"schema":{"@context":"https:\/\/schema.org","@graph":[{"@type":"WebPage","@id":"https:\/\/ctp.rvltpreview.com\/ctp-policies\/zasady-zpracovani-osobnich-udaju-pri-naboru-zamestnancu\/","url":"https:\/\/ctp.rvltpreview.com\/ctp-policies\/zasady-zpracovani-osobnich-udaju-pri-naboru-zamestnancu\/","name":"Z\u00e1sady zpracov\u00e1n\u00ed osobn\u00edch \u00fadaj\u016f p\u0159i n\u00e1boru zam\u011bstnanc\u016f - \u5546\u4e1a\u623f\u5730\u4ea7\u5f00\u53d1\u5546\u548c\u7ecf\u7406\u4eba","isPartOf":{"@id":"https:\/\/ctp.rvltpreview.com\/#website"},"datePublished":"2019-11-27T09:28:59+00:00","dateModified":"2019-11-27T09:46:41+00:00","breadcrumb":{"@id":"https:\/\/ctp.rvltpreview.com\/ctp-policies\/zasady-zpracovani-osobnich-udaju-pri-naboru-zamestnancu\/#breadcrumb"},"inLanguage":"zh-Hans","potentialAction":[{"@type":"ReadAction","target":["https:\/\/ctp.rvltpreview.com\/ctp-policies\/zasady-zpracovani-osobnich-udaju-pri-naboru-zamestnancu\/"]}]},{"@type":"BreadcrumbList","@id":"https:\/\/ctp.rvltpreview.com\/ctp-policies\/zasady-zpracovani-osobnich-udaju-pri-naboru-zamestnancu\/#breadcrumb","itemListElement":[{"@type":"ListItem","position":1,"name":"Home","item":"https:\/\/ctp.rvltpreview.com\/cs\/"},{"@type":"ListItem","position":2,"name":"CTP Policies","item":"https:\/\/ctp.rvltpreview.com\/ctp-policies\/"},{"@type":"ListItem","position":3,"name":"Z\u00e1sady zpracov\u00e1n\u00ed osobn\u00edch \u00fadaj\u016f p\u0159i n\u00e1boru zam\u011bstnanc\u016f"}]},{"@type":"WebSite","@id":"https:\/\/ctp.rvltpreview.com\/#website","url":"https:\/\/ctp.rvltpreview.com\/","name":"\u5546\u4e1a\u623f\u5730\u4ea7\u5f00\u53d1\u5546\u548c\u7ecf\u7406","description":"CTP - \u9ad8\u7ea7\u5de5\u4e1a\u4ed3\u5e93\u548c\u529e\u516c\u697c","publisher":{"@id":"https:\/\/ctp.rvltpreview.com\/#organization"},"potentialAction":[{"@type":"SearchAction","target":{"@type":"EntryPoint","urlTemplate":"https:\/\/ctp.rvltpreview.com\/?s={search_term_string}"},"query-input":{"@type":"PropertyValueSpecification","valueRequired":true,"valueName":"search_term_string"}}],"inLanguage":"zh-Hans"},{"@type":"Organization","@id":"https:\/\/ctp.rvltpreview.com\/#organization","name":"CTP","url":"https:\/\/ctp.rvltpreview.com\/","logo":{"@type":"ImageObject","inLanguage":"zh-Hans","@id":"https:\/\/ctp.rvltpreview.com\/#\/schema\/logo\/image\/","url":"","contentUrl":"","caption":"CTP"},"image":{"@id":"https:\/\/ctp.rvltpreview.com\/#\/schema\/logo\/image\/"}}]}},"_links":{"self":[{"href":"https:\/\/ctp.rvltpreview.com\/zh_cn\/wp-json\/wp\/v2\/pages\/7048","targetHints":{"allow":["GET"]}}],"collection":[{"href":"https:\/\/ctp.rvltpreview.com\/zh_cn\/wp-json\/wp\/v2\/pages"}],"about":[{"href":"https:\/\/ctp.rvltpreview.com\/zh_cn\/wp-json\/wp\/v2\/types\/page"}],"author":[{"embeddable":true,"href":"https:\/\/ctp.rvltpreview.com\/zh_cn\/wp-json\/wp\/v2\/users\/67"}],"replies":[{"embeddable":true,"href":"https:\/\/ctp.rvltpreview.com\/zh_cn\/wp-json\/wp\/v2\/comments?post=7048"}],"version-history":[{"count":0,"href":"https:\/\/ctp.rvltpreview.com\/zh_cn\/wp-json\/wp\/v2\/pages\/7048\/revisions"}],"up":[{"embeddable":true,"href":"https:\/\/ctp.rvltpreview.com\/zh_cn\/wp-json\/wp\/v2\/pages\/6125"}],"wp:attachment":[{"href":"https:\/\/ctp.rvltpreview.com\/zh_cn\/wp-json\/wp\/v2\/media?parent=7048"}],"curies":[{"name":"wp","href":"https:\/\/api.w.org\/{rel}","templated":true}]}}