{"id":78267,"date":"2023-06-10T11:35:44","date_gmt":"2023-06-10T09:35:44","guid":{"rendered":"https:\/\/ctp.eu\/?page_id=78267"},"modified":"2025-01-14T16:55:56","modified_gmt":"2025-01-14T14:55:56","slug":"land-acquisition","status":"publish","type":"page","link":"https:\/\/ctp.rvltpreview.com\/sk\/land-acquisition\/","title":{"rendered":"Z\u00edskavanie p\u00f4dy"},"content":{"rendered":"<p>[prisna-wp-translate-show-hide behavior=&#8221;hide&#8221; except=&#8221;&#8221;][\/prisna-wp-translate-show-hide]<\/p>\n","protected":false},"excerpt":{"rendered":"<p>[prisna-wp-translate-show-hide behavior=&#8221;hide&#8221; except=&#8221;&#8221;][\/prisna-wp-translate-show-hide]<\/p>\n","protected":false},"author":67,"featured_media":0,"parent":0,"menu_order":0,"comment_status":"closed","ping_status":"closed","template":"templates\/land-acquisition.php","meta":{"_acf_changed":false,"footnotes":""},"class_list":["post-78267","page","type-page","status-publish","hentry"],"acf":[],"yoast_head":"<title>Land acquisition - Commercial Real Estate Developer And Manager<\/title>\n<meta name=\"robots\" content=\"noindex, follow, max-snippet:-1, max-image-preview:large, max-video-preview:-1\" \/>\n<meta property=\"og:locale\" content=\"sk_SK\" \/>\n<meta property=\"og:type\" content=\"article\" \/>\n<meta property=\"og:title\" content=\"Land acquisition\" \/>\n<meta property=\"og:description\" content=\"[prisna-wp-translate-show-hide behavior=&#8221;hide&#8221; except=&#8221;&#8221;][\/prisna-wp-translate-show-hide]\" \/>\n<meta property=\"og:url\" content=\"https:\/\/ctp.rvltpreview.com\/sk\/land-acquisition\/\" \/>\n<meta property=\"og:site_name\" content=\"Commercial Real Estate Developer And Manager\" \/>\n<meta property=\"article:modified_time\" content=\"2025-01-14T14:55:56+00:00\" \/>\n<meta name=\"twitter:card\" content=\"summary_large_image\" \/>\n<meta name=\"twitter:label1\" content=\"Predpokladan\u00fd \u010das \u010d\u00edtania\" \/>\n\t<meta name=\"twitter:data1\" content=\"1 min\u00fata\" \/>\n<script type=\"application\/ld+json\" class=\"yoast-schema-graph\">{\"@context\":\"https:\\\/\\\/schema.org\",\"@graph\":[{\"@type\":\"WebPage\",\"@id\":\"https:\\\/\\\/ctp.rvltpreview.com\\\/land-acquisition\\\/\",\"url\":\"https:\\\/\\\/ctp.rvltpreview.com\\\/land-acquisition\\\/\",\"name\":\"Land acquisition - Commercial Real Estate Developer And Manager\",\"isPartOf\":{\"@id\":\"https:\\\/\\\/ctp.rvltpreview.com\\\/#website\"},\"datePublished\":\"2023-06-10T09:35:44+00:00\",\"dateModified\":\"2025-01-14T14:55:56+00:00\",\"breadcrumb\":{\"@id\":\"https:\\\/\\\/ctp.rvltpreview.com\\\/land-acquisition\\\/#breadcrumb\"},\"inLanguage\":\"sk-SK\",\"potentialAction\":[{\"@type\":\"ReadAction\",\"target\":[\"https:\\\/\\\/ctp.rvltpreview.com\\\/land-acquisition\\\/\"]}]},{\"@type\":\"BreadcrumbList\",\"@id\":\"https:\\\/\\\/ctp.rvltpreview.com\\\/land-acquisition\\\/#breadcrumb\",\"itemListElement\":[{\"@type\":\"ListItem\",\"position\":1,\"name\":\"Home\",\"item\":\"https:\\\/\\\/ctp.rvltpreview.com\\\/cs\\\/\"},{\"@type\":\"ListItem\",\"position\":2,\"name\":\"Land acquisition\"}]},{\"@type\":\"WebSite\",\"@id\":\"https:\\\/\\\/ctp.rvltpreview.com\\\/#website\",\"url\":\"https:\\\/\\\/ctp.rvltpreview.com\\\/\",\"name\":\"Commercial Real Estate Developer And Manager\",\"description\":\"CTP - premium industrial warehouse and office buildings\",\"publisher\":{\"@id\":\"https:\\\/\\\/ctp.rvltpreview.com\\\/#organization\"},\"potentialAction\":[{\"@type\":\"SearchAction\",\"target\":{\"@type\":\"EntryPoint\",\"urlTemplate\":\"https:\\\/\\\/ctp.rvltpreview.com\\\/?s={search_term_string}\"},\"query-input\":{\"@type\":\"PropertyValueSpecification\",\"valueRequired\":true,\"valueName\":\"search_term_string\"}}],\"inLanguage\":\"sk-SK\"},{\"@type\":\"Organization\",\"@id\":\"https:\\\/\\\/ctp.rvltpreview.com\\\/#organization\",\"name\":\"CTP\",\"url\":\"https:\\\/\\\/ctp.rvltpreview.com\\\/\",\"logo\":{\"@type\":\"ImageObject\",\"inLanguage\":\"sk-SK\",\"@id\":\"https:\\\/\\\/ctp.rvltpreview.com\\\/#\\\/schema\\\/logo\\\/image\\\/\",\"url\":\"\",\"contentUrl\":\"\",\"caption\":\"CTP\"},\"image\":{\"@id\":\"https:\\\/\\\/ctp.rvltpreview.com\\\/#\\\/schema\\\/logo\\\/image\\\/\"}}]}<\/script>","yoast_head_json":{"title":"Nadobudnutie pozemku - Komer\u010dn\u00e9 nehnute\u013enosti Developer a mana\u017e\u00e9r","robots":{"index":"noindex","follow":"follow","max-snippet":"max-snippet:-1","max-image-preview":"max-image-preview:large","max-video-preview":"max-video-preview:-1"},"og_locale":"sk_SK","og_type":"article","og_title":"Land acquisition","og_description":"[prisna-wp-translate-show-hide behavior=&#8221;hide&#8221; except=&#8221;&#8221;][\/prisna-wp-translate-show-hide]","og_url":"https:\/\/ctp.rvltpreview.com\/sk\/land-acquisition\/","og_site_name":"Commercial Real Estate Developer And Manager","article_modified_time":"2025-01-14T14:55:56+00:00","twitter_card":"summary_large_image","twitter_misc":{"Predpokladan\u00fd \u010das \u010d\u00edtania":"1 min\u00fata"},"schema":{"@context":"https:\/\/schema.org","@graph":[{"@type":"WebPage","@id":"https:\/\/ctp.rvltpreview.com\/land-acquisition\/","url":"https:\/\/ctp.rvltpreview.com\/land-acquisition\/","name":"Nadobudnutie pozemku - Komer\u010dn\u00e9 nehnute\u013enosti Developer a mana\u017e\u00e9r","isPartOf":{"@id":"https:\/\/ctp.rvltpreview.com\/#website"},"datePublished":"2023-06-10T09:35:44+00:00","dateModified":"2025-01-14T14:55:56+00:00","breadcrumb":{"@id":"https:\/\/ctp.rvltpreview.com\/land-acquisition\/#breadcrumb"},"inLanguage":"sk-SK","potentialAction":[{"@type":"ReadAction","target":["https:\/\/ctp.rvltpreview.com\/land-acquisition\/"]}]},{"@type":"BreadcrumbList","@id":"https:\/\/ctp.rvltpreview.com\/land-acquisition\/#breadcrumb","itemListElement":[{"@type":"ListItem","position":1,"name":"Home","item":"https:\/\/ctp.rvltpreview.com\/cs\/"},{"@type":"ListItem","position":2,"name":"Land acquisition"}]},{"@type":"WebSite","@id":"https:\/\/ctp.rvltpreview.com\/#website","url":"https:\/\/ctp.rvltpreview.com\/","name":"Developer a mana\u017e\u00e9r komer\u010dn\u00fdch nehnute\u013enost\u00ed","description":"CTP - pr\u00e9miov\u00e9 priemyseln\u00e9 skladov\u00e9 a kancel\u00e1rske budovy","publisher":{"@id":"https:\/\/ctp.rvltpreview.com\/#organization"},"potentialAction":[{"@type":"SearchAction","target":{"@type":"EntryPoint","urlTemplate":"https:\/\/ctp.rvltpreview.com\/?s={search_term_string}"},"query-input":{"@type":"PropertyValueSpecification","valueRequired":true,"valueName":"search_term_string"}}],"inLanguage":"sk-SK"},{"@type":"Organization","@id":"https:\/\/ctp.rvltpreview.com\/#organization","name":"CTP","url":"https:\/\/ctp.rvltpreview.com\/","logo":{"@type":"ImageObject","inLanguage":"sk-SK","@id":"https:\/\/ctp.rvltpreview.com\/#\/schema\/logo\/image\/","url":"","contentUrl":"","caption":"CTP"},"image":{"@id":"https:\/\/ctp.rvltpreview.com\/#\/schema\/logo\/image\/"}}]}},"_links":{"self":[{"href":"https:\/\/ctp.rvltpreview.com\/sk\/wp-json\/wp\/v2\/pages\/78267","targetHints":{"allow":["GET"]}}],"collection":[{"href":"https:\/\/ctp.rvltpreview.com\/sk\/wp-json\/wp\/v2\/pages"}],"about":[{"href":"https:\/\/ctp.rvltpreview.com\/sk\/wp-json\/wp\/v2\/types\/page"}],"author":[{"embeddable":true,"href":"https:\/\/ctp.rvltpreview.com\/sk\/wp-json\/wp\/v2\/users\/67"}],"replies":[{"embeddable":true,"href":"https:\/\/ctp.rvltpreview.com\/sk\/wp-json\/wp\/v2\/comments?post=78267"}],"version-history":[{"count":13,"href":"https:\/\/ctp.rvltpreview.com\/sk\/wp-json\/wp\/v2\/pages\/78267\/revisions"}],"predecessor-version":[{"id":101866,"href":"https:\/\/ctp.rvltpreview.com\/sk\/wp-json\/wp\/v2\/pages\/78267\/revisions\/101866"}],"wp:attachment":[{"href":"https:\/\/ctp.rvltpreview.com\/sk\/wp-json\/wp\/v2\/media?parent=78267"}],"curies":[{"name":"wp","href":"https:\/\/api.w.org\/{rel}","templated":true}]}}