{"id":72455,"date":"2023-02-21T14:52:59","date_gmt":"2023-02-21T12:52:59","guid":{"rendered":"https:\/\/www.ctp.eu\/?page_id=72455"},"modified":"2023-02-21T16:35:45","modified_gmt":"2023-02-21T14:35:45","slug":"mipim-2023","status":"publish","type":"page","link":"https:\/\/ctp.rvltpreview.com\/sk\/company\/events\/mipim-2023\/","title":{"rendered":"Spojme sa <br> <span>st\u00e1nok<\/span> MIPIM"},"content":{"rendered":"<p>MIPIM ka\u017edoro\u010dne pri\u0165ahuje t\u00fdch najlep\u0161\u00edch z cel\u00e9ho kontinentu, aby diskutovali o bud\u00facnosti zastavan\u00e9ho prostredia a spojili r\u00f4zne zainteresovan\u00e9 strany a my\u0161lienkov\u00fdch l\u00eddrov \u2013 od urbanistov cez akt\u00e9rov zo s\u00fakromn\u00e9ho sektora a mestsk\u00fdch \u00faradn\u00edkov a\u017e po akademikov. Sme nad\u0161en\u00ed, \u017ee sa m\u00f4\u017eeme z\u00fa\u010dastni\u0165 aj tento rok a d\u00fafame, \u017ee sa tam uvid\u00edme! Pr\u00ed\u010fte do n\u00e1\u0161ho st\u00e1nku a spojte sa s na\u0161\u00edm t\u00edmom Parkmakers alebo ich zastihnite na p\u00f3diu.<\/p>","protected":false},"excerpt":{"rendered":"<p>MIPIM ka\u017edoro\u010dne pri\u0165ahuje t\u00fdch najlep\u0161\u00edch z cel\u00e9ho kontinentu, aby diskutovali o bud\u00facnosti zastavan\u00e9ho prostredia a sp\u00e1jali sa<\/p>","protected":false},"author":22,"featured_media":0,"parent":198,"menu_order":0,"comment_status":"closed","ping_status":"closed","template":"investors-sub-page.php","meta":{"_acf_changed":false,"footnotes":""},"class_list":["post-72455","page","type-page","status-publish","hentry"],"acf":[],"yoast_head":"<title>Let\u2019s connect  at MIPIM - Commercial Real Estate Developer And Manager<\/title>\n<meta name=\"robots\" content=\"noindex, follow, max-snippet:-1, max-image-preview:large, max-video-preview:-1\" \/>\n<meta property=\"og:locale\" content=\"sk_SK\" \/>\n<meta property=\"og:type\" content=\"article\" \/>\n<meta property=\"og:title\" content=\"Let\u2019s connect  at MIPIM\" \/>\n<meta property=\"og:description\" content=\"Every year, MIPIM attracts the best from across the continent to discuss the future of the built environment and connect\" \/>\n<meta property=\"og:url\" content=\"https:\/\/ctp.rvltpreview.com\/sk\/company\/events\/mipim-2023\/\" \/>\n<meta property=\"og:site_name\" content=\"Commercial Real Estate Developer And Manager\" \/>\n<meta property=\"article:modified_time\" content=\"2023-02-21T14:35:45+00:00\" \/>\n<meta property=\"og:image\" content=\"https:\/\/ctp.rvltpreview.com\/wp-content\/uploads\/2023\/02\/web-MIPIM-23-social.jpg\" \/>\n\t<meta property=\"og:image:width\" content=\"1444\" \/>\n\t<meta property=\"og:image:height\" content=\"756\" \/>\n\t<meta property=\"og:image:type\" content=\"image\/jpeg\" \/>\n<meta name=\"twitter:card\" content=\"summary_large_image\" \/>\n<meta name=\"twitter:label1\" content=\"Predpokladan\u00fd \u010das \u010d\u00edtania\" \/>\n\t<meta name=\"twitter:data1\" content=\"1 min\u00fata\" \/>\n<script type=\"application\/ld+json\" class=\"yoast-schema-graph\">{\"@context\":\"https:\\\/\\\/schema.org\",\"@graph\":[{\"@type\":\"WebPage\",\"@id\":\"https:\\\/\\\/ctp.rvltpreview.com\\\/company\\\/events\\\/mipim-2023\\\/\",\"url\":\"https:\\\/\\\/ctp.rvltpreview.com\\\/company\\\/events\\\/mipim-2023\\\/\",\"name\":\"Let\u2019s connect at MIPIM - Commercial Real Estate Developer And Manager\",\"isPartOf\":{\"@id\":\"https:\\\/\\\/ctp.rvltpreview.com\\\/#website\"},\"datePublished\":\"2023-02-21T12:52:59+00:00\",\"dateModified\":\"2023-02-21T14:35:45+00:00\",\"breadcrumb\":{\"@id\":\"https:\\\/\\\/ctp.rvltpreview.com\\\/company\\\/events\\\/mipim-2023\\\/#breadcrumb\"},\"inLanguage\":\"sk-SK\",\"potentialAction\":[{\"@type\":\"ReadAction\",\"target\":[\"https:\\\/\\\/ctp.rvltpreview.com\\\/company\\\/events\\\/mipim-2023\\\/\"]}]},{\"@type\":\"BreadcrumbList\",\"@id\":\"https:\\\/\\\/ctp.rvltpreview.com\\\/company\\\/events\\\/mipim-2023\\\/#breadcrumb\",\"itemListElement\":[{\"@type\":\"ListItem\",\"position\":1,\"name\":\"Home\",\"item\":\"https:\\\/\\\/ctp.rvltpreview.com\\\/\"},{\"@type\":\"ListItem\",\"position\":2,\"name\":\"Company\",\"item\":\"https:\\\/\\\/ctp.rvltpreview.com\\\/company\\\/\"},{\"@type\":\"ListItem\",\"position\":3,\"name\":\"Events and Happenings\",\"item\":\"https:\\\/\\\/ctp.rvltpreview.com\\\/company\\\/events\\\/\"},{\"@type\":\"ListItem\",\"position\":4,\"name\":\"Let\u2019s connect at MIPIM\"}]},{\"@type\":\"WebSite\",\"@id\":\"https:\\\/\\\/ctp.rvltpreview.com\\\/#website\",\"url\":\"https:\\\/\\\/ctp.rvltpreview.com\\\/\",\"name\":\"Commercial Real Estate Developer And Manager\",\"description\":\"CTP - premium industrial warehouse and office buildings\",\"publisher\":{\"@id\":\"https:\\\/\\\/ctp.rvltpreview.com\\\/#organization\"},\"potentialAction\":[{\"@type\":\"SearchAction\",\"target\":{\"@type\":\"EntryPoint\",\"urlTemplate\":\"https:\\\/\\\/ctp.rvltpreview.com\\\/?s={search_term_string}\"},\"query-input\":{\"@type\":\"PropertyValueSpecification\",\"valueRequired\":true,\"valueName\":\"search_term_string\"}}],\"inLanguage\":\"sk-SK\"},{\"@type\":\"Organization\",\"@id\":\"https:\\\/\\\/ctp.rvltpreview.com\\\/#organization\",\"name\":\"CTP\",\"url\":\"https:\\\/\\\/ctp.rvltpreview.com\\\/\",\"logo\":{\"@type\":\"ImageObject\",\"inLanguage\":\"sk-SK\",\"@id\":\"https:\\\/\\\/ctp.rvltpreview.com\\\/#\\\/schema\\\/logo\\\/image\\\/\",\"url\":\"\",\"contentUrl\":\"\",\"caption\":\"CTP\"},\"image\":{\"@id\":\"https:\\\/\\\/ctp.rvltpreview.com\\\/#\\\/schema\\\/logo\\\/image\\\/\"}}]}<\/script>","yoast_head_json":{"title":"Spojme sa na MIPIM - Komer\u010dn\u00e9 nehnute\u013enosti Developer a mana\u017e\u00e9r","robots":{"index":"noindex","follow":"follow","max-snippet":"max-snippet:-1","max-image-preview":"max-image-preview:large","max-video-preview":"max-video-preview:-1"},"og_locale":"sk_SK","og_type":"article","og_title":"Let\u2019s connect  at MIPIM","og_description":"Every year, MIPIM attracts the best from across the continent to discuss the future of the built environment and connect","og_url":"https:\/\/ctp.rvltpreview.com\/sk\/company\/events\/mipim-2023\/","og_site_name":"Commercial Real Estate Developer And Manager","article_modified_time":"2023-02-21T14:35:45+00:00","og_image":[{"width":1444,"height":756,"url":"https:\/\/ctp.rvltpreview.com\/wp-content\/uploads\/2023\/02\/web-MIPIM-23-social.jpg","type":"image\/jpeg"}],"twitter_card":"summary_large_image","twitter_misc":{"Predpokladan\u00fd \u010das \u010d\u00edtania":"1 min\u00fata"},"schema":{"@context":"https:\/\/schema.org","@graph":[{"@type":"WebPage","@id":"https:\/\/ctp.rvltpreview.com\/company\/events\/mipim-2023\/","url":"https:\/\/ctp.rvltpreview.com\/company\/events\/mipim-2023\/","name":"Spojme sa na MIPIM - Komer\u010dn\u00e9 nehnute\u013enosti Developer a mana\u017e\u00e9r","isPartOf":{"@id":"https:\/\/ctp.rvltpreview.com\/#website"},"datePublished":"2023-02-21T12:52:59+00:00","dateModified":"2023-02-21T14:35:45+00:00","breadcrumb":{"@id":"https:\/\/ctp.rvltpreview.com\/company\/events\/mipim-2023\/#breadcrumb"},"inLanguage":"sk-SK","potentialAction":[{"@type":"ReadAction","target":["https:\/\/ctp.rvltpreview.com\/company\/events\/mipim-2023\/"]}]},{"@type":"BreadcrumbList","@id":"https:\/\/ctp.rvltpreview.com\/company\/events\/mipim-2023\/#breadcrumb","itemListElement":[{"@type":"ListItem","position":1,"name":"Home","item":"https:\/\/ctp.rvltpreview.com\/"},{"@type":"ListItem","position":2,"name":"Company","item":"https:\/\/ctp.rvltpreview.com\/company\/"},{"@type":"ListItem","position":3,"name":"Events and Happenings","item":"https:\/\/ctp.rvltpreview.com\/company\/events\/"},{"@type":"ListItem","position":4,"name":"Let\u2019s connect at MIPIM"}]},{"@type":"WebSite","@id":"https:\/\/ctp.rvltpreview.com\/#website","url":"https:\/\/ctp.rvltpreview.com\/","name":"Developer a mana\u017e\u00e9r komer\u010dn\u00fdch nehnute\u013enost\u00ed","description":"CTP - pr\u00e9miov\u00e9 priemyseln\u00e9 skladov\u00e9 a kancel\u00e1rske budovy","publisher":{"@id":"https:\/\/ctp.rvltpreview.com\/#organization"},"potentialAction":[{"@type":"SearchAction","target":{"@type":"EntryPoint","urlTemplate":"https:\/\/ctp.rvltpreview.com\/?s={search_term_string}"},"query-input":{"@type":"PropertyValueSpecification","valueRequired":true,"valueName":"search_term_string"}}],"inLanguage":"sk-SK"},{"@type":"Organization","@id":"https:\/\/ctp.rvltpreview.com\/#organization","name":"CTP","url":"https:\/\/ctp.rvltpreview.com\/","logo":{"@type":"ImageObject","inLanguage":"sk-SK","@id":"https:\/\/ctp.rvltpreview.com\/#\/schema\/logo\/image\/","url":"","contentUrl":"","caption":"CTP"},"image":{"@id":"https:\/\/ctp.rvltpreview.com\/#\/schema\/logo\/image\/"}}]}},"_links":{"self":[{"href":"https:\/\/ctp.rvltpreview.com\/sk\/wp-json\/wp\/v2\/pages\/72455","targetHints":{"allow":["GET"]}}],"collection":[{"href":"https:\/\/ctp.rvltpreview.com\/sk\/wp-json\/wp\/v2\/pages"}],"about":[{"href":"https:\/\/ctp.rvltpreview.com\/sk\/wp-json\/wp\/v2\/types\/page"}],"author":[{"embeddable":true,"href":"https:\/\/ctp.rvltpreview.com\/sk\/wp-json\/wp\/v2\/users\/22"}],"replies":[{"embeddable":true,"href":"https:\/\/ctp.rvltpreview.com\/sk\/wp-json\/wp\/v2\/comments?post=72455"}],"version-history":[{"count":0,"href":"https:\/\/ctp.rvltpreview.com\/sk\/wp-json\/wp\/v2\/pages\/72455\/revisions"}],"up":[{"embeddable":true,"href":"https:\/\/ctp.rvltpreview.com\/sk\/wp-json\/wp\/v2\/pages\/198"}],"wp:attachment":[{"href":"https:\/\/ctp.rvltpreview.com\/sk\/wp-json\/wp\/v2\/media?parent=72455"}],"curies":[{"name":"wp","href":"https:\/\/api.w.org\/{rel}","templated":true}]}}