{"id":71105,"date":"2023-01-31T19:03:35","date_gmt":"2023-01-31T17:03:35","guid":{"rendered":"https:\/\/www.ctp.eu\/?page_id=71105"},"modified":"2023-02-01T18:00:57","modified_gmt":"2023-02-01T16:00:57","slug":"ctbox-promo","status":"publish","type":"page","link":"https:\/\/ctp.rvltpreview.com\/sk\/ctbox-promo\/","title":{"rendered":"CTBox"},"content":{"rendered":"","protected":false},"excerpt":{"rendered":"","protected":false},"author":22,"featured_media":0,"parent":0,"menu_order":0,"comment_status":"closed","ping_status":"closed","template":"industrial-detail-page-promo.php","meta":{"_acf_changed":false,"footnotes":""},"class_list":["post-71105","page","type-page","status-publish","hentry"],"acf":[],"yoast_head":"<title>CTBox - Commercial Real Estate Developer And Manager<\/title>\n<meta name=\"robots\" content=\"noindex, follow, max-snippet:-1, max-image-preview:large, max-video-preview:-1\" \/>\n<meta property=\"og:locale\" content=\"sk_SK\" \/>\n<meta property=\"og:type\" content=\"article\" \/>\n<meta property=\"og:title\" content=\"CTBox\" \/>\n<meta property=\"og:url\" content=\"https:\/\/ctp.rvltpreview.com\/sk\/ctbox-promo\/\" \/>\n<meta property=\"og:site_name\" content=\"Commercial Real Estate Developer And Manager\" \/>\n<meta property=\"article:modified_time\" content=\"2023-02-01T16:00:57+00:00\" \/>\n<meta name=\"twitter:card\" content=\"summary_large_image\" \/>\n<script type=\"application\/ld+json\" class=\"yoast-schema-graph\">{\"@context\":\"https:\\\/\\\/schema.org\",\"@graph\":[{\"@type\":\"WebPage\",\"@id\":\"https:\\\/\\\/ctp.rvltpreview.com\\\/ctbox-promo\\\/\",\"url\":\"https:\\\/\\\/ctp.rvltpreview.com\\\/ctbox-promo\\\/\",\"name\":\"CTBox - Commercial Real Estate Developer And Manager\",\"isPartOf\":{\"@id\":\"https:\\\/\\\/ctp.rvltpreview.com\\\/#website\"},\"datePublished\":\"2023-01-31T17:03:35+00:00\",\"dateModified\":\"2023-02-01T16:00:57+00:00\",\"breadcrumb\":{\"@id\":\"https:\\\/\\\/ctp.rvltpreview.com\\\/ctbox-promo\\\/#breadcrumb\"},\"inLanguage\":\"sk-SK\",\"potentialAction\":[{\"@type\":\"ReadAction\",\"target\":[\"https:\\\/\\\/ctp.rvltpreview.com\\\/ctbox-promo\\\/\"]}]},{\"@type\":\"BreadcrumbList\",\"@id\":\"https:\\\/\\\/ctp.rvltpreview.com\\\/ctbox-promo\\\/#breadcrumb\",\"itemListElement\":[{\"@type\":\"ListItem\",\"position\":1,\"name\":\"Home\",\"item\":\"https:\\\/\\\/ctp.rvltpreview.com\\\/\"},{\"@type\":\"ListItem\",\"position\":2,\"name\":\"CTBox\"}]},{\"@type\":\"WebSite\",\"@id\":\"https:\\\/\\\/ctp.rvltpreview.com\\\/#website\",\"url\":\"https:\\\/\\\/ctp.rvltpreview.com\\\/\",\"name\":\"Commercial Real Estate Developer And Manager\",\"description\":\"CTP - premium industrial warehouse and office buildings\",\"publisher\":{\"@id\":\"https:\\\/\\\/ctp.rvltpreview.com\\\/#organization\"},\"potentialAction\":[{\"@type\":\"SearchAction\",\"target\":{\"@type\":\"EntryPoint\",\"urlTemplate\":\"https:\\\/\\\/ctp.rvltpreview.com\\\/?s={search_term_string}\"},\"query-input\":{\"@type\":\"PropertyValueSpecification\",\"valueRequired\":true,\"valueName\":\"search_term_string\"}}],\"inLanguage\":\"sk-SK\"},{\"@type\":\"Organization\",\"@id\":\"https:\\\/\\\/ctp.rvltpreview.com\\\/#organization\",\"name\":\"CTP\",\"url\":\"https:\\\/\\\/ctp.rvltpreview.com\\\/\",\"logo\":{\"@type\":\"ImageObject\",\"inLanguage\":\"sk-SK\",\"@id\":\"https:\\\/\\\/ctp.rvltpreview.com\\\/#\\\/schema\\\/logo\\\/image\\\/\",\"url\":\"\",\"contentUrl\":\"\",\"caption\":\"CTP\"},\"image\":{\"@id\":\"https:\\\/\\\/ctp.rvltpreview.com\\\/#\\\/schema\\\/logo\\\/image\\\/\"}}]}<\/script>","yoast_head_json":{"title":"CTBox - V\u00fdvoj\u00e1r a mana\u017e\u00e9r komer\u010dn\u00fdch nehnute\u013enost\u00ed","robots":{"index":"noindex","follow":"follow","max-snippet":"max-snippet:-1","max-image-preview":"max-image-preview:large","max-video-preview":"max-video-preview:-1"},"og_locale":"sk_SK","og_type":"article","og_title":"CTBox","og_url":"https:\/\/ctp.rvltpreview.com\/sk\/ctbox-promo\/","og_site_name":"Commercial Real Estate Developer And Manager","article_modified_time":"2023-02-01T16:00:57+00:00","twitter_card":"summary_large_image","schema":{"@context":"https:\/\/schema.org","@graph":[{"@type":"WebPage","@id":"https:\/\/ctp.rvltpreview.com\/ctbox-promo\/","url":"https:\/\/ctp.rvltpreview.com\/ctbox-promo\/","name":"CTBox - V\u00fdvoj\u00e1r a mana\u017e\u00e9r komer\u010dn\u00fdch nehnute\u013enost\u00ed","isPartOf":{"@id":"https:\/\/ctp.rvltpreview.com\/#website"},"datePublished":"2023-01-31T17:03:35+00:00","dateModified":"2023-02-01T16:00:57+00:00","breadcrumb":{"@id":"https:\/\/ctp.rvltpreview.com\/ctbox-promo\/#breadcrumb"},"inLanguage":"sk-SK","potentialAction":[{"@type":"ReadAction","target":["https:\/\/ctp.rvltpreview.com\/ctbox-promo\/"]}]},{"@type":"BreadcrumbList","@id":"https:\/\/ctp.rvltpreview.com\/ctbox-promo\/#breadcrumb","itemListElement":[{"@type":"ListItem","position":1,"name":"Home","item":"https:\/\/ctp.rvltpreview.com\/"},{"@type":"ListItem","position":2,"name":"CTBox"}]},{"@type":"WebSite","@id":"https:\/\/ctp.rvltpreview.com\/#website","url":"https:\/\/ctp.rvltpreview.com\/","name":"Developer a mana\u017e\u00e9r komer\u010dn\u00fdch nehnute\u013enost\u00ed","description":"CTP - pr\u00e9miov\u00e9 priemyseln\u00e9 skladov\u00e9 a kancel\u00e1rske budovy","publisher":{"@id":"https:\/\/ctp.rvltpreview.com\/#organization"},"potentialAction":[{"@type":"SearchAction","target":{"@type":"EntryPoint","urlTemplate":"https:\/\/ctp.rvltpreview.com\/?s={search_term_string}"},"query-input":{"@type":"PropertyValueSpecification","valueRequired":true,"valueName":"search_term_string"}}],"inLanguage":"sk-SK"},{"@type":"Organization","@id":"https:\/\/ctp.rvltpreview.com\/#organization","name":"CTP","url":"https:\/\/ctp.rvltpreview.com\/","logo":{"@type":"ImageObject","inLanguage":"sk-SK","@id":"https:\/\/ctp.rvltpreview.com\/#\/schema\/logo\/image\/","url":"","contentUrl":"","caption":"CTP"},"image":{"@id":"https:\/\/ctp.rvltpreview.com\/#\/schema\/logo\/image\/"}}]}},"_links":{"self":[{"href":"https:\/\/ctp.rvltpreview.com\/sk\/wp-json\/wp\/v2\/pages\/71105","targetHints":{"allow":["GET"]}}],"collection":[{"href":"https:\/\/ctp.rvltpreview.com\/sk\/wp-json\/wp\/v2\/pages"}],"about":[{"href":"https:\/\/ctp.rvltpreview.com\/sk\/wp-json\/wp\/v2\/types\/page"}],"author":[{"embeddable":true,"href":"https:\/\/ctp.rvltpreview.com\/sk\/wp-json\/wp\/v2\/users\/22"}],"replies":[{"embeddable":true,"href":"https:\/\/ctp.rvltpreview.com\/sk\/wp-json\/wp\/v2\/comments?post=71105"}],"version-history":[{"count":0,"href":"https:\/\/ctp.rvltpreview.com\/sk\/wp-json\/wp\/v2\/pages\/71105\/revisions"}],"wp:attachment":[{"href":"https:\/\/ctp.rvltpreview.com\/sk\/wp-json\/wp\/v2\/media?parent=71105"}],"curies":[{"name":"wp","href":"https:\/\/api.w.org\/{rel}","templated":true}]}}