{"id":5938,"date":"2019-07-16T09:26:03","date_gmt":"2019-07-16T09:26:03","guid":{"rendered":"https:\/\/www.ctp.eu\/?page_id=5938"},"modified":"2020-08-28T10:59:07","modified_gmt":"2020-08-28T10:59:07","slug":"recruitment-privacy-policy","status":"publish","type":"page","link":"https:\/\/ctp.rvltpreview.com\/sk\/ctp-policies\/recruitment-privacy-policy\/","title":{"rendered":"Z\u00e1sady ochrany osobn\u00fdch \u00fadajov pri n\u00e1bore"},"content":{"rendered":"<div class=\"policy\">\n<h2>1 V\u0161eobecn\u00e9 ustanovenia<\/h2>\n<p>Zav\u00e4zujeme sa re\u0161pektova\u0165 va\u0161e s\u00fakromie a chr\u00e1ni\u0165 va\u0161e osobn\u00e9 \u00fadaje, \u010do s\u00fa v\u0161etky inform\u00e1cie, na z\u00e1klade ktor\u00fdch v\u00e1s mo\u017eno identifikova\u0165 ako jednotlivca. Tieto z\u00e1sady ochrany osobn\u00fdch \u00fadajov pri n\u00e1bore (\u010falej len \"<strong>Z\u00e1sady ochrany osobn\u00fdch \u00fadajov<\/strong>\") opisuje, ako <strong>CTP<\/strong> <strong>Investova\u0165 <\/strong>(\"<strong>CTP Invest<\/strong>\" alebo \"<strong>my<\/strong>\") sprac\u00fava, spracov\u00e1va a chr\u00e1ni va\u0161e osobn\u00e9 \u00fadaje v s\u00favislosti s n\u00e1borov\u00fdm procesom. Ako sa pou\u017e\u00edva v t\u00fdchto z\u00e1sad\u00e1ch ochrany osobn\u00fdch \u00fadajov, \"osobn\u00e9 \u00fadaje\" znamenaj\u00fa inform\u00e1cie, ktor\u00e9 identifikuj\u00fa uch\u00e1dza\u010dov o zamestnanie a potenci\u00e1lnych kandid\u00e1tov na zamestnanie u n\u00e1s (\"<strong>Vy<\/strong>\" alebo \"<strong>kandid\u00e1t<\/strong>\"), ktor\u00e9 ste n\u00e1m predlo\u017eili v r\u00e1mci svojej \u017eiadosti o zamestnanie (online alebo p\u00edsomne) a\/alebo prostredn\u00edctvom alternat\u00edvnych kan\u00e1lov (napr. prostredn\u00edctvom profesion\u00e1lnych n\u00e1borov\u00fdch spolo\u010dnost\u00ed).<\/p>\n<p>Tieto z\u00e1sady ochrany osobn\u00fdch \u00fadajov v\u00e1s tie\u017e informuj\u00fa o va\u0161ich pr\u00e1vach t\u00fdkaj\u00facich sa spracovania osobn\u00fdch \u00fadajov a o tom, ako a ak\u00fdm sp\u00f4sobom ich m\u00f4\u017eete uplatni\u0165.<\/p>\n<p>Odpor\u00fa\u010dame v\u00e1m, aby ste sa d\u00f4kladne obozn\u00e1mili s t\u00fdmito z\u00e1sadami ochrany osobn\u00fdch \u00fadajov.<\/p>\n<p>&nbsp;<\/p>\n<h2>2 Spr\u00e1vca osobn\u00fdch \u00fadajov<\/h2>\n<h3>2.1 Identifik\u00e1cia v\u00e1\u0161ho prev\u00e1dzkovate\u013ea \u00fadajov<\/h3>\n<p>Spr\u00e1vcom va\u0161ich osobn\u00fdch \u00fadajov je <strong>CTP Invest, spol. s r.o.<\/strong>, so s\u00eddlom Central Trade Park D1 1571, 396 01 Humpolec, I\u010cO: 261 66 453, zap\u00edsan\u00e1 v obchodnom registri vedenom Krajsk\u00fdm s\u00fadom v \u010cesk\u00fdch Bud\u011bjoviciach, spisov\u00e1 zna\u010dka C 15647.<\/p>\n<p>Ako je uveden\u00e9 v t\u00fdchto Z\u00e1sad\u00e1ch ochrany osobn\u00fdch \u00fadajov, va\u0161e osobn\u00e9 \u00fadaje m\u00f4\u017eu by\u0165 zdie\u013ean\u00e9 s in\u00fdmi pridru\u017een\u00fdmi alebo dc\u00e9rskymi spolo\u010dnos\u0165ami CTP Invest, ktor\u00e9 s\u00fa s\u00fa\u010das\u0165ou skupiny CTP Group (\"<strong>Skupina CTP<\/strong>\").<\/p>\n<p>Aktualizovan\u00e9 kontaktn\u00e9 \u00fadaje a \u010fal\u0161ie inform\u00e1cie o spolo\u010dnosti CTP Invest a ostatn\u00fdch spolo\u010dnostiach skupiny CTP n\u00e1jdete na <a href=\"https:\/\/ctp.rvltpreview.com\/contact\/\">https:\/\/ctp.rvltpreview.com\/contact\/<\/a>.<\/p>\n<p>V pr\u00edpade po\u017eiadaviek a\/alebo s\u0165a\u017enost\u00ed t\u00fdkaj\u00facich sa t\u00fdchto z\u00e1sad ochrany osobn\u00fdch \u00fadajov n\u00e1s m\u00f4\u017eete kontaktova\u0165 prostredn\u00edctvom e-mailu <a href=\"mailto:Privacy@ctp.eu\">Privacy@ctp.eu<\/a>.<\/p>\n<p>&nbsp;<\/p>\n<h2>3 \u00da\u010del, pr\u00e1vny z\u00e1klad, rozsah a trvanie spracovania osobn\u00fdch \u00fadajov<\/h2>\n<h3>3.1 \u00da\u010dely, pr\u00e1vne z\u00e1klady a trvanie spracovania<\/h3>\n<p>Va\u0161e osobn\u00e9 \u00fadaje sprac\u00favame len v rozsahu potrebnom na plnenie na\u0161ich zmluvn\u00fdch alebo z\u00e1konn\u00fdch povinnost\u00ed alebo na z\u00e1klade vami udelen\u00e9ho s\u00fahlasu na \u00fa\u010dely uveden\u00e9 ni\u017e\u0161ie.<\/p>\n<p><strong>3.1.1<\/strong>\u00a0 Va\u0161e osobn\u00e9 \u00fadaje sprac\u00favame na \u00fa\u010dely <strong>proces n\u00e1boru a prij\u00edmania zamestnancov. <\/strong>Va\u0161e osobn\u00e9 \u00fadaje pou\u017e\u00edvame na identifik\u00e1ciu a hodnotenie kandid\u00e1tov na potenci\u00e1lne zamestnanie (t. j. na <strong>konkr\u00e9tnu pracovn\u00fa poz\u00edciu v programe CTP Invest <\/strong>alebo pr\u00edpadne in\u00fd subjekt skupiny CTP).<\/p>\n<p>Osobn\u00e9 \u00fadaje pou\u017e\u00edvame, ak je to potrebn\u00e9 na uzavretie pracovnej zmluvy s vami. Z tohto d\u00f4vodu sprac\u00favame va\u0161e osobn\u00e9 \u00fadaje a\u017e do ukon\u010denia n\u00e1borov\u00e9ho procesu. Na tento \u00fa\u010del m\u00f4\u017eu by\u0165 va\u0161e osobn\u00e9 \u00fadaje prenesen\u00e9 konkr\u00e9tnej spolo\u010dnosti skupiny CTP, ktor\u00e1 m\u00e1 k dispoz\u00edcii vo\u013en\u00e9 pracovn\u00e9 miesto.<\/p>\n<p><strong>3.1.2<\/strong>\u00a0 Va\u0161e osobn\u00e9 \u00fadaje si mo\u017eno budeme chcie\u0165 ponecha\u0165, aby sme v\u00e1s mohli v bud\u00facnosti zamestna\u0165 v spolo\u010dnosti CTP Invest alebo pr\u00edpadne v in\u00fdch subjektoch skupiny CTP. V takom pr\u00edpade v\u00e1s budeme \u017eiada\u0165 o s\u00fahlas, bu\u010f pred alebo po tom, ako sa ofici\u00e1lne uch\u00e1dzate o pracovn\u00fa pr\u00edle\u017eitos\u0165, aby ste boli s\u00fa\u010das\u0165ou n\u00e1\u0161ho n\u00e1borov\u00e9ho programu, ktor\u00fd v\u00e1m poskytuje sp\u00f4soby, ako dost\u00e1va\u0165 \u010fal\u0161ie ponuky vo\u013en\u00fdch pracovn\u00fdch miest v skupine CTP. Tento n\u00e1borov\u00fd program je \u00faplne dobrovo\u013en\u00fd.<\/p>\n<p>Ak n\u00e1m d\u00e1te s\u00fahlas, m\u00f4\u017eeme va\u0161e osobn\u00e9 \u00fadaje sprac\u00fava\u0165 na <strong>kontaktova\u0165 v\u00e1s v s\u00favislosti s pracovn\u00fdmi pr\u00edle\u017eitos\u0165ami (vo\u013en\u00fdmi pracovn\u00fdmi miestami) na vhodn\u00fa pracovn\u00fa poz\u00edciu v spolo\u010dnosti CTP Invest.<\/strong> (alebo in\u00fd subjekt skupiny CTP).  Va\u0161e osobn\u00e9 \u00fadaje budeme sprac\u00fava\u0165 maxim\u00e1lne po dobu definovan\u00fa v s\u00fahlase; t\u00e1to doba zvy\u010dajne nepresiahne obdobie 2 rokov od udelenia s\u00fahlasu.<\/p>\n<p>&nbsp;<\/p>\n<h3>3.2 Rozsah spracovania<\/h3>\n<p>Va\u0161e osobn\u00e9 \u00fadaje sprac\u00favame v nasleduj\u00facom rozsahu: <strong>\u00fadaje, ktor\u00e9 n\u00e1m poskytnete. <\/strong><strong>po\u010das n\u00e1boru a prij\u00edmania zamestnancov a vo va\u0161om \u017eivotopise<\/strong>, najm\u00e4 va\u0161e meno a priezvisko, adresu, e-mailov\u00fa adresu, telef\u00f3n, pracovn\u00fa a vzdelanostn\u00fa hist\u00f3riu, \u00faspechy a v\u00fdsledky testov (ak s\u00fa relevantn\u00e9), fotografiu a ak\u00e9ko\u013evek in\u00e9 osobn\u00e9 \u00fadaje uveden\u00e9 vo va\u0161om \u017eivotopise alebo inak poskytnut\u00e9 alebo z\u00edskan\u00e9, napr\u00edklad \u00fadaje, ktor\u00e9 zhroma\u017e\u010fujeme pri preverovan\u00ed uch\u00e1dza\u010dov vr\u00e1tane z\u00e1konn\u00fdch kontrol.<\/p>\n<h2><\/h2>\n<h2>4 Zdie\u013eanie a prenos osobn\u00fdch \u00fadajov (Pr\u00edjemcovia osobn\u00fdch \u00fadajov)<\/h2>\n<h3>4.1 Pr\u00edjemcovia osobn\u00fdch \u00fadajov<\/h3>\n<p>Niektor\u00e9 kateg\u00f3rie osobn\u00fdch \u00fadajov, ktor\u00e9 zhroma\u017e\u010fujeme vy\u0161\u0161ie uveden\u00fdmi sp\u00f4sobmi, m\u00f4\u017eeme zdie\u013ea\u0165 s tret\u00edmi stranami, ktor\u00e9 s\u00fa bu\u010f nez\u00e1visl\u00fdmi prev\u00e1dzkovate\u013emi, alebo n\u00e1m poskytuj\u00fa ur\u010dit\u00e9 slu\u017eby s\u00favisiace s n\u00e1borov\u00fdm procesom, najm\u00e4 ako na\u0161i sprostredkovatelia:<\/p>\n<p>I. v r\u00e1mci skupiny CTP na \u00fa\u010dely n\u00e1boru a prij\u00edmania zamestnancov;<\/p>\n<p>II. so subjektmi, ktor\u00e9 spravuj\u00fa na\u0161e IT syst\u00e9my a poskytuj\u00fa IT slu\u017eby vyu\u017e\u00edvan\u00e9 na \u00fa\u010dely spr\u00e1vy a organiz\u00e1cie n\u00e1borov\u00e9ho procesu;<\/p>\n<p>III. so subjektmi poskytuj\u00facimi n\u00e1borov\u00e9 slu\u017eby a inzerciu pracovn\u00fdch poz\u00edci\u00ed;<\/p>\n<p>IV. s org\u00e1nmi verejnej moci alebo in\u00fdmi tret\u00edmi stranami na plnenie povinnost\u00ed v s\u00falade s pr\u00e1vnymi predpismi.<\/p>\n<p>&nbsp;<\/p>\n<h3>4.2 Ochrann\u00e9 opatrenia<\/h3>\n<p>So spracovate\u013emi osobn\u00fdch \u00fadajov sme uzavreli zmluvy o spracovan\u00ed osobn\u00fdch \u00fadajov pod\u013ea predch\u00e1dzaj\u00faceho odseku (s v\u00fdnimkou pr\u00edpadov, ke\u010f uzavretie takejto zmluvy nie je povinn\u00e9, napr\u00edklad pri prenose osobn\u00fdch \u00fadajov org\u00e1nom verejnej moci), ktor\u00e9 zabezpe\u010duj\u00fa minim\u00e1lne rovnak\u00fa \u00farove\u0148 ich ochrany ako tieto Z\u00e1sady ochrany osobn\u00fdch \u00fadajov.<\/p>\n<p>&nbsp;<\/p>\n<h2>5 Bezpe\u010dnos\u0165 \u00fadajov<\/h2>\n<p>Zaviedli sme a udr\u017eiavame primeran\u00e9 technick\u00e9 a organiza\u010dn\u00e9 opatrenia, vn\u00fatorn\u00e9 kontroly a procesy informa\u010dnej bezpe\u010dnosti v s\u00falade so z\u00e1konn\u00fdmi po\u017eiadavkami a trhov\u00fdmi normami, ktor\u00e9 zodpovedaj\u00fa mo\u017en\u00e9mu ohrozeniu v\u00e1s ako dotknutej osoby. Zoh\u013ead\u0148ujeme aj stav technologick\u00e9ho v\u00fdvoja s cie\u013eom chr\u00e1ni\u0165 va\u0161e osobn\u00e9 \u00fadaje pred n\u00e1hodnou stratou, zni\u010den\u00edm, zmenou, neopr\u00e1vnen\u00fdm zverejnen\u00edm alebo pr\u00edstupom. Tak\u00e9to opatrenia m\u00f4\u017eu okrem in\u00e9ho zah\u0155\u0148a\u0165 prijatie primeran\u00fdch opatren\u00ed na zabezpe\u010denie zodpovednosti pr\u00edslu\u0161n\u00fdch zamestnancov, ktor\u00ed maj\u00fa pr\u00edstup k va\u0161im \u00fadajom, \u0161kolenia zamestnancov, pravideln\u00e9 z\u00e1lohovanie, postupy na obnovu \u00fadajov a riadenie incidentov, softv\u00e9rov\u00fa ochranu zariaden\u00ed, na ktor\u00fdch s\u00fa ulo\u017een\u00e9 osobn\u00e9 \u00fadaje, at\u010f.<\/p>\n<p>&nbsp;<\/p>\n<h2>6 Va\u0161e pr\u00e1va ako subjektu \u00fadajov<\/h2>\n<p>Ak chcete uplatni\u0165 niektor\u00e9 zo svojich pr\u00e1v pod\u013ea tohto \u010dl\u00e1nku alebo pod\u013ea platn\u00fdch pr\u00e1vnych predpisov, kontaktujte n\u00e1s prostredn\u00edctvom kontaktn\u00fdch \u00fadajov uveden\u00fdch v \u010dl\u00e1nku 2 vy\u0161\u0161ie.<\/p>\n<p>V pr\u00edpade potreby budeme informova\u0165 ka\u017ed\u00e9ho pr\u00edjemcu, ktor\u00e9mu boli va\u0161e \u00fadaje poskytnut\u00e9 pod\u013ea \u010dl\u00e1nku 4 t\u00fdchto z\u00e1sad ochrany osobn\u00fdch \u00fadajov, o prijat\u00fdch opatreniach alebo o vymazan\u00ed va\u0161ich osobn\u00fdch \u00fadajov alebo o obmedzen\u00ed spracovania v s\u00falade s va\u0161ou \u017eiados\u0165ou, ak je tak\u00e9to ozn\u00e1menie mo\u017en\u00e9 a\/alebo si nevy\u017eaduje neprimeran\u00e9 \u00fasilie.<\/p>\n<p>&nbsp;<\/p>\n<h3>6.1 Pr\u00edstup k va\u0161im osobn\u00fdm \u00fadajom a ich prenosnos\u0165<\/h3>\n<p>M\u00e1te pr\u00e1vo po\u017eiada\u0165 o inform\u00e1cie, \u010di a v akom rozsahu sprac\u00favame va\u0161e osobn\u00e9 \u00fadaje. M\u00e1te tie\u017e pr\u00e1vo z\u00edska\u0165 osobn\u00e9 \u00fadaje, ktor\u00e9 ste n\u00e1m poskytli, a \u010fal\u0161ie osobn\u00e9 \u00fadaje, ktor\u00e9 sa v\u00e1s t\u00fdkaj\u00fa (pokia\u013e sme va\u0161e \u00fadaje pred va\u0161ou \u017eiados\u0165ou nevymazali).<\/p>\n<p>Ak o to po\u017eiadate, m\u00f4\u017eeme niektor\u00e9 va\u0161e osobn\u00e9 \u00fadaje (konkr\u00e9tne \u00fadaje, ktor\u00e9 sprac\u00favame na z\u00e1klade plnenia zmluvy a\/alebo v\u00e1\u0161ho s\u00fahlasu a automatick\u00fdmi prostriedkami) posla\u0165 priamo tretej strane (in\u00e9mu prev\u00e1dzkovate\u013eovi \u00fadajov), ktor\u00fa uvediete vo svojej \u017eiadosti, za predpokladu, \u017ee tak\u00e1to \u017eiados\u0165 neovplyvn\u00ed pr\u00e1va a slobody in\u00fdch os\u00f4b a \u017ee je to technicky mo\u017en\u00e9.<\/p>\n<p>&nbsp;<\/p>\n<h3>6.2 Odvolanie s\u00fahlasu<\/h3>\n<p>Svoj s\u00fahlas (ak ste n\u00e1m ho udelili) m\u00f4\u017eete kedyko\u013evek odvola\u0165 bez udania d\u00f4vodu. V takom pr\u00edpade vyma\u017eeme va\u0161e osobn\u00e9 \u00fadaje \u010do najsk\u00f4r, ako to bude primeran\u00e9 a mo\u017en\u00e9, najnesk\u00f4r v\u0161ak do 30 dn\u00ed od odvolania v\u00e1\u0161ho s\u00fahlasu.<\/p>\n<p>Upozor\u0148ujeme, \u017ee odvolanie v\u00e1\u0161ho s\u00fahlasu nem\u00e1 vplyv na z\u00e1konnos\u0165 sprac\u00favania, ktor\u00e9 sa uskuto\u010dnilo na z\u00e1klade s\u00fahlasu pred jeho odvolan\u00edm.<\/p>\n<p>&nbsp;<\/p>\n<h3>6.3 Oprava va\u0161ich osobn\u00fdch \u00fadajov<\/h3>\n<p>Pod\u013ea platn\u00fdch pr\u00e1vnych predpisov m\u00e1te pr\u00e1vo na opravu svojich osobn\u00fdch \u00fadajov, ktor\u00e9 sprac\u00favame, ak zist\u00edte, \u017ee s\u00fa nepresn\u00e9 alebo ne\u00fapln\u00e9.<\/p>\n<p>Kedyko\u013evek si m\u00f4\u017eete vy\u017eiada\u0165 inform\u00e1cie o tom, \u010di va\u0161e osobn\u00e9 \u00fadaje e\u0161te sprac\u00favame alebo nie.<\/p>\n<p>&nbsp;<\/p>\n<h3>6.4 Vymazanie va\u0161ich osobn\u00fdch \u00fadajov<\/h3>\n<p>O vymazanie svojich osobn\u00fdch \u00fadajov m\u00f4\u017eete kedyko\u013evek po\u017eiada\u0165 (napr. ak sa rozhodnete odst\u00fapi\u0165 od n\u00e1\u0161ho n\u00e1borov\u00e9ho programu). Ak n\u00e1s kontaktujete s takouto \u017eiados\u0165ou, bez zbyto\u010dn\u00e9ho odkladu vyma\u017eeme v\u0161etky va\u0161e osobn\u00e9 \u00fadaje, ktor\u00e9 m\u00e1me, pokia\u013e va\u0161e osobn\u00e9 \u00fadaje nepotrebujeme na plnenie zmluvn\u00fdch alebo z\u00e1konn\u00fdch povinnost\u00ed.<\/p>\n<p>Okrem toho vyma\u017eeme v\u0161etky va\u0161e osobn\u00e9 \u00fadaje (a zabezpe\u010d\u00edme ich vymazanie sprostredkovate\u013emi, ktor\u00fdch zapoj\u00edme), ak odvol\u00e1te svoj s\u00fahlas.<\/p>\n<p>&nbsp;<\/p>\n<h3>6.5 N\u00e1mietky proti spracovaniu<\/h3>\n<p>Ak sprac\u00favame niektor\u00e9 va\u0161e osobn\u00e9 \u00fadaje na z\u00e1klade n\u00e1\u0161ho opr\u00e1vnen\u00e9ho z\u00e1ujmu, m\u00e1te pr\u00e1vo kedyko\u013evek namieta\u0165 proti sprac\u00favaniu osobn\u00fdch \u00fadajov. Ak sa z na\u0161ej strany nepreuk\u00e1\u017eu v\u00fdznamn\u00e9 opr\u00e1vnen\u00e9 z\u00e1ujmy na sprac\u00favanie - ktor\u00e9 preva\u017euj\u00fa nad z\u00e1ujmami alebo pr\u00e1vami a slobodami dotknutej osoby - alebo \u010fal\u0161ie sprac\u00favanie nie je nevyhnutn\u00e9 na preukazovanie, uplat\u0148ovanie alebo obhajovanie na\u0161ich pr\u00e1vnych n\u00e1rokov, va\u0161e osobn\u00e9 \u00fadaje u\u017e nebudeme sprac\u00fava\u0165.<\/p>\n<p>&nbsp;<\/p>\n<h3>6.6 Obmedzenie spracovania<\/h3>\n<p>Ak po\u017eiadate o obmedzenie sprac\u00favania va\u0161ich osobn\u00fdch \u00fadajov, napr. v pr\u00edpade, \u017ee spochybn\u00edte presnos\u0165 alebo z\u00e1konnos\u0165, alebo na\u0161u potrebu sprac\u00fava\u0165 va\u0161e osobn\u00e9 \u00fadaje, obmedz\u00edme sprac\u00favanie va\u0161ich osobn\u00fdch \u00fadajov na nevyhnutn\u00e9 minimum (ulo\u017eenie) a m\u00f4\u017eeme ich sprac\u00fava\u0165 len na preukazovanie, uplat\u0148ovanie alebo obhajovanie pr\u00e1vnych n\u00e1rokov, alebo z d\u00f4vodu ochrany pr\u00e1v inej fyzickej alebo pr\u00e1vnickej osoby, alebo z in\u00fdch obmedzen\u00fdch d\u00f4vodov stanoven\u00fdch platn\u00fdmi pr\u00e1vnymi predpismi. Ak sa obmedzenie sprac\u00favania zru\u0161\u00ed a my budeme na\u010falej sprac\u00fava\u0165 va\u0161e osobn\u00e9 \u00fadaje, budeme v\u00e1s o tom bez zbyto\u010dn\u00e9ho odkladu informova\u0165.<\/p>\n<p>&nbsp;<\/p>\n<h3>6.7 S\u0165a\u017enos\u0165 na \u00darad na ochranu osobn\u00fdch \u00fadajov<\/h3>\n<p>M\u00e1te pr\u00e1vo poda\u0165 s\u0165a\u017enos\u0165 t\u00fdkaj\u00facu sa nami vykon\u00e1van\u00e9ho sprac\u00favania \u00fadajov pr\u00edslu\u0161n\u00e9mu \u00faradu na ochranu osobn\u00fdch \u00fadajov, t. j. v \u010ceskej republike \u00daradu na ochranu osobn\u00fdch \u00fadajov, Pplk. Sochora 27, 170 00 Praha 7; webov\u00e1 str\u00e1nka: <a href=\"http:\/\/www.uoou.cz\">www.uoou.cz<\/a>.<\/p>\n<h2><\/h2>\n<h2>7 Aktualiz\u00e1cie z\u00e1sad ochrany osobn\u00fdch \u00fadajov<\/h2>\n<p>Z\u00e1sady ochrany osobn\u00fdch \u00fadajov m\u00f4\u017eeme z \u010dasu na \u010das upravi\u0165 alebo aktualizova\u0165. Ak\u00e9ko\u013evek zmeny t\u00fdchto Z\u00e1sad ochrany osobn\u00fdch \u00fadajov nadob\u00fadaj\u00fa \u00fa\u010dinnos\u0165 zverejnen\u00edm aktualizovan\u00fdch Z\u00e1sad ochrany osobn\u00fdch \u00fadajov na adrese <a href=\"https:\/\/ctp.rvltpreview.com\/ctp-policies\/recruitment-privacy-policy\/\">https:\/\/ctp.rvltpreview.com\/ctp-policies\/recruitment-privacy-policy\/.<\/a><\/p>\n<p>&nbsp;<\/p>\n<p>&nbsp;<\/p>\n<p>&nbsp;<\/p>\n<p>&nbsp;<\/p>\n<p>&nbsp;<\/p>\n<p>&nbsp;<\/p>\n<p>&nbsp;<\/p>\n<p>&nbsp;<\/p>\n<p>&nbsp;<\/p>\n<p>&nbsp;<\/p>\n<\/div>","protected":false},"excerpt":{"rendered":"<p>1 V\u0161eobecn\u00e9 ustanovenia Zav\u00e4zujeme sa re\u0161pektova\u0165 va\u0161e s\u00fakromie a chr\u00e1ni\u0165 va\u0161e osobn\u00e9 \u00fadaje, \u010do s\u00fa v\u0161etky inform\u00e1cie, ktor\u00e9<\/p>","protected":false},"author":67,"featured_media":0,"parent":6125,"menu_order":0,"comment_status":"closed","ping_status":"closed","template":"","meta":{"_acf_changed":false,"footnotes":""},"class_list":["post-5938","page","type-page","status-publish","hentry"],"acf":[],"yoast_head":"<title>Recruitment Privacy Policy - Commercial Real Estate Developer And Manager<\/title>\n<meta name=\"robots\" content=\"noindex, follow, max-snippet:-1, max-image-preview:large, max-video-preview:-1\" \/>\n<meta property=\"og:locale\" content=\"sk_SK\" \/>\n<meta property=\"og:type\" content=\"article\" \/>\n<meta property=\"og:title\" content=\"Recruitment Privacy Policy\" \/>\n<meta property=\"og:description\" content=\"1\u00a0 General Provisions We are committed to respecting your privacy and protecting your personal data, which is any information that\" \/>\n<meta property=\"og:url\" content=\"https:\/\/ctp.rvltpreview.com\/sk\/ctp-policies\/recruitment-privacy-policy\/\" \/>\n<meta property=\"og:site_name\" content=\"Commercial Real Estate Developer And Manager\" \/>\n<meta property=\"article:modified_time\" content=\"2020-08-28T10:59:07+00:00\" \/>\n<meta name=\"twitter:card\" content=\"summary_large_image\" \/>\n<meta name=\"twitter:label1\" content=\"Predpokladan\u00fd \u010das \u010d\u00edtania\" \/>\n\t<meta name=\"twitter:data1\" content=\"8 min\u00fat\" \/>\n<script type=\"application\/ld+json\" class=\"yoast-schema-graph\">{\"@context\":\"https:\\\/\\\/schema.org\",\"@graph\":[{\"@type\":\"WebPage\",\"@id\":\"https:\\\/\\\/ctp.rvltpreview.com\\\/ctp-policies\\\/recruitment-privacy-policy\\\/\",\"url\":\"https:\\\/\\\/ctp.rvltpreview.com\\\/ctp-policies\\\/recruitment-privacy-policy\\\/\",\"name\":\"Recruitment Privacy Policy - Commercial Real Estate Developer And Manager\",\"isPartOf\":{\"@id\":\"https:\\\/\\\/ctp.rvltpreview.com\\\/#website\"},\"datePublished\":\"2019-07-16T09:26:03+00:00\",\"dateModified\":\"2020-08-28T10:59:07+00:00\",\"breadcrumb\":{\"@id\":\"https:\\\/\\\/ctp.rvltpreview.com\\\/ctp-policies\\\/recruitment-privacy-policy\\\/#breadcrumb\"},\"inLanguage\":\"sk-SK\",\"potentialAction\":[{\"@type\":\"ReadAction\",\"target\":[\"https:\\\/\\\/ctp.rvltpreview.com\\\/ctp-policies\\\/recruitment-privacy-policy\\\/\"]}]},{\"@type\":\"BreadcrumbList\",\"@id\":\"https:\\\/\\\/ctp.rvltpreview.com\\\/ctp-policies\\\/recruitment-privacy-policy\\\/#breadcrumb\",\"itemListElement\":[{\"@type\":\"ListItem\",\"position\":1,\"name\":\"Home\",\"item\":\"https:\\\/\\\/ctp.rvltpreview.com\\\/cs\\\/\"},{\"@type\":\"ListItem\",\"position\":2,\"name\":\"CTP Policies\",\"item\":\"https:\\\/\\\/ctp.rvltpreview.com\\\/ctp-policies\\\/\"},{\"@type\":\"ListItem\",\"position\":3,\"name\":\"Recruitment Privacy Policy\"}]},{\"@type\":\"WebSite\",\"@id\":\"https:\\\/\\\/ctp.rvltpreview.com\\\/#website\",\"url\":\"https:\\\/\\\/ctp.rvltpreview.com\\\/\",\"name\":\"Commercial Real Estate Developer And Manager\",\"description\":\"CTP - premium industrial warehouse and office buildings\",\"publisher\":{\"@id\":\"https:\\\/\\\/ctp.rvltpreview.com\\\/#organization\"},\"potentialAction\":[{\"@type\":\"SearchAction\",\"target\":{\"@type\":\"EntryPoint\",\"urlTemplate\":\"https:\\\/\\\/ctp.rvltpreview.com\\\/?s={search_term_string}\"},\"query-input\":{\"@type\":\"PropertyValueSpecification\",\"valueRequired\":true,\"valueName\":\"search_term_string\"}}],\"inLanguage\":\"sk-SK\"},{\"@type\":\"Organization\",\"@id\":\"https:\\\/\\\/ctp.rvltpreview.com\\\/#organization\",\"name\":\"CTP\",\"url\":\"https:\\\/\\\/ctp.rvltpreview.com\\\/\",\"logo\":{\"@type\":\"ImageObject\",\"inLanguage\":\"sk-SK\",\"@id\":\"https:\\\/\\\/ctp.rvltpreview.com\\\/#\\\/schema\\\/logo\\\/image\\\/\",\"url\":\"\",\"contentUrl\":\"\",\"caption\":\"CTP\"},\"image\":{\"@id\":\"https:\\\/\\\/ctp.rvltpreview.com\\\/#\\\/schema\\\/logo\\\/image\\\/\"}}]}<\/script>","yoast_head_json":{"title":"Z\u00e1sady ochrany osobn\u00fdch \u00fadajov pri n\u00e1bore - Komer\u010dn\u00e9 nehnute\u013enosti Developer a mana\u017e\u00e9r","robots":{"index":"noindex","follow":"follow","max-snippet":"max-snippet:-1","max-image-preview":"max-image-preview:large","max-video-preview":"max-video-preview:-1"},"og_locale":"sk_SK","og_type":"article","og_title":"Recruitment Privacy Policy","og_description":"1\u00a0 General Provisions We are committed to respecting your privacy and protecting your personal data, which is any information that","og_url":"https:\/\/ctp.rvltpreview.com\/sk\/ctp-policies\/recruitment-privacy-policy\/","og_site_name":"Commercial Real Estate Developer And Manager","article_modified_time":"2020-08-28T10:59:07+00:00","twitter_card":"summary_large_image","twitter_misc":{"Predpokladan\u00fd \u010das \u010d\u00edtania":"8 min\u00fat"},"schema":{"@context":"https:\/\/schema.org","@graph":[{"@type":"WebPage","@id":"https:\/\/ctp.rvltpreview.com\/ctp-policies\/recruitment-privacy-policy\/","url":"https:\/\/ctp.rvltpreview.com\/ctp-policies\/recruitment-privacy-policy\/","name":"Z\u00e1sady ochrany osobn\u00fdch \u00fadajov pri n\u00e1bore - Komer\u010dn\u00e9 nehnute\u013enosti Developer a mana\u017e\u00e9r","isPartOf":{"@id":"https:\/\/ctp.rvltpreview.com\/#website"},"datePublished":"2019-07-16T09:26:03+00:00","dateModified":"2020-08-28T10:59:07+00:00","breadcrumb":{"@id":"https:\/\/ctp.rvltpreview.com\/ctp-policies\/recruitment-privacy-policy\/#breadcrumb"},"inLanguage":"sk-SK","potentialAction":[{"@type":"ReadAction","target":["https:\/\/ctp.rvltpreview.com\/ctp-policies\/recruitment-privacy-policy\/"]}]},{"@type":"BreadcrumbList","@id":"https:\/\/ctp.rvltpreview.com\/ctp-policies\/recruitment-privacy-policy\/#breadcrumb","itemListElement":[{"@type":"ListItem","position":1,"name":"Home","item":"https:\/\/ctp.rvltpreview.com\/cs\/"},{"@type":"ListItem","position":2,"name":"CTP Policies","item":"https:\/\/ctp.rvltpreview.com\/ctp-policies\/"},{"@type":"ListItem","position":3,"name":"Recruitment Privacy Policy"}]},{"@type":"WebSite","@id":"https:\/\/ctp.rvltpreview.com\/#website","url":"https:\/\/ctp.rvltpreview.com\/","name":"Developer a mana\u017e\u00e9r komer\u010dn\u00fdch nehnute\u013enost\u00ed","description":"CTP - pr\u00e9miov\u00e9 priemyseln\u00e9 skladov\u00e9 a kancel\u00e1rske budovy","publisher":{"@id":"https:\/\/ctp.rvltpreview.com\/#organization"},"potentialAction":[{"@type":"SearchAction","target":{"@type":"EntryPoint","urlTemplate":"https:\/\/ctp.rvltpreview.com\/?s={search_term_string}"},"query-input":{"@type":"PropertyValueSpecification","valueRequired":true,"valueName":"search_term_string"}}],"inLanguage":"sk-SK"},{"@type":"Organization","@id":"https:\/\/ctp.rvltpreview.com\/#organization","name":"CTP","url":"https:\/\/ctp.rvltpreview.com\/","logo":{"@type":"ImageObject","inLanguage":"sk-SK","@id":"https:\/\/ctp.rvltpreview.com\/#\/schema\/logo\/image\/","url":"","contentUrl":"","caption":"CTP"},"image":{"@id":"https:\/\/ctp.rvltpreview.com\/#\/schema\/logo\/image\/"}}]}},"_links":{"self":[{"href":"https:\/\/ctp.rvltpreview.com\/sk\/wp-json\/wp\/v2\/pages\/5938","targetHints":{"allow":["GET"]}}],"collection":[{"href":"https:\/\/ctp.rvltpreview.com\/sk\/wp-json\/wp\/v2\/pages"}],"about":[{"href":"https:\/\/ctp.rvltpreview.com\/sk\/wp-json\/wp\/v2\/types\/page"}],"author":[{"embeddable":true,"href":"https:\/\/ctp.rvltpreview.com\/sk\/wp-json\/wp\/v2\/users\/67"}],"replies":[{"embeddable":true,"href":"https:\/\/ctp.rvltpreview.com\/sk\/wp-json\/wp\/v2\/comments?post=5938"}],"version-history":[{"count":0,"href":"https:\/\/ctp.rvltpreview.com\/sk\/wp-json\/wp\/v2\/pages\/5938\/revisions"}],"up":[{"embeddable":true,"href":"https:\/\/ctp.rvltpreview.com\/sk\/wp-json\/wp\/v2\/pages\/6125"}],"wp:attachment":[{"href":"https:\/\/ctp.rvltpreview.com\/sk\/wp-json\/wp\/v2\/media?parent=5938"}],"curies":[{"name":"wp","href":"https:\/\/api.w.org\/{rel}","templated":true}]}}