{"id":236,"date":"2018-04-17T11:23:21","date_gmt":"2018-04-17T11:23:21","guid":{"rendered":"https:\/\/www.ctp.eu\/?page_id=236"},"modified":"2023-11-03T09:25:06","modified_gmt":"2023-11-03T07:25:06","slug":"industrial","status":"publish","type":"page","link":"https:\/\/ctp.rvltpreview.com\/sk\/portfolio\/industrial\/","title":{"rendered":"Priemyseln\u00e9 portf\u00f3lio"},"content":{"rendered":"<h2 class=\"ctp-red weight-normal\" style=\"line-height: 1.2;\">V\u00fdhody priemyseln\u00fdch nehnute\u013enost\u00ed CTP<\/h2>\n<p>Postar\u00e1me sa o va\u0161e potreby, aby ste sa mohli plne s\u00fastredi\u0165 na svoje podnikanie. Ako sk\u00fasen\u00fd developer, vlastn\u00edk a prev\u00e1dzkovate\u013e komer\u010dn\u00fdch nehnute\u013enost\u00ed - a d\u00f4veryhodn\u00fd eur\u00f3psky partner viac ako 1 000 glob\u00e1lnych a lok\u00e1lnych l\u00eddrov na trhu - m\u00e1me know-how, ktor\u00e9 potrebujete na maximaliz\u00e1ciu hodnoty va\u0161ich prev\u00e1dzok po\u010das \u017eivotn\u00e9ho cyklu va\u0161ej invest\u00edcie. Va\u0161im benefitom s\u00fa na\u0161e intern\u00e9 t\u00edmy zameran\u00e9 na klienta, flexibilita pri prisp\u00f4sobovan\u00ed priestorov a r\u00fdchlom roz\u0161irovan\u00ed a premiest\u0148ovan\u00ed pod\u013ea toho, ako rastie va\u0161e podnikanie, moderniz\u00e1cia a \u00fadr\u017eba technol\u00f3gi\u00ed, ako aj pokoj a z\u00e1ruka kvality, ktor\u00e1 vypl\u00fdva z partnerstva s nami - najv\u00e4\u010d\u0161\u00edm verejne obchodovan\u00fdm developerom priemyseln\u00fdch a logistick\u00fdch nehnute\u013enost\u00ed v Eur\u00f3pe a dlhodob\u00fdm l\u00eddrom na trhu v strednej a v\u00fdchodnej Eur\u00f3pe.<\/p>","protected":false},"excerpt":{"rendered":"<p>V\u00fdhody priemyseln\u00fdch vlastnost\u00ed CTP Postar\u00e1me sa o potreby v\u00e1\u0161ho zariadenia, aby ste sa mohli s\u00fastredi\u0165 na svoje<\/p>","protected":false},"author":67,"featured_media":0,"parent":64,"menu_order":0,"comment_status":"closed","ping_status":"closed","template":"templates\/industrial-portfolio.php","meta":{"_acf_changed":false,"footnotes":""},"class_list":["post-236","page","type-page","status-publish","hentry"],"acf":[],"yoast_head":"<title>Industrial Portfolio - Commercial Real Estate Developer And Manager<\/title>\n<meta name=\"robots\" content=\"noindex, follow, max-snippet:-1, max-image-preview:large, max-video-preview:-1\" \/>\n<meta property=\"og:locale\" content=\"sk_SK\" \/>\n<meta property=\"og:type\" content=\"article\" \/>\n<meta property=\"og:title\" content=\"Industrial Portfolio\" \/>\n<meta property=\"og:description\" content=\"Advantages of CTP&#8217;s Industrial Properties We take care of your facility needs so that you can stay focused on your\" \/>\n<meta property=\"og:url\" content=\"https:\/\/ctp.rvltpreview.com\/sk\/portfolio\/industrial\/\" \/>\n<meta property=\"og:site_name\" content=\"Commercial Real Estate Developer And Manager\" \/>\n<meta property=\"article:modified_time\" content=\"2023-11-03T07:25:06+00:00\" \/>\n<meta name=\"twitter:card\" content=\"summary_large_image\" \/>\n<meta name=\"twitter:label1\" content=\"Predpokladan\u00fd \u010das \u010d\u00edtania\" \/>\n\t<meta name=\"twitter:data1\" content=\"1 min\u00fata\" \/>\n<script type=\"application\/ld+json\" class=\"yoast-schema-graph\">{\"@context\":\"https:\/\/schema.org\",\"@graph\":[{\"@type\":\"WebPage\",\"@id\":\"https:\/\/ctp.rvltpreview.com\/portfolio\/industrial\/\",\"url\":\"https:\/\/ctp.rvltpreview.com\/portfolio\/industrial\/\",\"name\":\"Industrial Portfolio - Commercial Real Estate Developer And Manager\",\"isPartOf\":{\"@id\":\"https:\/\/ctp.rvltpreview.com\/#website\"},\"datePublished\":\"2018-04-17T11:23:21+00:00\",\"dateModified\":\"2023-11-03T07:25:06+00:00\",\"breadcrumb\":{\"@id\":\"https:\/\/ctp.rvltpreview.com\/portfolio\/industrial\/#breadcrumb\"},\"inLanguage\":\"sk-SK\",\"potentialAction\":[{\"@type\":\"ReadAction\",\"target\":[\"https:\/\/ctp.rvltpreview.com\/portfolio\/industrial\/\"]}]},{\"@type\":\"BreadcrumbList\",\"@id\":\"https:\/\/ctp.rvltpreview.com\/portfolio\/industrial\/#breadcrumb\",\"itemListElement\":[{\"@type\":\"ListItem\",\"position\":1,\"name\":\"Home\",\"item\":\"https:\/\/ctp.rvltpreview.com\/\"},{\"@type\":\"ListItem\",\"position\":2,\"name\":\"Portfolio\",\"item\":\"https:\/\/ctp.rvltpreview.com\/portfolio\/\"},{\"@type\":\"ListItem\",\"position\":3,\"name\":\"Industrial Portfolio\"}]},{\"@type\":\"WebSite\",\"@id\":\"https:\/\/ctp.rvltpreview.com\/#website\",\"url\":\"https:\/\/ctp.rvltpreview.com\/\",\"name\":\"Commercial Real Estate Developer And Manager\",\"description\":\"CTP - premium industrial warehouse and office buildings\",\"publisher\":{\"@id\":\"https:\/\/ctp.rvltpreview.com\/#organization\"},\"potentialAction\":[{\"@type\":\"SearchAction\",\"target\":{\"@type\":\"EntryPoint\",\"urlTemplate\":\"https:\/\/ctp.rvltpreview.com\/?s={search_term_string}\"},\"query-input\":{\"@type\":\"PropertyValueSpecification\",\"valueRequired\":true,\"valueName\":\"search_term_string\"}}],\"inLanguage\":\"sk-SK\"},{\"@type\":\"Organization\",\"@id\":\"https:\/\/ctp.rvltpreview.com\/#organization\",\"name\":\"CTP\",\"url\":\"https:\/\/ctp.rvltpreview.com\/\",\"logo\":{\"@type\":\"ImageObject\",\"inLanguage\":\"sk-SK\",\"@id\":\"https:\/\/ctp.rvltpreview.com\/#\/schema\/logo\/image\/\",\"url\":\"\",\"contentUrl\":\"\",\"caption\":\"CTP\"},\"image\":{\"@id\":\"https:\/\/ctp.rvltpreview.com\/#\/schema\/logo\/image\/\"}}]}<\/script>","yoast_head_json":{"title":"Industrial Portfolio - Commercial Real Estate Developer And Manager","robots":{"index":"noindex","follow":"follow","max-snippet":"max-snippet:-1","max-image-preview":"max-image-preview:large","max-video-preview":"max-video-preview:-1"},"og_locale":"sk_SK","og_type":"article","og_title":"Industrial Portfolio","og_description":"Advantages of CTP&#8217;s Industrial Properties We take care of your facility needs so that you can stay focused on your","og_url":"https:\/\/ctp.rvltpreview.com\/sk\/portfolio\/industrial\/","og_site_name":"Commercial Real Estate Developer And Manager","article_modified_time":"2023-11-03T07:25:06+00:00","twitter_card":"summary_large_image","twitter_misc":{"Predpokladan\u00fd \u010das \u010d\u00edtania":"1 min\u00fata"},"schema":{"@context":"https:\/\/schema.org","@graph":[{"@type":"WebPage","@id":"https:\/\/ctp.rvltpreview.com\/portfolio\/industrial\/","url":"https:\/\/ctp.rvltpreview.com\/portfolio\/industrial\/","name":"Industrial Portfolio - Commercial Real Estate Developer And Manager","isPartOf":{"@id":"https:\/\/ctp.rvltpreview.com\/#website"},"datePublished":"2018-04-17T11:23:21+00:00","dateModified":"2023-11-03T07:25:06+00:00","breadcrumb":{"@id":"https:\/\/ctp.rvltpreview.com\/portfolio\/industrial\/#breadcrumb"},"inLanguage":"sk-SK","potentialAction":[{"@type":"ReadAction","target":["https:\/\/ctp.rvltpreview.com\/portfolio\/industrial\/"]}]},{"@type":"BreadcrumbList","@id":"https:\/\/ctp.rvltpreview.com\/portfolio\/industrial\/#breadcrumb","itemListElement":[{"@type":"ListItem","position":1,"name":"Home","item":"https:\/\/ctp.rvltpreview.com\/"},{"@type":"ListItem","position":2,"name":"Portfolio","item":"https:\/\/ctp.rvltpreview.com\/portfolio\/"},{"@type":"ListItem","position":3,"name":"Industrial Portfolio"}]},{"@type":"WebSite","@id":"https:\/\/ctp.rvltpreview.com\/#website","url":"https:\/\/ctp.rvltpreview.com\/","name":"Commercial Real Estate Developer And Manager","description":"CTP - premium industrial warehouse and office buildings","publisher":{"@id":"https:\/\/ctp.rvltpreview.com\/#organization"},"potentialAction":[{"@type":"SearchAction","target":{"@type":"EntryPoint","urlTemplate":"https:\/\/ctp.rvltpreview.com\/?s={search_term_string}"},"query-input":{"@type":"PropertyValueSpecification","valueRequired":true,"valueName":"search_term_string"}}],"inLanguage":"sk-SK"},{"@type":"Organization","@id":"https:\/\/ctp.rvltpreview.com\/#organization","name":"CTP","url":"https:\/\/ctp.rvltpreview.com\/","logo":{"@type":"ImageObject","inLanguage":"sk-SK","@id":"https:\/\/ctp.rvltpreview.com\/#\/schema\/logo\/image\/","url":"","contentUrl":"","caption":"CTP"},"image":{"@id":"https:\/\/ctp.rvltpreview.com\/#\/schema\/logo\/image\/"}}]}},"_links":{"self":[{"href":"https:\/\/ctp.rvltpreview.com\/sk\/wp-json\/wp\/v2\/pages\/236","targetHints":{"allow":["GET"]}}],"collection":[{"href":"https:\/\/ctp.rvltpreview.com\/sk\/wp-json\/wp\/v2\/pages"}],"about":[{"href":"https:\/\/ctp.rvltpreview.com\/sk\/wp-json\/wp\/v2\/types\/page"}],"author":[{"embeddable":true,"href":"https:\/\/ctp.rvltpreview.com\/sk\/wp-json\/wp\/v2\/users\/67"}],"replies":[{"embeddable":true,"href":"https:\/\/ctp.rvltpreview.com\/sk\/wp-json\/wp\/v2\/comments?post=236"}],"version-history":[{"count":33,"href":"https:\/\/ctp.rvltpreview.com\/sk\/wp-json\/wp\/v2\/pages\/236\/revisions"}],"predecessor-version":[{"id":89070,"href":"https:\/\/ctp.rvltpreview.com\/sk\/wp-json\/wp\/v2\/pages\/236\/revisions\/89070"}],"up":[{"embeddable":true,"href":"https:\/\/ctp.rvltpreview.com\/sk\/wp-json\/wp\/v2\/pages\/64"}],"wp:attachment":[{"href":"https:\/\/ctp.rvltpreview.com\/sk\/wp-json\/wp\/v2\/media?parent=236"}],"curies":[{"name":"wp","href":"https:\/\/api.w.org\/{rel}","templated":true}]}}