{"id":14801,"date":"2021-03-17T16:20:10","date_gmt":"2021-03-17T16:20:10","guid":{"rendered":"https:\/\/www.ctp.eu\/?page_id=14801"},"modified":"2024-08-09T11:42:19","modified_gmt":"2024-08-09T09:42:19","slug":"the-top-ten","status":"publish","type":"page","link":"https:\/\/ctp.rvltpreview.com\/sk\/the-top-ten\/","title":{"rendered":"Desa\u0165 najlep\u0161\u00edch parkov"},"content":{"rendered":"<h3><span style=\"font-size: 23px; font-weight: 400;\">Na\u0161ich 10 najlep\u0161\u00edch parkov, ktor\u00e9 tvoria 371 TP3T z 11,2 mili\u00f3na m2 GLA (AuM) CTP, je pr\u00edkladom skuto\u010dn\u00e9ho \u00e9tosu CTP Parkmaker. Hoci je ka\u017ed\u00fd park jedine\u010dn\u00fd, aby zodpovedal charakteristik\u00e1m regi\u00f3nu, v\u0161etky zdie\u013eaj\u00fa k\u013e\u00fa\u010dov\u00e9 faktory, v\u010faka ktor\u00fdm s\u00fa \u00faspe\u0161n\u00e9. Tak ako v\u0161etky na\u0161e parky, aj The Top Ten m\u00e1 strategick\u00e9 polohy, zariadenia \u201eorientovan\u00e9 na \u013eud\u00ed\u201c, ktor\u00e9 vyhovuj\u00fa zdraviu a pohode svojich zamestnancov, s\u00fa to zariadenia \u0161pi\u010dkovej kvality s \u00fapln\u00fdm servisom s n\u00edzkym dopadom na \u017eivotn\u00e9 prostredie, odvoden\u00e9 od inov\u00e1ci\u00ed a starostlivosti. Ka\u017ed\u00fd park vych\u00e1dza z \u00faspechu na\u0161ich klientov \u2013 ako rast\u00fa oni, rastieme aj my. A ve\u013ea rast\u00fa. Viac ako 801 TP3T n\u00e1\u0161ho nov\u00e9ho podnikania poch\u00e1dza z na\u0161ej siete viac ako 1 000 klientov.<\/span><\/h3>","protected":false},"excerpt":{"rendered":"<p>Na\u0161ich 10 najlep\u0161\u00edch parkov, ktor\u00e9 tvoria 441 TP3T z 12,4 mili\u00f3na m2 GLA (AuM) CTP, je pr\u00edkladom skuto\u010dn\u00e9ho \u00e9tosu CTP Parkmaker.<\/p>","protected":false},"author":22,"featured_media":0,"parent":0,"menu_order":0,"comment_status":"closed","ping_status":"closed","template":"templates\/top-parks.php","meta":{"_acf_changed":false,"footnotes":""},"class_list":["post-14801","page","type-page","status-publish","hentry"],"acf":[],"yoast_head":"<title>The Top Ten Parks - Commercial Real Estate Developer And Manager<\/title>\n<meta name=\"robots\" content=\"noindex, follow, max-snippet:-1, max-image-preview:large, max-video-preview:-1\" \/>\n<meta property=\"og:locale\" content=\"sk_SK\" \/>\n<meta property=\"og:type\" content=\"article\" \/>\n<meta property=\"og:title\" content=\"The Top Ten Parks\" \/>\n<meta property=\"og:description\" content=\"Making up 44% of CTP\u2019s 12.4 million sqm GLA (AuM), our top 10 parks exemplify the true CTP Parkmaker ethos.\" \/>\n<meta property=\"og:url\" content=\"https:\/\/ctp.rvltpreview.com\/sk\/the-top-ten\/\" \/>\n<meta property=\"og:site_name\" content=\"Commercial Real Estate Developer And Manager\" \/>\n<meta property=\"article:modified_time\" content=\"2024-08-09T09:42:19+00:00\" \/>\n<meta name=\"twitter:card\" content=\"summary_large_image\" \/>\n<meta name=\"twitter:label1\" content=\"Predpokladan\u00fd \u010das \u010d\u00edtania\" \/>\n\t<meta name=\"twitter:data1\" content=\"1 min\u00fata\" \/>\n<script type=\"application\/ld+json\" class=\"yoast-schema-graph\">{\"@context\":\"https:\\\/\\\/schema.org\",\"@graph\":[{\"@type\":\"WebPage\",\"@id\":\"https:\\\/\\\/ctp.rvltpreview.com\\\/the-top-ten\\\/\",\"url\":\"https:\\\/\\\/ctp.rvltpreview.com\\\/the-top-ten\\\/\",\"name\":\"The Top Ten Parks - Commercial Real Estate Developer And Manager\",\"isPartOf\":{\"@id\":\"https:\\\/\\\/ctp.rvltpreview.com\\\/#website\"},\"datePublished\":\"2021-03-17T16:20:10+00:00\",\"dateModified\":\"2024-08-09T09:42:19+00:00\",\"breadcrumb\":{\"@id\":\"https:\\\/\\\/ctp.rvltpreview.com\\\/the-top-ten\\\/#breadcrumb\"},\"inLanguage\":\"sk-SK\",\"potentialAction\":[{\"@type\":\"ReadAction\",\"target\":[\"https:\\\/\\\/ctp.rvltpreview.com\\\/the-top-ten\\\/\"]}]},{\"@type\":\"BreadcrumbList\",\"@id\":\"https:\\\/\\\/ctp.rvltpreview.com\\\/the-top-ten\\\/#breadcrumb\",\"itemListElement\":[{\"@type\":\"ListItem\",\"position\":1,\"name\":\"Home\",\"item\":\"https:\\\/\\\/ctp.rvltpreview.com\\\/cs\\\/\"},{\"@type\":\"ListItem\",\"position\":2,\"name\":\"The Top Ten Parks\"}]},{\"@type\":\"WebSite\",\"@id\":\"https:\\\/\\\/ctp.rvltpreview.com\\\/#website\",\"url\":\"https:\\\/\\\/ctp.rvltpreview.com\\\/\",\"name\":\"Commercial Real Estate Developer And Manager\",\"description\":\"CTP - premium industrial warehouse and office buildings\",\"publisher\":{\"@id\":\"https:\\\/\\\/ctp.rvltpreview.com\\\/#organization\"},\"potentialAction\":[{\"@type\":\"SearchAction\",\"target\":{\"@type\":\"EntryPoint\",\"urlTemplate\":\"https:\\\/\\\/ctp.rvltpreview.com\\\/?s={search_term_string}\"},\"query-input\":{\"@type\":\"PropertyValueSpecification\",\"valueRequired\":true,\"valueName\":\"search_term_string\"}}],\"inLanguage\":\"sk-SK\"},{\"@type\":\"Organization\",\"@id\":\"https:\\\/\\\/ctp.rvltpreview.com\\\/#organization\",\"name\":\"CTP\",\"url\":\"https:\\\/\\\/ctp.rvltpreview.com\\\/\",\"logo\":{\"@type\":\"ImageObject\",\"inLanguage\":\"sk-SK\",\"@id\":\"https:\\\/\\\/ctp.rvltpreview.com\\\/#\\\/schema\\\/logo\\\/image\\\/\",\"url\":\"\",\"contentUrl\":\"\",\"caption\":\"CTP\"},\"image\":{\"@id\":\"https:\\\/\\\/ctp.rvltpreview.com\\\/#\\\/schema\\\/logo\\\/image\\\/\"}}]}<\/script>","yoast_head_json":{"title":"Desa\u0165 najlep\u0161\u00edch parkov - developer a mana\u017e\u00e9r komer\u010dn\u00fdch nehnute\u013enost\u00ed","robots":{"index":"noindex","follow":"follow","max-snippet":"max-snippet:-1","max-image-preview":"max-image-preview:large","max-video-preview":"max-video-preview:-1"},"og_locale":"sk_SK","og_type":"article","og_title":"The Top Ten Parks","og_description":"Making up 44% of CTP\u2019s 12.4 million sqm GLA (AuM), our top 10 parks exemplify the true CTP Parkmaker ethos.","og_url":"https:\/\/ctp.rvltpreview.com\/sk\/the-top-ten\/","og_site_name":"Commercial Real Estate Developer And Manager","article_modified_time":"2024-08-09T09:42:19+00:00","twitter_card":"summary_large_image","twitter_misc":{"Predpokladan\u00fd \u010das \u010d\u00edtania":"1 min\u00fata"},"schema":{"@context":"https:\/\/schema.org","@graph":[{"@type":"WebPage","@id":"https:\/\/ctp.rvltpreview.com\/the-top-ten\/","url":"https:\/\/ctp.rvltpreview.com\/the-top-ten\/","name":"Desa\u0165 najlep\u0161\u00edch parkov - developer a mana\u017e\u00e9r komer\u010dn\u00fdch nehnute\u013enost\u00ed","isPartOf":{"@id":"https:\/\/ctp.rvltpreview.com\/#website"},"datePublished":"2021-03-17T16:20:10+00:00","dateModified":"2024-08-09T09:42:19+00:00","breadcrumb":{"@id":"https:\/\/ctp.rvltpreview.com\/the-top-ten\/#breadcrumb"},"inLanguage":"sk-SK","potentialAction":[{"@type":"ReadAction","target":["https:\/\/ctp.rvltpreview.com\/the-top-ten\/"]}]},{"@type":"BreadcrumbList","@id":"https:\/\/ctp.rvltpreview.com\/the-top-ten\/#breadcrumb","itemListElement":[{"@type":"ListItem","position":1,"name":"Home","item":"https:\/\/ctp.rvltpreview.com\/cs\/"},{"@type":"ListItem","position":2,"name":"The Top Ten Parks"}]},{"@type":"WebSite","@id":"https:\/\/ctp.rvltpreview.com\/#website","url":"https:\/\/ctp.rvltpreview.com\/","name":"Developer a mana\u017e\u00e9r komer\u010dn\u00fdch nehnute\u013enost\u00ed","description":"CTP - pr\u00e9miov\u00e9 priemyseln\u00e9 skladov\u00e9 a kancel\u00e1rske budovy","publisher":{"@id":"https:\/\/ctp.rvltpreview.com\/#organization"},"potentialAction":[{"@type":"SearchAction","target":{"@type":"EntryPoint","urlTemplate":"https:\/\/ctp.rvltpreview.com\/?s={search_term_string}"},"query-input":{"@type":"PropertyValueSpecification","valueRequired":true,"valueName":"search_term_string"}}],"inLanguage":"sk-SK"},{"@type":"Organization","@id":"https:\/\/ctp.rvltpreview.com\/#organization","name":"CTP","url":"https:\/\/ctp.rvltpreview.com\/","logo":{"@type":"ImageObject","inLanguage":"sk-SK","@id":"https:\/\/ctp.rvltpreview.com\/#\/schema\/logo\/image\/","url":"","contentUrl":"","caption":"CTP"},"image":{"@id":"https:\/\/ctp.rvltpreview.com\/#\/schema\/logo\/image\/"}}]}},"_links":{"self":[{"href":"https:\/\/ctp.rvltpreview.com\/sk\/wp-json\/wp\/v2\/pages\/14801","targetHints":{"allow":["GET"]}}],"collection":[{"href":"https:\/\/ctp.rvltpreview.com\/sk\/wp-json\/wp\/v2\/pages"}],"about":[{"href":"https:\/\/ctp.rvltpreview.com\/sk\/wp-json\/wp\/v2\/types\/page"}],"author":[{"embeddable":true,"href":"https:\/\/ctp.rvltpreview.com\/sk\/wp-json\/wp\/v2\/users\/22"}],"replies":[{"embeddable":true,"href":"https:\/\/ctp.rvltpreview.com\/sk\/wp-json\/wp\/v2\/comments?post=14801"}],"version-history":[{"count":26,"href":"https:\/\/ctp.rvltpreview.com\/sk\/wp-json\/wp\/v2\/pages\/14801\/revisions"}],"predecessor-version":[{"id":96160,"href":"https:\/\/ctp.rvltpreview.com\/sk\/wp-json\/wp\/v2\/pages\/14801\/revisions\/96160"}],"wp:attachment":[{"href":"https:\/\/ctp.rvltpreview.com\/sk\/wp-json\/wp\/v2\/media?parent=14801"}],"curies":[{"name":"wp","href":"https:\/\/api.w.org\/{rel}","templated":true}]}}