{"id":13639,"date":"2021-03-03T13:58:12","date_gmt":"2021-03-03T11:58:12","guid":{"rendered":"https:\/\/www.ctp.eu\/?page_id=13639"},"modified":"2025-09-04T09:28:36","modified_gmt":"2025-09-04T07:28:36","slug":"governance","status":"publish","type":"page","link":"https:\/\/ctp.rvltpreview.com\/sk\/investors\/governance\/","title":{"rendered":"Spr\u00e1va"},"content":{"rendered":"<p>Uprednost\u0148ujeme efekt\u00edvne postupy riadenia a d\u00f4sledne pracujeme na budovan\u00ed transparentn\u00e9ho pracovn\u00e9ho prostredia na v\u0161etk\u00fdch \u00farovniach na\u0161ej organiz\u00e1cie. T\u00f3n pre to je ud\u00e1van\u00fd na vrchole. Na\u0161a jedno\u00farov\u0148ov\u00e1 rada, zlo\u017een\u00e1 z v\u00fdkonn\u00fdch a nev\u00fdkonn\u00fdch riadite\u013eov, dohliada na prev\u00e1dzku spolo\u010dnosti, zabezpe\u010duje dodr\u017eiavanie predpisov a presadzuje z\u00e1ujmy na\u0161ich zainteresovan\u00fdch str\u00e1n. Nev\u00fdkonn\u00ed riaditelia dohliadaj\u00fa na plnenie povinnost\u00ed v\u00fdkonn\u00fdch riadite\u013eov a na v\u0161eobecn\u00e9 z\u00e1le\u017eitosti a \u010dinnos\u0165 spolo\u010dnosti CTP, pom\u00e1haj\u00fa s v\u00fdvojom n\u00e1vrhov strat\u00e9gie a dohliadaj\u00fa na jej implement\u00e1ciu. <\/p>\n<p>D\u00f4sledne dodr\u017eiavame platn\u00e9 z\u00e1kony a nariadenia a zriadili sme v\u00fdbory na \u00farovni predstavenstva, ktor\u00e9 zabezpe\u010duj\u00fa zodpovedn\u00e9, spravodliv\u00e9 a transparentn\u00e9 rozhodovanie vo v\u00fdboroch pre audit, nomin\u00e1cie a odme\u0148ovanie, udr\u017eate\u013enos\u0165 a v predstavenstve. Na\u0161e predstavenstvo sa zaviazalo vytv\u00e1ra\u0165 dlhodob\u00fa hodnotu a z\u00e1rove\u0148 zoh\u013ead\u0148ova\u0165 vplyv na\u0161ich krokov v celom hodnotovom re\u0165azci.<\/p>","protected":false},"excerpt":{"rendered":"<p>Uprednost\u0148ujeme efekt\u00edvne postupy riadenia a d\u00f4sledne pracujeme na budovan\u00ed transparentn\u00e9ho pracovn\u00e9ho prostredia na v\u0161etk\u00fdch \u00farovniach na\u0161ej<\/p>","protected":false},"author":22,"featured_media":0,"parent":9830,"menu_order":6,"comment_status":"closed","ping_status":"closed","template":"templates\/governance.php","meta":{"_acf_changed":false,"footnotes":""},"class_list":["post-13639","page","type-page","status-publish","hentry"],"acf":[],"yoast_head":"<title>Governance - Commercial Real Estate Developer And Manager<\/title>\n<meta name=\"robots\" content=\"noindex, follow, max-snippet:-1, max-image-preview:large, max-video-preview:-1\" \/>\n<meta property=\"og:locale\" content=\"sk_SK\" \/>\n<meta property=\"og:type\" content=\"article\" \/>\n<meta property=\"og:title\" content=\"Governance\" \/>\n<meta property=\"og:description\" content=\"We prioritise effective corporate governance practices and work consistently to build a transparent work environment at all levels of our\" \/>\n<meta property=\"og:url\" content=\"https:\/\/ctp.rvltpreview.com\/sk\/investors\/governance\/\" \/>\n<meta property=\"og:site_name\" content=\"Commercial Real Estate Developer And Manager\" \/>\n<meta property=\"article:modified_time\" content=\"2025-09-04T07:28:36+00:00\" \/>\n<meta name=\"twitter:card\" content=\"summary_large_image\" \/>\n<meta name=\"twitter:label1\" content=\"Predpokladan\u00fd \u010das \u010d\u00edtania\" \/>\n\t<meta name=\"twitter:data1\" content=\"1 min\u00fata\" \/>\n<script type=\"application\/ld+json\" class=\"yoast-schema-graph\">{\"@context\":\"https:\/\/schema.org\",\"@graph\":[{\"@type\":\"WebPage\",\"@id\":\"https:\/\/ctp.rvltpreview.com\/investors\/governance\/\",\"url\":\"https:\/\/ctp.rvltpreview.com\/investors\/governance\/\",\"name\":\"Governance - Commercial Real Estate Developer And Manager\",\"isPartOf\":{\"@id\":\"https:\/\/ctp.rvltpreview.com\/#website\"},\"datePublished\":\"2021-03-03T11:58:12+00:00\",\"dateModified\":\"2025-09-04T07:28:36+00:00\",\"breadcrumb\":{\"@id\":\"https:\/\/ctp.rvltpreview.com\/investors\/governance\/#breadcrumb\"},\"inLanguage\":\"sk-SK\",\"potentialAction\":[{\"@type\":\"ReadAction\",\"target\":[\"https:\/\/ctp.rvltpreview.com\/investors\/governance\/\"]}]},{\"@type\":\"BreadcrumbList\",\"@id\":\"https:\/\/ctp.rvltpreview.com\/investors\/governance\/#breadcrumb\",\"itemListElement\":[{\"@type\":\"ListItem\",\"position\":1,\"name\":\"Home\",\"item\":\"https:\/\/ctp.rvltpreview.com\/\"},{\"@type\":\"ListItem\",\"position\":2,\"name\":\"Long-Term Investment Partnership\",\"item\":\"https:\/\/ctp.rvltpreview.com\/investors\/\"},{\"@type\":\"ListItem\",\"position\":3,\"name\":\"Governance\"}]},{\"@type\":\"WebSite\",\"@id\":\"https:\/\/ctp.rvltpreview.com\/#website\",\"url\":\"https:\/\/ctp.rvltpreview.com\/\",\"name\":\"Commercial Real Estate Developer And Manager\",\"description\":\"CTP - premium industrial warehouse and office buildings\",\"publisher\":{\"@id\":\"https:\/\/ctp.rvltpreview.com\/#organization\"},\"potentialAction\":[{\"@type\":\"SearchAction\",\"target\":{\"@type\":\"EntryPoint\",\"urlTemplate\":\"https:\/\/ctp.rvltpreview.com\/?s={search_term_string}\"},\"query-input\":{\"@type\":\"PropertyValueSpecification\",\"valueRequired\":true,\"valueName\":\"search_term_string\"}}],\"inLanguage\":\"sk-SK\"},{\"@type\":\"Organization\",\"@id\":\"https:\/\/ctp.rvltpreview.com\/#organization\",\"name\":\"CTP\",\"url\":\"https:\/\/ctp.rvltpreview.com\/\",\"logo\":{\"@type\":\"ImageObject\",\"inLanguage\":\"sk-SK\",\"@id\":\"https:\/\/ctp.rvltpreview.com\/#\/schema\/logo\/image\/\",\"url\":\"\",\"contentUrl\":\"\",\"caption\":\"CTP\"},\"image\":{\"@id\":\"https:\/\/ctp.rvltpreview.com\/#\/schema\/logo\/image\/\"}}]}<\/script>","yoast_head_json":{"title":"Governance - Commercial Real Estate Developer And Manager","robots":{"index":"noindex","follow":"follow","max-snippet":"max-snippet:-1","max-image-preview":"max-image-preview:large","max-video-preview":"max-video-preview:-1"},"og_locale":"sk_SK","og_type":"article","og_title":"Governance","og_description":"We prioritise effective corporate governance practices and work consistently to build a transparent work environment at all levels of our","og_url":"https:\/\/ctp.rvltpreview.com\/sk\/investors\/governance\/","og_site_name":"Commercial Real Estate Developer And Manager","article_modified_time":"2025-09-04T07:28:36+00:00","twitter_card":"summary_large_image","twitter_misc":{"Predpokladan\u00fd \u010das \u010d\u00edtania":"1 min\u00fata"},"schema":{"@context":"https:\/\/schema.org","@graph":[{"@type":"WebPage","@id":"https:\/\/ctp.rvltpreview.com\/investors\/governance\/","url":"https:\/\/ctp.rvltpreview.com\/investors\/governance\/","name":"Governance - Commercial Real Estate Developer And Manager","isPartOf":{"@id":"https:\/\/ctp.rvltpreview.com\/#website"},"datePublished":"2021-03-03T11:58:12+00:00","dateModified":"2025-09-04T07:28:36+00:00","breadcrumb":{"@id":"https:\/\/ctp.rvltpreview.com\/investors\/governance\/#breadcrumb"},"inLanguage":"sk-SK","potentialAction":[{"@type":"ReadAction","target":["https:\/\/ctp.rvltpreview.com\/investors\/governance\/"]}]},{"@type":"BreadcrumbList","@id":"https:\/\/ctp.rvltpreview.com\/investors\/governance\/#breadcrumb","itemListElement":[{"@type":"ListItem","position":1,"name":"Home","item":"https:\/\/ctp.rvltpreview.com\/"},{"@type":"ListItem","position":2,"name":"Long-Term Investment Partnership","item":"https:\/\/ctp.rvltpreview.com\/investors\/"},{"@type":"ListItem","position":3,"name":"Governance"}]},{"@type":"WebSite","@id":"https:\/\/ctp.rvltpreview.com\/#website","url":"https:\/\/ctp.rvltpreview.com\/","name":"Commercial Real Estate Developer And Manager","description":"CTP - premium industrial warehouse and office buildings","publisher":{"@id":"https:\/\/ctp.rvltpreview.com\/#organization"},"potentialAction":[{"@type":"SearchAction","target":{"@type":"EntryPoint","urlTemplate":"https:\/\/ctp.rvltpreview.com\/?s={search_term_string}"},"query-input":{"@type":"PropertyValueSpecification","valueRequired":true,"valueName":"search_term_string"}}],"inLanguage":"sk-SK"},{"@type":"Organization","@id":"https:\/\/ctp.rvltpreview.com\/#organization","name":"CTP","url":"https:\/\/ctp.rvltpreview.com\/","logo":{"@type":"ImageObject","inLanguage":"sk-SK","@id":"https:\/\/ctp.rvltpreview.com\/#\/schema\/logo\/image\/","url":"","contentUrl":"","caption":"CTP"},"image":{"@id":"https:\/\/ctp.rvltpreview.com\/#\/schema\/logo\/image\/"}}]}},"_links":{"self":[{"href":"https:\/\/ctp.rvltpreview.com\/sk\/wp-json\/wp\/v2\/pages\/13639","targetHints":{"allow":["GET"]}}],"collection":[{"href":"https:\/\/ctp.rvltpreview.com\/sk\/wp-json\/wp\/v2\/pages"}],"about":[{"href":"https:\/\/ctp.rvltpreview.com\/sk\/wp-json\/wp\/v2\/types\/page"}],"author":[{"embeddable":true,"href":"https:\/\/ctp.rvltpreview.com\/sk\/wp-json\/wp\/v2\/users\/22"}],"replies":[{"embeddable":true,"href":"https:\/\/ctp.rvltpreview.com\/sk\/wp-json\/wp\/v2\/comments?post=13639"}],"version-history":[{"count":45,"href":"https:\/\/ctp.rvltpreview.com\/sk\/wp-json\/wp\/v2\/pages\/13639\/revisions"}],"predecessor-version":[{"id":104110,"href":"https:\/\/ctp.rvltpreview.com\/sk\/wp-json\/wp\/v2\/pages\/13639\/revisions\/104110"}],"up":[{"embeddable":true,"href":"https:\/\/ctp.rvltpreview.com\/sk\/wp-json\/wp\/v2\/pages\/9830"}],"wp:attachment":[{"href":"https:\/\/ctp.rvltpreview.com\/sk\/wp-json\/wp\/v2\/media?parent=13639"}],"curies":[{"name":"wp","href":"https:\/\/api.w.org\/{rel}","templated":true}]}}