{"id":13620,"date":"2021-03-03T13:39:45","date_gmt":"2021-03-03T13:39:45","guid":{"rendered":"https:\/\/www.ctp.eu\/?page_id=13620"},"modified":"2021-08-06T13:10:10","modified_gmt":"2021-08-06T13:10:10","slug":"access-restricted","status":"publish","type":"page","link":"https:\/\/ctp.rvltpreview.com\/sk\/access-restricted\/","title":{"rendered":"Pr\u00edstup je obmedzen\u00fd"},"content":{"rendered":"<h2 class=\"investors-subtitle\">\u013dutujeme, \u017ee z d\u00f4vodu regula\u010dn\u00fdch obmedzen\u00ed v\u00e1m nem\u00f4\u017eeme poskytn\u00fa\u0165 pr\u00edstup k t\u00fdmto materi\u00e1lom.<\/h2>\n<p class=\"investors-paragraph\">Zistili sme, \u017ee na t\u00fato str\u00e1nku pristupujete z zak\u00e1zanej krajiny, ktorej sme z d\u00f4vodu regula\u010dn\u00fdch obmedzen\u00ed povinn\u00ed zablokova\u0165 pr\u00edstup k materi\u00e1lom na vami po\u017eadovanej str\u00e1nke. Ak si mysl\u00edte, \u017ee ide o chybu, kontaktujte n\u00e1s<a href=\"https:\/\/ctp.rvltpreview.com\/investors\/#contact\"> T\u00edm pre vz\u0165ahy s investormi n\u00e1jdete tu<\/a>.<\/p>\n<p><a class=\"btn btn-primary uppercase mb-0 getOfferButton\" style=\"margin-top: 80px;\" href=\"\/investors\/\">Kliknut\u00edm sem prejdete na domovsk\u00fa str\u00e1nku<\/a><\/p>","protected":false},"excerpt":{"rendered":"<p>\u013dutujeme, \u017ee z d\u00f4vodu regula\u010dn\u00fdch obmedzen\u00ed v\u00e1m nem\u00f4\u017eeme poskytn\u00fa\u0165 pr\u00edstup k t\u00fdmto materi\u00e1lom. Zistili sme to<\/p>","protected":false},"author":22,"featured_media":0,"parent":0,"menu_order":0,"comment_status":"closed","ping_status":"closed","template":"investors-sub-page.php","meta":{"_acf_changed":false,"footnotes":""},"class_list":["post-13620","page","type-page","status-publish","hentry"],"acf":[],"yoast_head":"<title>Access restricted - Commercial Real Estate Developer And Manager<\/title>\n<meta name=\"robots\" content=\"noindex, follow, max-snippet:-1, max-image-preview:large, max-video-preview:-1\" \/>\n<meta property=\"og:locale\" content=\"sk_SK\" \/>\n<meta property=\"og:type\" content=\"article\" \/>\n<meta property=\"og:title\" content=\"Access restricted\" \/>\n<meta property=\"og:description\" content=\"We regret that due to regulatory restrictions, we cannot provide you with access to these materials. We have detected that\" \/>\n<meta property=\"og:url\" content=\"https:\/\/ctp.rvltpreview.com\/sk\/access-restricted\/\" \/>\n<meta property=\"og:site_name\" content=\"Commercial Real Estate Developer And Manager\" \/>\n<meta property=\"article:modified_time\" content=\"2021-08-06T13:10:10+00:00\" \/>\n<meta name=\"twitter:card\" content=\"summary_large_image\" \/>\n<script type=\"application\/ld+json\" class=\"yoast-schema-graph\">{\"@context\":\"https:\\\/\\\/schema.org\",\"@graph\":[{\"@type\":\"WebPage\",\"@id\":\"https:\\\/\\\/ctp.rvltpreview.com\\\/access-restricted\\\/\",\"url\":\"https:\\\/\\\/ctp.rvltpreview.com\\\/access-restricted\\\/\",\"name\":\"Access restricted - Commercial Real Estate Developer And Manager\",\"isPartOf\":{\"@id\":\"https:\\\/\\\/ctp.rvltpreview.com\\\/#website\"},\"datePublished\":\"2021-03-03T13:39:45+00:00\",\"dateModified\":\"2021-08-06T13:10:10+00:00\",\"breadcrumb\":{\"@id\":\"https:\\\/\\\/ctp.rvltpreview.com\\\/access-restricted\\\/#breadcrumb\"},\"inLanguage\":\"sk-SK\",\"potentialAction\":[{\"@type\":\"ReadAction\",\"target\":[\"https:\\\/\\\/ctp.rvltpreview.com\\\/access-restricted\\\/\"]}]},{\"@type\":\"BreadcrumbList\",\"@id\":\"https:\\\/\\\/ctp.rvltpreview.com\\\/access-restricted\\\/#breadcrumb\",\"itemListElement\":[{\"@type\":\"ListItem\",\"position\":1,\"name\":\"Home\",\"item\":\"https:\\\/\\\/ctp.rvltpreview.com\\\/cs\\\/\"},{\"@type\":\"ListItem\",\"position\":2,\"name\":\"Access restricted\"}]},{\"@type\":\"WebSite\",\"@id\":\"https:\\\/\\\/ctp.rvltpreview.com\\\/#website\",\"url\":\"https:\\\/\\\/ctp.rvltpreview.com\\\/\",\"name\":\"Commercial Real Estate Developer And Manager\",\"description\":\"CTP - premium industrial warehouse and office buildings\",\"publisher\":{\"@id\":\"https:\\\/\\\/ctp.rvltpreview.com\\\/#organization\"},\"potentialAction\":[{\"@type\":\"SearchAction\",\"target\":{\"@type\":\"EntryPoint\",\"urlTemplate\":\"https:\\\/\\\/ctp.rvltpreview.com\\\/?s={search_term_string}\"},\"query-input\":{\"@type\":\"PropertyValueSpecification\",\"valueRequired\":true,\"valueName\":\"search_term_string\"}}],\"inLanguage\":\"sk-SK\"},{\"@type\":\"Organization\",\"@id\":\"https:\\\/\\\/ctp.rvltpreview.com\\\/#organization\",\"name\":\"CTP\",\"url\":\"https:\\\/\\\/ctp.rvltpreview.com\\\/\",\"logo\":{\"@type\":\"ImageObject\",\"inLanguage\":\"sk-SK\",\"@id\":\"https:\\\/\\\/ctp.rvltpreview.com\\\/#\\\/schema\\\/logo\\\/image\\\/\",\"url\":\"\",\"contentUrl\":\"\",\"caption\":\"CTP\"},\"image\":{\"@id\":\"https:\\\/\\\/ctp.rvltpreview.com\\\/#\\\/schema\\\/logo\\\/image\\\/\"}}]}<\/script>","yoast_head_json":{"title":"Pr\u00edstup je obmedzen\u00fd \u2013 Developer a mana\u017e\u00e9r komer\u010dn\u00fdch nehnute\u013enost\u00ed","robots":{"index":"noindex","follow":"follow","max-snippet":"max-snippet:-1","max-image-preview":"max-image-preview:large","max-video-preview":"max-video-preview:-1"},"og_locale":"sk_SK","og_type":"article","og_title":"Access restricted","og_description":"We regret that due to regulatory restrictions, we cannot provide you with access to these materials. We have detected that","og_url":"https:\/\/ctp.rvltpreview.com\/sk\/access-restricted\/","og_site_name":"Commercial Real Estate Developer And Manager","article_modified_time":"2021-08-06T13:10:10+00:00","twitter_card":"summary_large_image","schema":{"@context":"https:\/\/schema.org","@graph":[{"@type":"WebPage","@id":"https:\/\/ctp.rvltpreview.com\/access-restricted\/","url":"https:\/\/ctp.rvltpreview.com\/access-restricted\/","name":"Pr\u00edstup je obmedzen\u00fd \u2013 Developer a mana\u017e\u00e9r komer\u010dn\u00fdch nehnute\u013enost\u00ed","isPartOf":{"@id":"https:\/\/ctp.rvltpreview.com\/#website"},"datePublished":"2021-03-03T13:39:45+00:00","dateModified":"2021-08-06T13:10:10+00:00","breadcrumb":{"@id":"https:\/\/ctp.rvltpreview.com\/access-restricted\/#breadcrumb"},"inLanguage":"sk-SK","potentialAction":[{"@type":"ReadAction","target":["https:\/\/ctp.rvltpreview.com\/access-restricted\/"]}]},{"@type":"BreadcrumbList","@id":"https:\/\/ctp.rvltpreview.com\/access-restricted\/#breadcrumb","itemListElement":[{"@type":"ListItem","position":1,"name":"Home","item":"https:\/\/ctp.rvltpreview.com\/cs\/"},{"@type":"ListItem","position":2,"name":"Access restricted"}]},{"@type":"WebSite","@id":"https:\/\/ctp.rvltpreview.com\/#website","url":"https:\/\/ctp.rvltpreview.com\/","name":"Developer a mana\u017e\u00e9r komer\u010dn\u00fdch nehnute\u013enost\u00ed","description":"CTP - pr\u00e9miov\u00e9 priemyseln\u00e9 skladov\u00e9 a kancel\u00e1rske budovy","publisher":{"@id":"https:\/\/ctp.rvltpreview.com\/#organization"},"potentialAction":[{"@type":"SearchAction","target":{"@type":"EntryPoint","urlTemplate":"https:\/\/ctp.rvltpreview.com\/?s={search_term_string}"},"query-input":{"@type":"PropertyValueSpecification","valueRequired":true,"valueName":"search_term_string"}}],"inLanguage":"sk-SK"},{"@type":"Organization","@id":"https:\/\/ctp.rvltpreview.com\/#organization","name":"CTP","url":"https:\/\/ctp.rvltpreview.com\/","logo":{"@type":"ImageObject","inLanguage":"sk-SK","@id":"https:\/\/ctp.rvltpreview.com\/#\/schema\/logo\/image\/","url":"","contentUrl":"","caption":"CTP"},"image":{"@id":"https:\/\/ctp.rvltpreview.com\/#\/schema\/logo\/image\/"}}]}},"_links":{"self":[{"href":"https:\/\/ctp.rvltpreview.com\/sk\/wp-json\/wp\/v2\/pages\/13620","targetHints":{"allow":["GET"]}}],"collection":[{"href":"https:\/\/ctp.rvltpreview.com\/sk\/wp-json\/wp\/v2\/pages"}],"about":[{"href":"https:\/\/ctp.rvltpreview.com\/sk\/wp-json\/wp\/v2\/types\/page"}],"author":[{"embeddable":true,"href":"https:\/\/ctp.rvltpreview.com\/sk\/wp-json\/wp\/v2\/users\/22"}],"replies":[{"embeddable":true,"href":"https:\/\/ctp.rvltpreview.com\/sk\/wp-json\/wp\/v2\/comments?post=13620"}],"version-history":[{"count":0,"href":"https:\/\/ctp.rvltpreview.com\/sk\/wp-json\/wp\/v2\/pages\/13620\/revisions"}],"wp:attachment":[{"href":"https:\/\/ctp.rvltpreview.com\/sk\/wp-json\/wp\/v2\/media?parent=13620"}],"curies":[{"name":"wp","href":"https:\/\/api.w.org\/{rel}","templated":true}]}}