{"id":9830,"date":"2020-09-12T18:21:52","date_gmt":"2020-09-12T18:21:52","guid":{"rendered":"https:\/\/www.ctp.eu\/?page_id=9830"},"modified":"2025-02-13T15:45:37","modified_gmt":"2025-02-13T13:45:37","slug":"investors","status":"publish","type":"page","link":"https:\/\/ctp.rvltpreview.com\/ro\/investors\/","title":{"rendered":"Parteneriat de investi\u021bii pe termen lung"},"content":{"rendered":"<h2 class=\"investors-subtitle\">Pentru partenerii no\u0219tri investitori<\/h2>\n<p class=\"investors-paragraph\">Bun venit la noua noastr\u0103 sec\u021biune de rela\u021bii cu investitorii. CTP este o afacere incredibil\u0103 \u0219i o poveste de succes de care suntem m\u00e2ndri \u0219i de care suntem pasiona\u021bi. \u00cen ultimii 25 de ani, am creat o companie de mare valoare, onor\u00e2ndu-ne angajamentele fa\u021b\u0103 de toate p\u0103r\u021bile interesate \u0219i salut\u0103m investitorii pe care \u00eei vedem ca p\u0103r\u021bi interesate pe termen lung \u0219i esen\u021biali pentru afacerea noastr\u0103, precum \u0219i noile responsabilit\u0103\u021bi \u0219i angajamente pe care le presupune acest lucru.<\/p>","protected":false},"excerpt":{"rendered":"<p>Pentru partenerii no\u0219tri investitori Bine a\u021bi venit la noua noastr\u0103 sec\u021biune de rela\u021bii cu investitorii. CTP este o afacere incredibil\u0103 \u0219i o poveste de succes care<\/p>","protected":false},"author":67,"featured_media":0,"parent":0,"menu_order":0,"comment_status":"closed","ping_status":"closed","template":"templates\/investors.php","meta":{"_acf_changed":false,"footnotes":""},"class_list":["post-9830","page","type-page","status-publish","hentry"],"acf":[],"yoast_head":"<title>Long-Term Investment Partnership - Commercial Real Estate Developer And Manager<\/title>\n<meta name=\"robots\" content=\"noindex, follow, max-snippet:-1, max-image-preview:large, max-video-preview:-1\" \/>\n<meta property=\"og:locale\" content=\"ro_RO\" \/>\n<meta property=\"og:type\" content=\"article\" \/>\n<meta property=\"og:title\" content=\"Long-Term Investment Partnership\" \/>\n<meta property=\"og:description\" content=\"For Our Investor Partners Welcome to our new investor relations section. CTP is an incredible business and success story which\" \/>\n<meta property=\"og:url\" content=\"https:\/\/ctp.rvltpreview.com\/ro\/investors\/\" \/>\n<meta property=\"og:site_name\" content=\"Commercial Real Estate Developer And Manager\" \/>\n<meta property=\"article:modified_time\" content=\"2025-02-13T13:45:37+00:00\" \/>\n<meta name=\"twitter:card\" content=\"summary_large_image\" \/>\n<meta name=\"twitter:label1\" content=\"Timp estimat pentru citire\" \/>\n\t<meta name=\"twitter:data1\" content=\"1 minut\" \/>\n<script type=\"application\/ld+json\" class=\"yoast-schema-graph\">{\"@context\":\"https:\\\/\\\/schema.org\",\"@graph\":[{\"@type\":\"WebPage\",\"@id\":\"https:\\\/\\\/ctp.rvltpreview.com\\\/investors\\\/\",\"url\":\"https:\\\/\\\/ctp.rvltpreview.com\\\/investors\\\/\",\"name\":\"Long-Term Investment Partnership - Commercial Real Estate Developer And Manager\",\"isPartOf\":{\"@id\":\"https:\\\/\\\/ctp.rvltpreview.com\\\/#website\"},\"datePublished\":\"2020-09-12T18:21:52+00:00\",\"dateModified\":\"2025-02-13T13:45:37+00:00\",\"breadcrumb\":{\"@id\":\"https:\\\/\\\/ctp.rvltpreview.com\\\/investors\\\/#breadcrumb\"},\"inLanguage\":\"ro-RO\",\"potentialAction\":[{\"@type\":\"ReadAction\",\"target\":[\"https:\\\/\\\/ctp.rvltpreview.com\\\/investors\\\/\"]}]},{\"@type\":\"BreadcrumbList\",\"@id\":\"https:\\\/\\\/ctp.rvltpreview.com\\\/investors\\\/#breadcrumb\",\"itemListElement\":[{\"@type\":\"ListItem\",\"position\":1,\"name\":\"Home\",\"item\":\"https:\\\/\\\/ctp.rvltpreview.com\\\/cs\\\/\"},{\"@type\":\"ListItem\",\"position\":2,\"name\":\"Long-Term Investment Partnership\"}]},{\"@type\":\"WebSite\",\"@id\":\"https:\\\/\\\/ctp.rvltpreview.com\\\/#website\",\"url\":\"https:\\\/\\\/ctp.rvltpreview.com\\\/\",\"name\":\"Commercial Real Estate Developer And Manager\",\"description\":\"CTP - premium industrial warehouse and office buildings\",\"publisher\":{\"@id\":\"https:\\\/\\\/ctp.rvltpreview.com\\\/#organization\"},\"potentialAction\":[{\"@type\":\"SearchAction\",\"target\":{\"@type\":\"EntryPoint\",\"urlTemplate\":\"https:\\\/\\\/ctp.rvltpreview.com\\\/?s={search_term_string}\"},\"query-input\":{\"@type\":\"PropertyValueSpecification\",\"valueRequired\":true,\"valueName\":\"search_term_string\"}}],\"inLanguage\":\"ro-RO\"},{\"@type\":\"Organization\",\"@id\":\"https:\\\/\\\/ctp.rvltpreview.com\\\/#organization\",\"name\":\"CTP\",\"url\":\"https:\\\/\\\/ctp.rvltpreview.com\\\/\",\"logo\":{\"@type\":\"ImageObject\",\"inLanguage\":\"ro-RO\",\"@id\":\"https:\\\/\\\/ctp.rvltpreview.com\\\/#\\\/schema\\\/logo\\\/image\\\/\",\"url\":\"\",\"contentUrl\":\"\",\"caption\":\"CTP\"},\"image\":{\"@id\":\"https:\\\/\\\/ctp.rvltpreview.com\\\/#\\\/schema\\\/logo\\\/image\\\/\"}}]}<\/script>","yoast_head_json":{"title":"Parteneriat de investi\u021bii pe termen lung - Dezvoltator \u0219i administrator de imobile comerciale","robots":{"index":"noindex","follow":"follow","max-snippet":"max-snippet:-1","max-image-preview":"max-image-preview:large","max-video-preview":"max-video-preview:-1"},"og_locale":"ro_RO","og_type":"article","og_title":"Long-Term Investment Partnership","og_description":"For Our Investor Partners Welcome to our new investor relations section. CTP is an incredible business and success story which","og_url":"https:\/\/ctp.rvltpreview.com\/ro\/investors\/","og_site_name":"Commercial Real Estate Developer And Manager","article_modified_time":"2025-02-13T13:45:37+00:00","twitter_card":"summary_large_image","twitter_misc":{"Timp estimat pentru citire":"1 minut"},"schema":{"@context":"https:\/\/schema.org","@graph":[{"@type":"WebPage","@id":"https:\/\/ctp.rvltpreview.com\/investors\/","url":"https:\/\/ctp.rvltpreview.com\/investors\/","name":"Parteneriat de investi\u021bii pe termen lung - Dezvoltator \u0219i administrator de imobile comerciale","isPartOf":{"@id":"https:\/\/ctp.rvltpreview.com\/#website"},"datePublished":"2020-09-12T18:21:52+00:00","dateModified":"2025-02-13T13:45:37+00:00","breadcrumb":{"@id":"https:\/\/ctp.rvltpreview.com\/investors\/#breadcrumb"},"inLanguage":"ro-RO","potentialAction":[{"@type":"ReadAction","target":["https:\/\/ctp.rvltpreview.com\/investors\/"]}]},{"@type":"BreadcrumbList","@id":"https:\/\/ctp.rvltpreview.com\/investors\/#breadcrumb","itemListElement":[{"@type":"ListItem","position":1,"name":"Home","item":"https:\/\/ctp.rvltpreview.com\/cs\/"},{"@type":"ListItem","position":2,"name":"Long-Term Investment Partnership"}]},{"@type":"WebSite","@id":"https:\/\/ctp.rvltpreview.com\/#website","url":"https:\/\/ctp.rvltpreview.com\/","name":"Dezvoltator imobiliar comercial \u0219i manager","description":"CTP - cl\u0103diri industriale premium pentru depozite \u0219i birouri","publisher":{"@id":"https:\/\/ctp.rvltpreview.com\/#organization"},"potentialAction":[{"@type":"SearchAction","target":{"@type":"EntryPoint","urlTemplate":"https:\/\/ctp.rvltpreview.com\/?s={search_term_string}"},"query-input":{"@type":"PropertyValueSpecification","valueRequired":true,"valueName":"search_term_string"}}],"inLanguage":"ro-RO"},{"@type":"Organization","@id":"https:\/\/ctp.rvltpreview.com\/#organization","name":"CTP","url":"https:\/\/ctp.rvltpreview.com\/","logo":{"@type":"ImageObject","inLanguage":"ro-RO","@id":"https:\/\/ctp.rvltpreview.com\/#\/schema\/logo\/image\/","url":"","contentUrl":"","caption":"CTP"},"image":{"@id":"https:\/\/ctp.rvltpreview.com\/#\/schema\/logo\/image\/"}}]}},"_links":{"self":[{"href":"https:\/\/ctp.rvltpreview.com\/ro\/wp-json\/wp\/v2\/pages\/9830","targetHints":{"allow":["GET"]}}],"collection":[{"href":"https:\/\/ctp.rvltpreview.com\/ro\/wp-json\/wp\/v2\/pages"}],"about":[{"href":"https:\/\/ctp.rvltpreview.com\/ro\/wp-json\/wp\/v2\/types\/page"}],"author":[{"embeddable":true,"href":"https:\/\/ctp.rvltpreview.com\/ro\/wp-json\/wp\/v2\/users\/67"}],"replies":[{"embeddable":true,"href":"https:\/\/ctp.rvltpreview.com\/ro\/wp-json\/wp\/v2\/comments?post=9830"}],"version-history":[{"count":31,"href":"https:\/\/ctp.rvltpreview.com\/ro\/wp-json\/wp\/v2\/pages\/9830\/revisions"}],"predecessor-version":[{"id":103373,"href":"https:\/\/ctp.rvltpreview.com\/ro\/wp-json\/wp\/v2\/pages\/9830\/revisions\/103373"}],"wp:attachment":[{"href":"https:\/\/ctp.rvltpreview.com\/ro\/wp-json\/wp\/v2\/media?parent=9830"}],"curies":[{"name":"wp","href":"https:\/\/api.w.org\/{rel}","templated":true}]}}