{"id":72455,"date":"2023-02-21T14:52:59","date_gmt":"2023-02-21T12:52:59","guid":{"rendered":"https:\/\/www.ctp.eu\/?page_id=72455"},"modified":"2023-02-21T16:35:45","modified_gmt":"2023-02-21T14:35:45","slug":"mipim-2023","status":"publish","type":"page","link":"https:\/\/ctp.rvltpreview.com\/ro\/company\/events\/mipim-2023\/","title":{"rendered":"S\u0103 ne conect\u0103m <br> <span>la<\/span> MIPIM"},"content":{"rendered":"<p>\u00cen fiecare an, MIPIM atrage cei mai buni din \u00eentreg continentul pentru a discuta despre viitorul mediului construit \u0219i a conecta diverse p\u0103r\u021bi interesate \u0219i lideri de opinie \u2013 de la urbani\u0219ti la actori din sectorul privat \u0219i oficiali ai ora\u0219ului p\u00e2n\u0103 la cadre universitare. Suntem \u00eenc\u00e2nta\u021bi s\u0103 particip\u0103m din nou anul acesta \u0219i sper\u0103m s\u0103 v\u0103 vedem acolo! Vizita\u021bi standul nostru pentru a interac\u021biona cu echipa Parkmakers sau urm\u0103ri\u021bi-i pe scen\u0103.<\/p>","protected":false},"excerpt":{"rendered":"<p>\u00cen fiecare an, MIPIM atrage cei mai buni din \u00eentreg continentul pentru a discuta despre viitorul mediului construit \u0219i a se conecta<\/p>","protected":false},"author":22,"featured_media":0,"parent":198,"menu_order":0,"comment_status":"closed","ping_status":"closed","template":"investors-sub-page.php","meta":{"_acf_changed":false,"footnotes":""},"class_list":["post-72455","page","type-page","status-publish","hentry"],"acf":[],"yoast_head":"<title>Let\u2019s connect  at MIPIM - Commercial Real Estate Developer And Manager<\/title>\n<meta name=\"robots\" content=\"noindex, follow, max-snippet:-1, max-image-preview:large, max-video-preview:-1\" \/>\n<meta property=\"og:locale\" content=\"ro_RO\" \/>\n<meta property=\"og:type\" content=\"article\" \/>\n<meta property=\"og:title\" content=\"Let\u2019s connect  at MIPIM\" \/>\n<meta property=\"og:description\" content=\"Every year, MIPIM attracts the best from across the continent to discuss the future of the built environment and connect\" \/>\n<meta property=\"og:url\" content=\"https:\/\/ctp.rvltpreview.com\/ro\/company\/events\/mipim-2023\/\" \/>\n<meta property=\"og:site_name\" content=\"Commercial Real Estate Developer And Manager\" \/>\n<meta property=\"article:modified_time\" content=\"2023-02-21T14:35:45+00:00\" \/>\n<meta property=\"og:image\" content=\"https:\/\/ctp.rvltpreview.com\/wp-content\/uploads\/2023\/02\/web-MIPIM-23-social.jpg\" \/>\n\t<meta property=\"og:image:width\" content=\"1444\" \/>\n\t<meta property=\"og:image:height\" content=\"756\" \/>\n\t<meta property=\"og:image:type\" content=\"image\/jpeg\" \/>\n<meta name=\"twitter:card\" content=\"summary_large_image\" \/>\n<meta name=\"twitter:label1\" content=\"Timp estimat pentru citire\" \/>\n\t<meta name=\"twitter:data1\" content=\"1 minut\" \/>\n<script type=\"application\/ld+json\" class=\"yoast-schema-graph\">{\"@context\":\"https:\\\/\\\/schema.org\",\"@graph\":[{\"@type\":\"WebPage\",\"@id\":\"https:\\\/\\\/ctp.rvltpreview.com\\\/company\\\/events\\\/mipim-2023\\\/\",\"url\":\"https:\\\/\\\/ctp.rvltpreview.com\\\/company\\\/events\\\/mipim-2023\\\/\",\"name\":\"Let\u2019s connect at MIPIM - Commercial Real Estate Developer And Manager\",\"isPartOf\":{\"@id\":\"https:\\\/\\\/ctp.rvltpreview.com\\\/#website\"},\"datePublished\":\"2023-02-21T12:52:59+00:00\",\"dateModified\":\"2023-02-21T14:35:45+00:00\",\"breadcrumb\":{\"@id\":\"https:\\\/\\\/ctp.rvltpreview.com\\\/company\\\/events\\\/mipim-2023\\\/#breadcrumb\"},\"inLanguage\":\"ro-RO\",\"potentialAction\":[{\"@type\":\"ReadAction\",\"target\":[\"https:\\\/\\\/ctp.rvltpreview.com\\\/company\\\/events\\\/mipim-2023\\\/\"]}]},{\"@type\":\"BreadcrumbList\",\"@id\":\"https:\\\/\\\/ctp.rvltpreview.com\\\/company\\\/events\\\/mipim-2023\\\/#breadcrumb\",\"itemListElement\":[{\"@type\":\"ListItem\",\"position\":1,\"name\":\"Home\",\"item\":\"https:\\\/\\\/ctp.rvltpreview.com\\\/\"},{\"@type\":\"ListItem\",\"position\":2,\"name\":\"Company\",\"item\":\"https:\\\/\\\/ctp.rvltpreview.com\\\/company\\\/\"},{\"@type\":\"ListItem\",\"position\":3,\"name\":\"Events and Happenings\",\"item\":\"https:\\\/\\\/ctp.rvltpreview.com\\\/company\\\/events\\\/\"},{\"@type\":\"ListItem\",\"position\":4,\"name\":\"Let\u2019s connect at MIPIM\"}]},{\"@type\":\"WebSite\",\"@id\":\"https:\\\/\\\/ctp.rvltpreview.com\\\/#website\",\"url\":\"https:\\\/\\\/ctp.rvltpreview.com\\\/\",\"name\":\"Commercial Real Estate Developer And Manager\",\"description\":\"CTP - premium industrial warehouse and office buildings\",\"publisher\":{\"@id\":\"https:\\\/\\\/ctp.rvltpreview.com\\\/#organization\"},\"potentialAction\":[{\"@type\":\"SearchAction\",\"target\":{\"@type\":\"EntryPoint\",\"urlTemplate\":\"https:\\\/\\\/ctp.rvltpreview.com\\\/?s={search_term_string}\"},\"query-input\":{\"@type\":\"PropertyValueSpecification\",\"valueRequired\":true,\"valueName\":\"search_term_string\"}}],\"inLanguage\":\"ro-RO\"},{\"@type\":\"Organization\",\"@id\":\"https:\\\/\\\/ctp.rvltpreview.com\\\/#organization\",\"name\":\"CTP\",\"url\":\"https:\\\/\\\/ctp.rvltpreview.com\\\/\",\"logo\":{\"@type\":\"ImageObject\",\"inLanguage\":\"ro-RO\",\"@id\":\"https:\\\/\\\/ctp.rvltpreview.com\\\/#\\\/schema\\\/logo\\\/image\\\/\",\"url\":\"\",\"contentUrl\":\"\",\"caption\":\"CTP\"},\"image\":{\"@id\":\"https:\\\/\\\/ctp.rvltpreview.com\\\/#\\\/schema\\\/logo\\\/image\\\/\"}}]}<\/script>","yoast_head_json":{"title":"Hai s\u0103 ne conect\u0103m la MIPIM - Dezvoltator \u0219i Administrator Imobiliar Comercial","robots":{"index":"noindex","follow":"follow","max-snippet":"max-snippet:-1","max-image-preview":"max-image-preview:large","max-video-preview":"max-video-preview:-1"},"og_locale":"ro_RO","og_type":"article","og_title":"Let\u2019s connect  at MIPIM","og_description":"Every year, MIPIM attracts the best from across the continent to discuss the future of the built environment and connect","og_url":"https:\/\/ctp.rvltpreview.com\/ro\/company\/events\/mipim-2023\/","og_site_name":"Commercial Real Estate Developer And Manager","article_modified_time":"2023-02-21T14:35:45+00:00","og_image":[{"width":1444,"height":756,"url":"https:\/\/ctp.rvltpreview.com\/wp-content\/uploads\/2023\/02\/web-MIPIM-23-social.jpg","type":"image\/jpeg"}],"twitter_card":"summary_large_image","twitter_misc":{"Timp estimat pentru citire":"1 minut"},"schema":{"@context":"https:\/\/schema.org","@graph":[{"@type":"WebPage","@id":"https:\/\/ctp.rvltpreview.com\/company\/events\/mipim-2023\/","url":"https:\/\/ctp.rvltpreview.com\/company\/events\/mipim-2023\/","name":"Hai s\u0103 ne conect\u0103m la MIPIM - Dezvoltator \u0219i Administrator Imobiliar Comercial","isPartOf":{"@id":"https:\/\/ctp.rvltpreview.com\/#website"},"datePublished":"2023-02-21T12:52:59+00:00","dateModified":"2023-02-21T14:35:45+00:00","breadcrumb":{"@id":"https:\/\/ctp.rvltpreview.com\/company\/events\/mipim-2023\/#breadcrumb"},"inLanguage":"ro-RO","potentialAction":[{"@type":"ReadAction","target":["https:\/\/ctp.rvltpreview.com\/company\/events\/mipim-2023\/"]}]},{"@type":"BreadcrumbList","@id":"https:\/\/ctp.rvltpreview.com\/company\/events\/mipim-2023\/#breadcrumb","itemListElement":[{"@type":"ListItem","position":1,"name":"Home","item":"https:\/\/ctp.rvltpreview.com\/"},{"@type":"ListItem","position":2,"name":"Company","item":"https:\/\/ctp.rvltpreview.com\/company\/"},{"@type":"ListItem","position":3,"name":"Events and Happenings","item":"https:\/\/ctp.rvltpreview.com\/company\/events\/"},{"@type":"ListItem","position":4,"name":"Let\u2019s connect at MIPIM"}]},{"@type":"WebSite","@id":"https:\/\/ctp.rvltpreview.com\/#website","url":"https:\/\/ctp.rvltpreview.com\/","name":"Dezvoltator imobiliar comercial \u0219i manager","description":"CTP - cl\u0103diri industriale premium pentru depozite \u0219i birouri","publisher":{"@id":"https:\/\/ctp.rvltpreview.com\/#organization"},"potentialAction":[{"@type":"SearchAction","target":{"@type":"EntryPoint","urlTemplate":"https:\/\/ctp.rvltpreview.com\/?s={search_term_string}"},"query-input":{"@type":"PropertyValueSpecification","valueRequired":true,"valueName":"search_term_string"}}],"inLanguage":"ro-RO"},{"@type":"Organization","@id":"https:\/\/ctp.rvltpreview.com\/#organization","name":"CTP","url":"https:\/\/ctp.rvltpreview.com\/","logo":{"@type":"ImageObject","inLanguage":"ro-RO","@id":"https:\/\/ctp.rvltpreview.com\/#\/schema\/logo\/image\/","url":"","contentUrl":"","caption":"CTP"},"image":{"@id":"https:\/\/ctp.rvltpreview.com\/#\/schema\/logo\/image\/"}}]}},"_links":{"self":[{"href":"https:\/\/ctp.rvltpreview.com\/ro\/wp-json\/wp\/v2\/pages\/72455","targetHints":{"allow":["GET"]}}],"collection":[{"href":"https:\/\/ctp.rvltpreview.com\/ro\/wp-json\/wp\/v2\/pages"}],"about":[{"href":"https:\/\/ctp.rvltpreview.com\/ro\/wp-json\/wp\/v2\/types\/page"}],"author":[{"embeddable":true,"href":"https:\/\/ctp.rvltpreview.com\/ro\/wp-json\/wp\/v2\/users\/22"}],"replies":[{"embeddable":true,"href":"https:\/\/ctp.rvltpreview.com\/ro\/wp-json\/wp\/v2\/comments?post=72455"}],"version-history":[{"count":0,"href":"https:\/\/ctp.rvltpreview.com\/ro\/wp-json\/wp\/v2\/pages\/72455\/revisions"}],"up":[{"embeddable":true,"href":"https:\/\/ctp.rvltpreview.com\/ro\/wp-json\/wp\/v2\/pages\/198"}],"wp:attachment":[{"href":"https:\/\/ctp.rvltpreview.com\/ro\/wp-json\/wp\/v2\/media?parent=72455"}],"curies":[{"name":"wp","href":"https:\/\/api.w.org\/{rel}","templated":true}]}}