{"id":64327,"date":"2022-11-16T19:26:58","date_gmt":"2022-11-16T17:26:58","guid":{"rendered":"https:\/\/www.ctp.eu\/?page_id=64327"},"modified":"2023-04-14T15:18:54","modified_gmt":"2023-04-14T13:18:54","slug":"jobs","status":"publish","type":"page","link":"https:\/\/ctp.rvltpreview.com\/ro\/company\/jobs\/","title":{"rendered":"\u00cencepe\u021bi-v\u0103 viitorul cu noi"},"content":{"rendered":"<p>CTP este o companie dinamic\u0103, cu o cre\u0219tere rapid\u0103, care provoac\u0103 oamenii s\u0103 dea tot ce au mai bun. <strong>Cinci valori fundamentale - angajament fa\u021b\u0103 de excelen\u021b\u0103, spirit antreprenorial, responsabilitate fa\u021b\u0103 de p\u0103r\u021bile interesate, sustenabilitate \u0219i comunitate.<\/strong>-ne unesc \u00een toate pie\u021bele \u0219i echipele noastre, \u00een timp ce cultura noastr\u0103 corporativ\u0103 practic\u0103 \u0219i rapid\u0103 v\u0103 ofer\u0103 \u0219ansa de a avea un impact real asupra companiei. Dac\u0103 crede\u021bi c\u0103 ave\u021bi ceea ce v\u0103 trebuie pentru a v\u0103 al\u0103tura echipei noastre de profesioni\u0219ti premia\u021bi, consulta\u021bi lista de mai jos pentru oportunit\u0103\u021bile care corespund setului dumneavoastr\u0103 de competen\u021be.<\/p>","protected":false},"excerpt":{"rendered":"<p>CTP este o companie dinamic\u0103, \u00een cre\u0219tere rapid\u0103, care provoac\u0103 oamenii s\u0103 performeze la maximum. Cinci valori de baz\u0103: angajamentul fa\u021b\u0103 de excelen\u021b\u0103, antreprenoriat<\/p>","protected":false},"author":22,"featured_media":0,"parent":62,"menu_order":0,"comment_status":"closed","ping_status":"closed","template":"jobs-page-home.php","meta":{"_acf_changed":false,"footnotes":""},"class_list":["post-64327","page","type-page","status-publish","hentry"],"acf":[],"yoast_head":"<title>Start Your Future with Us at CTP<\/title>\n<meta name=\"description\" content=\"Available jobs at CTP - the leading industrial property developer and manager - job opportunities available in Central and Eastern Europe.\" \/>\n<meta name=\"robots\" content=\"noindex, follow, max-snippet:-1, max-image-preview:large, max-video-preview:-1\" \/>\n<meta property=\"og:locale\" content=\"ro_RO\" \/>\n<meta property=\"og:type\" content=\"article\" \/>\n<meta property=\"og:title\" content=\"Start Your Future with Us\" \/>\n<meta property=\"og:description\" content=\"Available jobs at CTP - the leading industrial property developer and manager - job opportunities available in Central and Eastern Europe.\" \/>\n<meta property=\"og:url\" content=\"https:\/\/ctp.rvltpreview.com\/ro\/company\/jobs\/\" \/>\n<meta property=\"og:site_name\" content=\"Commercial Real Estate Developer And Manager\" \/>\n<meta property=\"article:modified_time\" content=\"2023-04-14T13:18:54+00:00\" \/>\n<meta property=\"og:image\" content=\"https:\/\/ctp.rvltpreview.com\/wp-content\/uploads\/2021\/02\/Jobs-lizzbeth.jpg\" \/>\n\t<meta property=\"og:image:width\" content=\"1040\" \/>\n\t<meta property=\"og:image:height\" content=\"544\" \/>\n\t<meta property=\"og:image:type\" content=\"image\/jpeg\" \/>\n<meta name=\"twitter:card\" content=\"summary_large_image\" \/>\n<meta name=\"twitter:label1\" content=\"Timp estimat pentru citire\" \/>\n\t<meta name=\"twitter:data1\" content=\"1 minut\" \/>\n<script type=\"application\/ld+json\" class=\"yoast-schema-graph\">{\"@context\":\"https:\\\/\\\/schema.org\",\"@graph\":[{\"@type\":\"WebPage\",\"@id\":\"https:\\\/\\\/ctp.rvltpreview.com\\\/company\\\/jobs\\\/\",\"url\":\"https:\\\/\\\/ctp.rvltpreview.com\\\/company\\\/jobs\\\/\",\"name\":\"Start Your Future with Us at CTP\",\"isPartOf\":{\"@id\":\"https:\\\/\\\/ctp.rvltpreview.com\\\/#website\"},\"datePublished\":\"2022-11-16T17:26:58+00:00\",\"dateModified\":\"2023-04-14T13:18:54+00:00\",\"description\":\"Available jobs at CTP - the leading industrial property developer and manager - job opportunities available in Central and Eastern Europe.\",\"breadcrumb\":{\"@id\":\"https:\\\/\\\/ctp.rvltpreview.com\\\/company\\\/jobs\\\/#breadcrumb\"},\"inLanguage\":\"ro-RO\",\"potentialAction\":[{\"@type\":\"ReadAction\",\"target\":[\"https:\\\/\\\/ctp.rvltpreview.com\\\/company\\\/jobs\\\/\"]}]},{\"@type\":\"BreadcrumbList\",\"@id\":\"https:\\\/\\\/ctp.rvltpreview.com\\\/company\\\/jobs\\\/#breadcrumb\",\"itemListElement\":[{\"@type\":\"ListItem\",\"position\":1,\"name\":\"Home\",\"item\":\"https:\\\/\\\/ctp.rvltpreview.com\\\/\"},{\"@type\":\"ListItem\",\"position\":2,\"name\":\"Company\",\"item\":\"https:\\\/\\\/ctp.rvltpreview.com\\\/company\\\/\"},{\"@type\":\"ListItem\",\"position\":3,\"name\":\"Start Your Future with Us\"}]},{\"@type\":\"WebSite\",\"@id\":\"https:\\\/\\\/ctp.rvltpreview.com\\\/#website\",\"url\":\"https:\\\/\\\/ctp.rvltpreview.com\\\/\",\"name\":\"Commercial Real Estate Developer And Manager\",\"description\":\"CTP - premium industrial warehouse and office buildings\",\"publisher\":{\"@id\":\"https:\\\/\\\/ctp.rvltpreview.com\\\/#organization\"},\"potentialAction\":[{\"@type\":\"SearchAction\",\"target\":{\"@type\":\"EntryPoint\",\"urlTemplate\":\"https:\\\/\\\/ctp.rvltpreview.com\\\/?s={search_term_string}\"},\"query-input\":{\"@type\":\"PropertyValueSpecification\",\"valueRequired\":true,\"valueName\":\"search_term_string\"}}],\"inLanguage\":\"ro-RO\"},{\"@type\":\"Organization\",\"@id\":\"https:\\\/\\\/ctp.rvltpreview.com\\\/#organization\",\"name\":\"CTP\",\"url\":\"https:\\\/\\\/ctp.rvltpreview.com\\\/\",\"logo\":{\"@type\":\"ImageObject\",\"inLanguage\":\"ro-RO\",\"@id\":\"https:\\\/\\\/ctp.rvltpreview.com\\\/#\\\/schema\\\/logo\\\/image\\\/\",\"url\":\"\",\"contentUrl\":\"\",\"caption\":\"CTP\"},\"image\":{\"@id\":\"https:\\\/\\\/ctp.rvltpreview.com\\\/#\\\/schema\\\/logo\\\/image\\\/\"}}]}<\/script>","yoast_head_json":{"title":"\u00cencepe\u021bi-v\u0103 viitorul cu noi la CTP","description":"Locuri de munc\u0103 disponibile la CTP - lider \u00een dezvoltarea \u0219i gestionarea propriet\u0103\u021bilor industriale - oportunit\u0103\u021bi de munc\u0103 disponibile \u00een Europa Central\u0103 \u0219i de Est.","robots":{"index":"noindex","follow":"follow","max-snippet":"max-snippet:-1","max-image-preview":"max-image-preview:large","max-video-preview":"max-video-preview:-1"},"og_locale":"ro_RO","og_type":"article","og_title":"Start Your Future with Us","og_description":"Available jobs at CTP - the leading industrial property developer and manager - job opportunities available in Central and Eastern Europe.","og_url":"https:\/\/ctp.rvltpreview.com\/ro\/company\/jobs\/","og_site_name":"Commercial Real Estate Developer And Manager","article_modified_time":"2023-04-14T13:18:54+00:00","og_image":[{"width":1040,"height":544,"url":"https:\/\/ctp.rvltpreview.com\/wp-content\/uploads\/2021\/02\/Jobs-lizzbeth.jpg","type":"image\/jpeg"}],"twitter_card":"summary_large_image","twitter_misc":{"Timp estimat pentru citire":"1 minut"},"schema":{"@context":"https:\/\/schema.org","@graph":[{"@type":"WebPage","@id":"https:\/\/ctp.rvltpreview.com\/company\/jobs\/","url":"https:\/\/ctp.rvltpreview.com\/company\/jobs\/","name":"\u00cencepe\u021bi-v\u0103 viitorul cu noi la CTP","isPartOf":{"@id":"https:\/\/ctp.rvltpreview.com\/#website"},"datePublished":"2022-11-16T17:26:58+00:00","dateModified":"2023-04-14T13:18:54+00:00","description":"Locuri de munc\u0103 disponibile la CTP - lider \u00een dezvoltarea \u0219i gestionarea propriet\u0103\u021bilor industriale - oportunit\u0103\u021bi de munc\u0103 disponibile \u00een Europa Central\u0103 \u0219i de Est.","breadcrumb":{"@id":"https:\/\/ctp.rvltpreview.com\/company\/jobs\/#breadcrumb"},"inLanguage":"ro-RO","potentialAction":[{"@type":"ReadAction","target":["https:\/\/ctp.rvltpreview.com\/company\/jobs\/"]}]},{"@type":"BreadcrumbList","@id":"https:\/\/ctp.rvltpreview.com\/company\/jobs\/#breadcrumb","itemListElement":[{"@type":"ListItem","position":1,"name":"Home","item":"https:\/\/ctp.rvltpreview.com\/"},{"@type":"ListItem","position":2,"name":"Company","item":"https:\/\/ctp.rvltpreview.com\/company\/"},{"@type":"ListItem","position":3,"name":"Start Your Future with Us"}]},{"@type":"WebSite","@id":"https:\/\/ctp.rvltpreview.com\/#website","url":"https:\/\/ctp.rvltpreview.com\/","name":"Dezvoltator imobiliar comercial \u0219i manager","description":"CTP - cl\u0103diri industriale premium pentru depozite \u0219i birouri","publisher":{"@id":"https:\/\/ctp.rvltpreview.com\/#organization"},"potentialAction":[{"@type":"SearchAction","target":{"@type":"EntryPoint","urlTemplate":"https:\/\/ctp.rvltpreview.com\/?s={search_term_string}"},"query-input":{"@type":"PropertyValueSpecification","valueRequired":true,"valueName":"search_term_string"}}],"inLanguage":"ro-RO"},{"@type":"Organization","@id":"https:\/\/ctp.rvltpreview.com\/#organization","name":"CTP","url":"https:\/\/ctp.rvltpreview.com\/","logo":{"@type":"ImageObject","inLanguage":"ro-RO","@id":"https:\/\/ctp.rvltpreview.com\/#\/schema\/logo\/image\/","url":"","contentUrl":"","caption":"CTP"},"image":{"@id":"https:\/\/ctp.rvltpreview.com\/#\/schema\/logo\/image\/"}}]}},"_links":{"self":[{"href":"https:\/\/ctp.rvltpreview.com\/ro\/wp-json\/wp\/v2\/pages\/64327","targetHints":{"allow":["GET"]}}],"collection":[{"href":"https:\/\/ctp.rvltpreview.com\/ro\/wp-json\/wp\/v2\/pages"}],"about":[{"href":"https:\/\/ctp.rvltpreview.com\/ro\/wp-json\/wp\/v2\/types\/page"}],"author":[{"embeddable":true,"href":"https:\/\/ctp.rvltpreview.com\/ro\/wp-json\/wp\/v2\/users\/22"}],"replies":[{"embeddable":true,"href":"https:\/\/ctp.rvltpreview.com\/ro\/wp-json\/wp\/v2\/comments?post=64327"}],"version-history":[{"count":0,"href":"https:\/\/ctp.rvltpreview.com\/ro\/wp-json\/wp\/v2\/pages\/64327\/revisions"}],"up":[{"embeddable":true,"href":"https:\/\/ctp.rvltpreview.com\/ro\/wp-json\/wp\/v2\/pages\/62"}],"wp:attachment":[{"href":"https:\/\/ctp.rvltpreview.com\/ro\/wp-json\/wp\/v2\/media?parent=64327"}],"curies":[{"name":"wp","href":"https:\/\/api.w.org\/{rel}","templated":true}]}}