{"id":5938,"date":"2019-07-16T09:26:03","date_gmt":"2019-07-16T09:26:03","guid":{"rendered":"https:\/\/www.ctp.eu\/?page_id=5938"},"modified":"2020-08-28T10:59:07","modified_gmt":"2020-08-28T10:59:07","slug":"recruitment-privacy-policy","status":"publish","type":"page","link":"https:\/\/ctp.rvltpreview.com\/ro\/ctp-policies\/recruitment-privacy-policy\/","title":{"rendered":"Politica de confiden\u021bialitate pentru recrutare"},"content":{"rendered":"<div class=\"policy\">\n<h2>1 Dispozi\u021bii generale<\/h2>\n<p>Ne angaj\u0103m s\u0103 v\u0103 respect\u0103m confiden\u021bialitatea \u0219i s\u0103 v\u0103 protej\u0103m datele cu caracter personal, care reprezint\u0103 orice informa\u021bie care v\u0103 poate identifica ca persoan\u0103 fizic\u0103. Aceast\u0103 Politic\u0103 de confiden\u021bialitate privind recrutarea (\"<strong>Politica de confiden\u021bialitate<\/strong>\") descrie modul \u00een care <strong>CTP<\/strong> <strong>Investi\u021bi <\/strong>(\"<strong>CTP Invest<\/strong>\" sau \"<strong>noi<\/strong>\") gestioneaz\u0103, prelucreaz\u0103 \u0219i protejeaz\u0103 datele dumneavoastr\u0103 cu caracter personal \u00een leg\u0103tur\u0103 cu procesul de recrutare. \u00cen sensul prezentei Politici de confiden\u021bialitate, \"date cu caracter personal\" \u00eenseamn\u0103 informa\u021bii care identific\u0103 solicitan\u021bii de locuri de munc\u0103 \u0219i poten\u021bialii candida\u021bi la angajare la noi (\"<strong>Tu<\/strong>\" sau \"<strong>candidat<\/strong>\"), fie c\u0103 ne-au fost transmise ca parte a cererii dumneavoastr\u0103 de angajare (online sau \u00een scris) \u0219i\/sau prin canale alternative (de exemplu, prin intermediul firmelor de recrutare profesionale).<\/p>\n<p>Aceast\u0103 politic\u0103 de confiden\u021bialitate v\u0103 informeaz\u0103, de asemenea, cu privire la drepturile dumneavoastr\u0103 \u00een ceea ce prive\u0219te prelucrarea datelor cu caracter personal \u0219i la modul \u0219i mijloacele prin care vi le pute\u021bi exercita.<\/p>\n<p>V\u0103 recomand\u0103m s\u0103 v\u0103 familiariza\u021bi cu aten\u021bie cu aceast\u0103 politic\u0103 de confiden\u021bialitate.<\/p>\n<p>&nbsp;<\/p>\n<h2>2 Operatorul de date cu caracter personal<\/h2>\n<h3>2.1 Identificarea operatorului dumneavoastr\u0103 de date<\/h3>\n<p>Operatorul datelor dumneavoastr\u0103 cu caracter personal este <strong>CTP Invest, spol. s r.o.<\/strong>, cu sediul social la Central Trade Park D1 1571, 396 01 Humpolec, ID: 261 66 453, \u00eenregistrat\u0103 \u00een Registrul Comer\u021bului \u021binut de Tribunalul Regional din \u010cesk\u00e9 Bud\u011bjovice, dosar C 15647.<\/p>\n<p>\u00cen conformitate cu prevederile prezentei Politici de confiden\u021bialitate, datele dumneavoastr\u0103 personale pot fi partajate cu alte filiale sau sucursale ale CTP Invest care fac parte din Grupul CTP (\"<strong>Grupul CTP<\/strong>\").<\/p>\n<p>Detalii de contact actualizate \u0219i alte informa\u021bii despre CTP Invest \u0219i alte companii din grupul CTP pot fi g\u0103site la adresa <a href=\"https:\/\/ctp.rvltpreview.com\/contact\/\">https:\/\/ctp.rvltpreview.com\/contact\/<\/a>.<\/p>\n<p>Pentru solicit\u0103ri \u0219i\/sau reclama\u021bii legate de aceast\u0103 politic\u0103 de confiden\u021bialitate, ne pute\u021bi contacta prin e-mail <a href=\"mailto:Privacy@ctp.eu\">Privacy@ctp.eu<\/a>.<\/p>\n<p>&nbsp;<\/p>\n<h2>3 Scopul, temeiul juridic, domeniul de aplicare \u0219i durata prelucr\u0103rii datelor cu caracter personal<\/h2>\n<h3>3.1 Scopurile, temeiurile juridice \u0219i durata prelucr\u0103rii<\/h3>\n<p>Prelucr\u0103m datele dumneavoastr\u0103 cu caracter personal numai \u00een limitele necesare pentru \u00eendeplinirea obliga\u021biilor noastre contractuale sau legale sau pe baza unui consim\u021b\u0103m\u00e2nt acordat de dumneavoastr\u0103 \u00een scopurile stabilite mai jos.<\/p>\n<p><strong>3.1.1<\/strong>\u00a0 Prelucr\u0103m datele dumneavoastr\u0103 cu caracter personal \u00een urm\u0103toarele scopuri <strong>procesul de recrutare \u0219i de angajare. <\/strong>Utiliz\u0103m datele dumneavoastr\u0103 cu caracter personal pentru a identifica \u0219i evalua candida\u021bii pentru un poten\u021bial loc de munc\u0103 (de exemplu, pentru <strong>un anumit post de munc\u0103 \u00een cadrul CTP Invest <\/strong>sau, eventual, alt\u0103 entitate a Grupului CTP).<\/p>\n<p>Utiliz\u0103m datele cu caracter personal atunci c\u00e2nd este necesar pentru a \u00eencheia un contract de munc\u0103 cu dumneavoastr\u0103. Din acest motiv, prelucr\u0103m datele dvs. personale p\u00e2n\u0103 la \u00eencheierea procesului de recrutare. \u00cen acest scop, datele dumneavoastr\u0103 cu caracter personal pot fi transferate c\u0103tre compania specific\u0103 a Grupului CTP care are postul vacant disponibil.<\/p>\n<p><strong>3.1.2<\/strong>\u00a0 Este posibil s\u0103 dorim s\u0103 p\u0103str\u0103m datele dvs. personale pentru a v\u0103 lua \u00een considerare pentru viitoarele oportunit\u0103\u021bi de angajare \u00een cadrul CTP Invest sau, eventual, \u00een cadrul altor entit\u0103\u021bi ale Grupului CTP. \u00centr-un astfel de caz, v\u0103 vom solicita consim\u021b\u0103m\u00e2ntul, fie \u00eenainte, fie dup\u0103 ce a\u021bi aplicat \u00een mod oficial pentru o oportunitate de angajare, pentru a face parte din programul nostru de recrutare care v\u0103 ofer\u0103 modalit\u0103\u021bi de a primi oferte ulterioare de locuri de munc\u0103 vacante \u00een cadrul Grupului CTP. Acest program de recrutare este \u00een \u00eentregime op\u021bional.<\/p>\n<p>Dac\u0103 ne da\u021bi consim\u021b\u0103m\u00e2ntul, am putea prelucra datele dvs. personale pentru <strong>s\u0103 v\u0103 contacteze cu privire la oportunit\u0103\u021bile de angajare (posturi vacante) pentru un post de munc\u0103 adecvat \u00een cadrul CTP Invest<\/strong> (sau o alt\u0103 entitate a Grupului CTP).  Vom prelucra datele dumneavoastr\u0103 cu caracter personal cel mult pentru perioada definit\u0103 \u00een consim\u021b\u0103m\u00e2nt; aceast\u0103 perioad\u0103 nu va dep\u0103\u0219i, de obicei, perioada de 2 ani de la momentul \u00een care a fost acordat consim\u021b\u0103m\u00e2ntul.<\/p>\n<p>&nbsp;<\/p>\n<h3>3.2 Domeniul de aplicare a prelucr\u0103rii<\/h3>\n<p>Prelucr\u0103m datele dumneavoastr\u0103 cu caracter personal \u00een cadrul urm\u0103torului domeniu de aplicare: <strong>datele pe care ni le furniza\u021bi <\/strong><strong>\u00een timpul procesului de recrutare \u0219i angajare \u0219i \u00een CV-ul dumneavoastr\u0103<\/strong>, \u00een special numele \u0219i prenumele, adresa, adresa de e-mail, telefonul, istoricul muncii \u0219i al educa\u021biei, realiz\u0103rile \u0219i rezultatele testelor (dac\u0103 este cazul), fotografia \u0219i orice alte date cu caracter personal con\u021binute \u00een CV-ul dumneavoastr\u0103 sau furnizate sau ob\u021binute de noi \u00een alt mod, de exemplu, datele pe care le colect\u0103m \u00een cadrul selec\u021biei candida\u021bilor, inclusiv verific\u0103rile legale ale antecedentelor.<\/p>\n<h2><\/h2>\n<h2>4 Partajarea \u0219i transferul datelor cu caracter personal (Destinatarii datelor cu caracter personal)<\/h2>\n<h3>4.1 Destinatarii datelor cu caracter personal<\/h3>\n<p>Unele categorii de date cu caracter personal pe care le colect\u0103m \u00een modurile stabilite mai sus pot fi partajate de noi cu p\u0103r\u021bi ter\u021be care fie sunt operatori independen\u021bi, fie ne furnizeaz\u0103 anumite servicii legate de procesul de recrutare, \u00een special \u00een calitate de operatori:<\/p>\n<p>I. \u00een cadrul Grupului CTP \u00een scopul procesului de recrutare \u0219i de angajare;<\/p>\n<p>II. cu entit\u0103\u021bile care administreaz\u0103 sistemele noastre IT \u0219i furnizeaz\u0103 servicii IT utilizate \u00een scopul administr\u0103rii \u0219i organiz\u0103rii procesului de recrutare;<\/p>\n<p>III. cu entit\u0103\u021bile care furnizeaz\u0103 servicii de recrutare \u0219i anun\u021b\u0103 posturi vacante;<\/p>\n<p>IV. cu autorit\u0103\u021bile publice sau cu alte p\u0103r\u021bi ter\u021be pentru \u00eendeplinirea obliga\u021biilor \u00een conformitate cu reglement\u0103rile legale.<\/p>\n<p>&nbsp;<\/p>\n<h3>4.2 Garan\u021bii<\/h3>\n<p>Am \u00eencheiat acorduri privind prelucrarea datelor cu caracter personal cu persoanele \u00eemputernicite s\u0103 prelucreze date cu caracter personal, conform paragrafului anterior (cu excep\u021bia cazurilor \u00een care \u00eencheierea unui astfel de acord nu este obligatorie, de exemplu, atunci c\u00e2nd transfer\u0103m date cu caracter personal c\u0103tre autorit\u0103\u021bile publice), care asigur\u0103 cel pu\u021bin acela\u0219i nivel de protec\u021bie a acestora ca \u0219i prezenta Politic\u0103 de confiden\u021bialitate.<\/p>\n<p>&nbsp;<\/p>\n<h2>5 Securitatea datelor<\/h2>\n<p>Am implementat \u0219i men\u021binem m\u0103suri tehnice \u0219i organizatorice adecvate, controale interne \u0219i procese de securitate a informa\u021biilor \u00een conformitate cu cerin\u021bele legale \u0219i cu standardele de pia\u021b\u0103 corespunz\u0103toare unei posibile amenin\u021b\u0103ri la adresa dumneavoastr\u0103, \u00een calitate de persoan\u0103 vizat\u0103. De asemenea, lu\u0103m \u00een considerare stadiul de dezvoltare tehnologic\u0103 pentru a v\u0103 proteja datele cu caracter personal \u00eempotriva pierderii accidentale, distrugerii, modific\u0103rii, divulg\u0103rii sau accesului neautorizat. Astfel de m\u0103suri pot include, printre altele, luarea de m\u0103suri rezonabile pentru a asigura r\u0103spunderea angaja\u021bilor relevan\u021bi care au acces la datele dvs., formarea angaja\u021bilor, backup-uri regulate, proceduri de re\u00eennoire a datelor \u0219i de gestionare a incidentelor, protec\u021bie software pentru dispozitivele pe care sunt stocate datele cu caracter personal etc.<\/p>\n<p>&nbsp;<\/p>\n<h2>6 Drepturile dumneavoastr\u0103 \u00een calitate de persoan\u0103 vizat\u0103<\/h2>\n<p>Dac\u0103 dori\u021bi s\u0103 v\u0103 exercita\u021bi oricare dintre drepturile dumneavoastr\u0103 \u00een conformitate cu prezentul articol sau cu legisla\u021bia aplicabil\u0103, v\u0103 rug\u0103m s\u0103 ne contacta\u021bi folosind informa\u021biile de contact enumerate la articolul 2 de mai sus.<\/p>\n<p>De asemenea, dac\u0103 este cazul, vom informa fiecare destinatar c\u0103ruia i-au fost furnizate datele dumneavoastr\u0103 \u00een conformitate cu articolul 4 din prezenta politic\u0103 de confiden\u021bialitate cu privire la m\u0103surile luate sau la \u0219tergerea datelor dumneavoastr\u0103 cu caracter personal sau la restric\u021bionarea prelucr\u0103rii \u00een conformitate cu cererea dumneavoastr\u0103, dac\u0103 o astfel de notificare este posibil\u0103 \u0219i\/sau nu implic\u0103 un efort dispropor\u021bionat.<\/p>\n<p>&nbsp;<\/p>\n<h3>6.1 Accesul la datele dumneavoastr\u0103 cu caracter personal \u0219i portabilitatea acestora<\/h3>\n<p>Ave\u021bi dreptul de a solicita informa\u021bii dac\u0103 \u0219i \u00een ce m\u0103sur\u0103 v\u0103 prelucr\u0103m datele cu caracter personal. De asemenea, ave\u021bi dreptul de a primi datele cu caracter personal pe care ni le-a\u021bi furnizat \u0219i alte date cu caracter personal care v\u0103 privesc (cu excep\u021bia cazului \u00een care am \u0219ters datele dumneavoastr\u0103 \u00eenainte de solicitarea dumneavoastr\u0103).<\/p>\n<p>Dac\u0103 solicita\u021bi acest lucru, putem trimite o parte din datele dumneavoastr\u0103 cu caracter personal (\u0219i anume datele pe care le prelucr\u0103m pe baza execut\u0103rii unui contract \u0219i\/sau a consim\u021b\u0103m\u00e2ntului dumneavoastr\u0103 \u0219i prin mijloace automate) direct unei ter\u021be p\u0103r\u021bi (unui alt operator de date) pe care \u00eel indica\u021bi \u00een cererea dumneavoastr\u0103, cu condi\u021bia ca o astfel de cerere s\u0103 nu afecteze drepturile \u0219i libert\u0103\u021bile altor persoane \u0219i cu condi\u021bia ca acest lucru s\u0103 fie fezabil din punct de vedere tehnic.<\/p>\n<p>&nbsp;<\/p>\n<h3>6.2 Retragerea consim\u021b\u0103m\u00e2ntului<\/h3>\n<p>V\u0103 pute\u021bi retrage consim\u021b\u0103m\u00e2ntul (dac\u0103 ni l-a\u021bi acordat) \u00een orice moment, f\u0103r\u0103 a oferi un motiv. \u00centr-un astfel de caz, vom \u0219terge datele dvs. personale c\u00e2t mai cur\u00e2nd posibil \u0219i rezonabil, dar nu mai t\u00e2rziu de 30 de zile de la retragerea consim\u021b\u0103m\u00e2ntului dvs.<\/p>\n<p>V\u0103 rug\u0103m s\u0103 re\u021bine\u021bi c\u0103 retragerea consim\u021b\u0103m\u00e2ntului dumneavoastr\u0103 nu afecteaz\u0103 legalitatea prelucr\u0103rii efectuate pe baza consim\u021b\u0103m\u00e2ntului \u00eenainte de retragerea acestuia.<\/p>\n<p>&nbsp;<\/p>\n<h3>6.3 Rectificarea datelor dumneavoastr\u0103 cu caracter personal<\/h3>\n<p>\u00cen conformitate cu legisla\u021bia \u00een vigoare, ave\u021bi dreptul la rectificarea datelor dvs. cu caracter personal pe care le prelucr\u0103m, \u00een cazul \u00een care constata\u021bi c\u0103 acestea sunt inexacte sau incomplete.<\/p>\n<p>Pute\u021bi solicita \u00een orice moment informa\u021bii cu privire la faptul dac\u0103 mai prelucr\u0103m sau nu datele dumneavoastr\u0103 cu caracter personal.<\/p>\n<p>&nbsp;<\/p>\n<h3>6.4 \u0218tergerea datelor dumneavoastr\u0103 cu caracter personal<\/h3>\n<p>Pute\u021bi solicita \u0219tergerea datelor dvs. personale \u00een orice moment (de exemplu, dac\u0103 alege\u021bi s\u0103 v\u0103 retrage\u021bi din programul nostru de recrutare). Dac\u0103 ne contacta\u021bi cu o astfel de solicitare, vom \u0219terge toate datele dvs. cu caracter personal pe care le de\u021binem f\u0103r\u0103 \u00eent\u00e2rzieri nejustificate, cu excep\u021bia cazului \u00een care avem nevoie de datele dvs. cu caracter personal pentru \u00eendeplinirea obliga\u021biilor contractuale sau legale.<\/p>\n<p>\u00cen plus, vom \u0219terge toate datele dumneavoastr\u0103 cu caracter personal (\u0219i vom asigura \u0219tergerea acestora de c\u0103tre persoanele \u00eemputernicite de c\u0103tre noi) dac\u0103 v\u0103 retrage\u021bi consim\u021b\u0103m\u00e2ntul.<\/p>\n<p>&nbsp;<\/p>\n<h3>6.5 Obiec\u021bii la prelucrare<\/h3>\n<p>\u00cen cazul \u00een care prelucr\u0103m unele dintre datele dumneavoastr\u0103 cu caracter personal pe baza interesului nostru legitim, ave\u021bi dreptul de a v\u0103 opune, \u00een orice moment, prelucr\u0103rii datelor cu caracter personal. \u00cen cazul \u00een care interesele legitime semnificative pentru prelucrare - care prevaleaz\u0103 asupra intereselor sau drepturilor \u0219i libert\u0103\u021bilor persoanei vizate - nu sunt dovedite din partea noastr\u0103, sau dac\u0103 prelucrarea ulterioar\u0103 nu este necesar\u0103 pentru constatarea, exercitarea sau ap\u0103rarea drepturilor noastre legale, nu vom mai prelucra datele dvs. cu caracter personal.<\/p>\n<p>&nbsp;<\/p>\n<h3>6.6 Restric\u021bia de prelucrare<\/h3>\n<p>Dac\u0103 solicita\u021bi restric\u021bionarea prelucr\u0103rii datelor dumneavoastr\u0103 cu caracter personal, de exemplu, \u00een cazul \u00een care pune\u021bi la \u00eendoial\u0103 acurate\u021bea sau legalitatea sau necesitatea noastr\u0103 de a prelucra datele dumneavoastr\u0103 cu caracter personal, vom restric\u021biona prelucrarea datelor dumneavoastr\u0103 cu caracter personal la minimul necesar (stocare) \u0219i le vom putea prelucra numai pentru constatarea, exercitarea sau ap\u0103rarea unor preten\u021bii legale, sau din motive de protec\u021bie a drepturilor unei alte persoane fizice sau juridice, sau din alte motive limitate prev\u0103zute de legisla\u021bia aplicabil\u0103. \u00cen cazul \u00een care o restric\u021bie de prelucrare este ridicat\u0103 \u0219i continu\u0103m s\u0103 prelucr\u0103m datele dvs. cu caracter personal, v\u0103 vom informa f\u0103r\u0103 \u00eent\u00e2rzieri nejustificate.<\/p>\n<p>&nbsp;<\/p>\n<h3>6.7 Pl\u00e2ngere la Oficiul pentru protec\u021bia datelor cu caracter personal<\/h3>\n<p>Ave\u021bi dreptul de a depune o pl\u00e2ngere cu privire la prelucrarea datelor efectuat\u0103 de noi la autoritatea competent\u0103 pentru protec\u021bia datelor, \u0219i anume, \u00een Republica Ceh\u0103, Oficiul pentru protec\u021bia datelor cu caracter personal, Pplk. Sochora 27, 170 00 Praha 7; website: <a href=\"http:\/\/www.uoou.cz\">www.uoou.cz<\/a>.<\/p>\n<h2><\/h2>\n<h2>7 Actualiz\u0103ri ale politicii de confiden\u021bialitate<\/h2>\n<p>Este posibil s\u0103 modific\u0103m sau s\u0103 actualiz\u0103m Politica de confiden\u021bialitate din c\u00e2nd \u00een c\u00e2nd. Orice modificare a acestei Politici de confiden\u021bialitate va intra \u00een vigoare odat\u0103 cu publicarea Politicii de confiden\u021bialitate actualizate la adresa <a href=\"https:\/\/ctp.rvltpreview.com\/ctp-policies\/recruitment-privacy-policy\/\">https:\/\/ctp.rvltpreview.com\/ctp-policies\/recruitment-privacy-policy\/.<\/a><\/p>\n<p>&nbsp;<\/p>\n<p>&nbsp;<\/p>\n<p>&nbsp;<\/p>\n<p>&nbsp;<\/p>\n<p>&nbsp;<\/p>\n<p>&nbsp;<\/p>\n<p>&nbsp;<\/p>\n<p>&nbsp;<\/p>\n<p>&nbsp;<\/p>\n<p>&nbsp;<\/p>\n<\/div>","protected":false},"excerpt":{"rendered":"<p>1 Dispozi\u021bii generale Ne angaj\u0103m s\u0103 v\u0103 respect\u0103m confiden\u021bialitatea \u0219i s\u0103 v\u0103 protej\u0103m datele cu caracter personal, care reprezint\u0103 orice informa\u021bii care<\/p>","protected":false},"author":67,"featured_media":0,"parent":6125,"menu_order":0,"comment_status":"closed","ping_status":"closed","template":"","meta":{"_acf_changed":false,"footnotes":""},"class_list":["post-5938","page","type-page","status-publish","hentry"],"acf":[],"yoast_head":"<title>Recruitment Privacy Policy - Commercial Real Estate Developer And Manager<\/title>\n<meta name=\"robots\" content=\"noindex, follow, max-snippet:-1, max-image-preview:large, max-video-preview:-1\" \/>\n<meta property=\"og:locale\" content=\"ro_RO\" \/>\n<meta property=\"og:type\" content=\"article\" \/>\n<meta property=\"og:title\" content=\"Recruitment Privacy Policy\" \/>\n<meta property=\"og:description\" content=\"1\u00a0 General Provisions We are committed to respecting your privacy and protecting your personal data, which is any information that\" \/>\n<meta property=\"og:url\" content=\"https:\/\/ctp.rvltpreview.com\/ro\/ctp-policies\/recruitment-privacy-policy\/\" \/>\n<meta property=\"og:site_name\" content=\"Commercial Real Estate Developer And Manager\" \/>\n<meta property=\"article:modified_time\" content=\"2020-08-28T10:59:07+00:00\" \/>\n<meta name=\"twitter:card\" content=\"summary_large_image\" \/>\n<meta name=\"twitter:label1\" content=\"Timp estimat pentru citire\" \/>\n\t<meta name=\"twitter:data1\" content=\"8 minute\" \/>\n<script type=\"application\/ld+json\" class=\"yoast-schema-graph\">{\"@context\":\"https:\\\/\\\/schema.org\",\"@graph\":[{\"@type\":\"WebPage\",\"@id\":\"https:\\\/\\\/ctp.rvltpreview.com\\\/ctp-policies\\\/recruitment-privacy-policy\\\/\",\"url\":\"https:\\\/\\\/ctp.rvltpreview.com\\\/ctp-policies\\\/recruitment-privacy-policy\\\/\",\"name\":\"Recruitment Privacy Policy - Commercial Real Estate Developer And Manager\",\"isPartOf\":{\"@id\":\"https:\\\/\\\/ctp.rvltpreview.com\\\/#website\"},\"datePublished\":\"2019-07-16T09:26:03+00:00\",\"dateModified\":\"2020-08-28T10:59:07+00:00\",\"breadcrumb\":{\"@id\":\"https:\\\/\\\/ctp.rvltpreview.com\\\/ctp-policies\\\/recruitment-privacy-policy\\\/#breadcrumb\"},\"inLanguage\":\"ro-RO\",\"potentialAction\":[{\"@type\":\"ReadAction\",\"target\":[\"https:\\\/\\\/ctp.rvltpreview.com\\\/ctp-policies\\\/recruitment-privacy-policy\\\/\"]}]},{\"@type\":\"BreadcrumbList\",\"@id\":\"https:\\\/\\\/ctp.rvltpreview.com\\\/ctp-policies\\\/recruitment-privacy-policy\\\/#breadcrumb\",\"itemListElement\":[{\"@type\":\"ListItem\",\"position\":1,\"name\":\"Home\",\"item\":\"https:\\\/\\\/ctp.rvltpreview.com\\\/cs\\\/\"},{\"@type\":\"ListItem\",\"position\":2,\"name\":\"CTP Policies\",\"item\":\"https:\\\/\\\/ctp.rvltpreview.com\\\/ctp-policies\\\/\"},{\"@type\":\"ListItem\",\"position\":3,\"name\":\"Recruitment Privacy Policy\"}]},{\"@type\":\"WebSite\",\"@id\":\"https:\\\/\\\/ctp.rvltpreview.com\\\/#website\",\"url\":\"https:\\\/\\\/ctp.rvltpreview.com\\\/\",\"name\":\"Commercial Real Estate Developer And Manager\",\"description\":\"CTP - premium industrial warehouse and office buildings\",\"publisher\":{\"@id\":\"https:\\\/\\\/ctp.rvltpreview.com\\\/#organization\"},\"potentialAction\":[{\"@type\":\"SearchAction\",\"target\":{\"@type\":\"EntryPoint\",\"urlTemplate\":\"https:\\\/\\\/ctp.rvltpreview.com\\\/?s={search_term_string}\"},\"query-input\":{\"@type\":\"PropertyValueSpecification\",\"valueRequired\":true,\"valueName\":\"search_term_string\"}}],\"inLanguage\":\"ro-RO\"},{\"@type\":\"Organization\",\"@id\":\"https:\\\/\\\/ctp.rvltpreview.com\\\/#organization\",\"name\":\"CTP\",\"url\":\"https:\\\/\\\/ctp.rvltpreview.com\\\/\",\"logo\":{\"@type\":\"ImageObject\",\"inLanguage\":\"ro-RO\",\"@id\":\"https:\\\/\\\/ctp.rvltpreview.com\\\/#\\\/schema\\\/logo\\\/image\\\/\",\"url\":\"\",\"contentUrl\":\"\",\"caption\":\"CTP\"},\"image\":{\"@id\":\"https:\\\/\\\/ctp.rvltpreview.com\\\/#\\\/schema\\\/logo\\\/image\\\/\"}}]}<\/script>","yoast_head_json":{"title":"Politica de confiden\u021bialitate pentru recrutare - Dezvoltator \u0219i manager \u00een domeniul imobiliar comercial","robots":{"index":"noindex","follow":"follow","max-snippet":"max-snippet:-1","max-image-preview":"max-image-preview:large","max-video-preview":"max-video-preview:-1"},"og_locale":"ro_RO","og_type":"article","og_title":"Recruitment Privacy Policy","og_description":"1\u00a0 General Provisions We are committed to respecting your privacy and protecting your personal data, which is any information that","og_url":"https:\/\/ctp.rvltpreview.com\/ro\/ctp-policies\/recruitment-privacy-policy\/","og_site_name":"Commercial Real Estate Developer And Manager","article_modified_time":"2020-08-28T10:59:07+00:00","twitter_card":"summary_large_image","twitter_misc":{"Timp estimat pentru citire":"8 minute"},"schema":{"@context":"https:\/\/schema.org","@graph":[{"@type":"WebPage","@id":"https:\/\/ctp.rvltpreview.com\/ctp-policies\/recruitment-privacy-policy\/","url":"https:\/\/ctp.rvltpreview.com\/ctp-policies\/recruitment-privacy-policy\/","name":"Politica de confiden\u021bialitate pentru recrutare - Dezvoltator \u0219i manager \u00een domeniul imobiliar comercial","isPartOf":{"@id":"https:\/\/ctp.rvltpreview.com\/#website"},"datePublished":"2019-07-16T09:26:03+00:00","dateModified":"2020-08-28T10:59:07+00:00","breadcrumb":{"@id":"https:\/\/ctp.rvltpreview.com\/ctp-policies\/recruitment-privacy-policy\/#breadcrumb"},"inLanguage":"ro-RO","potentialAction":[{"@type":"ReadAction","target":["https:\/\/ctp.rvltpreview.com\/ctp-policies\/recruitment-privacy-policy\/"]}]},{"@type":"BreadcrumbList","@id":"https:\/\/ctp.rvltpreview.com\/ctp-policies\/recruitment-privacy-policy\/#breadcrumb","itemListElement":[{"@type":"ListItem","position":1,"name":"Home","item":"https:\/\/ctp.rvltpreview.com\/cs\/"},{"@type":"ListItem","position":2,"name":"CTP Policies","item":"https:\/\/ctp.rvltpreview.com\/ctp-policies\/"},{"@type":"ListItem","position":3,"name":"Recruitment Privacy Policy"}]},{"@type":"WebSite","@id":"https:\/\/ctp.rvltpreview.com\/#website","url":"https:\/\/ctp.rvltpreview.com\/","name":"Dezvoltator imobiliar comercial \u0219i manager","description":"CTP - cl\u0103diri industriale premium pentru depozite \u0219i birouri","publisher":{"@id":"https:\/\/ctp.rvltpreview.com\/#organization"},"potentialAction":[{"@type":"SearchAction","target":{"@type":"EntryPoint","urlTemplate":"https:\/\/ctp.rvltpreview.com\/?s={search_term_string}"},"query-input":{"@type":"PropertyValueSpecification","valueRequired":true,"valueName":"search_term_string"}}],"inLanguage":"ro-RO"},{"@type":"Organization","@id":"https:\/\/ctp.rvltpreview.com\/#organization","name":"CTP","url":"https:\/\/ctp.rvltpreview.com\/","logo":{"@type":"ImageObject","inLanguage":"ro-RO","@id":"https:\/\/ctp.rvltpreview.com\/#\/schema\/logo\/image\/","url":"","contentUrl":"","caption":"CTP"},"image":{"@id":"https:\/\/ctp.rvltpreview.com\/#\/schema\/logo\/image\/"}}]}},"_links":{"self":[{"href":"https:\/\/ctp.rvltpreview.com\/ro\/wp-json\/wp\/v2\/pages\/5938","targetHints":{"allow":["GET"]}}],"collection":[{"href":"https:\/\/ctp.rvltpreview.com\/ro\/wp-json\/wp\/v2\/pages"}],"about":[{"href":"https:\/\/ctp.rvltpreview.com\/ro\/wp-json\/wp\/v2\/types\/page"}],"author":[{"embeddable":true,"href":"https:\/\/ctp.rvltpreview.com\/ro\/wp-json\/wp\/v2\/users\/67"}],"replies":[{"embeddable":true,"href":"https:\/\/ctp.rvltpreview.com\/ro\/wp-json\/wp\/v2\/comments?post=5938"}],"version-history":[{"count":0,"href":"https:\/\/ctp.rvltpreview.com\/ro\/wp-json\/wp\/v2\/pages\/5938\/revisions"}],"up":[{"embeddable":true,"href":"https:\/\/ctp.rvltpreview.com\/ro\/wp-json\/wp\/v2\/pages\/6125"}],"wp:attachment":[{"href":"https:\/\/ctp.rvltpreview.com\/ro\/wp-json\/wp\/v2\/media?parent=5938"}],"curies":[{"name":"wp","href":"https:\/\/api.w.org\/{rel}","templated":true}]}}