{"id":4228,"date":"2019-01-17T15:13:50","date_gmt":"2019-01-17T15:13:50","guid":{"rendered":"https:\/\/www.ctp.eu\/?page_id=4228"},"modified":"2025-01-27T14:10:10","modified_gmt":"2025-01-27T12:10:10","slug":"spielberk","status":"publish","type":"page","link":"https:\/\/ctp.rvltpreview.com\/ro\/spielberk\/","title":{"rendered":"Spielberk"},"content":{"rendered":"","protected":false},"excerpt":{"rendered":"","protected":false},"author":67,"featured_media":0,"parent":0,"menu_order":0,"comment_status":"closed","ping_status":"closed","template":"templates\/park-promo-spielberk-page.php","meta":{"_acf_changed":false,"footnotes":""},"class_list":["post-4228","page","type-page","status-publish","hentry"],"acf":[],"yoast_head":"<title>Spielberk - Brno&#039;s First-Class Office Park<\/title>\n<meta name=\"description\" content=\"Brno&#039;s First-Class Office Park. City-centre convenience, international connectivity with various building types.\" \/>\n<meta name=\"robots\" content=\"noindex, follow, max-snippet:-1, max-image-preview:large, max-video-preview:-1\" \/>\n<meta property=\"og:locale\" content=\"ro_RO\" \/>\n<meta property=\"og:type\" content=\"article\" \/>\n<meta property=\"og:title\" content=\"Spielberk\" \/>\n<meta property=\"og:description\" content=\"Brno&#039;s First-Class Office Park. City-centre convenience, international connectivity with various building types.\" \/>\n<meta property=\"og:url\" content=\"https:\/\/ctp.rvltpreview.com\/ro\/spielberk\/\" \/>\n<meta property=\"og:site_name\" content=\"Commercial Real Estate Developer And Manager\" \/>\n<meta property=\"article:modified_time\" content=\"2025-01-27T12:10:10+00:00\" \/>\n<meta name=\"twitter:card\" content=\"summary_large_image\" \/>\n<script type=\"application\/ld+json\" class=\"yoast-schema-graph\">{\"@context\":\"https:\\\/\\\/schema.org\",\"@graph\":[{\"@type\":\"WebPage\",\"@id\":\"https:\\\/\\\/ctp.rvltpreview.com\\\/spielberk\\\/\",\"url\":\"https:\\\/\\\/ctp.rvltpreview.com\\\/spielberk\\\/\",\"name\":\"Spielberk - Brno's First-Class Office Park\",\"isPartOf\":{\"@id\":\"https:\\\/\\\/ctp.rvltpreview.com\\\/#website\"},\"datePublished\":\"2019-01-17T15:13:50+00:00\",\"dateModified\":\"2025-01-27T12:10:10+00:00\",\"description\":\"Brno's First-Class Office Park. City-centre convenience, international connectivity with various building types.\",\"breadcrumb\":{\"@id\":\"https:\\\/\\\/ctp.rvltpreview.com\\\/spielberk\\\/#breadcrumb\"},\"inLanguage\":\"ro-RO\",\"potentialAction\":[{\"@type\":\"ReadAction\",\"target\":[\"https:\\\/\\\/ctp.rvltpreview.com\\\/spielberk\\\/\"]}]},{\"@type\":\"BreadcrumbList\",\"@id\":\"https:\\\/\\\/ctp.rvltpreview.com\\\/spielberk\\\/#breadcrumb\",\"itemListElement\":[{\"@type\":\"ListItem\",\"position\":1,\"name\":\"Home\",\"item\":\"https:\\\/\\\/ctp.rvltpreview.com\\\/cs\\\/\"},{\"@type\":\"ListItem\",\"position\":2,\"name\":\"Spielberk\"}]},{\"@type\":\"WebSite\",\"@id\":\"https:\\\/\\\/ctp.rvltpreview.com\\\/#website\",\"url\":\"https:\\\/\\\/ctp.rvltpreview.com\\\/\",\"name\":\"Commercial Real Estate Developer And Manager\",\"description\":\"CTP - premium industrial warehouse and office buildings\",\"publisher\":{\"@id\":\"https:\\\/\\\/ctp.rvltpreview.com\\\/#organization\"},\"potentialAction\":[{\"@type\":\"SearchAction\",\"target\":{\"@type\":\"EntryPoint\",\"urlTemplate\":\"https:\\\/\\\/ctp.rvltpreview.com\\\/?s={search_term_string}\"},\"query-input\":{\"@type\":\"PropertyValueSpecification\",\"valueRequired\":true,\"valueName\":\"search_term_string\"}}],\"inLanguage\":\"ro-RO\"},{\"@type\":\"Organization\",\"@id\":\"https:\\\/\\\/ctp.rvltpreview.com\\\/#organization\",\"name\":\"CTP\",\"url\":\"https:\\\/\\\/ctp.rvltpreview.com\\\/\",\"logo\":{\"@type\":\"ImageObject\",\"inLanguage\":\"ro-RO\",\"@id\":\"https:\\\/\\\/ctp.rvltpreview.com\\\/#\\\/schema\\\/logo\\\/image\\\/\",\"url\":\"\",\"contentUrl\":\"\",\"caption\":\"CTP\"},\"image\":{\"@id\":\"https:\\\/\\\/ctp.rvltpreview.com\\\/#\\\/schema\\\/logo\\\/image\\\/\"}}]}<\/script>","yoast_head_json":{"title":"Spielberk - Parcul de birouri de prim\u0103 clas\u0103 din Brno","description":"Parcul de birouri de prim\u0103 clas\u0103 din Brno. Confort \u00een centrul ora\u0219ului, conectivitate interna\u021bional\u0103, cu diverse tipuri de cl\u0103diri.","robots":{"index":"noindex","follow":"follow","max-snippet":"max-snippet:-1","max-image-preview":"max-image-preview:large","max-video-preview":"max-video-preview:-1"},"og_locale":"ro_RO","og_type":"article","og_title":"Spielberk","og_description":"Brno's First-Class Office Park. City-centre convenience, international connectivity with various building types.","og_url":"https:\/\/ctp.rvltpreview.com\/ro\/spielberk\/","og_site_name":"Commercial Real Estate Developer And Manager","article_modified_time":"2025-01-27T12:10:10+00:00","twitter_card":"summary_large_image","schema":{"@context":"https:\/\/schema.org","@graph":[{"@type":"WebPage","@id":"https:\/\/ctp.rvltpreview.com\/spielberk\/","url":"https:\/\/ctp.rvltpreview.com\/spielberk\/","name":"Spielberk - Parcul de birouri de prim\u0103 clas\u0103 din Brno","isPartOf":{"@id":"https:\/\/ctp.rvltpreview.com\/#website"},"datePublished":"2019-01-17T15:13:50+00:00","dateModified":"2025-01-27T12:10:10+00:00","description":"Parcul de birouri de prim\u0103 clas\u0103 din Brno. Confort \u00een centrul ora\u0219ului, conectivitate interna\u021bional\u0103, cu diverse tipuri de cl\u0103diri.","breadcrumb":{"@id":"https:\/\/ctp.rvltpreview.com\/spielberk\/#breadcrumb"},"inLanguage":"ro-RO","potentialAction":[{"@type":"ReadAction","target":["https:\/\/ctp.rvltpreview.com\/spielberk\/"]}]},{"@type":"BreadcrumbList","@id":"https:\/\/ctp.rvltpreview.com\/spielberk\/#breadcrumb","itemListElement":[{"@type":"ListItem","position":1,"name":"Home","item":"https:\/\/ctp.rvltpreview.com\/cs\/"},{"@type":"ListItem","position":2,"name":"Spielberk"}]},{"@type":"WebSite","@id":"https:\/\/ctp.rvltpreview.com\/#website","url":"https:\/\/ctp.rvltpreview.com\/","name":"Dezvoltator imobiliar comercial \u0219i manager","description":"CTP - cl\u0103diri industriale premium pentru depozite \u0219i birouri","publisher":{"@id":"https:\/\/ctp.rvltpreview.com\/#organization"},"potentialAction":[{"@type":"SearchAction","target":{"@type":"EntryPoint","urlTemplate":"https:\/\/ctp.rvltpreview.com\/?s={search_term_string}"},"query-input":{"@type":"PropertyValueSpecification","valueRequired":true,"valueName":"search_term_string"}}],"inLanguage":"ro-RO"},{"@type":"Organization","@id":"https:\/\/ctp.rvltpreview.com\/#organization","name":"CTP","url":"https:\/\/ctp.rvltpreview.com\/","logo":{"@type":"ImageObject","inLanguage":"ro-RO","@id":"https:\/\/ctp.rvltpreview.com\/#\/schema\/logo\/image\/","url":"","contentUrl":"","caption":"CTP"},"image":{"@id":"https:\/\/ctp.rvltpreview.com\/#\/schema\/logo\/image\/"}}]}},"_links":{"self":[{"href":"https:\/\/ctp.rvltpreview.com\/ro\/wp-json\/wp\/v2\/pages\/4228","targetHints":{"allow":["GET"]}}],"collection":[{"href":"https:\/\/ctp.rvltpreview.com\/ro\/wp-json\/wp\/v2\/pages"}],"about":[{"href":"https:\/\/ctp.rvltpreview.com\/ro\/wp-json\/wp\/v2\/types\/page"}],"author":[{"embeddable":true,"href":"https:\/\/ctp.rvltpreview.com\/ro\/wp-json\/wp\/v2\/users\/67"}],"replies":[{"embeddable":true,"href":"https:\/\/ctp.rvltpreview.com\/ro\/wp-json\/wp\/v2\/comments?post=4228"}],"version-history":[{"count":14,"href":"https:\/\/ctp.rvltpreview.com\/ro\/wp-json\/wp\/v2\/pages\/4228\/revisions"}],"predecessor-version":[{"id":102383,"href":"https:\/\/ctp.rvltpreview.com\/ro\/wp-json\/wp\/v2\/pages\/4228\/revisions\/102383"}],"wp:attachment":[{"href":"https:\/\/ctp.rvltpreview.com\/ro\/wp-json\/wp\/v2\/media?parent=4228"}],"curies":[{"name":"wp","href":"https:\/\/api.w.org\/{rel}","templated":true}]}}