{"id":9830,"date":"2020-09-12T18:21:52","date_gmt":"2020-09-12T18:21:52","guid":{"rendered":"https:\/\/www.ctp.eu\/?page_id=9830"},"modified":"2025-02-13T15:45:37","modified_gmt":"2025-02-13T13:45:37","slug":"investors","status":"publish","type":"page","link":"https:\/\/ctp.rvltpreview.com\/pl\/investors\/","title":{"rendered":"D\u0142ugoterminowe partnerstwo inwestycyjne"},"content":{"rendered":"<h2 class=\"investors-subtitle\">Dla naszych partner\u00f3w-inwestor\u00f3w<\/h2>\n<p class=\"investors-paragraph\">Witamy w naszej nowej sekcji relacji inwestorskich. CTP to niesamowita historia biznesu i sukcesu, z kt\u00f3rej jeste\u015bmy dumni i kt\u00f3r\u0105 darzymy pasj\u0105. Przez ostatnie 25 lat stworzyli\u015bmy firm\u0119 o wysokiej warto\u015bci, honoruj\u0105c nasze zobowi\u0105zania wobec wszystkich naszych interesariuszy i witamy inwestor\u00f3w, kt\u00f3rych postrzegamy jako d\u0142ugoterminowych i kluczowych interesariuszy dla naszego biznesu, a tak\u017ce nowe obowi\u0105zki i zobowi\u0105zania, kt\u00f3re si\u0119 z tym wi\u0105\u017c\u0105.<\/p>","protected":false},"excerpt":{"rendered":"<p>Dla naszych inwestor\u00f3w Witamy w naszej nowej sekcji relacji inwestorskich. CTP to niesamowity biznes i historia sukcesu, kt\u00f3ra<\/p>","protected":false},"author":67,"featured_media":0,"parent":0,"menu_order":0,"comment_status":"closed","ping_status":"closed","template":"templates\/investors.php","meta":{"_acf_changed":false,"footnotes":""},"class_list":["post-9830","page","type-page","status-publish","hentry"],"acf":[],"yoast_head":"<title>Long-Term Investment Partnership - Commercial Real Estate Developer And Manager<\/title>\n<meta name=\"robots\" content=\"noindex, follow, max-snippet:-1, max-image-preview:large, max-video-preview:-1\" \/>\n<meta property=\"og:locale\" content=\"pl_PL\" \/>\n<meta property=\"og:type\" content=\"article\" \/>\n<meta property=\"og:title\" content=\"Long-Term Investment Partnership\" \/>\n<meta property=\"og:description\" content=\"For Our Investor Partners Welcome to our new investor relations section. CTP is an incredible business and success story which\" \/>\n<meta property=\"og:url\" content=\"https:\/\/ctp.rvltpreview.com\/pl\/investors\/\" \/>\n<meta property=\"og:site_name\" content=\"Commercial Real Estate Developer And Manager\" \/>\n<meta property=\"article:modified_time\" content=\"2025-02-13T13:45:37+00:00\" \/>\n<meta name=\"twitter:card\" content=\"summary_large_image\" \/>\n<meta name=\"twitter:label1\" content=\"Szacowany czas czytania\" \/>\n\t<meta name=\"twitter:data1\" content=\"1 minuta\" \/>\n<script type=\"application\/ld+json\" class=\"yoast-schema-graph\">{\"@context\":\"https:\\\/\\\/schema.org\",\"@graph\":[{\"@type\":\"WebPage\",\"@id\":\"https:\\\/\\\/ctp.rvltpreview.com\\\/investors\\\/\",\"url\":\"https:\\\/\\\/ctp.rvltpreview.com\\\/investors\\\/\",\"name\":\"Long-Term Investment Partnership - Commercial Real Estate Developer And Manager\",\"isPartOf\":{\"@id\":\"https:\\\/\\\/ctp.rvltpreview.com\\\/#website\"},\"datePublished\":\"2020-09-12T18:21:52+00:00\",\"dateModified\":\"2025-02-13T13:45:37+00:00\",\"breadcrumb\":{\"@id\":\"https:\\\/\\\/ctp.rvltpreview.com\\\/investors\\\/#breadcrumb\"},\"inLanguage\":\"pl-PL\",\"potentialAction\":[{\"@type\":\"ReadAction\",\"target\":[\"https:\\\/\\\/ctp.rvltpreview.com\\\/investors\\\/\"]}]},{\"@type\":\"BreadcrumbList\",\"@id\":\"https:\\\/\\\/ctp.rvltpreview.com\\\/investors\\\/#breadcrumb\",\"itemListElement\":[{\"@type\":\"ListItem\",\"position\":1,\"name\":\"Home\",\"item\":\"https:\\\/\\\/ctp.rvltpreview.com\\\/cs\\\/\"},{\"@type\":\"ListItem\",\"position\":2,\"name\":\"Long-Term Investment Partnership\"}]},{\"@type\":\"WebSite\",\"@id\":\"https:\\\/\\\/ctp.rvltpreview.com\\\/#website\",\"url\":\"https:\\\/\\\/ctp.rvltpreview.com\\\/\",\"name\":\"Commercial Real Estate Developer And Manager\",\"description\":\"CTP - premium industrial warehouse and office buildings\",\"publisher\":{\"@id\":\"https:\\\/\\\/ctp.rvltpreview.com\\\/#organization\"},\"potentialAction\":[{\"@type\":\"SearchAction\",\"target\":{\"@type\":\"EntryPoint\",\"urlTemplate\":\"https:\\\/\\\/ctp.rvltpreview.com\\\/?s={search_term_string}\"},\"query-input\":{\"@type\":\"PropertyValueSpecification\",\"valueRequired\":true,\"valueName\":\"search_term_string\"}}],\"inLanguage\":\"pl-PL\"},{\"@type\":\"Organization\",\"@id\":\"https:\\\/\\\/ctp.rvltpreview.com\\\/#organization\",\"name\":\"CTP\",\"url\":\"https:\\\/\\\/ctp.rvltpreview.com\\\/\",\"logo\":{\"@type\":\"ImageObject\",\"inLanguage\":\"pl-PL\",\"@id\":\"https:\\\/\\\/ctp.rvltpreview.com\\\/#\\\/schema\\\/logo\\\/image\\\/\",\"url\":\"\",\"contentUrl\":\"\",\"caption\":\"CTP\"},\"image\":{\"@id\":\"https:\\\/\\\/ctp.rvltpreview.com\\\/#\\\/schema\\\/logo\\\/image\\\/\"}}]}<\/script>","yoast_head_json":{"title":"D\u0142ugoterminowe partnerstwo inwestycyjne - deweloper i zarz\u0105dca nieruchomo\u015bci komercyjnych","robots":{"index":"noindex","follow":"follow","max-snippet":"max-snippet:-1","max-image-preview":"max-image-preview:large","max-video-preview":"max-video-preview:-1"},"og_locale":"pl_PL","og_type":"article","og_title":"Long-Term Investment Partnership","og_description":"For Our Investor Partners Welcome to our new investor relations section. CTP is an incredible business and success story which","og_url":"https:\/\/ctp.rvltpreview.com\/pl\/investors\/","og_site_name":"Commercial Real Estate Developer And Manager","article_modified_time":"2025-02-13T13:45:37+00:00","twitter_card":"summary_large_image","twitter_misc":{"Szacowany czas czytania":"1 minuta"},"schema":{"@context":"https:\/\/schema.org","@graph":[{"@type":"WebPage","@id":"https:\/\/ctp.rvltpreview.com\/investors\/","url":"https:\/\/ctp.rvltpreview.com\/investors\/","name":"D\u0142ugoterminowe partnerstwo inwestycyjne - deweloper i zarz\u0105dca nieruchomo\u015bci komercyjnych","isPartOf":{"@id":"https:\/\/ctp.rvltpreview.com\/#website"},"datePublished":"2020-09-12T18:21:52+00:00","dateModified":"2025-02-13T13:45:37+00:00","breadcrumb":{"@id":"https:\/\/ctp.rvltpreview.com\/investors\/#breadcrumb"},"inLanguage":"pl-PL","potentialAction":[{"@type":"ReadAction","target":["https:\/\/ctp.rvltpreview.com\/investors\/"]}]},{"@type":"BreadcrumbList","@id":"https:\/\/ctp.rvltpreview.com\/investors\/#breadcrumb","itemListElement":[{"@type":"ListItem","position":1,"name":"Home","item":"https:\/\/ctp.rvltpreview.com\/cs\/"},{"@type":"ListItem","position":2,"name":"Long-Term Investment Partnership"}]},{"@type":"WebSite","@id":"https:\/\/ctp.rvltpreview.com\/#website","url":"https:\/\/ctp.rvltpreview.com\/","name":"Deweloper i zarz\u0105dca nieruchomo\u015bci komercyjnych","description":"CTP - magazyny przemys\u0142owe i budynki biurowe klasy premium","publisher":{"@id":"https:\/\/ctp.rvltpreview.com\/#organization"},"potentialAction":[{"@type":"SearchAction","target":{"@type":"EntryPoint","urlTemplate":"https:\/\/ctp.rvltpreview.com\/?s={search_term_string}"},"query-input":{"@type":"PropertyValueSpecification","valueRequired":true,"valueName":"search_term_string"}}],"inLanguage":"pl-PL"},{"@type":"Organization","@id":"https:\/\/ctp.rvltpreview.com\/#organization","name":"CTP","url":"https:\/\/ctp.rvltpreview.com\/","logo":{"@type":"ImageObject","inLanguage":"pl-PL","@id":"https:\/\/ctp.rvltpreview.com\/#\/schema\/logo\/image\/","url":"","contentUrl":"","caption":"CTP"},"image":{"@id":"https:\/\/ctp.rvltpreview.com\/#\/schema\/logo\/image\/"}}]}},"_links":{"self":[{"href":"https:\/\/ctp.rvltpreview.com\/pl\/wp-json\/wp\/v2\/pages\/9830","targetHints":{"allow":["GET"]}}],"collection":[{"href":"https:\/\/ctp.rvltpreview.com\/pl\/wp-json\/wp\/v2\/pages"}],"about":[{"href":"https:\/\/ctp.rvltpreview.com\/pl\/wp-json\/wp\/v2\/types\/page"}],"author":[{"embeddable":true,"href":"https:\/\/ctp.rvltpreview.com\/pl\/wp-json\/wp\/v2\/users\/67"}],"replies":[{"embeddable":true,"href":"https:\/\/ctp.rvltpreview.com\/pl\/wp-json\/wp\/v2\/comments?post=9830"}],"version-history":[{"count":31,"href":"https:\/\/ctp.rvltpreview.com\/pl\/wp-json\/wp\/v2\/pages\/9830\/revisions"}],"predecessor-version":[{"id":103373,"href":"https:\/\/ctp.rvltpreview.com\/pl\/wp-json\/wp\/v2\/pages\/9830\/revisions\/103373"}],"wp:attachment":[{"href":"https:\/\/ctp.rvltpreview.com\/pl\/wp-json\/wp\/v2\/media?parent=9830"}],"curies":[{"name":"wp","href":"https:\/\/api.w.org\/{rel}","templated":true}]}}