{"id":72455,"date":"2023-02-21T14:52:59","date_gmt":"2023-02-21T12:52:59","guid":{"rendered":"https:\/\/www.ctp.eu\/?page_id=72455"},"modified":"2023-02-21T16:35:45","modified_gmt":"2023-02-21T14:35:45","slug":"mipim-2023","status":"publish","type":"page","link":"https:\/\/ctp.rvltpreview.com\/pl\/company\/events\/mipim-2023\/","title":{"rendered":"Po\u0142\u0105czmy si\u0119 <br> <span>na<\/span> MIPIM"},"content":{"rendered":"<p>Co roku targi MIPIM przyci\u0105gaj\u0105 najlepszych z ca\u0142ego kontynentu, aby dyskutowa\u0107 o przysz\u0142o\u015bci \u015brodowiska zabudowanego i \u0142\u0105czy\u0107 r\u00f3\u017cnych interesariuszy i lider\u00f3w opinii \u2013 od urbanist\u00f3w, przez przedstawicieli sektora prywatnego i urz\u0119dnik\u00f3w miejskich, po naukowc\u00f3w. Z przyjemno\u015bci\u0105 go\u015bcimy Was ponownie w tym roku i mamy nadziej\u0119, \u017ce si\u0119 tam spotkamy! Odwied\u017acie nasze stoisko, aby spotka\u0107 si\u0119 z naszym zespo\u0142em Parkmakers lub zobaczy\u0107 ich na scenie.<\/p>","protected":false},"excerpt":{"rendered":"<p>Co roku na targach MIPIM spotykaj\u0105 si\u0119 najlepsi specjali\u015bci z ca\u0142ego kontynentu, aby om\u00f3wi\u0107 przysz\u0142o\u015b\u0107 \u015brodowiska zabudowanego i nawi\u0105za\u0107 kontakty<\/p>","protected":false},"author":22,"featured_media":0,"parent":198,"menu_order":0,"comment_status":"closed","ping_status":"closed","template":"investors-sub-page.php","meta":{"_acf_changed":false,"footnotes":""},"class_list":["post-72455","page","type-page","status-publish","hentry"],"acf":[],"yoast_head":"<title>Let\u2019s connect  at MIPIM - Commercial Real Estate Developer And Manager<\/title>\n<meta name=\"robots\" content=\"noindex, follow, max-snippet:-1, max-image-preview:large, max-video-preview:-1\" \/>\n<meta property=\"og:locale\" content=\"pl_PL\" \/>\n<meta property=\"og:type\" content=\"article\" \/>\n<meta property=\"og:title\" content=\"Let\u2019s connect  at MIPIM\" \/>\n<meta property=\"og:description\" content=\"Every year, MIPIM attracts the best from across the continent to discuss the future of the built environment and connect\" \/>\n<meta property=\"og:url\" content=\"https:\/\/ctp.rvltpreview.com\/pl\/company\/events\/mipim-2023\/\" \/>\n<meta property=\"og:site_name\" content=\"Commercial Real Estate Developer And Manager\" \/>\n<meta property=\"article:modified_time\" content=\"2023-02-21T14:35:45+00:00\" \/>\n<meta property=\"og:image\" content=\"https:\/\/ctp.rvltpreview.com\/wp-content\/uploads\/2023\/02\/web-MIPIM-23-social.jpg\" \/>\n\t<meta property=\"og:image:width\" content=\"1444\" \/>\n\t<meta property=\"og:image:height\" content=\"756\" \/>\n\t<meta property=\"og:image:type\" content=\"image\/jpeg\" \/>\n<meta name=\"twitter:card\" content=\"summary_large_image\" \/>\n<meta name=\"twitter:label1\" content=\"Szacowany czas czytania\" \/>\n\t<meta name=\"twitter:data1\" content=\"1 minuta\" \/>\n<script type=\"application\/ld+json\" class=\"yoast-schema-graph\">{\"@context\":\"https:\\\/\\\/schema.org\",\"@graph\":[{\"@type\":\"WebPage\",\"@id\":\"https:\\\/\\\/ctp.rvltpreview.com\\\/company\\\/events\\\/mipim-2023\\\/\",\"url\":\"https:\\\/\\\/ctp.rvltpreview.com\\\/company\\\/events\\\/mipim-2023\\\/\",\"name\":\"Let\u2019s connect at MIPIM - Commercial Real Estate Developer And Manager\",\"isPartOf\":{\"@id\":\"https:\\\/\\\/ctp.rvltpreview.com\\\/#website\"},\"datePublished\":\"2023-02-21T12:52:59+00:00\",\"dateModified\":\"2023-02-21T14:35:45+00:00\",\"breadcrumb\":{\"@id\":\"https:\\\/\\\/ctp.rvltpreview.com\\\/company\\\/events\\\/mipim-2023\\\/#breadcrumb\"},\"inLanguage\":\"pl-PL\",\"potentialAction\":[{\"@type\":\"ReadAction\",\"target\":[\"https:\\\/\\\/ctp.rvltpreview.com\\\/company\\\/events\\\/mipim-2023\\\/\"]}]},{\"@type\":\"BreadcrumbList\",\"@id\":\"https:\\\/\\\/ctp.rvltpreview.com\\\/company\\\/events\\\/mipim-2023\\\/#breadcrumb\",\"itemListElement\":[{\"@type\":\"ListItem\",\"position\":1,\"name\":\"Home\",\"item\":\"https:\\\/\\\/ctp.rvltpreview.com\\\/\"},{\"@type\":\"ListItem\",\"position\":2,\"name\":\"Company\",\"item\":\"https:\\\/\\\/ctp.rvltpreview.com\\\/company\\\/\"},{\"@type\":\"ListItem\",\"position\":3,\"name\":\"Events and Happenings\",\"item\":\"https:\\\/\\\/ctp.rvltpreview.com\\\/company\\\/events\\\/\"},{\"@type\":\"ListItem\",\"position\":4,\"name\":\"Let\u2019s connect at MIPIM\"}]},{\"@type\":\"WebSite\",\"@id\":\"https:\\\/\\\/ctp.rvltpreview.com\\\/#website\",\"url\":\"https:\\\/\\\/ctp.rvltpreview.com\\\/\",\"name\":\"Commercial Real Estate Developer And Manager\",\"description\":\"CTP - premium industrial warehouse and office buildings\",\"publisher\":{\"@id\":\"https:\\\/\\\/ctp.rvltpreview.com\\\/#organization\"},\"potentialAction\":[{\"@type\":\"SearchAction\",\"target\":{\"@type\":\"EntryPoint\",\"urlTemplate\":\"https:\\\/\\\/ctp.rvltpreview.com\\\/?s={search_term_string}\"},\"query-input\":{\"@type\":\"PropertyValueSpecification\",\"valueRequired\":true,\"valueName\":\"search_term_string\"}}],\"inLanguage\":\"pl-PL\"},{\"@type\":\"Organization\",\"@id\":\"https:\\\/\\\/ctp.rvltpreview.com\\\/#organization\",\"name\":\"CTP\",\"url\":\"https:\\\/\\\/ctp.rvltpreview.com\\\/\",\"logo\":{\"@type\":\"ImageObject\",\"inLanguage\":\"pl-PL\",\"@id\":\"https:\\\/\\\/ctp.rvltpreview.com\\\/#\\\/schema\\\/logo\\\/image\\\/\",\"url\":\"\",\"contentUrl\":\"\",\"caption\":\"CTP\"},\"image\":{\"@id\":\"https:\\\/\\\/ctp.rvltpreview.com\\\/#\\\/schema\\\/logo\\\/image\\\/\"}}]}<\/script>","yoast_head_json":{"title":"Po\u0142\u0105czmy si\u0119 na targach MIPIM - Deweloper i zarz\u0105dca nieruchomo\u015bci komercyjnych","robots":{"index":"noindex","follow":"follow","max-snippet":"max-snippet:-1","max-image-preview":"max-image-preview:large","max-video-preview":"max-video-preview:-1"},"og_locale":"pl_PL","og_type":"article","og_title":"Let\u2019s connect  at MIPIM","og_description":"Every year, MIPIM attracts the best from across the continent to discuss the future of the built environment and connect","og_url":"https:\/\/ctp.rvltpreview.com\/pl\/company\/events\/mipim-2023\/","og_site_name":"Commercial Real Estate Developer And Manager","article_modified_time":"2023-02-21T14:35:45+00:00","og_image":[{"width":1444,"height":756,"url":"https:\/\/ctp.rvltpreview.com\/wp-content\/uploads\/2023\/02\/web-MIPIM-23-social.jpg","type":"image\/jpeg"}],"twitter_card":"summary_large_image","twitter_misc":{"Szacowany czas czytania":"1 minuta"},"schema":{"@context":"https:\/\/schema.org","@graph":[{"@type":"WebPage","@id":"https:\/\/ctp.rvltpreview.com\/company\/events\/mipim-2023\/","url":"https:\/\/ctp.rvltpreview.com\/company\/events\/mipim-2023\/","name":"Po\u0142\u0105czmy si\u0119 na targach MIPIM - Deweloper i zarz\u0105dca nieruchomo\u015bci komercyjnych","isPartOf":{"@id":"https:\/\/ctp.rvltpreview.com\/#website"},"datePublished":"2023-02-21T12:52:59+00:00","dateModified":"2023-02-21T14:35:45+00:00","breadcrumb":{"@id":"https:\/\/ctp.rvltpreview.com\/company\/events\/mipim-2023\/#breadcrumb"},"inLanguage":"pl-PL","potentialAction":[{"@type":"ReadAction","target":["https:\/\/ctp.rvltpreview.com\/company\/events\/mipim-2023\/"]}]},{"@type":"BreadcrumbList","@id":"https:\/\/ctp.rvltpreview.com\/company\/events\/mipim-2023\/#breadcrumb","itemListElement":[{"@type":"ListItem","position":1,"name":"Home","item":"https:\/\/ctp.rvltpreview.com\/"},{"@type":"ListItem","position":2,"name":"Company","item":"https:\/\/ctp.rvltpreview.com\/company\/"},{"@type":"ListItem","position":3,"name":"Events and Happenings","item":"https:\/\/ctp.rvltpreview.com\/company\/events\/"},{"@type":"ListItem","position":4,"name":"Let\u2019s connect at MIPIM"}]},{"@type":"WebSite","@id":"https:\/\/ctp.rvltpreview.com\/#website","url":"https:\/\/ctp.rvltpreview.com\/","name":"Deweloper i zarz\u0105dca nieruchomo\u015bci komercyjnych","description":"CTP - magazyny przemys\u0142owe i budynki biurowe klasy premium","publisher":{"@id":"https:\/\/ctp.rvltpreview.com\/#organization"},"potentialAction":[{"@type":"SearchAction","target":{"@type":"EntryPoint","urlTemplate":"https:\/\/ctp.rvltpreview.com\/?s={search_term_string}"},"query-input":{"@type":"PropertyValueSpecification","valueRequired":true,"valueName":"search_term_string"}}],"inLanguage":"pl-PL"},{"@type":"Organization","@id":"https:\/\/ctp.rvltpreview.com\/#organization","name":"CTP","url":"https:\/\/ctp.rvltpreview.com\/","logo":{"@type":"ImageObject","inLanguage":"pl-PL","@id":"https:\/\/ctp.rvltpreview.com\/#\/schema\/logo\/image\/","url":"","contentUrl":"","caption":"CTP"},"image":{"@id":"https:\/\/ctp.rvltpreview.com\/#\/schema\/logo\/image\/"}}]}},"_links":{"self":[{"href":"https:\/\/ctp.rvltpreview.com\/pl\/wp-json\/wp\/v2\/pages\/72455","targetHints":{"allow":["GET"]}}],"collection":[{"href":"https:\/\/ctp.rvltpreview.com\/pl\/wp-json\/wp\/v2\/pages"}],"about":[{"href":"https:\/\/ctp.rvltpreview.com\/pl\/wp-json\/wp\/v2\/types\/page"}],"author":[{"embeddable":true,"href":"https:\/\/ctp.rvltpreview.com\/pl\/wp-json\/wp\/v2\/users\/22"}],"replies":[{"embeddable":true,"href":"https:\/\/ctp.rvltpreview.com\/pl\/wp-json\/wp\/v2\/comments?post=72455"}],"version-history":[{"count":0,"href":"https:\/\/ctp.rvltpreview.com\/pl\/wp-json\/wp\/v2\/pages\/72455\/revisions"}],"up":[{"embeddable":true,"href":"https:\/\/ctp.rvltpreview.com\/pl\/wp-json\/wp\/v2\/pages\/198"}],"wp:attachment":[{"href":"https:\/\/ctp.rvltpreview.com\/pl\/wp-json\/wp\/v2\/media?parent=72455"}],"curies":[{"name":"wp","href":"https:\/\/api.w.org\/{rel}","templated":true}]}}