{"id":64327,"date":"2022-11-16T19:26:58","date_gmt":"2022-11-16T17:26:58","guid":{"rendered":"https:\/\/www.ctp.eu\/?page_id=64327"},"modified":"2023-04-14T15:18:54","modified_gmt":"2023-04-14T13:18:54","slug":"jobs","status":"publish","type":"page","link":"https:\/\/ctp.rvltpreview.com\/pl\/company\/jobs\/","title":{"rendered":"Rozpocznij swoj\u0105 przysz\u0142o\u015b\u0107 z nami"},"content":{"rendered":"<p>CTP to dynamiczna, szybko rozwijaj\u0105ca si\u0119 firma, kt\u00f3ra stawia przed pracownikami wyzwania, by osi\u0105gali jak najlepsze wyniki. <strong>Pi\u0119\u0107 podstawowych warto\u015bci - d\u0105\u017cenie do doskona\u0142o\u015bci, duch przedsi\u0119biorczo\u015bci, odpowiedzialno\u015b\u0107 za interesariuszy, zr\u00f3wnowa\u017cony rozw\u00f3j i spo\u0142eczno\u015b\u0107.<\/strong>-W naszej kulturze korporacyjnej mamy mo\u017cliwo\u015b\u0107 wywierania realnego wp\u0142ywu na dzia\u0142alno\u015b\u0107 firmy, co pozwala nam \u0142\u0105czy\u0107 si\u0119 na r\u00f3\u017cnych rynkach i w r\u00f3\u017cnych zespo\u0142ach. Je\u015bli uwa\u017casz, \u017ce masz to, czego potrzeba, aby do\u0142\u0105czy\u0107 do naszego wielokrotnie nagradzanego zespo\u0142u profesjonalist\u00f3w, sprawd\u017a poni\u017csz\u0105 list\u0119 mo\u017cliwo\u015bci, kt\u00f3re pasuj\u0105 do Twojego zestawu umiej\u0119tno\u015bci.<\/p>","protected":false},"excerpt":{"rendered":"<p>CTP to dynamiczna, szybko rozwijaj\u0105ca si\u0119 firma, kt\u00f3ra stawia przed lud\u017ami wyzwania, aby osi\u0105gali najlepsze wyniki. Pi\u0119\u0107 podstawowych warto\u015bci \u2014 d\u0105\u017cenie do doskona\u0142o\u015bci i przedsi\u0119biorczo\u015b\u0107<\/p>","protected":false},"author":22,"featured_media":0,"parent":62,"menu_order":0,"comment_status":"closed","ping_status":"closed","template":"jobs-page-home.php","meta":{"_acf_changed":false,"footnotes":""},"class_list":["post-64327","page","type-page","status-publish","hentry"],"acf":[],"yoast_head":"<title>Start Your Future with Us at CTP<\/title>\n<meta name=\"description\" content=\"Available jobs at CTP - the leading industrial property developer and manager - job opportunities available in Central and Eastern Europe.\" \/>\n<meta name=\"robots\" content=\"noindex, follow, max-snippet:-1, max-image-preview:large, max-video-preview:-1\" \/>\n<meta property=\"og:locale\" content=\"pl_PL\" \/>\n<meta property=\"og:type\" content=\"article\" \/>\n<meta property=\"og:title\" content=\"Start Your Future with Us\" \/>\n<meta property=\"og:description\" content=\"Available jobs at CTP - the leading industrial property developer and manager - job opportunities available in Central and Eastern Europe.\" \/>\n<meta property=\"og:url\" content=\"https:\/\/ctp.rvltpreview.com\/pl\/company\/jobs\/\" \/>\n<meta property=\"og:site_name\" content=\"Commercial Real Estate Developer And Manager\" \/>\n<meta property=\"article:modified_time\" content=\"2023-04-14T13:18:54+00:00\" \/>\n<meta property=\"og:image\" content=\"https:\/\/ctp.rvltpreview.com\/wp-content\/uploads\/2021\/02\/Jobs-lizzbeth.jpg\" \/>\n\t<meta property=\"og:image:width\" content=\"1040\" \/>\n\t<meta property=\"og:image:height\" content=\"544\" \/>\n\t<meta property=\"og:image:type\" content=\"image\/jpeg\" \/>\n<meta name=\"twitter:card\" content=\"summary_large_image\" \/>\n<meta name=\"twitter:label1\" content=\"Szacowany czas czytania\" \/>\n\t<meta name=\"twitter:data1\" content=\"1 minuta\" \/>\n<script type=\"application\/ld+json\" class=\"yoast-schema-graph\">{\"@context\":\"https:\\\/\\\/schema.org\",\"@graph\":[{\"@type\":\"WebPage\",\"@id\":\"https:\\\/\\\/ctp.rvltpreview.com\\\/company\\\/jobs\\\/\",\"url\":\"https:\\\/\\\/ctp.rvltpreview.com\\\/company\\\/jobs\\\/\",\"name\":\"Start Your Future with Us at CTP\",\"isPartOf\":{\"@id\":\"https:\\\/\\\/ctp.rvltpreview.com\\\/#website\"},\"datePublished\":\"2022-11-16T17:26:58+00:00\",\"dateModified\":\"2023-04-14T13:18:54+00:00\",\"description\":\"Available jobs at CTP - the leading industrial property developer and manager - job opportunities available in Central and Eastern Europe.\",\"breadcrumb\":{\"@id\":\"https:\\\/\\\/ctp.rvltpreview.com\\\/company\\\/jobs\\\/#breadcrumb\"},\"inLanguage\":\"pl-PL\",\"potentialAction\":[{\"@type\":\"ReadAction\",\"target\":[\"https:\\\/\\\/ctp.rvltpreview.com\\\/company\\\/jobs\\\/\"]}]},{\"@type\":\"BreadcrumbList\",\"@id\":\"https:\\\/\\\/ctp.rvltpreview.com\\\/company\\\/jobs\\\/#breadcrumb\",\"itemListElement\":[{\"@type\":\"ListItem\",\"position\":1,\"name\":\"Home\",\"item\":\"https:\\\/\\\/ctp.rvltpreview.com\\\/\"},{\"@type\":\"ListItem\",\"position\":2,\"name\":\"Company\",\"item\":\"https:\\\/\\\/ctp.rvltpreview.com\\\/company\\\/\"},{\"@type\":\"ListItem\",\"position\":3,\"name\":\"Start Your Future with Us\"}]},{\"@type\":\"WebSite\",\"@id\":\"https:\\\/\\\/ctp.rvltpreview.com\\\/#website\",\"url\":\"https:\\\/\\\/ctp.rvltpreview.com\\\/\",\"name\":\"Commercial Real Estate Developer And Manager\",\"description\":\"CTP - premium industrial warehouse and office buildings\",\"publisher\":{\"@id\":\"https:\\\/\\\/ctp.rvltpreview.com\\\/#organization\"},\"potentialAction\":[{\"@type\":\"SearchAction\",\"target\":{\"@type\":\"EntryPoint\",\"urlTemplate\":\"https:\\\/\\\/ctp.rvltpreview.com\\\/?s={search_term_string}\"},\"query-input\":{\"@type\":\"PropertyValueSpecification\",\"valueRequired\":true,\"valueName\":\"search_term_string\"}}],\"inLanguage\":\"pl-PL\"},{\"@type\":\"Organization\",\"@id\":\"https:\\\/\\\/ctp.rvltpreview.com\\\/#organization\",\"name\":\"CTP\",\"url\":\"https:\\\/\\\/ctp.rvltpreview.com\\\/\",\"logo\":{\"@type\":\"ImageObject\",\"inLanguage\":\"pl-PL\",\"@id\":\"https:\\\/\\\/ctp.rvltpreview.com\\\/#\\\/schema\\\/logo\\\/image\\\/\",\"url\":\"\",\"contentUrl\":\"\",\"caption\":\"CTP\"},\"image\":{\"@id\":\"https:\\\/\\\/ctp.rvltpreview.com\\\/#\\\/schema\\\/logo\\\/image\\\/\"}}]}<\/script>","yoast_head_json":{"title":"Rozpocznij swoj\u0105 przysz\u0142o\u015b\u0107 z nami w CTP","description":"Oferty pracy w CTP - wiod\u0105cym deweloperze i zarz\u0105dcy nieruchomo\u015bci przemys\u0142owych - dost\u0119pne w Europie \u015arodkowo-Wschodniej.","robots":{"index":"noindex","follow":"follow","max-snippet":"max-snippet:-1","max-image-preview":"max-image-preview:large","max-video-preview":"max-video-preview:-1"},"og_locale":"pl_PL","og_type":"article","og_title":"Start Your Future with Us","og_description":"Available jobs at CTP - the leading industrial property developer and manager - job opportunities available in Central and Eastern Europe.","og_url":"https:\/\/ctp.rvltpreview.com\/pl\/company\/jobs\/","og_site_name":"Commercial Real Estate Developer And Manager","article_modified_time":"2023-04-14T13:18:54+00:00","og_image":[{"width":1040,"height":544,"url":"https:\/\/ctp.rvltpreview.com\/wp-content\/uploads\/2021\/02\/Jobs-lizzbeth.jpg","type":"image\/jpeg"}],"twitter_card":"summary_large_image","twitter_misc":{"Szacowany czas czytania":"1 minuta"},"schema":{"@context":"https:\/\/schema.org","@graph":[{"@type":"WebPage","@id":"https:\/\/ctp.rvltpreview.com\/company\/jobs\/","url":"https:\/\/ctp.rvltpreview.com\/company\/jobs\/","name":"Rozpocznij swoj\u0105 przysz\u0142o\u015b\u0107 z nami w CTP","isPartOf":{"@id":"https:\/\/ctp.rvltpreview.com\/#website"},"datePublished":"2022-11-16T17:26:58+00:00","dateModified":"2023-04-14T13:18:54+00:00","description":"Oferty pracy w CTP - wiod\u0105cym deweloperze i zarz\u0105dcy nieruchomo\u015bci przemys\u0142owych - dost\u0119pne w Europie \u015arodkowo-Wschodniej.","breadcrumb":{"@id":"https:\/\/ctp.rvltpreview.com\/company\/jobs\/#breadcrumb"},"inLanguage":"pl-PL","potentialAction":[{"@type":"ReadAction","target":["https:\/\/ctp.rvltpreview.com\/company\/jobs\/"]}]},{"@type":"BreadcrumbList","@id":"https:\/\/ctp.rvltpreview.com\/company\/jobs\/#breadcrumb","itemListElement":[{"@type":"ListItem","position":1,"name":"Home","item":"https:\/\/ctp.rvltpreview.com\/"},{"@type":"ListItem","position":2,"name":"Company","item":"https:\/\/ctp.rvltpreview.com\/company\/"},{"@type":"ListItem","position":3,"name":"Start Your Future with Us"}]},{"@type":"WebSite","@id":"https:\/\/ctp.rvltpreview.com\/#website","url":"https:\/\/ctp.rvltpreview.com\/","name":"Deweloper i zarz\u0105dca nieruchomo\u015bci komercyjnych","description":"CTP - magazyny przemys\u0142owe i budynki biurowe klasy premium","publisher":{"@id":"https:\/\/ctp.rvltpreview.com\/#organization"},"potentialAction":[{"@type":"SearchAction","target":{"@type":"EntryPoint","urlTemplate":"https:\/\/ctp.rvltpreview.com\/?s={search_term_string}"},"query-input":{"@type":"PropertyValueSpecification","valueRequired":true,"valueName":"search_term_string"}}],"inLanguage":"pl-PL"},{"@type":"Organization","@id":"https:\/\/ctp.rvltpreview.com\/#organization","name":"CTP","url":"https:\/\/ctp.rvltpreview.com\/","logo":{"@type":"ImageObject","inLanguage":"pl-PL","@id":"https:\/\/ctp.rvltpreview.com\/#\/schema\/logo\/image\/","url":"","contentUrl":"","caption":"CTP"},"image":{"@id":"https:\/\/ctp.rvltpreview.com\/#\/schema\/logo\/image\/"}}]}},"_links":{"self":[{"href":"https:\/\/ctp.rvltpreview.com\/pl\/wp-json\/wp\/v2\/pages\/64327","targetHints":{"allow":["GET"]}}],"collection":[{"href":"https:\/\/ctp.rvltpreview.com\/pl\/wp-json\/wp\/v2\/pages"}],"about":[{"href":"https:\/\/ctp.rvltpreview.com\/pl\/wp-json\/wp\/v2\/types\/page"}],"author":[{"embeddable":true,"href":"https:\/\/ctp.rvltpreview.com\/pl\/wp-json\/wp\/v2\/users\/22"}],"replies":[{"embeddable":true,"href":"https:\/\/ctp.rvltpreview.com\/pl\/wp-json\/wp\/v2\/comments?post=64327"}],"version-history":[{"count":0,"href":"https:\/\/ctp.rvltpreview.com\/pl\/wp-json\/wp\/v2\/pages\/64327\/revisions"}],"up":[{"embeddable":true,"href":"https:\/\/ctp.rvltpreview.com\/pl\/wp-json\/wp\/v2\/pages\/62"}],"wp:attachment":[{"href":"https:\/\/ctp.rvltpreview.com\/pl\/wp-json\/wp\/v2\/media?parent=64327"}],"curies":[{"name":"wp","href":"https:\/\/api.w.org\/{rel}","templated":true}]}}