{"id":5938,"date":"2019-07-16T09:26:03","date_gmt":"2019-07-16T09:26:03","guid":{"rendered":"https:\/\/www.ctp.eu\/?page_id=5938"},"modified":"2020-08-28T10:59:07","modified_gmt":"2020-08-28T10:59:07","slug":"recruitment-privacy-policy","status":"publish","type":"page","link":"https:\/\/ctp.rvltpreview.com\/pl\/ctp-policies\/recruitment-privacy-policy\/","title":{"rendered":"Polityka prywatno\u015bci dotycz\u0105ca rekrutacji"},"content":{"rendered":"<div class=\"policy\">\n<h2>1 Postanowienia og\u00f3lne<\/h2>\n<p>Zobowi\u0105zujemy si\u0119 do poszanowania prywatno\u015bci u\u017cytkownik\u00f3w i ochrony ich danych osobowych, czyli wszelkich informacji umo\u017cliwiaj\u0105cych zidentyfikowanie u\u017cytkownika jako osoby fizycznej. Niniejsza Polityka Prywatno\u015bci Rekrutacji (\"Polityka Prywatno\u015bci<strong>Polityka prywatno\u015bci<\/strong>\") opisuje, w jaki spos\u00f3b <strong>CTP<\/strong> <strong>Inwestowa\u0107 <\/strong>(\"<strong>CTP Invest<\/strong>\" lub \"<strong>my<\/strong>\") obs\u0142uguje, przetwarza i chroni dane osobowe u\u017cytkownika w zwi\u0105zku z procesem rekrutacji. W rozumieniu niniejszej Polityki Prywatno\u015bci \"dane osobowe\" oznaczaj\u0105 informacje identyfikuj\u0105ce osoby ubiegaj\u0105ce si\u0119 o prac\u0119 i potencjalnych kandydat\u00f3w do zatrudnienia w naszej firmie (\"<strong>Ty<\/strong>\" lub \"<strong>kandydat<\/strong>\"), przes\u0142ane nam w ramach podania o prac\u0119 (online lub na pi\u015bmie) i\/lub za po\u015brednictwem alternatywnych kana\u0142\u00f3w (np. za po\u015brednictwem profesjonalnych firm rekrutacyjnych).<\/p>\n<p>Niniejsza Polityka Prywatno\u015bci informuje r\u00f3wnie\u017c o prawach u\u017cytkownika dotycz\u0105cych przetwarzania danych osobowych oraz o sposobach i \u015brodkach ich wykonywania.<\/p>\n<p>Zalecamy dok\u0142adne zapoznanie si\u0119 z niniejsz\u0105 Polityk\u0105 prywatno\u015bci.<\/p>\n<p>&nbsp;<\/p>\n<h2>2 Administrator danych osobowych<\/h2>\n<h3>2.1 Identyfikacja administratora danych<\/h3>\n<p>Administratorem danych osobowych u\u017cytkownika jest <strong>CTP Invest, spol. s r.o.<\/strong>, z siedzib\u0105 w Central Trade Park D1 1571, 396 01 Humpolec, ID: 261 66 453, zarejestrowana w Rejestrze Handlowym prowadzonym przez S\u0105d Rejonowy w Czeskich Budziejowicach, sygn. akt C 15647.<\/p>\n<p>Zgodnie z niniejsz\u0105 Polityk\u0105 prywatno\u015bci, dane osobowe u\u017cytkownika mog\u0105 by\u0107 udost\u0119pniane innym podmiotom stowarzyszonym lub zale\u017cnym CTP Invest b\u0119d\u0105cym cz\u0119\u015bci\u0105 Grupy CTP (\"<strong>Grupa CTP<\/strong>\").<\/p>\n<p>Aktualne dane kontaktowe i inne informacje na temat CTP Invest i innych sp\u00f3\u0142ek z Grupy CTP mo\u017cna znale\u017a\u0107 pod adresem <a href=\"https:\/\/ctp.rvltpreview.com\/contact\/\">https:\/\/ctp.rvltpreview.com\/contact\/<\/a>.<\/p>\n<p>W przypadku wniosk\u00f3w i\/lub skarg zwi\u0105zanych z niniejsz\u0105 Polityk\u0105 prywatno\u015bci mo\u017cna skontaktowa\u0107 si\u0119 z nami za po\u015brednictwem poczty elektronicznej <a href=\"mailto:Privacy@ctp.eu\">Privacy@ctp.eu<\/a>.<\/p>\n<p>&nbsp;<\/p>\n<h2>3 Cel, podstawa prawna, zakres i czas przetwarzania danych osobowych<\/h2>\n<h3>3.1 Cele, podstawy prawne i czas trwania przetwarzania<\/h3>\n<p>Przetwarzamy dane osobowe u\u017cytkownika wy\u0142\u0105cznie w zakresie niezb\u0119dnym do wype\u0142nienia naszych zobowi\u0105za\u0144 umownych lub ustawowych lub na podstawie zgody udzielonej przez u\u017cytkownika w celach okre\u015blonych poni\u017cej.<\/p>\n<p><strong>3.1.1<\/strong>\u00a0 Przetwarzamy dane osobowe u\u017cytkownik\u00f3w w nast\u0119puj\u0105cych celach <strong>proces rekrutacji i zatrudniania. <\/strong>Wykorzystujemy dane osobowe u\u017cytkownika w celu identyfikacji i oceny kandydat\u00f3w do potencjalnego zatrudnienia (tj. w celu <strong>konkretne stanowisko pracy w CTP Invest <\/strong>lub potencjalnie inny podmiot Grupy CTP).<\/p>\n<p>U\u017cywamy danych osobowych, gdy jest to konieczne do zawarcia z Tob\u0105 umowy o prac\u0119. Z tego powodu przetwarzamy dane osobowe do momentu zako\u0144czenia procesu rekrutacji. W tym celu dane osobowe mog\u0105 zosta\u0107 przekazane konkretnej sp\u00f3\u0142ce z Grupy CTP, w kt\u00f3rej dost\u0119pne jest wolne stanowisko pracy.<\/p>\n<p><strong>3.1.2<\/strong>\u00a0 Mo\u017cemy chcie\u0107 zachowa\u0107 dane osobowe u\u017cytkownika, aby rozwa\u017cy\u0107 jego przysz\u0142e mo\u017cliwo\u015bci zatrudnienia w CTP Invest lub, potencjalnie, w innych podmiotach Grupy CTP. W takim przypadku zwr\u00f3cimy si\u0119 do u\u017cytkownika o wyra\u017cenie zgody, przed lub po formalnym z\u0142o\u017ceniu przez niego podania o prac\u0119, na udzia\u0142 w naszym programie rekrutacyjnym, kt\u00f3ry umo\u017cliwia otrzymywanie dalszych ofert pracy w Grupie CTP. Ten program rekrutacyjny jest ca\u0142kowicie opcjonalny.<\/p>\n<p>Je\u015bli u\u017cytkownik wyrazi na to zgod\u0119, mo\u017cemy przetwarza\u0107 jego dane osobowe w nast\u0119puj\u0105cych celach <strong>kontaktowanie si\u0119 z Tob\u0105 w sprawie ofert pracy (wakat\u00f3w) na odpowiednie stanowisko w CTP Invest<\/strong> (lub innemu podmiotowi z Grupy CTP).  B\u0119dziemy przetwarza\u0107 Twoje dane osobowe maksymalnie przez okres okre\u015blony w zgodzie; okres ten zwykle nie przekracza 2 lat od momentu udzielenia zgody.<\/p>\n<p>&nbsp;<\/p>\n<h3>3.2 Zakres przetwarzania<\/h3>\n<p>Przetwarzamy dane osobowe u\u017cytkownik\u00f3w w nast\u0119puj\u0105cym zakresie: <strong>dane, kt\u00f3re nam przekazujesz <\/strong><strong>podczas procesu rekrutacji i zatrudniania oraz w \u017cyciorysie<\/strong>, w szczeg\u00f3lno\u015bci imi\u0119 i nazwisko, adres, adres e-mail, telefon, historia pracy i edukacji, osi\u0105gni\u0119cia i wyniki test\u00f3w (je\u015bli dotyczy), zdj\u0119cie i wszelkie inne dane osobowe zawarte w \u017cyciorysie lub w inny spos\u00f3b dostarczone lub uzyskane przez nas, na przyk\u0142ad dane, kt\u00f3re gromadzimy podczas sprawdzania kandydat\u00f3w, w tym zgodne z prawem kontrole przesz\u0142o\u015bci.<\/p>\n<h2><\/h2>\n<h2>4 Udost\u0119pnianie i przekazywanie danych osobowych (odbiorcy danych osobowych)<\/h2>\n<h3>4.1 Odbiorcy danych osobowych<\/h3>\n<p>Niekt\u00f3re kategorie danych osobowych, kt\u00f3re gromadzimy w spos\u00f3b okre\u015blony powy\u017cej, mog\u0105 by\u0107 przez nas udost\u0119pniane stronom trzecim, kt\u00f3re s\u0105 niezale\u017cnymi administratorami danych lub \u015bwiadcz\u0105 na nasz\u0105 rzecz okre\u015blone us\u0142ugi zwi\u0105zane z procesem rekrutacji, w szczeg\u00f3lno\u015bci jako podmioty przetwarzaj\u0105ce dane:<\/p>\n<p>I. w ramach Grupy CTP na potrzeby procesu rekrutacji i zatrudniania;<\/p>\n<p>II. podmiotom administruj\u0105cym naszymi systemami informatycznymi oraz \u015bwiadcz\u0105cym us\u0142ugi informatyczne wykorzystywane w celu administrowania i organizacji procesu rekrutacji;<\/p>\n<p>III. z podmiotami \u015bwiadcz\u0105cymi us\u0142ugi rekrutacji i og\u0142aszania ofert pracy;<\/p>\n<p>IV. z organami publicznymi lub innymi stronami trzecimi w celu wype\u0142nienia zobowi\u0105za\u0144 zgodnie z przepisami prawa.<\/p>\n<p>&nbsp;<\/p>\n<h3>4.2 Zabezpieczenia<\/h3>\n<p>Zawarli\u015bmy umowy dotycz\u0105ce przetwarzania danych osobowych z podmiotami przetwarzaj\u0105cymi dane osobowe, zgodnie z poprzednim akapitem (z wyj\u0105tkiem przypadk\u00f3w, w kt\u00f3rych zawarcie takiej umowy nie jest obowi\u0105zkowe, na przyk\u0142ad w przypadku przekazywania danych osobowych organom publicznym), kt\u00f3re zapewniaj\u0105 co najmniej taki sam poziom ich ochrony, jak niniejsza Polityka prywatno\u015bci.<\/p>\n<p>&nbsp;<\/p>\n<h2>5 Bezpiecze\u0144stwo danych<\/h2>\n<p>Wdro\u017cyli\u015bmy i utrzymujemy odpowiednie \u015brodki techniczne i organizacyjne, kontrole wewn\u0119trzne i procesy bezpiecze\u0144stwa informacji zgodnie z wymogami prawnymi i standardami rynkowymi odpowiadaj\u0105cymi mo\u017cliwemu zagro\u017ceniu dla u\u017cytkownika jako osoby, kt\u00f3rej dane dotycz\u0105. Bierzemy r\u00f3wnie\u017c pod uwag\u0119 stan rozwoju technologicznego w celu ochrony danych osobowych u\u017cytkownika przed przypadkow\u0105 utrat\u0105, zniszczeniem, zmianami, nieuprawnionym ujawnieniem lub dost\u0119pem. Takie \u015brodki mog\u0105 mi\u0119dzy innymi obejmowa\u0107 podj\u0119cie uzasadnionych krok\u00f3w w celu zapewnienia odpowiedzialno\u015bci odpowiednich pracownik\u00f3w, kt\u00f3rzy maj\u0105 dost\u0119p do danych u\u017cytkownika, szkolenie pracownik\u00f3w, regularne tworzenie kopii zapasowych, procedury odnawiania danych i zarz\u0105dzania incydentami, ochron\u0119 oprogramowania urz\u0105dze\u0144, na kt\u00f3rych przechowywane s\u0105 dane osobowe itp.<\/p>\n<p>&nbsp;<\/p>\n<h2>6 Prawa u\u017cytkownika jako osoby, kt\u00f3rej dane dotycz\u0105<\/h2>\n<p>Je\u015bli u\u017cytkownik chce skorzysta\u0107 z kt\u00f3regokolwiek ze swoich praw zgodnie z niniejszym artyku\u0142em lub zgodnie z obowi\u0105zuj\u0105cymi przepisami, prosimy o kontakt z nami, korzystaj\u0105c z danych kontaktowych wymienionych w art. 2 powy\u017cej.<\/p>\n<p>Ponadto, w stosownych przypadkach, poinformujemy ka\u017cdego odbiorc\u0119, kt\u00f3remu dane zosta\u0142y przekazane zgodnie z art. 4 niniejszej Polityki prywatno\u015bci, o podj\u0119tych \u015brodkach lub usuni\u0119ciu danych osobowych lub ograniczeniu przetwarzania zgodnie z \u017c\u0105daniem u\u017cytkownika, je\u015bli takie powiadomienie jest mo\u017cliwe i \/ lub nie wymaga nieproporcjonalnego wysi\u0142ku.<\/p>\n<p>&nbsp;<\/p>\n<h3>6.1 Dost\u0119p do danych osobowych u\u017cytkownika i mo\u017cliwo\u015b\u0107 ich przenoszenia<\/h3>\n<p>U\u017cytkownik ma prawo za\u017c\u0105da\u0107 informacji, czy i w jakim zakresie przetwarzamy jego dane osobowe. U\u017cytkownik ma r\u00f3wnie\u017c prawo do otrzymania danych osobowych, kt\u00f3re nam przekaza\u0142, oraz innych danych osobowych z nim zwi\u0105zanych (chyba \u017ce usun\u0119li\u015bmy jego dane przed z\u0142o\u017ceniem wniosku).<\/p>\n<p>Je\u015bli u\u017cytkownik tego za\u017c\u0105da, mo\u017cemy przes\u0142a\u0107 niekt\u00f3re jego dane osobowe (a mianowicie dane, kt\u00f3re przetwarzamy na podstawie wykonania umowy i\/lub zgody u\u017cytkownika oraz w spos\u00f3b zautomatyzowany) bezpo\u015brednio stronie trzeciej (innemu administratorowi danych), kt\u00f3r\u0105 u\u017cytkownik wska\u017ce w swoim \u017c\u0105daniu, pod warunkiem, \u017ce takie \u017c\u0105danie nie wp\u0142ynie na prawa i wolno\u015bci innych os\u00f3b oraz pod warunkiem, \u017ce jest to technicznie wykonalne.<\/p>\n<p>&nbsp;<\/p>\n<h3>6.2 Wycofanie zgody<\/h3>\n<p>U\u017cytkownik mo\u017ce wycofa\u0107 swoj\u0105 zgod\u0119 (je\u015bli nam jej udzieli\u0142) w dowolnym momencie bez podania przyczyny. W takim przypadku usuniemy dane osobowe u\u017cytkownika tak szybko, jak b\u0119dzie to rozs\u0105dne i wykonalne, ale nie p\u00f3\u017aniej ni\u017c 30 dni od wycofania zgody.<\/p>\n<p>Nale\u017cy pami\u0119ta\u0107, \u017ce wycofanie zgody nie wp\u0142ywa na zgodno\u015b\u0107 z prawem przetwarzania dokonanego na podstawie zgody przed jej wycofaniem.<\/p>\n<p>&nbsp;<\/p>\n<h3>6.3 Sprostowanie danych osobowych u\u017cytkownika<\/h3>\n<p>Zgodnie z obowi\u0105zuj\u0105cymi przepisami u\u017cytkownik ma prawo do sprostowania swoich danych osobowych, kt\u00f3re przetwarzamy, je\u015bli oka\u017ce si\u0119, \u017ce s\u0105 one niedok\u0142adne lub niekompletne.<\/p>\n<p>U\u017cytkownik mo\u017ce w dowolnym momencie za\u017c\u0105da\u0107 informacji o tym, czy nadal przetwarzamy jego dane osobowe.<\/p>\n<p>&nbsp;<\/p>\n<h3>6.4 Usuwanie danych osobowych u\u017cytkownika<\/h3>\n<p>U\u017cytkownik mo\u017ce za\u017c\u0105da\u0107 usuni\u0119cia swoich danych osobowych w dowolnym momencie (np. je\u015bli zdecyduje si\u0119 wycofa\u0107 z naszego programu rekrutacyjnego). Je\u015bli skontaktujesz si\u0119 z nami z tak\u0105 pro\u015bb\u0105, usuniemy wszystkie Twoje dane osobowe, kt\u00f3re posiadamy, bez zb\u0119dnej zw\u0142oki, chyba \u017ce b\u0119dziemy potrzebowa\u0107 Twoich danych osobowych do wype\u0142nienia zobowi\u0105za\u0144 umownych lub ustawowych.<\/p>\n<p>Ponadto usuniemy wszystkie dane osobowe u\u017cytkownika (i zapewnimy ich usuni\u0119cie przez zaanga\u017cowane przez nas podmioty przetwarzaj\u0105ce), je\u015bli u\u017cytkownik wycofa swoj\u0105 zgod\u0119.<\/p>\n<p>&nbsp;<\/p>\n<h3>6.5 Sprzeciw wobec przetwarzania<\/h3>\n<p>Je\u015bli przetwarzamy niekt\u00f3re dane osobowe u\u017cytkownika na podstawie naszego uzasadnionego interesu, u\u017cytkownik ma prawo w dowolnym momencie wnie\u015b\u0107 sprzeciw wobec przetwarzania danych osobowych. Je\u015bli istotne uzasadnione interesy przetwarzania - kt\u00f3re przewa\u017caj\u0105 nad interesami lub prawami i wolno\u015bciami osoby, kt\u00f3rej dane dotycz\u0105 - nie zostan\u0105 udowodnione z naszej strony lub dalsze przetwarzanie nie jest konieczne do ustalenia, wykonania lub obrony naszych roszcze\u0144 prawnych, nie b\u0119dziemy ju\u017c przetwarza\u0107 Twoich danych osobowych.<\/p>\n<p>&nbsp;<\/p>\n<h3>6.6 Ograniczenie przetwarzania<\/h3>\n<p>Je\u015bli u\u017cytkownik za\u017c\u0105da ograniczenia przetwarzania swoich danych osobowych, np. w przypadku zakwestionowania dok\u0142adno\u015bci lub zgodno\u015bci z prawem lub naszej potrzeby przetwarzania jego danych osobowych, ograniczymy przetwarzanie jego danych osobowych do niezb\u0119dnego minimum (przechowywanie) i mo\u017cemy je przetwarza\u0107 wy\u0142\u0105cznie w celu ustalenia, wykonania lub obrony roszcze\u0144 prawnych lub ze wzgl\u0119du na ochron\u0119 praw innej osoby fizycznej lub prawnej, lub z innych ograniczonych powod\u00f3w okre\u015blonych w obowi\u0105zuj\u0105cych przepisach. Je\u015bli ograniczenie przetwarzania zostanie zniesione i b\u0119dziemy kontynuowa\u0107 przetwarzanie danych osobowych u\u017cytkownika, poinformujemy go o tym bez zb\u0119dnej zw\u0142oki.<\/p>\n<p>&nbsp;<\/p>\n<h3>6.7 Skarga do Urz\u0119du Ochrony Danych Osobowych<\/h3>\n<p>U\u017cytkownik ma prawo z\u0142o\u017cy\u0107 skarg\u0119 dotycz\u0105c\u0105 przetwarzania przez nas danych do w\u0142a\u015bciwego organu ochrony danych, tj. w Republice Czeskiej do Urz\u0119du Ochrony Danych Osobowych, Pplk. Sochora 27, 170 00 Praha 7; strona internetowa: <a href=\"http:\/\/www.uoou.cz\">www.uoou.cz<\/a>.<\/p>\n<h2><\/h2>\n<h2>7 Aktualizacje Polityki prywatno\u015bci<\/h2>\n<p>Od czasu do czasu mo\u017cemy modyfikowa\u0107 lub aktualizowa\u0107 Polityk\u0119 prywatno\u015bci. Wszelkie zmiany w niniejszej Polityce prywatno\u015bci wchodz\u0105 w \u017cycie wraz z publikacj\u0105 zaktualizowanej Polityki prywatno\u015bci pod adresem <a href=\"https:\/\/ctp.rvltpreview.com\/ctp-policies\/recruitment-privacy-policy\/\">https:\/\/ctp.rvltpreview.com\/ctp-policies\/recruitment-privacy-policy\/.<\/a><\/p>\n<p>&nbsp;<\/p>\n<p>&nbsp;<\/p>\n<p>&nbsp;<\/p>\n<p>&nbsp;<\/p>\n<p>&nbsp;<\/p>\n<p>&nbsp;<\/p>\n<p>&nbsp;<\/p>\n<p>&nbsp;<\/p>\n<p>&nbsp;<\/p>\n<p>&nbsp;<\/p>\n<\/div>","protected":false},"excerpt":{"rendered":"<p>1 Postanowienia og\u00f3lne Zobowi\u0105zujemy si\u0119 do poszanowania prywatno\u015bci u\u017cytkownika i ochrony jego danych osobowych, czyli wszelkich informacji, kt\u00f3re<\/p>","protected":false},"author":67,"featured_media":0,"parent":6125,"menu_order":0,"comment_status":"closed","ping_status":"closed","template":"","meta":{"_acf_changed":false,"footnotes":""},"class_list":["post-5938","page","type-page","status-publish","hentry"],"acf":[],"yoast_head":"<title>Recruitment Privacy Policy - Commercial Real Estate Developer And Manager<\/title>\n<meta name=\"robots\" content=\"noindex, follow, max-snippet:-1, max-image-preview:large, max-video-preview:-1\" \/>\n<meta property=\"og:locale\" content=\"pl_PL\" \/>\n<meta property=\"og:type\" content=\"article\" \/>\n<meta property=\"og:title\" content=\"Recruitment Privacy Policy\" \/>\n<meta property=\"og:description\" content=\"1\u00a0 General Provisions We are committed to respecting your privacy and protecting your personal data, which is any information that\" \/>\n<meta property=\"og:url\" content=\"https:\/\/ctp.rvltpreview.com\/pl\/ctp-policies\/recruitment-privacy-policy\/\" \/>\n<meta property=\"og:site_name\" content=\"Commercial Real Estate Developer And Manager\" \/>\n<meta property=\"article:modified_time\" content=\"2020-08-28T10:59:07+00:00\" \/>\n<meta name=\"twitter:card\" content=\"summary_large_image\" \/>\n<meta name=\"twitter:label1\" content=\"Szacowany czas czytania\" \/>\n\t<meta name=\"twitter:data1\" content=\"8 minut\" \/>\n<script type=\"application\/ld+json\" class=\"yoast-schema-graph\">{\"@context\":\"https:\\\/\\\/schema.org\",\"@graph\":[{\"@type\":\"WebPage\",\"@id\":\"https:\\\/\\\/ctp.rvltpreview.com\\\/ctp-policies\\\/recruitment-privacy-policy\\\/\",\"url\":\"https:\\\/\\\/ctp.rvltpreview.com\\\/ctp-policies\\\/recruitment-privacy-policy\\\/\",\"name\":\"Recruitment Privacy Policy - Commercial Real Estate Developer And Manager\",\"isPartOf\":{\"@id\":\"https:\\\/\\\/ctp.rvltpreview.com\\\/#website\"},\"datePublished\":\"2019-07-16T09:26:03+00:00\",\"dateModified\":\"2020-08-28T10:59:07+00:00\",\"breadcrumb\":{\"@id\":\"https:\\\/\\\/ctp.rvltpreview.com\\\/ctp-policies\\\/recruitment-privacy-policy\\\/#breadcrumb\"},\"inLanguage\":\"pl-PL\",\"potentialAction\":[{\"@type\":\"ReadAction\",\"target\":[\"https:\\\/\\\/ctp.rvltpreview.com\\\/ctp-policies\\\/recruitment-privacy-policy\\\/\"]}]},{\"@type\":\"BreadcrumbList\",\"@id\":\"https:\\\/\\\/ctp.rvltpreview.com\\\/ctp-policies\\\/recruitment-privacy-policy\\\/#breadcrumb\",\"itemListElement\":[{\"@type\":\"ListItem\",\"position\":1,\"name\":\"Home\",\"item\":\"https:\\\/\\\/ctp.rvltpreview.com\\\/cs\\\/\"},{\"@type\":\"ListItem\",\"position\":2,\"name\":\"CTP Policies\",\"item\":\"https:\\\/\\\/ctp.rvltpreview.com\\\/ctp-policies\\\/\"},{\"@type\":\"ListItem\",\"position\":3,\"name\":\"Recruitment Privacy Policy\"}]},{\"@type\":\"WebSite\",\"@id\":\"https:\\\/\\\/ctp.rvltpreview.com\\\/#website\",\"url\":\"https:\\\/\\\/ctp.rvltpreview.com\\\/\",\"name\":\"Commercial Real Estate Developer And Manager\",\"description\":\"CTP - premium industrial warehouse and office buildings\",\"publisher\":{\"@id\":\"https:\\\/\\\/ctp.rvltpreview.com\\\/#organization\"},\"potentialAction\":[{\"@type\":\"SearchAction\",\"target\":{\"@type\":\"EntryPoint\",\"urlTemplate\":\"https:\\\/\\\/ctp.rvltpreview.com\\\/?s={search_term_string}\"},\"query-input\":{\"@type\":\"PropertyValueSpecification\",\"valueRequired\":true,\"valueName\":\"search_term_string\"}}],\"inLanguage\":\"pl-PL\"},{\"@type\":\"Organization\",\"@id\":\"https:\\\/\\\/ctp.rvltpreview.com\\\/#organization\",\"name\":\"CTP\",\"url\":\"https:\\\/\\\/ctp.rvltpreview.com\\\/\",\"logo\":{\"@type\":\"ImageObject\",\"inLanguage\":\"pl-PL\",\"@id\":\"https:\\\/\\\/ctp.rvltpreview.com\\\/#\\\/schema\\\/logo\\\/image\\\/\",\"url\":\"\",\"contentUrl\":\"\",\"caption\":\"CTP\"},\"image\":{\"@id\":\"https:\\\/\\\/ctp.rvltpreview.com\\\/#\\\/schema\\\/logo\\\/image\\\/\"}}]}<\/script>","yoast_head_json":{"title":"Polityka prywatno\u015bci w procesie rekrutacji - Deweloper i zarz\u0105dca nieruchomo\u015bci komercyjnych","robots":{"index":"noindex","follow":"follow","max-snippet":"max-snippet:-1","max-image-preview":"max-image-preview:large","max-video-preview":"max-video-preview:-1"},"og_locale":"pl_PL","og_type":"article","og_title":"Recruitment Privacy Policy","og_description":"1\u00a0 General Provisions We are committed to respecting your privacy and protecting your personal data, which is any information that","og_url":"https:\/\/ctp.rvltpreview.com\/pl\/ctp-policies\/recruitment-privacy-policy\/","og_site_name":"Commercial Real Estate Developer And Manager","article_modified_time":"2020-08-28T10:59:07+00:00","twitter_card":"summary_large_image","twitter_misc":{"Szacowany czas czytania":"8 minut"},"schema":{"@context":"https:\/\/schema.org","@graph":[{"@type":"WebPage","@id":"https:\/\/ctp.rvltpreview.com\/ctp-policies\/recruitment-privacy-policy\/","url":"https:\/\/ctp.rvltpreview.com\/ctp-policies\/recruitment-privacy-policy\/","name":"Polityka prywatno\u015bci w procesie rekrutacji - Deweloper i zarz\u0105dca nieruchomo\u015bci komercyjnych","isPartOf":{"@id":"https:\/\/ctp.rvltpreview.com\/#website"},"datePublished":"2019-07-16T09:26:03+00:00","dateModified":"2020-08-28T10:59:07+00:00","breadcrumb":{"@id":"https:\/\/ctp.rvltpreview.com\/ctp-policies\/recruitment-privacy-policy\/#breadcrumb"},"inLanguage":"pl-PL","potentialAction":[{"@type":"ReadAction","target":["https:\/\/ctp.rvltpreview.com\/ctp-policies\/recruitment-privacy-policy\/"]}]},{"@type":"BreadcrumbList","@id":"https:\/\/ctp.rvltpreview.com\/ctp-policies\/recruitment-privacy-policy\/#breadcrumb","itemListElement":[{"@type":"ListItem","position":1,"name":"Home","item":"https:\/\/ctp.rvltpreview.com\/cs\/"},{"@type":"ListItem","position":2,"name":"CTP Policies","item":"https:\/\/ctp.rvltpreview.com\/ctp-policies\/"},{"@type":"ListItem","position":3,"name":"Recruitment Privacy Policy"}]},{"@type":"WebSite","@id":"https:\/\/ctp.rvltpreview.com\/#website","url":"https:\/\/ctp.rvltpreview.com\/","name":"Deweloper i zarz\u0105dca nieruchomo\u015bci komercyjnych","description":"CTP - magazyny przemys\u0142owe i budynki biurowe klasy premium","publisher":{"@id":"https:\/\/ctp.rvltpreview.com\/#organization"},"potentialAction":[{"@type":"SearchAction","target":{"@type":"EntryPoint","urlTemplate":"https:\/\/ctp.rvltpreview.com\/?s={search_term_string}"},"query-input":{"@type":"PropertyValueSpecification","valueRequired":true,"valueName":"search_term_string"}}],"inLanguage":"pl-PL"},{"@type":"Organization","@id":"https:\/\/ctp.rvltpreview.com\/#organization","name":"CTP","url":"https:\/\/ctp.rvltpreview.com\/","logo":{"@type":"ImageObject","inLanguage":"pl-PL","@id":"https:\/\/ctp.rvltpreview.com\/#\/schema\/logo\/image\/","url":"","contentUrl":"","caption":"CTP"},"image":{"@id":"https:\/\/ctp.rvltpreview.com\/#\/schema\/logo\/image\/"}}]}},"_links":{"self":[{"href":"https:\/\/ctp.rvltpreview.com\/pl\/wp-json\/wp\/v2\/pages\/5938","targetHints":{"allow":["GET"]}}],"collection":[{"href":"https:\/\/ctp.rvltpreview.com\/pl\/wp-json\/wp\/v2\/pages"}],"about":[{"href":"https:\/\/ctp.rvltpreview.com\/pl\/wp-json\/wp\/v2\/types\/page"}],"author":[{"embeddable":true,"href":"https:\/\/ctp.rvltpreview.com\/pl\/wp-json\/wp\/v2\/users\/67"}],"replies":[{"embeddable":true,"href":"https:\/\/ctp.rvltpreview.com\/pl\/wp-json\/wp\/v2\/comments?post=5938"}],"version-history":[{"count":0,"href":"https:\/\/ctp.rvltpreview.com\/pl\/wp-json\/wp\/v2\/pages\/5938\/revisions"}],"up":[{"embeddable":true,"href":"https:\/\/ctp.rvltpreview.com\/pl\/wp-json\/wp\/v2\/pages\/6125"}],"wp:attachment":[{"href":"https:\/\/ctp.rvltpreview.com\/pl\/wp-json\/wp\/v2\/media?parent=5938"}],"curies":[{"name":"wp","href":"https:\/\/api.w.org\/{rel}","templated":true}]}}