{"id":236,"date":"2018-04-17T11:23:21","date_gmt":"2018-04-17T11:23:21","guid":{"rendered":"https:\/\/www.ctp.eu\/?page_id=236"},"modified":"2023-11-03T09:25:06","modified_gmt":"2023-11-03T07:25:06","slug":"industrial","status":"publish","type":"page","link":"https:\/\/ctp.rvltpreview.com\/pl\/portfolio\/industrial\/","title":{"rendered":"Portfolio przemys\u0142owe"},"content":{"rendered":"<h2 class=\"ctp-red weight-normal\" style=\"line-height: 1.2;\">Zalety nieruchomo\u015bci przemys\u0142owych CTP<\/h2>\n<p>Dbamy o Twoje potrzeby zwi\u0105zane z obiektami, aby\u015b m\u00f3g\u0142 skupi\u0107 si\u0119 na swojej dzia\u0142alno\u015bci. Jako do\u015bwiadczony deweloper, w\u0142a\u015bciciel i operator nieruchomo\u015bci komercyjnych - a tak\u017ce zaufany europejski partner ponad 1000 globalnych i lokalnych lider\u00f3w rynku - dysponujemy wiedz\u0105 niezb\u0119dn\u0105 do maksymalizacji warto\u015bci Twojej dzia\u0142alno\u015bci w ca\u0142ym cyklu \u017cycia inwestycji.Korzy\u015bci dla klient\u00f3w obejmuj\u0105 nasze wewn\u0119trzne zespo\u0142y skoncentrowane na kliencie, elastyczno\u015b\u0107 w dostosowywaniu powierzchni oraz szybk\u0105 rozbudow\u0119 i zmian\u0119 lokalizacji w miar\u0119 rozwoju firmy, aktualizacje i konserwacj\u0119 technologii, a tak\u017ce spok\u00f3j ducha i gwarancj\u0119 jako\u015bci, kt\u00f3re wynikaj\u0105 z partnerstwa z nami - najwi\u0119kszym w Europie deweloperem nieruchomo\u015bci przemys\u0142owych i logistycznych notowanym na gie\u0142dzie oraz d\u0142ugoterminowym liderem rynku w inteligentnej biznesowo Europie \u015arodkowo-Wschodniej.<\/p>","protected":false},"excerpt":{"rendered":"<p>Zalety nieruchomo\u015bci przemys\u0142owych CTP Dbamy o Twoje potrzeby zwi\u0105zane z obiektami, aby\u015b m\u00f3g\u0142 skupi\u0107 si\u0119 na swojej dzia\u0142alno\u015bci.<\/p>","protected":false},"author":67,"featured_media":0,"parent":64,"menu_order":0,"comment_status":"closed","ping_status":"closed","template":"templates\/industrial-portfolio.php","meta":{"_acf_changed":false,"footnotes":""},"class_list":["post-236","page","type-page","status-publish","hentry"],"acf":[],"yoast_head":"<title>Industrial Portfolio - Commercial Real Estate Developer And Manager<\/title>\n<meta name=\"robots\" content=\"noindex, follow, max-snippet:-1, max-image-preview:large, max-video-preview:-1\" \/>\n<meta property=\"og:locale\" content=\"pl_PL\" \/>\n<meta property=\"og:type\" content=\"article\" \/>\n<meta property=\"og:title\" content=\"Industrial Portfolio\" \/>\n<meta property=\"og:description\" content=\"Advantages of CTP&#8217;s Industrial Properties We take care of your facility needs so that you can stay focused on your\" \/>\n<meta property=\"og:url\" content=\"https:\/\/ctp.rvltpreview.com\/pl\/portfolio\/industrial\/\" \/>\n<meta property=\"og:site_name\" content=\"Commercial Real Estate Developer And Manager\" \/>\n<meta property=\"article:modified_time\" content=\"2023-11-03T07:25:06+00:00\" \/>\n<meta name=\"twitter:card\" content=\"summary_large_image\" \/>\n<meta name=\"twitter:label1\" content=\"Szacowany czas czytania\" \/>\n\t<meta name=\"twitter:data1\" content=\"1 minuta\" \/>\n<script type=\"application\/ld+json\" class=\"yoast-schema-graph\">{\"@context\":\"https:\/\/schema.org\",\"@graph\":[{\"@type\":\"WebPage\",\"@id\":\"https:\/\/ctp.rvltpreview.com\/portfolio\/industrial\/\",\"url\":\"https:\/\/ctp.rvltpreview.com\/portfolio\/industrial\/\",\"name\":\"Industrial Portfolio - Commercial Real Estate Developer And Manager\",\"isPartOf\":{\"@id\":\"https:\/\/ctp.rvltpreview.com\/#website\"},\"datePublished\":\"2018-04-17T11:23:21+00:00\",\"dateModified\":\"2023-11-03T07:25:06+00:00\",\"breadcrumb\":{\"@id\":\"https:\/\/ctp.rvltpreview.com\/portfolio\/industrial\/#breadcrumb\"},\"inLanguage\":\"pl-PL\",\"potentialAction\":[{\"@type\":\"ReadAction\",\"target\":[\"https:\/\/ctp.rvltpreview.com\/portfolio\/industrial\/\"]}]},{\"@type\":\"BreadcrumbList\",\"@id\":\"https:\/\/ctp.rvltpreview.com\/portfolio\/industrial\/#breadcrumb\",\"itemListElement\":[{\"@type\":\"ListItem\",\"position\":1,\"name\":\"Home\",\"item\":\"https:\/\/ctp.rvltpreview.com\/\"},{\"@type\":\"ListItem\",\"position\":2,\"name\":\"Portfolio\",\"item\":\"https:\/\/ctp.rvltpreview.com\/portfolio\/\"},{\"@type\":\"ListItem\",\"position\":3,\"name\":\"Industrial Portfolio\"}]},{\"@type\":\"WebSite\",\"@id\":\"https:\/\/ctp.rvltpreview.com\/#website\",\"url\":\"https:\/\/ctp.rvltpreview.com\/\",\"name\":\"Commercial Real Estate Developer And Manager\",\"description\":\"CTP - premium industrial warehouse and office buildings\",\"publisher\":{\"@id\":\"https:\/\/ctp.rvltpreview.com\/#organization\"},\"potentialAction\":[{\"@type\":\"SearchAction\",\"target\":{\"@type\":\"EntryPoint\",\"urlTemplate\":\"https:\/\/ctp.rvltpreview.com\/?s={search_term_string}\"},\"query-input\":{\"@type\":\"PropertyValueSpecification\",\"valueRequired\":true,\"valueName\":\"search_term_string\"}}],\"inLanguage\":\"pl-PL\"},{\"@type\":\"Organization\",\"@id\":\"https:\/\/ctp.rvltpreview.com\/#organization\",\"name\":\"CTP\",\"url\":\"https:\/\/ctp.rvltpreview.com\/\",\"logo\":{\"@type\":\"ImageObject\",\"inLanguage\":\"pl-PL\",\"@id\":\"https:\/\/ctp.rvltpreview.com\/#\/schema\/logo\/image\/\",\"url\":\"\",\"contentUrl\":\"\",\"caption\":\"CTP\"},\"image\":{\"@id\":\"https:\/\/ctp.rvltpreview.com\/#\/schema\/logo\/image\/\"}}]}<\/script>","yoast_head_json":{"title":"Industrial Portfolio - Commercial Real Estate Developer And Manager","robots":{"index":"noindex","follow":"follow","max-snippet":"max-snippet:-1","max-image-preview":"max-image-preview:large","max-video-preview":"max-video-preview:-1"},"og_locale":"pl_PL","og_type":"article","og_title":"Industrial Portfolio","og_description":"Advantages of CTP&#8217;s Industrial Properties We take care of your facility needs so that you can stay focused on your","og_url":"https:\/\/ctp.rvltpreview.com\/pl\/portfolio\/industrial\/","og_site_name":"Commercial Real Estate Developer And Manager","article_modified_time":"2023-11-03T07:25:06+00:00","twitter_card":"summary_large_image","twitter_misc":{"Szacowany czas czytania":"1 minuta"},"schema":{"@context":"https:\/\/schema.org","@graph":[{"@type":"WebPage","@id":"https:\/\/ctp.rvltpreview.com\/portfolio\/industrial\/","url":"https:\/\/ctp.rvltpreview.com\/portfolio\/industrial\/","name":"Industrial Portfolio - Commercial Real Estate Developer And Manager","isPartOf":{"@id":"https:\/\/ctp.rvltpreview.com\/#website"},"datePublished":"2018-04-17T11:23:21+00:00","dateModified":"2023-11-03T07:25:06+00:00","breadcrumb":{"@id":"https:\/\/ctp.rvltpreview.com\/portfolio\/industrial\/#breadcrumb"},"inLanguage":"pl-PL","potentialAction":[{"@type":"ReadAction","target":["https:\/\/ctp.rvltpreview.com\/portfolio\/industrial\/"]}]},{"@type":"BreadcrumbList","@id":"https:\/\/ctp.rvltpreview.com\/portfolio\/industrial\/#breadcrumb","itemListElement":[{"@type":"ListItem","position":1,"name":"Home","item":"https:\/\/ctp.rvltpreview.com\/"},{"@type":"ListItem","position":2,"name":"Portfolio","item":"https:\/\/ctp.rvltpreview.com\/portfolio\/"},{"@type":"ListItem","position":3,"name":"Industrial Portfolio"}]},{"@type":"WebSite","@id":"https:\/\/ctp.rvltpreview.com\/#website","url":"https:\/\/ctp.rvltpreview.com\/","name":"Commercial Real Estate Developer And Manager","description":"CTP - premium industrial warehouse and office buildings","publisher":{"@id":"https:\/\/ctp.rvltpreview.com\/#organization"},"potentialAction":[{"@type":"SearchAction","target":{"@type":"EntryPoint","urlTemplate":"https:\/\/ctp.rvltpreview.com\/?s={search_term_string}"},"query-input":{"@type":"PropertyValueSpecification","valueRequired":true,"valueName":"search_term_string"}}],"inLanguage":"pl-PL"},{"@type":"Organization","@id":"https:\/\/ctp.rvltpreview.com\/#organization","name":"CTP","url":"https:\/\/ctp.rvltpreview.com\/","logo":{"@type":"ImageObject","inLanguage":"pl-PL","@id":"https:\/\/ctp.rvltpreview.com\/#\/schema\/logo\/image\/","url":"","contentUrl":"","caption":"CTP"},"image":{"@id":"https:\/\/ctp.rvltpreview.com\/#\/schema\/logo\/image\/"}}]}},"_links":{"self":[{"href":"https:\/\/ctp.rvltpreview.com\/pl\/wp-json\/wp\/v2\/pages\/236","targetHints":{"allow":["GET"]}}],"collection":[{"href":"https:\/\/ctp.rvltpreview.com\/pl\/wp-json\/wp\/v2\/pages"}],"about":[{"href":"https:\/\/ctp.rvltpreview.com\/pl\/wp-json\/wp\/v2\/types\/page"}],"author":[{"embeddable":true,"href":"https:\/\/ctp.rvltpreview.com\/pl\/wp-json\/wp\/v2\/users\/67"}],"replies":[{"embeddable":true,"href":"https:\/\/ctp.rvltpreview.com\/pl\/wp-json\/wp\/v2\/comments?post=236"}],"version-history":[{"count":33,"href":"https:\/\/ctp.rvltpreview.com\/pl\/wp-json\/wp\/v2\/pages\/236\/revisions"}],"predecessor-version":[{"id":89070,"href":"https:\/\/ctp.rvltpreview.com\/pl\/wp-json\/wp\/v2\/pages\/236\/revisions\/89070"}],"up":[{"embeddable":true,"href":"https:\/\/ctp.rvltpreview.com\/pl\/wp-json\/wp\/v2\/pages\/64"}],"wp:attachment":[{"href":"https:\/\/ctp.rvltpreview.com\/pl\/wp-json\/wp\/v2\/media?parent=236"}],"curies":[{"name":"wp","href":"https:\/\/api.w.org\/{rel}","templated":true}]}}