{"id":2001,"date":"2018-05-10T13:17:39","date_gmt":"2018-05-10T13:17:39","guid":{"rendered":"https:\/\/www.ctp.eu\/?page_id=2001"},"modified":"2020-08-28T10:58:58","modified_gmt":"2020-08-28T10:58:58","slug":"consent-to-the-processing-of-personal-data","status":"publish","type":"page","link":"https:\/\/ctp.rvltpreview.com\/pl\/ctp-policies\/consent-to-the-processing-of-personal-data\/","title":{"rendered":"Zgoda na przetwarzanie danych osobowych"},"content":{"rendered":"<div class=\"policy\">\n<p><strong>Informacja o ochronie prywatno\u015bci<\/strong><\/p>\n<p>Niniejsza informacja o ochronie prywatno\u015bci ma zastosowanie do przestrzegania prawa do prywatno\u015bci z punktu widzenia ochrony danych osobowych w odniesieniu do tej strony internetowej obs\u0142ugiwanej przez <strong>CTP invest, spol. s.r.o.<\/strong>, z siedzib\u0105 w CTPark Humpolec, 39601 Humpolec, zarejestrowana w Rejestrze Handlowym prowadzonym przez S\u0105d Rejonowy w Czeskich Budziejowicach, sygn. akt. C 15647 (\"<strong>kontroler<\/strong>\u201c).<\/p>\n<p>&nbsp;<\/p>\n<p><strong>Ochrona prywatno\u015bci i danych osobowych<\/strong><\/p>\n<p><strong>CTP invest, spol. s.r.o.<\/strong> przetwarza dane osobowe swoich klient\u00f3w w ramach swojej dzia\u0142alno\u015bci i dzia\u0142a jako Administrator zgodnie z Rozporz\u0105dzeniem Parlamentu Europejskiego i Rady (UE) 2016\/679 z dnia 27 kwietnia 2016 r. w sprawie ochrony os\u00f3b fizycznych w zwi\u0105zku z przetwarzaniem danych osobowych (\"<strong>RODO<\/strong>\"). W ramach naszych obowi\u0105zk\u00f3w jako Administratora przekazujemy Ci niniejszy dokument, w kt\u00f3rym informujemy Ci\u0119 o sposobie, zakresie i innych warunkach przetwarzania Twoich danych osobowych na naszej stronie internetowej.<\/p>\n<p>&nbsp;<\/p>\n<p><strong>Jakie dane osobowe przetwarzamy?<\/strong><\/p>\n<p>Na naszej stronie internetowej przetwarzamy Twoje dane osobowe zawieraj\u0105ce adres IP, informacje dotycz\u0105ce systemu operacyjnego i typu przegl\u0105darki oraz urz\u0105dzenia ko\u0144cowego, a tak\u017ce informacje dotycz\u0105ce Twojej aktywno\u015bci na naszej stronie internetowej, rejestrowane i przechowywane za pomoc\u0105 plik\u00f3w cookie.<\/p>\n<p>&nbsp;<\/p>\n<p><strong>Jaki jest cel przetwarzania danych osobowych u\u017cytkownika?<\/strong><\/p>\n<p>Administrator przetwarza i przechowuje dane osobowe u\u017cytkownika na warunkach i w granicach okre\u015blonych przez obowi\u0105zuj\u0105ce przepisy w nast\u0119puj\u0105cych celach:<\/p>\n<ol>\n<li>Przetwarzanie, na kt\u00f3re nie potrzebujemy zgody u\u017cytkownika:<\/li>\n<\/ol>\n<p><em>Optymalizacja funkcjonowania strony internetowej<\/em><\/p>\n<p>Przetwarzamy dane osobowe w celu prawid\u0142owego funkcjonowania strony internetowej, indywidualizacji tre\u015bci strony przez u\u017cytkownik\u00f3w oraz poprawy komfortu ich u\u017cytkowania.<\/p>\n<p>U\u017cytkownik mo\u017ce wy\u0142\u0105czy\u0107 przechowywanie plik\u00f3w cookie w swoim urz\u0105dzeniu ko\u0144cowym, odpowiednio dostosowuj\u0105c ustawienia przegl\u0105darki. Mo\u017ce to jednak ograniczy\u0107 funkcjonowanie strony internetowej, w tym uniemo\u017cliwi\u0107 dost\u0119p do niekt\u00f3rych jej cz\u0119\u015bci. Je\u015bli u\u017cytkownik nie dostosowa\u0142 ustawie\u0144 przegl\u0105darki, nasz system b\u0119dzie automatycznie wysy\u0142a\u0142 pliki cookie za ka\u017cdym razem, gdy u\u017cytkownik zaloguje si\u0119 na naszej stronie internetowej.<\/p>\n<p>Pliki cookie przechowywane w urz\u0105dzeniu mo\u017cna usun\u0105\u0107, usuwaj\u0105c histori\u0119 przegl\u0105dania na komputerze. Mo\u017cna r\u00f3wnie\u017c wybra\u0107 przegl\u0105danie naszej witryny w trybie \"prywatnym\", kt\u00f3ry ogranicza zakres danych rejestrowanych przez komputer.<\/p>\n<p>&nbsp;<\/p>\n<p>2. Przetwarzanie, kt\u00f3re przeprowadzamy wy\u0142\u0105cznie za zgod\u0105 u\u017cytkownika:<\/p>\n<p><em>Cele marketingowe<\/em><\/p>\n<p>Twoje dane osobowe w postaci marketingowych plik\u00f3w cookie s\u0105 wykorzystywane do oceny Twoich preferencji, dzi\u0119ki czemu wy\u015bwietlane s\u0105 reklamy odpowiednie dla Ciebie.<\/p>\n<p>W tym celu niniejsza witryna korzysta z narz\u0119dzi marketingowych stron trzecich:<\/p>\n<ul>\n<li>Dane Google Analytics;<\/li>\n<li>Facebook;<\/li>\n<li>Leady.cz;<\/li>\n<li>Podobni dostawcy narz\u0119dzi analitycznych i marketingowych.<\/li>\n<\/ul>\n<p>Wyra\u017cenie zgody na cele marketingowe jest dobrowolne, a w przypadku niewyra\u017cenia zgody nadal mo\u017cna przegl\u0105da\u0107 nasz\u0105 witryn\u0119 internetow\u0105. Zgoda mo\u017ce zosta\u0107 wycofana w dowolnym momencie.<\/p>\n<ul>\n<li>Dystrybucja newslettera i innych informacji handlowych<\/li>\n<\/ul>\n<p>Zgoda udzielona w celu otrzymywania newsletter\u00f3w i innych informacji handlowych jest dobrowolna, jednak jej nieudzielenie uniemo\u017cliwi regularne otrzymywanie informacji i wiadomo\u015bci dotycz\u0105cych naszej dzia\u0142alno\u015bci. Zgod\u0119 mo\u017cna wycofa\u0107 w dowolnym momencie, szczeg\u00f3\u0142owe informacje o sposobie wycofania zgody zawarte s\u0105 w ka\u017cdej wiadomo\u015bci e-mail.<\/p>\n<p>&nbsp;<\/p>\n<p><strong>Jaka jest podstawa prawna przetwarzania danych?<\/strong><\/p>\n<p>Podstaw\u0105 prawn\u0105 w pierwszym przypadku (lit. a.) jest uzasadniony interes Administratora polegaj\u0105cy na prawid\u0142owym funkcjonowaniu strony internetowej, a w przypadku przetwarzania danych w celach marketingowych (lit. b.) podstaw\u0105 jest wyra\u017ana zgoda u\u017cytkownika.<\/p>\n<p>&nbsp;<\/p>\n<p><strong>Komu przekazywane s\u0105 dane?<\/strong><\/p>\n<p>Przetwarzamy i przechowujemy dane osobowe dostarczone przez u\u017cytkownika g\u0142\u00f3wnie we w\u0142asnym zakresie. W zakresie, w jakim jest to bezwzgl\u0119dnie konieczne, dane mog\u0105 by\u0107 przetwarzane przez inne podmioty przetwarzaj\u0105ce, takie jak dostawcy us\u0142ug ksi\u0119gowych i informatycznych, wy\u0142\u0105cznie na podstawie umowy powierzenia przetwarzania danych. Je\u015bli chodzi o przetwarzanie w celach marketingowych na podstawie Twojej zgody, przekazujemy Twoje dane osobowe podmiotom, kt\u00f3re \u015bwiadcz\u0105 nam us\u0142ugi marketingowe.<\/p>\n<p>&nbsp;<\/p>\n<p><strong>Jak d\u0142ugo dane osobowe u\u017cytkownika b\u0119d\u0105 przez nas przetwarzane?<\/strong><\/p>\n<p>Dane osobowe u\u017cytkownika s\u0105 przetwarzane przez okres niezb\u0119dny do realizacji danego celu przetwarzania, tj. co najmniej przez okres obowi\u0105zywania danej umowy, okres wa\u017cno\u015bci zgody oraz przez okres, w kt\u00f3rym Administrator jest zobowi\u0105zany lub uprawniony do przechowywania danych zgodnie z powszechnie obowi\u0105zuj\u0105cymi przepisami prawa.<\/p>\n<p>&nbsp;<\/p>\n<p><strong>Jakie s\u0105 moje prawa w zakresie ochrony danych osobowych?<\/strong><\/p>\n<p>Jako osoba, kt\u00f3rej dane dotycz\u0105, masz wszystkie prawa wynikaj\u0105ce z RODO, w tym mi\u0119dzy innymi:<\/p>\n<ol>\n<li>prawo do otrzymywania informacji dotycz\u0105cych przetwarzania danych osobowych;<\/li>\n<li>prawo dost\u0119pu do swoich danych osobowych;<\/li>\n<li>prawo do \u017c\u0105dania od Administratora sprostowania, usuni\u0119cia lub ograniczenia przetwarzania danych osobowych;<\/li>\n<li>prawo do wniesienia sprzeciwu wobec przetwarzania danych osobowych;<\/li>\n<li>prawo do uzyskania swoich danych osobowych (prawo do przenoszenia danych); oraz<\/li>\n<li>prawo do wniesienia skargi do Urz\u0119du Ochrony Danych Osobowych.<\/li>\n<\/ol>\n<p>&nbsp;<\/p>\n<p><strong>Jak mog\u0119 skontaktowa\u0107 si\u0119 z administratorem moich danych osobowych?<\/strong><\/p>\n<p>U\u017cytkownik mo\u017ce skontaktowa\u0107 si\u0119 z Administratorem w zwi\u0105zku z ochron\u0105 swoich danych osobowych i realizacj\u0105 swoich praw, w tym cofni\u0119ciem zgody, listownie na adres siedziby Administratora, pisz\u0105c na adres e-mail: <a href=\"mailto:info@ctp.eu\">info@ctp.eu<\/a> oraz telefonicznie pod numerem: +420 222 390 942.<\/p>\n<\/div>","protected":false},"excerpt":{"rendered":"<p>Niniejsza informacja o ochronie prywatno\u015bci ma zastosowanie do przestrzegania prawa do prywatno\u015bci z punktu widzenia danych osobowych<\/p>","protected":false},"author":67,"featured_media":0,"parent":6125,"menu_order":0,"comment_status":"closed","ping_status":"closed","template":"","meta":{"_acf_changed":false,"footnotes":""},"class_list":["post-2001","page","type-page","status-publish","hentry"],"acf":[],"yoast_head":"<title>Consent to the processing of personal data - Commercial Real Estate Developer And Manager<\/title>\n<meta name=\"robots\" content=\"noindex, follow, max-snippet:-1, max-image-preview:large, max-video-preview:-1\" \/>\n<meta property=\"og:locale\" content=\"pl_PL\" \/>\n<meta property=\"og:type\" content=\"article\" \/>\n<meta property=\"og:title\" content=\"Consent to the processing of personal data\" \/>\n<meta property=\"og:description\" content=\"Privacy Notice This privacy notice applies to observing the right to privacy from the point of view of personal data\" \/>\n<meta property=\"og:url\" content=\"https:\/\/ctp.rvltpreview.com\/pl\/ctp-policies\/consent-to-the-processing-of-personal-data\/\" \/>\n<meta property=\"og:site_name\" content=\"Commercial Real Estate Developer And Manager\" \/>\n<meta property=\"article:modified_time\" content=\"2020-08-28T10:58:58+00:00\" \/>\n<meta name=\"twitter:card\" content=\"summary_large_image\" \/>\n<meta name=\"twitter:label1\" content=\"Szacowany czas czytania\" \/>\n\t<meta name=\"twitter:data1\" content=\"4 minuty\" \/>\n<script type=\"application\/ld+json\" class=\"yoast-schema-graph\">{\"@context\":\"https:\\\/\\\/schema.org\",\"@graph\":[{\"@type\":\"WebPage\",\"@id\":\"https:\\\/\\\/ctp.rvltpreview.com\\\/ctp-policies\\\/consent-to-the-processing-of-personal-data\\\/\",\"url\":\"https:\\\/\\\/ctp.rvltpreview.com\\\/ctp-policies\\\/consent-to-the-processing-of-personal-data\\\/\",\"name\":\"Consent to the processing of personal data - Commercial Real Estate Developer And Manager\",\"isPartOf\":{\"@id\":\"https:\\\/\\\/ctp.rvltpreview.com\\\/#website\"},\"datePublished\":\"2018-05-10T13:17:39+00:00\",\"dateModified\":\"2020-08-28T10:58:58+00:00\",\"breadcrumb\":{\"@id\":\"https:\\\/\\\/ctp.rvltpreview.com\\\/ctp-policies\\\/consent-to-the-processing-of-personal-data\\\/#breadcrumb\"},\"inLanguage\":\"pl-PL\",\"potentialAction\":[{\"@type\":\"ReadAction\",\"target\":[\"https:\\\/\\\/ctp.rvltpreview.com\\\/ctp-policies\\\/consent-to-the-processing-of-personal-data\\\/\"]}]},{\"@type\":\"BreadcrumbList\",\"@id\":\"https:\\\/\\\/ctp.rvltpreview.com\\\/ctp-policies\\\/consent-to-the-processing-of-personal-data\\\/#breadcrumb\",\"itemListElement\":[{\"@type\":\"ListItem\",\"position\":1,\"name\":\"Home\",\"item\":\"https:\\\/\\\/ctp.rvltpreview.com\\\/cs\\\/\"},{\"@type\":\"ListItem\",\"position\":2,\"name\":\"CTP Policies\",\"item\":\"https:\\\/\\\/ctp.rvltpreview.com\\\/ctp-policies\\\/\"},{\"@type\":\"ListItem\",\"position\":3,\"name\":\"Consent to the processing of personal data\"}]},{\"@type\":\"WebSite\",\"@id\":\"https:\\\/\\\/ctp.rvltpreview.com\\\/#website\",\"url\":\"https:\\\/\\\/ctp.rvltpreview.com\\\/\",\"name\":\"Commercial Real Estate Developer And Manager\",\"description\":\"CTP - premium industrial warehouse and office buildings\",\"publisher\":{\"@id\":\"https:\\\/\\\/ctp.rvltpreview.com\\\/#organization\"},\"potentialAction\":[{\"@type\":\"SearchAction\",\"target\":{\"@type\":\"EntryPoint\",\"urlTemplate\":\"https:\\\/\\\/ctp.rvltpreview.com\\\/?s={search_term_string}\"},\"query-input\":{\"@type\":\"PropertyValueSpecification\",\"valueRequired\":true,\"valueName\":\"search_term_string\"}}],\"inLanguage\":\"pl-PL\"},{\"@type\":\"Organization\",\"@id\":\"https:\\\/\\\/ctp.rvltpreview.com\\\/#organization\",\"name\":\"CTP\",\"url\":\"https:\\\/\\\/ctp.rvltpreview.com\\\/\",\"logo\":{\"@type\":\"ImageObject\",\"inLanguage\":\"pl-PL\",\"@id\":\"https:\\\/\\\/ctp.rvltpreview.com\\\/#\\\/schema\\\/logo\\\/image\\\/\",\"url\":\"\",\"contentUrl\":\"\",\"caption\":\"CTP\"},\"image\":{\"@id\":\"https:\\\/\\\/ctp.rvltpreview.com\\\/#\\\/schema\\\/logo\\\/image\\\/\"}}]}<\/script>","yoast_head_json":{"title":"Zgoda na przetwarzanie danych osobowych - Deweloper i zarz\u0105dca nieruchomo\u015bci komercyjnych","robots":{"index":"noindex","follow":"follow","max-snippet":"max-snippet:-1","max-image-preview":"max-image-preview:large","max-video-preview":"max-video-preview:-1"},"og_locale":"pl_PL","og_type":"article","og_title":"Consent to the processing of personal data","og_description":"Privacy Notice This privacy notice applies to observing the right to privacy from the point of view of personal data","og_url":"https:\/\/ctp.rvltpreview.com\/pl\/ctp-policies\/consent-to-the-processing-of-personal-data\/","og_site_name":"Commercial Real Estate Developer And Manager","article_modified_time":"2020-08-28T10:58:58+00:00","twitter_card":"summary_large_image","twitter_misc":{"Szacowany czas czytania":"4 minuty"},"schema":{"@context":"https:\/\/schema.org","@graph":[{"@type":"WebPage","@id":"https:\/\/ctp.rvltpreview.com\/ctp-policies\/consent-to-the-processing-of-personal-data\/","url":"https:\/\/ctp.rvltpreview.com\/ctp-policies\/consent-to-the-processing-of-personal-data\/","name":"Zgoda na przetwarzanie danych osobowych - Deweloper i zarz\u0105dca nieruchomo\u015bci komercyjnych","isPartOf":{"@id":"https:\/\/ctp.rvltpreview.com\/#website"},"datePublished":"2018-05-10T13:17:39+00:00","dateModified":"2020-08-28T10:58:58+00:00","breadcrumb":{"@id":"https:\/\/ctp.rvltpreview.com\/ctp-policies\/consent-to-the-processing-of-personal-data\/#breadcrumb"},"inLanguage":"pl-PL","potentialAction":[{"@type":"ReadAction","target":["https:\/\/ctp.rvltpreview.com\/ctp-policies\/consent-to-the-processing-of-personal-data\/"]}]},{"@type":"BreadcrumbList","@id":"https:\/\/ctp.rvltpreview.com\/ctp-policies\/consent-to-the-processing-of-personal-data\/#breadcrumb","itemListElement":[{"@type":"ListItem","position":1,"name":"Home","item":"https:\/\/ctp.rvltpreview.com\/cs\/"},{"@type":"ListItem","position":2,"name":"CTP Policies","item":"https:\/\/ctp.rvltpreview.com\/ctp-policies\/"},{"@type":"ListItem","position":3,"name":"Consent to the processing of personal data"}]},{"@type":"WebSite","@id":"https:\/\/ctp.rvltpreview.com\/#website","url":"https:\/\/ctp.rvltpreview.com\/","name":"Deweloper i zarz\u0105dca nieruchomo\u015bci komercyjnych","description":"CTP - magazyny przemys\u0142owe i budynki biurowe klasy premium","publisher":{"@id":"https:\/\/ctp.rvltpreview.com\/#organization"},"potentialAction":[{"@type":"SearchAction","target":{"@type":"EntryPoint","urlTemplate":"https:\/\/ctp.rvltpreview.com\/?s={search_term_string}"},"query-input":{"@type":"PropertyValueSpecification","valueRequired":true,"valueName":"search_term_string"}}],"inLanguage":"pl-PL"},{"@type":"Organization","@id":"https:\/\/ctp.rvltpreview.com\/#organization","name":"CTP","url":"https:\/\/ctp.rvltpreview.com\/","logo":{"@type":"ImageObject","inLanguage":"pl-PL","@id":"https:\/\/ctp.rvltpreview.com\/#\/schema\/logo\/image\/","url":"","contentUrl":"","caption":"CTP"},"image":{"@id":"https:\/\/ctp.rvltpreview.com\/#\/schema\/logo\/image\/"}}]}},"_links":{"self":[{"href":"https:\/\/ctp.rvltpreview.com\/pl\/wp-json\/wp\/v2\/pages\/2001","targetHints":{"allow":["GET"]}}],"collection":[{"href":"https:\/\/ctp.rvltpreview.com\/pl\/wp-json\/wp\/v2\/pages"}],"about":[{"href":"https:\/\/ctp.rvltpreview.com\/pl\/wp-json\/wp\/v2\/types\/page"}],"author":[{"embeddable":true,"href":"https:\/\/ctp.rvltpreview.com\/pl\/wp-json\/wp\/v2\/users\/67"}],"replies":[{"embeddable":true,"href":"https:\/\/ctp.rvltpreview.com\/pl\/wp-json\/wp\/v2\/comments?post=2001"}],"version-history":[{"count":0,"href":"https:\/\/ctp.rvltpreview.com\/pl\/wp-json\/wp\/v2\/pages\/2001\/revisions"}],"up":[{"embeddable":true,"href":"https:\/\/ctp.rvltpreview.com\/pl\/wp-json\/wp\/v2\/pages\/6125"}],"wp:attachment":[{"href":"https:\/\/ctp.rvltpreview.com\/pl\/wp-json\/wp\/v2\/media?parent=2001"}],"curies":[{"name":"wp","href":"https:\/\/api.w.org\/{rel}","templated":true}]}}