{"id":13620,"date":"2021-03-03T13:39:45","date_gmt":"2021-03-03T13:39:45","guid":{"rendered":"https:\/\/www.ctp.eu\/?page_id=13620"},"modified":"2021-08-06T13:10:10","modified_gmt":"2021-08-06T13:10:10","slug":"access-restricted","status":"publish","type":"page","link":"https:\/\/ctp.rvltpreview.com\/pl\/access-restricted\/","title":{"rendered":"Ograniczony dost\u0119p"},"content":{"rendered":"<h2 class=\"investors-subtitle\">\u017ba\u0142ujemy, \u017ce ze wzgl\u0119du na ograniczenia regulacyjne nie mo\u017cemy zapewni\u0107 dost\u0119pu do tych materia\u0142\u00f3w.<\/h2>\n<p class=\"investors-paragraph\">Wykryli\u015bmy, \u017ce u\u017cytkownik uzyskuje dost\u0119p do tej witryny z kraju o ograniczonym dost\u0119pie, w kt\u00f3rym ze wzgl\u0119du na ograniczenia regulacyjne jeste\u015bmy zobowi\u0105zani zablokowa\u0107 dost\u0119p do materia\u0142\u00f3w na \u017c\u0105danej stronie. Je\u015bli uwa\u017casz, \u017ce jest to b\u0142\u0105d, skontaktuj si\u0119 z naszym<a href=\"https:\/\/ctp.rvltpreview.com\/investors\/#contact\"> Zesp\u00f3\u0142 ds. relacji inwestorskich tutaj<\/a>.<\/p>\n<p><a class=\"btn btn-primary uppercase mb-0 getOfferButton\" style=\"margin-top: 80px;\" href=\"\/investors\/\">Kliknij tutaj, aby przej\u015b\u0107 do strony g\u0142\u00f3wnej<\/a><\/p>","protected":false},"excerpt":{"rendered":"<p>\u017ba\u0142ujemy, \u017ce ze wzgl\u0119du na ograniczenia regulacyjne nie mo\u017cemy zapewni\u0107 dost\u0119pu do tych materia\u0142\u00f3w. Wykryli\u015bmy, \u017ce<\/p>","protected":false},"author":22,"featured_media":0,"parent":0,"menu_order":0,"comment_status":"closed","ping_status":"closed","template":"investors-sub-page.php","meta":{"_acf_changed":false,"footnotes":""},"class_list":["post-13620","page","type-page","status-publish","hentry"],"acf":[],"yoast_head":"<title>Access restricted - Commercial Real Estate Developer And Manager<\/title>\n<meta name=\"robots\" content=\"noindex, follow, max-snippet:-1, max-image-preview:large, max-video-preview:-1\" \/>\n<meta property=\"og:locale\" content=\"pl_PL\" \/>\n<meta property=\"og:type\" content=\"article\" \/>\n<meta property=\"og:title\" content=\"Access restricted\" \/>\n<meta property=\"og:description\" content=\"We regret that due to regulatory restrictions, we cannot provide you with access to these materials. We have detected that\" \/>\n<meta property=\"og:url\" content=\"https:\/\/ctp.rvltpreview.com\/pl\/access-restricted\/\" \/>\n<meta property=\"og:site_name\" content=\"Commercial Real Estate Developer And Manager\" \/>\n<meta property=\"article:modified_time\" content=\"2021-08-06T13:10:10+00:00\" \/>\n<meta name=\"twitter:card\" content=\"summary_large_image\" \/>\n<script type=\"application\/ld+json\" class=\"yoast-schema-graph\">{\"@context\":\"https:\\\/\\\/schema.org\",\"@graph\":[{\"@type\":\"WebPage\",\"@id\":\"https:\\\/\\\/ctp.rvltpreview.com\\\/access-restricted\\\/\",\"url\":\"https:\\\/\\\/ctp.rvltpreview.com\\\/access-restricted\\\/\",\"name\":\"Access restricted - Commercial Real Estate Developer And Manager\",\"isPartOf\":{\"@id\":\"https:\\\/\\\/ctp.rvltpreview.com\\\/#website\"},\"datePublished\":\"2021-03-03T13:39:45+00:00\",\"dateModified\":\"2021-08-06T13:10:10+00:00\",\"breadcrumb\":{\"@id\":\"https:\\\/\\\/ctp.rvltpreview.com\\\/access-restricted\\\/#breadcrumb\"},\"inLanguage\":\"pl-PL\",\"potentialAction\":[{\"@type\":\"ReadAction\",\"target\":[\"https:\\\/\\\/ctp.rvltpreview.com\\\/access-restricted\\\/\"]}]},{\"@type\":\"BreadcrumbList\",\"@id\":\"https:\\\/\\\/ctp.rvltpreview.com\\\/access-restricted\\\/#breadcrumb\",\"itemListElement\":[{\"@type\":\"ListItem\",\"position\":1,\"name\":\"Home\",\"item\":\"https:\\\/\\\/ctp.rvltpreview.com\\\/cs\\\/\"},{\"@type\":\"ListItem\",\"position\":2,\"name\":\"Access restricted\"}]},{\"@type\":\"WebSite\",\"@id\":\"https:\\\/\\\/ctp.rvltpreview.com\\\/#website\",\"url\":\"https:\\\/\\\/ctp.rvltpreview.com\\\/\",\"name\":\"Commercial Real Estate Developer And Manager\",\"description\":\"CTP - premium industrial warehouse and office buildings\",\"publisher\":{\"@id\":\"https:\\\/\\\/ctp.rvltpreview.com\\\/#organization\"},\"potentialAction\":[{\"@type\":\"SearchAction\",\"target\":{\"@type\":\"EntryPoint\",\"urlTemplate\":\"https:\\\/\\\/ctp.rvltpreview.com\\\/?s={search_term_string}\"},\"query-input\":{\"@type\":\"PropertyValueSpecification\",\"valueRequired\":true,\"valueName\":\"search_term_string\"}}],\"inLanguage\":\"pl-PL\"},{\"@type\":\"Organization\",\"@id\":\"https:\\\/\\\/ctp.rvltpreview.com\\\/#organization\",\"name\":\"CTP\",\"url\":\"https:\\\/\\\/ctp.rvltpreview.com\\\/\",\"logo\":{\"@type\":\"ImageObject\",\"inLanguage\":\"pl-PL\",\"@id\":\"https:\\\/\\\/ctp.rvltpreview.com\\\/#\\\/schema\\\/logo\\\/image\\\/\",\"url\":\"\",\"contentUrl\":\"\",\"caption\":\"CTP\"},\"image\":{\"@id\":\"https:\\\/\\\/ctp.rvltpreview.com\\\/#\\\/schema\\\/logo\\\/image\\\/\"}}]}<\/script>","yoast_head_json":{"title":"Ograniczony dost\u0119p - deweloper i zarz\u0105dca nieruchomo\u015bci komercyjnych","robots":{"index":"noindex","follow":"follow","max-snippet":"max-snippet:-1","max-image-preview":"max-image-preview:large","max-video-preview":"max-video-preview:-1"},"og_locale":"pl_PL","og_type":"article","og_title":"Access restricted","og_description":"We regret that due to regulatory restrictions, we cannot provide you with access to these materials. We have detected that","og_url":"https:\/\/ctp.rvltpreview.com\/pl\/access-restricted\/","og_site_name":"Commercial Real Estate Developer And Manager","article_modified_time":"2021-08-06T13:10:10+00:00","twitter_card":"summary_large_image","schema":{"@context":"https:\/\/schema.org","@graph":[{"@type":"WebPage","@id":"https:\/\/ctp.rvltpreview.com\/access-restricted\/","url":"https:\/\/ctp.rvltpreview.com\/access-restricted\/","name":"Ograniczony dost\u0119p - deweloper i zarz\u0105dca nieruchomo\u015bci komercyjnych","isPartOf":{"@id":"https:\/\/ctp.rvltpreview.com\/#website"},"datePublished":"2021-03-03T13:39:45+00:00","dateModified":"2021-08-06T13:10:10+00:00","breadcrumb":{"@id":"https:\/\/ctp.rvltpreview.com\/access-restricted\/#breadcrumb"},"inLanguage":"pl-PL","potentialAction":[{"@type":"ReadAction","target":["https:\/\/ctp.rvltpreview.com\/access-restricted\/"]}]},{"@type":"BreadcrumbList","@id":"https:\/\/ctp.rvltpreview.com\/access-restricted\/#breadcrumb","itemListElement":[{"@type":"ListItem","position":1,"name":"Home","item":"https:\/\/ctp.rvltpreview.com\/cs\/"},{"@type":"ListItem","position":2,"name":"Access restricted"}]},{"@type":"WebSite","@id":"https:\/\/ctp.rvltpreview.com\/#website","url":"https:\/\/ctp.rvltpreview.com\/","name":"Deweloper i zarz\u0105dca nieruchomo\u015bci komercyjnych","description":"CTP - magazyny przemys\u0142owe i budynki biurowe klasy premium","publisher":{"@id":"https:\/\/ctp.rvltpreview.com\/#organization"},"potentialAction":[{"@type":"SearchAction","target":{"@type":"EntryPoint","urlTemplate":"https:\/\/ctp.rvltpreview.com\/?s={search_term_string}"},"query-input":{"@type":"PropertyValueSpecification","valueRequired":true,"valueName":"search_term_string"}}],"inLanguage":"pl-PL"},{"@type":"Organization","@id":"https:\/\/ctp.rvltpreview.com\/#organization","name":"CTP","url":"https:\/\/ctp.rvltpreview.com\/","logo":{"@type":"ImageObject","inLanguage":"pl-PL","@id":"https:\/\/ctp.rvltpreview.com\/#\/schema\/logo\/image\/","url":"","contentUrl":"","caption":"CTP"},"image":{"@id":"https:\/\/ctp.rvltpreview.com\/#\/schema\/logo\/image\/"}}]}},"_links":{"self":[{"href":"https:\/\/ctp.rvltpreview.com\/pl\/wp-json\/wp\/v2\/pages\/13620","targetHints":{"allow":["GET"]}}],"collection":[{"href":"https:\/\/ctp.rvltpreview.com\/pl\/wp-json\/wp\/v2\/pages"}],"about":[{"href":"https:\/\/ctp.rvltpreview.com\/pl\/wp-json\/wp\/v2\/types\/page"}],"author":[{"embeddable":true,"href":"https:\/\/ctp.rvltpreview.com\/pl\/wp-json\/wp\/v2\/users\/22"}],"replies":[{"embeddable":true,"href":"https:\/\/ctp.rvltpreview.com\/pl\/wp-json\/wp\/v2\/comments?post=13620"}],"version-history":[{"count":0,"href":"https:\/\/ctp.rvltpreview.com\/pl\/wp-json\/wp\/v2\/pages\/13620\/revisions"}],"wp:attachment":[{"href":"https:\/\/ctp.rvltpreview.com\/pl\/wp-json\/wp\/v2\/media?parent=13620"}],"curies":[{"name":"wp","href":"https:\/\/api.w.org\/{rel}","templated":true}]}}