{"id":72455,"date":"2023-02-21T14:52:59","date_gmt":"2023-02-21T12:52:59","guid":{"rendered":"https:\/\/www.ctp.eu\/?page_id=72455"},"modified":"2023-02-21T16:35:45","modified_gmt":"2023-02-21T14:35:45","slug":"mipim-2023","status":"publish","type":"page","link":"https:\/\/ctp.rvltpreview.com\/hu\/company\/events\/mipim-2023\/","title":{"rendered":"Kapcsol\u00f3djunk <br> <span>a  c\u00edmen.<\/span> MIPIM"},"content":{"rendered":"<p>A MIPIM minden \u00e9vben a kontinens legjobbjait vonzza, hogy megvitass\u00e1k az \u00e9p\u00edtett k\u00f6rnyezet j\u00f6v\u0151j\u00e9t, \u00e9s \u00f6sszekapcsolj\u00e1k a k\u00fcl\u00f6nb\u00f6z\u0151 \u00e9rdekelt feleket \u00e9s gondolkod\u00f3kat - a v\u00e1rostervez\u0151kt\u0151l a mag\u00e1nszektor szerepl\u0151in \u00e9s a v\u00e1rosi tisztvisel\u0151kt\u0151l a tud\u00f3sokig.  Nagyon \u00f6r\u00fcl\u00fcnk, hogy id\u00e9n is r\u00e9szt vehet\u00fcnk a rendezv\u00e9nyen, \u00e9s rem\u00e9lj\u00fck, hogy ott tal\u00e1lkozunk! J\u00f6jj\u00f6n el a standunkhoz, hogy kapcsolatba l\u00e9phessen a Parkmakers csapat\u00e1val, vagy l\u00e1thassa \u0151ket a sz\u00ednpadon.<\/p>","protected":false},"excerpt":{"rendered":"<p>A MIPIM minden \u00e9vben a kontinens legjobbjait vonzza, hogy megvitass\u00e1k az \u00e9p\u00edtett k\u00f6rnyezet j\u00f6v\u0151j\u00e9t \u00e9s csatlakozzanak<\/p>","protected":false},"author":22,"featured_media":0,"parent":198,"menu_order":0,"comment_status":"closed","ping_status":"closed","template":"investors-sub-page.php","meta":{"_acf_changed":false,"footnotes":""},"class_list":["post-72455","page","type-page","status-publish","hentry"],"acf":[],"yoast_head":"<title>Let\u2019s connect  at MIPIM - Commercial Real Estate Developer And Manager<\/title>\n<meta name=\"robots\" content=\"noindex, follow, max-snippet:-1, max-image-preview:large, max-video-preview:-1\" \/>\n<meta property=\"og:locale\" content=\"hu_HU\" \/>\n<meta property=\"og:type\" content=\"article\" \/>\n<meta property=\"og:title\" content=\"Let\u2019s connect  at MIPIM\" \/>\n<meta property=\"og:description\" content=\"Every year, MIPIM attracts the best from across the continent to discuss the future of the built environment and connect\" \/>\n<meta property=\"og:url\" content=\"https:\/\/ctp.rvltpreview.com\/hu\/company\/events\/mipim-2023\/\" \/>\n<meta property=\"og:site_name\" content=\"Commercial Real Estate Developer And Manager\" \/>\n<meta property=\"article:modified_time\" content=\"2023-02-21T14:35:45+00:00\" \/>\n<meta property=\"og:image\" content=\"https:\/\/ctp.rvltpreview.com\/wp-content\/uploads\/2023\/02\/web-MIPIM-23-social.jpg\" \/>\n\t<meta property=\"og:image:width\" content=\"1444\" \/>\n\t<meta property=\"og:image:height\" content=\"756\" \/>\n\t<meta property=\"og:image:type\" content=\"image\/jpeg\" \/>\n<meta name=\"twitter:card\" content=\"summary_large_image\" \/>\n<meta name=\"twitter:label1\" content=\"Becs\u00fclt olvas\u00e1si id\u0151\" \/>\n\t<meta name=\"twitter:data1\" content=\"1 perc\" \/>\n<script type=\"application\/ld+json\" class=\"yoast-schema-graph\">{\"@context\":\"https:\\\/\\\/schema.org\",\"@graph\":[{\"@type\":\"WebPage\",\"@id\":\"https:\\\/\\\/ctp.rvltpreview.com\\\/company\\\/events\\\/mipim-2023\\\/\",\"url\":\"https:\\\/\\\/ctp.rvltpreview.com\\\/company\\\/events\\\/mipim-2023\\\/\",\"name\":\"Let\u2019s connect at MIPIM - Commercial Real Estate Developer And Manager\",\"isPartOf\":{\"@id\":\"https:\\\/\\\/ctp.rvltpreview.com\\\/#website\"},\"datePublished\":\"2023-02-21T12:52:59+00:00\",\"dateModified\":\"2023-02-21T14:35:45+00:00\",\"breadcrumb\":{\"@id\":\"https:\\\/\\\/ctp.rvltpreview.com\\\/company\\\/events\\\/mipim-2023\\\/#breadcrumb\"},\"inLanguage\":\"hu\",\"potentialAction\":[{\"@type\":\"ReadAction\",\"target\":[\"https:\\\/\\\/ctp.rvltpreview.com\\\/company\\\/events\\\/mipim-2023\\\/\"]}]},{\"@type\":\"BreadcrumbList\",\"@id\":\"https:\\\/\\\/ctp.rvltpreview.com\\\/company\\\/events\\\/mipim-2023\\\/#breadcrumb\",\"itemListElement\":[{\"@type\":\"ListItem\",\"position\":1,\"name\":\"Home\",\"item\":\"https:\\\/\\\/ctp.rvltpreview.com\\\/\"},{\"@type\":\"ListItem\",\"position\":2,\"name\":\"Company\",\"item\":\"https:\\\/\\\/ctp.rvltpreview.com\\\/company\\\/\"},{\"@type\":\"ListItem\",\"position\":3,\"name\":\"Events and Happenings\",\"item\":\"https:\\\/\\\/ctp.rvltpreview.com\\\/company\\\/events\\\/\"},{\"@type\":\"ListItem\",\"position\":4,\"name\":\"Let\u2019s connect at MIPIM\"}]},{\"@type\":\"WebSite\",\"@id\":\"https:\\\/\\\/ctp.rvltpreview.com\\\/#website\",\"url\":\"https:\\\/\\\/ctp.rvltpreview.com\\\/\",\"name\":\"Commercial Real Estate Developer And Manager\",\"description\":\"CTP - premium industrial warehouse and office buildings\",\"publisher\":{\"@id\":\"https:\\\/\\\/ctp.rvltpreview.com\\\/#organization\"},\"potentialAction\":[{\"@type\":\"SearchAction\",\"target\":{\"@type\":\"EntryPoint\",\"urlTemplate\":\"https:\\\/\\\/ctp.rvltpreview.com\\\/?s={search_term_string}\"},\"query-input\":{\"@type\":\"PropertyValueSpecification\",\"valueRequired\":true,\"valueName\":\"search_term_string\"}}],\"inLanguage\":\"hu\"},{\"@type\":\"Organization\",\"@id\":\"https:\\\/\\\/ctp.rvltpreview.com\\\/#organization\",\"name\":\"CTP\",\"url\":\"https:\\\/\\\/ctp.rvltpreview.com\\\/\",\"logo\":{\"@type\":\"ImageObject\",\"inLanguage\":\"hu\",\"@id\":\"https:\\\/\\\/ctp.rvltpreview.com\\\/#\\\/schema\\\/logo\\\/image\\\/\",\"url\":\"\",\"contentUrl\":\"\",\"caption\":\"CTP\"},\"image\":{\"@id\":\"https:\\\/\\\/ctp.rvltpreview.com\\\/#\\\/schema\\\/logo\\\/image\\\/\"}}]}<\/script>","yoast_head_json":{"title":"Kapcsol\u00f3djunk a MIPIM-hez \u2013 Kereskedelmi ingatlanfejleszt\u0151 \u00e9s -kezel\u0151","robots":{"index":"noindex","follow":"follow","max-snippet":"max-snippet:-1","max-image-preview":"max-image-preview:large","max-video-preview":"max-video-preview:-1"},"og_locale":"hu_HU","og_type":"article","og_title":"Let\u2019s connect  at MIPIM","og_description":"Every year, MIPIM attracts the best from across the continent to discuss the future of the built environment and connect","og_url":"https:\/\/ctp.rvltpreview.com\/hu\/company\/events\/mipim-2023\/","og_site_name":"Commercial Real Estate Developer And Manager","article_modified_time":"2023-02-21T14:35:45+00:00","og_image":[{"width":1444,"height":756,"url":"https:\/\/ctp.rvltpreview.com\/wp-content\/uploads\/2023\/02\/web-MIPIM-23-social.jpg","type":"image\/jpeg"}],"twitter_card":"summary_large_image","twitter_misc":{"Becs\u00fclt olvas\u00e1si id\u0151":"1 perc"},"schema":{"@context":"https:\/\/schema.org","@graph":[{"@type":"WebPage","@id":"https:\/\/ctp.rvltpreview.com\/company\/events\/mipim-2023\/","url":"https:\/\/ctp.rvltpreview.com\/company\/events\/mipim-2023\/","name":"Kapcsol\u00f3djunk a MIPIM-hez \u2013 Kereskedelmi ingatlanfejleszt\u0151 \u00e9s -kezel\u0151","isPartOf":{"@id":"https:\/\/ctp.rvltpreview.com\/#website"},"datePublished":"2023-02-21T12:52:59+00:00","dateModified":"2023-02-21T14:35:45+00:00","breadcrumb":{"@id":"https:\/\/ctp.rvltpreview.com\/company\/events\/mipim-2023\/#breadcrumb"},"inLanguage":"hu","potentialAction":[{"@type":"ReadAction","target":["https:\/\/ctp.rvltpreview.com\/company\/events\/mipim-2023\/"]}]},{"@type":"BreadcrumbList","@id":"https:\/\/ctp.rvltpreview.com\/company\/events\/mipim-2023\/#breadcrumb","itemListElement":[{"@type":"ListItem","position":1,"name":"Home","item":"https:\/\/ctp.rvltpreview.com\/"},{"@type":"ListItem","position":2,"name":"Company","item":"https:\/\/ctp.rvltpreview.com\/company\/"},{"@type":"ListItem","position":3,"name":"Events and Happenings","item":"https:\/\/ctp.rvltpreview.com\/company\/events\/"},{"@type":"ListItem","position":4,"name":"Let\u2019s connect at MIPIM"}]},{"@type":"WebSite","@id":"https:\/\/ctp.rvltpreview.com\/#website","url":"https:\/\/ctp.rvltpreview.com\/","name":"Kereskedelmi ingatlanfejleszt\u0151 \u00e9s menedzser","description":"CTP - pr\u00e9mium ipari rakt\u00e1rak \u00e9s iroda\u00e9p\u00fcletek","publisher":{"@id":"https:\/\/ctp.rvltpreview.com\/#organization"},"potentialAction":[{"@type":"SearchAction","target":{"@type":"EntryPoint","urlTemplate":"https:\/\/ctp.rvltpreview.com\/?s={search_term_string}"},"query-input":{"@type":"PropertyValueSpecification","valueRequired":true,"valueName":"search_term_string"}}],"inLanguage":"hu"},{"@type":"Organization","@id":"https:\/\/ctp.rvltpreview.com\/#organization","name":"CTP","url":"https:\/\/ctp.rvltpreview.com\/","logo":{"@type":"ImageObject","inLanguage":"hu","@id":"https:\/\/ctp.rvltpreview.com\/#\/schema\/logo\/image\/","url":"","contentUrl":"","caption":"CTP"},"image":{"@id":"https:\/\/ctp.rvltpreview.com\/#\/schema\/logo\/image\/"}}]}},"_links":{"self":[{"href":"https:\/\/ctp.rvltpreview.com\/hu\/wp-json\/wp\/v2\/pages\/72455","targetHints":{"allow":["GET"]}}],"collection":[{"href":"https:\/\/ctp.rvltpreview.com\/hu\/wp-json\/wp\/v2\/pages"}],"about":[{"href":"https:\/\/ctp.rvltpreview.com\/hu\/wp-json\/wp\/v2\/types\/page"}],"author":[{"embeddable":true,"href":"https:\/\/ctp.rvltpreview.com\/hu\/wp-json\/wp\/v2\/users\/22"}],"replies":[{"embeddable":true,"href":"https:\/\/ctp.rvltpreview.com\/hu\/wp-json\/wp\/v2\/comments?post=72455"}],"version-history":[{"count":0,"href":"https:\/\/ctp.rvltpreview.com\/hu\/wp-json\/wp\/v2\/pages\/72455\/revisions"}],"up":[{"embeddable":true,"href":"https:\/\/ctp.rvltpreview.com\/hu\/wp-json\/wp\/v2\/pages\/198"}],"wp:attachment":[{"href":"https:\/\/ctp.rvltpreview.com\/hu\/wp-json\/wp\/v2\/media?parent=72455"}],"curies":[{"name":"wp","href":"https:\/\/api.w.org\/{rel}","templated":true}]}}