{"id":64327,"date":"2022-11-16T19:26:58","date_gmt":"2022-11-16T17:26:58","guid":{"rendered":"https:\/\/www.ctp.eu\/?page_id=64327"},"modified":"2023-04-14T15:18:54","modified_gmt":"2023-04-14T13:18:54","slug":"jobs","status":"publish","type":"page","link":"https:\/\/ctp.rvltpreview.com\/hu\/company\/jobs\/","title":{"rendered":"Kezdje vel\u00fcnk a j\u00f6v\u0151j\u00e9t"},"content":{"rendered":"<p>A CTP egy dinamikus, gyorsan n\u00f6vekv\u0151 v\u00e1llalat, amely kih\u00edv\u00e1sok el\u00e9 \u00e1ll\u00edtja az embereket, hogy a legjobb teljes\u00edtm\u00e9nyt ny\u00fajts\u00e1k. <strong>\u00d6t alapvet\u0151 \u00e9rt\u00e9k - elk\u00f6telezetts\u00e9g a kiv\u00e1l\u00f3s\u00e1g, v\u00e1llalkoz\u00f3i szellem, az \u00e9rdekelt felek elsz\u00e1moltathat\u00f3s\u00e1ga, fenntarthat\u00f3s\u00e1g \u00e9s k\u00f6z\u00f6ss\u00e9g ir\u00e1nti elk\u00f6telezetts\u00e9g.<\/strong>-egyes\u00edti a piacainkat \u00e9s csapatainkat, mik\u00f6zben gyakorlatias, teljes sebess\u00e9ggel m\u0171k\u00f6d\u0151 v\u00e1llalati kult\u00far\u00e1nk lehet\u0151s\u00e9get ad arra, hogy val\u00f3di hat\u00e1st gyakoroljon a v\u00e1llalatra. Ha \u00fagy gondolod, hogy megvan benned az, ami ahhoz kell, hogy csatlakozz d\u00edjnyertes szakemberekb\u0151l \u00e1ll\u00f3 csapatunkhoz, n\u00e9zd meg az al\u00e1bbi list\u00e1t a k\u00e9pess\u00e9geidnek megfelel\u0151 lehet\u0151s\u00e9gekr\u0151l.<\/p>","protected":false},"excerpt":{"rendered":"<p>A CTP egy dinamikus, gyorsan n\u00f6vekv\u0151 v\u00e1llalat, amely kih\u00edv\u00e1st jelent az emberek sz\u00e1m\u00e1ra, hogy a legjobb teljes\u00edtm\u00e9nyt ny\u00fajts\u00e1k. \u00d6t alap\u00e9rt\u00e9k \u2013 a kiv\u00e1l\u00f3s\u00e1g ir\u00e1nti elk\u00f6telezetts\u00e9g, a v\u00e1llalkoz\u00f3i szellem<\/p>","protected":false},"author":22,"featured_media":0,"parent":62,"menu_order":0,"comment_status":"closed","ping_status":"closed","template":"jobs-page-home.php","meta":{"_acf_changed":false,"footnotes":""},"class_list":["post-64327","page","type-page","status-publish","hentry"],"acf":[],"yoast_head":"<title>Start Your Future with Us at CTP<\/title>\n<meta name=\"description\" content=\"Available jobs at CTP - the leading industrial property developer and manager - job opportunities available in Central and Eastern Europe.\" \/>\n<meta name=\"robots\" content=\"noindex, follow, max-snippet:-1, max-image-preview:large, max-video-preview:-1\" \/>\n<meta property=\"og:locale\" content=\"hu_HU\" \/>\n<meta property=\"og:type\" content=\"article\" \/>\n<meta property=\"og:title\" content=\"Start Your Future with Us\" \/>\n<meta property=\"og:description\" content=\"Available jobs at CTP - the leading industrial property developer and manager - job opportunities available in Central and Eastern Europe.\" \/>\n<meta property=\"og:url\" content=\"https:\/\/ctp.rvltpreview.com\/hu\/company\/jobs\/\" \/>\n<meta property=\"og:site_name\" content=\"Commercial Real Estate Developer And Manager\" \/>\n<meta property=\"article:modified_time\" content=\"2023-04-14T13:18:54+00:00\" \/>\n<meta property=\"og:image\" content=\"https:\/\/ctp.rvltpreview.com\/wp-content\/uploads\/2021\/02\/Jobs-lizzbeth.jpg\" \/>\n\t<meta property=\"og:image:width\" content=\"1040\" \/>\n\t<meta property=\"og:image:height\" content=\"544\" \/>\n\t<meta property=\"og:image:type\" content=\"image\/jpeg\" \/>\n<meta name=\"twitter:card\" content=\"summary_large_image\" \/>\n<meta name=\"twitter:label1\" content=\"Becs\u00fclt olvas\u00e1si id\u0151\" \/>\n\t<meta name=\"twitter:data1\" content=\"1 perc\" \/>\n<script type=\"application\/ld+json\" class=\"yoast-schema-graph\">{\"@context\":\"https:\\\/\\\/schema.org\",\"@graph\":[{\"@type\":\"WebPage\",\"@id\":\"https:\\\/\\\/ctp.rvltpreview.com\\\/company\\\/jobs\\\/\",\"url\":\"https:\\\/\\\/ctp.rvltpreview.com\\\/company\\\/jobs\\\/\",\"name\":\"Start Your Future with Us at CTP\",\"isPartOf\":{\"@id\":\"https:\\\/\\\/ctp.rvltpreview.com\\\/#website\"},\"datePublished\":\"2022-11-16T17:26:58+00:00\",\"dateModified\":\"2023-04-14T13:18:54+00:00\",\"description\":\"Available jobs at CTP - the leading industrial property developer and manager - job opportunities available in Central and Eastern Europe.\",\"breadcrumb\":{\"@id\":\"https:\\\/\\\/ctp.rvltpreview.com\\\/company\\\/jobs\\\/#breadcrumb\"},\"inLanguage\":\"hu\",\"potentialAction\":[{\"@type\":\"ReadAction\",\"target\":[\"https:\\\/\\\/ctp.rvltpreview.com\\\/company\\\/jobs\\\/\"]}]},{\"@type\":\"BreadcrumbList\",\"@id\":\"https:\\\/\\\/ctp.rvltpreview.com\\\/company\\\/jobs\\\/#breadcrumb\",\"itemListElement\":[{\"@type\":\"ListItem\",\"position\":1,\"name\":\"Home\",\"item\":\"https:\\\/\\\/ctp.rvltpreview.com\\\/\"},{\"@type\":\"ListItem\",\"position\":2,\"name\":\"Company\",\"item\":\"https:\\\/\\\/ctp.rvltpreview.com\\\/company\\\/\"},{\"@type\":\"ListItem\",\"position\":3,\"name\":\"Start Your Future with Us\"}]},{\"@type\":\"WebSite\",\"@id\":\"https:\\\/\\\/ctp.rvltpreview.com\\\/#website\",\"url\":\"https:\\\/\\\/ctp.rvltpreview.com\\\/\",\"name\":\"Commercial Real Estate Developer And Manager\",\"description\":\"CTP - premium industrial warehouse and office buildings\",\"publisher\":{\"@id\":\"https:\\\/\\\/ctp.rvltpreview.com\\\/#organization\"},\"potentialAction\":[{\"@type\":\"SearchAction\",\"target\":{\"@type\":\"EntryPoint\",\"urlTemplate\":\"https:\\\/\\\/ctp.rvltpreview.com\\\/?s={search_term_string}\"},\"query-input\":{\"@type\":\"PropertyValueSpecification\",\"valueRequired\":true,\"valueName\":\"search_term_string\"}}],\"inLanguage\":\"hu\"},{\"@type\":\"Organization\",\"@id\":\"https:\\\/\\\/ctp.rvltpreview.com\\\/#organization\",\"name\":\"CTP\",\"url\":\"https:\\\/\\\/ctp.rvltpreview.com\\\/\",\"logo\":{\"@type\":\"ImageObject\",\"inLanguage\":\"hu\",\"@id\":\"https:\\\/\\\/ctp.rvltpreview.com\\\/#\\\/schema\\\/logo\\\/image\\\/\",\"url\":\"\",\"contentUrl\":\"\",\"caption\":\"CTP\"},\"image\":{\"@id\":\"https:\\\/\\\/ctp.rvltpreview.com\\\/#\\\/schema\\\/logo\\\/image\\\/\"}}]}<\/script>","yoast_head_json":{"title":"Kezdje vel\u00fcnk a j\u00f6v\u0151j\u00e9t a CTP-n\u00e9l","description":"El\u00e9rhet\u0151 \u00e1ll\u00e1sok a CTP-n\u00e9l - a vezet\u0151 ipari ingatlanfejleszt\u0151 \u00e9s -kezel\u0151 - \u00e1ll\u00e1slehet\u0151s\u00e9gek K\u00f6z\u00e9p- \u00e9s Kelet-Eur\u00f3p\u00e1ban.","robots":{"index":"noindex","follow":"follow","max-snippet":"max-snippet:-1","max-image-preview":"max-image-preview:large","max-video-preview":"max-video-preview:-1"},"og_locale":"hu_HU","og_type":"article","og_title":"Start Your Future with Us","og_description":"Available jobs at CTP - the leading industrial property developer and manager - job opportunities available in Central and Eastern Europe.","og_url":"https:\/\/ctp.rvltpreview.com\/hu\/company\/jobs\/","og_site_name":"Commercial Real Estate Developer And Manager","article_modified_time":"2023-04-14T13:18:54+00:00","og_image":[{"width":1040,"height":544,"url":"https:\/\/ctp.rvltpreview.com\/wp-content\/uploads\/2021\/02\/Jobs-lizzbeth.jpg","type":"image\/jpeg"}],"twitter_card":"summary_large_image","twitter_misc":{"Becs\u00fclt olvas\u00e1si id\u0151":"1 perc"},"schema":{"@context":"https:\/\/schema.org","@graph":[{"@type":"WebPage","@id":"https:\/\/ctp.rvltpreview.com\/company\/jobs\/","url":"https:\/\/ctp.rvltpreview.com\/company\/jobs\/","name":"Kezdje vel\u00fcnk a j\u00f6v\u0151j\u00e9t a CTP-n\u00e9l","isPartOf":{"@id":"https:\/\/ctp.rvltpreview.com\/#website"},"datePublished":"2022-11-16T17:26:58+00:00","dateModified":"2023-04-14T13:18:54+00:00","description":"El\u00e9rhet\u0151 \u00e1ll\u00e1sok a CTP-n\u00e9l - a vezet\u0151 ipari ingatlanfejleszt\u0151 \u00e9s -kezel\u0151 - \u00e1ll\u00e1slehet\u0151s\u00e9gek K\u00f6z\u00e9p- \u00e9s Kelet-Eur\u00f3p\u00e1ban.","breadcrumb":{"@id":"https:\/\/ctp.rvltpreview.com\/company\/jobs\/#breadcrumb"},"inLanguage":"hu","potentialAction":[{"@type":"ReadAction","target":["https:\/\/ctp.rvltpreview.com\/company\/jobs\/"]}]},{"@type":"BreadcrumbList","@id":"https:\/\/ctp.rvltpreview.com\/company\/jobs\/#breadcrumb","itemListElement":[{"@type":"ListItem","position":1,"name":"Home","item":"https:\/\/ctp.rvltpreview.com\/"},{"@type":"ListItem","position":2,"name":"Company","item":"https:\/\/ctp.rvltpreview.com\/company\/"},{"@type":"ListItem","position":3,"name":"Start Your Future with Us"}]},{"@type":"WebSite","@id":"https:\/\/ctp.rvltpreview.com\/#website","url":"https:\/\/ctp.rvltpreview.com\/","name":"Kereskedelmi ingatlanfejleszt\u0151 \u00e9s menedzser","description":"CTP - pr\u00e9mium ipari rakt\u00e1rak \u00e9s iroda\u00e9p\u00fcletek","publisher":{"@id":"https:\/\/ctp.rvltpreview.com\/#organization"},"potentialAction":[{"@type":"SearchAction","target":{"@type":"EntryPoint","urlTemplate":"https:\/\/ctp.rvltpreview.com\/?s={search_term_string}"},"query-input":{"@type":"PropertyValueSpecification","valueRequired":true,"valueName":"search_term_string"}}],"inLanguage":"hu"},{"@type":"Organization","@id":"https:\/\/ctp.rvltpreview.com\/#organization","name":"CTP","url":"https:\/\/ctp.rvltpreview.com\/","logo":{"@type":"ImageObject","inLanguage":"hu","@id":"https:\/\/ctp.rvltpreview.com\/#\/schema\/logo\/image\/","url":"","contentUrl":"","caption":"CTP"},"image":{"@id":"https:\/\/ctp.rvltpreview.com\/#\/schema\/logo\/image\/"}}]}},"_links":{"self":[{"href":"https:\/\/ctp.rvltpreview.com\/hu\/wp-json\/wp\/v2\/pages\/64327","targetHints":{"allow":["GET"]}}],"collection":[{"href":"https:\/\/ctp.rvltpreview.com\/hu\/wp-json\/wp\/v2\/pages"}],"about":[{"href":"https:\/\/ctp.rvltpreview.com\/hu\/wp-json\/wp\/v2\/types\/page"}],"author":[{"embeddable":true,"href":"https:\/\/ctp.rvltpreview.com\/hu\/wp-json\/wp\/v2\/users\/22"}],"replies":[{"embeddable":true,"href":"https:\/\/ctp.rvltpreview.com\/hu\/wp-json\/wp\/v2\/comments?post=64327"}],"version-history":[{"count":0,"href":"https:\/\/ctp.rvltpreview.com\/hu\/wp-json\/wp\/v2\/pages\/64327\/revisions"}],"up":[{"embeddable":true,"href":"https:\/\/ctp.rvltpreview.com\/hu\/wp-json\/wp\/v2\/pages\/62"}],"wp:attachment":[{"href":"https:\/\/ctp.rvltpreview.com\/hu\/wp-json\/wp\/v2\/media?parent=64327"}],"curies":[{"name":"wp","href":"https:\/\/api.w.org\/{rel}","templated":true}]}}