{"id":5938,"date":"2019-07-16T09:26:03","date_gmt":"2019-07-16T09:26:03","guid":{"rendered":"https:\/\/www.ctp.eu\/?page_id=5938"},"modified":"2020-08-28T10:59:07","modified_gmt":"2020-08-28T10:59:07","slug":"recruitment-privacy-policy","status":"publish","type":"page","link":"https:\/\/ctp.rvltpreview.com\/hu\/ctp-policies\/recruitment-privacy-policy\/","title":{"rendered":"Toborz\u00e1si adatv\u00e9delmi politika"},"content":{"rendered":"<div class=\"policy\">\n<h2>1 \u00c1ltal\u00e1nos rendelkez\u00e9sek<\/h2>\n<p>Elk\u00f6telezettek vagyunk az \u00d6n mag\u00e1n\u00e9let\u00e9nek tiszteletben tart\u00e1sa \u00e9s szem\u00e9lyes adatainak v\u00e9delme ir\u00e1nt, amelyek minden olyan inform\u00e1ci\u00f3t jelentenek, amely alkalmas arra, hogy \u00d6nt mint egy\u00e9nt azonos\u00edtani lehessen. Ez a Toborz\u00e1si adatv\u00e9delmi szab\u00e1lyzat (a \"<strong>Adatv\u00e9delmi ir\u00e1nyelvek<\/strong>\") le\u00edrja, hogy <strong>CTP<\/strong> <strong>Invest <\/strong>(\"<strong>CTP Invest<\/strong>\" vagy \"<strong>mi<\/strong>\") kezeli, feldolgozza \u00e9s v\u00e9di az \u00d6n szem\u00e9lyes adatait a felv\u00e9teli elj\u00e1r\u00e1ssal kapcsolatban. A jelen Adatv\u00e9delmi szab\u00e1lyzatban a \"szem\u00e9lyes adatok\" olyan inform\u00e1ci\u00f3kat jelentenek, amelyek azonos\u00edtj\u00e1k az \u00e1ll\u00e1sp\u00e1ly\u00e1z\u00f3kat \u00e9s a potenci\u00e1lis jel\u00f6lteket, akik n\u00e1lunk k\u00edv\u00e1nnak elhelyezkedni (\"szem\u00e9lyes adatok\").<strong>Te<\/strong>\" vagy a \"<strong>jel\u00f6lt<\/strong>\"), amelyet az \u00d6n \u00e1ll\u00e1sp\u00e1ly\u00e1zat\u00e1nak r\u00e9szek\u00e9nt (ak\u00e1r online, ak\u00e1r \u00edr\u00e1sban) \u00e9s\/vagy alternat\u00edv csatorn\u00e1kon (pl. professzion\u00e1lis toborz\u00f3 c\u00e9geken kereszt\u00fcl) ny\u00fajtott be hozz\u00e1nk.<\/p>\n<p>Ez az adatv\u00e9delmi szab\u00e1lyzat t\u00e1j\u00e9koztatja \u00d6nt a szem\u00e9lyes adatok feldolgoz\u00e1s\u00e1val kapcsolatos jogair\u00f3l, valamint arr\u00f3l, hogy hogyan \u00e9s milyen eszk\u00f6z\u00f6kkel gyakorolhatja azokat.<\/p>\n<p>Javasoljuk, hogy alaposan ismerje meg ezt az Adatv\u00e9delmi szab\u00e1lyzatot.<\/p>\n<p>&nbsp;<\/p>\n<h2>2 Szem\u00e9lyes adatok adatkezel\u0151je<\/h2>\n<h3>2.1 Az \u00d6n adatkezel\u0151j\u00e9nek azonos\u00edt\u00e1sa<\/h3>\n<p>Az \u00d6n szem\u00e9lyes adatainak adatkezel\u0151je <strong>CTP Invest, spol. s r.o.<\/strong>, sz\u00e9khelye: Central Trade Park D1 1571, 396 01 Humpolec, azonos\u00edt\u00f3: 261 66 453, bejegyezve a \u010cesk\u00e9 Bud\u011bjovicei Ker\u00fcleti B\u00edr\u00f3s\u00e1g \u00e1ltal vezetett C 15647-es c\u00e9gjegyz\u00e9kbe.<\/p>\n<p>A jelen Adatv\u00e9delmi szab\u00e1lyzatban foglaltaknak megfelel\u0151en az \u00d6n szem\u00e9lyes adatai megoszthat\u00f3k a CTP Invest m\u00e1s, a CTP Csoport r\u00e9sz\u00e9t k\u00e9pez\u0151 le\u00e1nyv\u00e1llalataival vagy le\u00e1nyv\u00e1llalataival (\"CTP Invest\").<strong>CTP Csoport<\/strong>\").<\/p>\n<p>A CTP Invest \u00e9s a CTP Csoport m\u00e1s v\u00e1llalatainak friss\u00edtett el\u00e9rhet\u0151s\u00e9gei \u00e9s egy\u00e9b inform\u00e1ci\u00f3i a k\u00f6vetkez\u0151 c\u00edmen tal\u00e1lhat\u00f3k meg <a href=\"https:\/\/ctp.rvltpreview.com\/contact\/\">https:\/\/ctp.rvltpreview.com\/contact\/<\/a>.<\/p>\n<p>A jelen Adatv\u00e9delmi Szab\u00e1lyzattal kapcsolatos k\u00e9r\u00e9sekkel \u00e9s\/vagy panaszokkal kapcsolatban a k\u00f6vetkez\u0151 e-mail c\u00edmeken l\u00e9phet vel\u00fcnk kapcsolatba <a href=\"mailto:Privacy@ctp.eu\">Privacy@ctp.eu<\/a>.<\/p>\n<p>&nbsp;<\/p>\n<h2>3 A szem\u00e9lyes adatok feldolgoz\u00e1s\u00e1nak c\u00e9lja, jogalapja, hat\u00e1lya \u00e9s id\u0151tartama<\/h2>\n<h3>3.1 C\u00e9lok, jogalapok \u00e9s az adatkezel\u00e9s id\u0151tartama<\/h3>\n<p>Az \u00d6n szem\u00e9lyes adatait kiz\u00e1r\u00f3lag a szerz\u0151d\u00e9ses vagy jogszab\u00e1lyi k\u00f6telezetts\u00e9geink teljes\u00edt\u00e9s\u00e9hez sz\u00fcks\u00e9ges m\u00e9rt\u00e9kben, vagy az \u00d6n \u00e1ltal az al\u00e1bbiakban meghat\u00e1rozott c\u00e9lokra adott hozz\u00e1j\u00e1rul\u00e1s alapj\u00e1n kezelj\u00fck.<\/p>\n<p><strong>3.1.1<\/strong>\u00a0 Az \u00d6n szem\u00e9lyes adatait a k\u00f6vetkez\u0151 c\u00e9lokb\u00f3l dolgozzuk fel <strong>a toborz\u00e1si \u00e9s felv\u00e9teli folyamat. <\/strong>Az \u00d6n szem\u00e9lyes adatait a potenci\u00e1lis \u00e1ll\u00e1skeres\u0151k azonos\u00edt\u00e1sa \u00e9s \u00e9rt\u00e9kel\u00e9se c\u00e9lj\u00e1b\u00f3l haszn\u00e1ljuk fel (pl. <strong>egy adott munkak\u00f6r a CTP Investn\u00e9l <\/strong>vagy a CTP-csoport esetlegesen m\u00e1s szervezete).<\/p>\n<p>A szem\u00e9lyes adatokat akkor haszn\u00e1ljuk fel, ha az sz\u00fcks\u00e9ges ahhoz, hogy munkaszerz\u0151d\u00e9st k\u00f6ss\u00fcnk \u00d6nnel. Ez\u00e9rt az \u00d6n szem\u00e9lyes adatait a felv\u00e9teli elj\u00e1r\u00e1s lez\u00e1r\u00e1s\u00e1ig kezelj\u00fck. Ebb\u0151l a c\u00e9lb\u00f3l az \u00d6n szem\u00e9lyes adatai tov\u00e1bb\u00edt\u00e1sra ker\u00fclhetnek a CTP Csoport azon v\u00e1llalat\u00e1hoz, amelyikn\u00e9l az \u00e1ll\u00e1slehet\u0151s\u00e9g el\u00e9rhet\u0151.<\/p>\n<p><strong>3.1.2<\/strong>\u00a0 El\u0151fordulhat, hogy szem\u00e9lyes adatait az\u00e9rt k\u00edv\u00e1njuk meg\u0151rizni, hogy a CTP Investn\u00e9l vagy a CTP Csoport m\u00e1s v\u00e1llalatain\u00e1l a j\u00f6v\u0151beni munkalehet\u0151s\u00e9gekn\u00e9l figyelembe vehess\u00fck \u00d6nt. Ilyen esetben, ak\u00e1r egy \u00e1ll\u00e1slehet\u0151s\u00e9gre t\u00f6rt\u00e9n\u0151 hivatalos jelentkez\u00e9s\u00e9t megel\u0151z\u0151en, ak\u00e1r azt k\u00f6vet\u0151en, hogy \u00d6n hivatalosan jelentkezik, az \u00d6n hozz\u00e1j\u00e1rul\u00e1s\u00e1t fogjuk k\u00e9rni ahhoz, hogy r\u00e9szt vehessen toborz\u00f3 programunkban, amely m\u00f3dot ad \u00d6nnek arra, hogy tov\u00e1bbi aj\u00e1nlatokat kapjon a CTP Csoporton bel\u00fcli \u00e1ll\u00e1saj\u00e1nlatokra. Ez a toborz\u00e1si program teljes m\u00e9rt\u00e9kben opcion\u00e1lis.<\/p>\n<p>Ha \u00d6n hozz\u00e1j\u00e1rul\u00e1s\u00e1t adja, szem\u00e9lyes adatait a k\u00f6vetkez\u0151 c\u00e9lokb\u00f3l dolgozhatjuk fel <strong>kapcsolatfelv\u00e9tel a CTP Invest-n\u00e9l bet\u00f6ltend\u0151 megfelel\u0151 \u00e1ll\u00e1slehet\u0151s\u00e9gekkel (\u00fcres \u00e1ll\u00e1shelyekkel) kapcsolatban<\/strong> (vagy a CTP-csoport egy m\u00e1sik szervezet\u00e9t).  Az \u00d6n szem\u00e9lyes adatait legfeljebb a hozz\u00e1j\u00e1rul\u00e1sban meghat\u00e1rozott ideig kezelj\u00fck; ez az id\u0151tartam \u00e1ltal\u00e1ban nem haladja meg a hozz\u00e1j\u00e1rul\u00e1s megad\u00e1s\u00e1t\u00f3l sz\u00e1m\u00edtott 2 \u00e9vet.<\/p>\n<p>&nbsp;<\/p>\n<h3>3.2 A feldolgoz\u00e1s hat\u00f3k\u00f6re<\/h3>\n<p>Az \u00d6n szem\u00e9lyes adatait a k\u00f6vetkez\u0151 keretek k\u00f6z\u00f6tt kezelj\u00fck: <strong>az \u00d6n \u00e1ltal megadott adatok <\/strong><strong>a toborz\u00e1si \u00e9s felv\u00e9teli elj\u00e1r\u00e1s sor\u00e1n, valamint az \u00f6n\u00e9letrajzban<\/strong>, k\u00fcl\u00f6n\u00f6sen az \u00d6n vezet\u00e9k- \u00e9s keresztneve, c\u00edme, e-mail c\u00edme, telefonsz\u00e1ma, munkahelyi \u00e9s iskolai el\u0151\u00e9lete, eredm\u00e9nyei \u00e9s vizsgaeredm\u00e9nyei (ha van ilyen), f\u00e9nyk\u00e9p \u00e9s minden egy\u00e9b szem\u00e9lyes adat, amelyet az \u00d6n \u00f6n\u00e9letrajza tartalmaz, vagy amelyet m\u00e1s m\u00f3don megadott vagy kapott t\u0151l\u00fcnk, p\u00e9ld\u00e1ul a jel\u00f6ltek \u00e1tvil\u00e1g\u00edt\u00e1sa sor\u00e1n gy\u0171jt\u00f6tt adatok, bele\u00e9rtve a t\u00f6rv\u00e9nyes h\u00e1tt\u00e9rellen\u0151rz\u00e9seket is.<\/p>\n<h2><\/h2>\n<h2>4 A szem\u00e9lyes adatok megoszt\u00e1sa \u00e9s tov\u00e1bb\u00edt\u00e1sa (A szem\u00e9lyes adatok c\u00edmzettjei)<\/h2>\n<h3>4.1 A szem\u00e9lyes adatok c\u00edmzettjei<\/h3>\n<p>Az \u00e1ltalunk a fentiekben meghat\u00e1rozott m\u00f3don gy\u0171jt\u00f6tt szem\u00e9lyes adatok egyes kateg\u00f3ri\u00e1it megoszthatjuk harmadik felekkel, akik vagy f\u00fcggetlen adatkezel\u0151k, vagy a toborz\u00e1si folyamathoz kapcsol\u00f3d\u00f3an bizonyos szolg\u00e1ltat\u00e1sokat ny\u00fajtanak sz\u00e1munkra, mint adatfeldolgoz\u00f3ink:<\/p>\n<p>I. a CTP Csoporton bel\u00fcl a felv\u00e9teli \u00e9s felv\u00e9teli elj\u00e1r\u00e1s c\u00e9lj\u00e1b\u00f3l;<\/p>\n<p>II. az informatikai rendszereinket kezel\u0151 \u00e9s informatikai szolg\u00e1ltat\u00e1sokat ny\u00fajt\u00f3 szervezetekkel, amelyeket a toborz\u00e1si folyamat adminisztr\u00e1ci\u00f3ja \u00e9s szervez\u00e9se c\u00e9lj\u00e1b\u00f3l haszn\u00e1lunk;<\/p>\n<p>III. a munkaer\u0151-felv\u00e9teli szolg\u00e1ltat\u00e1sokat ny\u00fajt\u00f3 \u00e9s \u00e1ll\u00e1shelyeket meghirdet\u0151 szervezetekkel;<\/p>\n<p>IV. hat\u00f3s\u00e1gokkal vagy m\u00e1s harmadik felekkel a jogszab\u00e1lyi el\u0151\u00edr\u00e1soknak megfelel\u0151 k\u00f6telezetts\u00e9gek teljes\u00edt\u00e9se \u00e9rdek\u00e9ben.<\/p>\n<p>&nbsp;<\/p>\n<h3>4.2 V\u00e9dint\u00e9zked\u00e9sek<\/h3>\n<p>A szem\u00e9lyes adatok feldolgoz\u00e1s\u00e1ra vonatkoz\u00f3 meg\u00e1llapod\u00e1sokat k\u00f6t\u00f6tt\u00fcnk a szem\u00e9lyes adatok feldolgoz\u00f3ival az el\u0151z\u0151 bekezd\u00e9s szerint (kiv\u00e9ve azokat az eseteket, amikor az ilyen meg\u00e1llapod\u00e1s megk\u00f6t\u00e9se nem k\u00f6telez\u0151, p\u00e9ld\u00e1ul amikor a szem\u00e9lyes adatokat hat\u00f3s\u00e1goknak tov\u00e1bb\u00edtjuk), amelyek legal\u00e1bb ugyanolyan szint\u0171 v\u00e9delmet biztos\u00edtanak, mint a jelen Adatv\u00e9delmi szab\u00e1lyzat.<\/p>\n<p>&nbsp;<\/p>\n<h2>5 Adatbiztons\u00e1g<\/h2>\n<p>Az \u00d6nt mint \u00e9rintettet fenyeget\u0151 lehets\u00e9ges vesz\u00e9lynek megfelel\u0151 technikai \u00e9s szervezeti int\u00e9zked\u00e9seket, bels\u0151 ellen\u0151rz\u00e9seket \u00e9s inform\u00e1ci\u00f3biztons\u00e1gi folyamatokat hajtottunk v\u00e9gre \u00e9s tartunk fenn a jogi k\u00f6vetelm\u00e9nyeknek \u00e9s a piaci szabv\u00e1nyoknak megfelel\u0151en. Figyelembe vessz\u00fck a technol\u00f3giai fejl\u0151d\u00e9s \u00e1ll\u00e1s\u00e1t is annak \u00e9rdek\u00e9ben, hogy megv\u00e9dj\u00fck az \u00d6n szem\u00e9lyes adatait a v\u00e9letlen elveszt\u00e9st\u0151l, megsemmis\u00fcl\u00e9st\u0151l, megv\u00e1ltoztat\u00e1st\u00f3l, jogosulatlan nyilv\u00e1noss\u00e1gra hozatalt\u00f3l vagy hozz\u00e1f\u00e9r\u00e9st\u0151l. Ilyen int\u00e9zked\u00e9sek lehetnek t\u00f6bbek k\u00f6z\u00f6tt az \u00d6n adataihoz hozz\u00e1f\u00e9r\u00e9ssel rendelkez\u0151 \u00e9rintett alkalmazottak felel\u0151ss\u00e9g\u00e9t biztos\u00edt\u00f3 \u00e9sszer\u0171 l\u00e9p\u00e9sek, az alkalmazottak k\u00e9pz\u00e9se, rendszeres biztons\u00e1gi ment\u00e9sek, az adatok meg\u00faj\u00edt\u00e1s\u00e1ra \u00e9s az incidensek kezel\u00e9s\u00e9re vonatkoz\u00f3 elj\u00e1r\u00e1sok, a szem\u00e9lyes adatokat t\u00e1rol\u00f3 eszk\u00f6z\u00f6k szoftveres v\u00e9delme stb.<\/p>\n<p>&nbsp;<\/p>\n<h2>6 Az \u00d6n mint \u00e9rintett jogai<\/h2>\n<p>Ha a jelen cikk vagy az alkalmazand\u00f3 jogszab\u00e1lyok szerint k\u00edv\u00e1n \u00e9lni b\u00e1rmelyik jog\u00e1val, k\u00e9rj\u00fck, l\u00e9pjen kapcsolatba vel\u00fcnk a fenti 2. cikkben felsorolt el\u00e9rhet\u0151s\u00e9geken.<\/p>\n<p>Adott esetben minden olyan c\u00edmzettet, akinek az \u00d6n adatait a jelen Adatv\u00e9delmi szab\u00e1lyzat 4. cikke szerint \u00e1tadtuk, t\u00e1j\u00e9koztatunk a megtett int\u00e9zked\u00e9sekr\u0151l vagy az \u00d6n szem\u00e9lyes adatainak t\u00f6rl\u00e9s\u00e9r\u0151l, illetve a feldolgoz\u00e1s korl\u00e1toz\u00e1s\u00e1r\u00f3l az \u00d6n k\u00e9r\u00e9s\u00e9nek megfelel\u0151en, amennyiben ez az \u00e9rtes\u00edt\u00e9s lehets\u00e9ges \u00e9s\/vagy nem j\u00e1r ar\u00e1nytalan er\u0151fesz\u00edt\u00e9ssel.<\/p>\n<p>&nbsp;<\/p>\n<h3>6.1 Az \u00d6n szem\u00e9lyes adataihoz val\u00f3 hozz\u00e1f\u00e9r\u00e9s \u00e9s azok hordozhat\u00f3s\u00e1ga<\/h3>\n<p>\u00d6n jogosult t\u00e1j\u00e9koztat\u00e1st k\u00e9rni arr\u00f3l, hogy kezelj\u00fck-e \u00e9s milyen m\u00e9rt\u00e9kben az \u00d6n szem\u00e9lyes adatait. Jog\u00e1ban \u00e1ll tov\u00e1bb\u00e1, hogy megkapja az \u00d6n \u00e1ltal megadott szem\u00e9lyes adatokat \u00e9s az \u00d6nnel kapcsolatos egy\u00e9b szem\u00e9lyes adatokat (kiv\u00e9ve, ha az \u00d6n k\u00e9r\u00e9s\u00e9t megel\u0151z\u0151en t\u00f6r\u00f6lt\u00fck az \u00d6n adatait).<\/p>\n<p>Amennyiben \u00d6n ezt k\u00e9ri, az \u00d6n szem\u00e9lyes adatainak egy r\u00e9sz\u00e9t (nevezetesen azokat az adatokat, amelyeket szerz\u0151d\u00e9s teljes\u00edt\u00e9se \u00e9s\/vagy az \u00d6n hozz\u00e1j\u00e1rul\u00e1sa alapj\u00e1n, valamint automatiz\u00e1lt m\u00f3don kezel\u00fcnk) k\u00f6zvetlen\u00fcl tov\u00e1bb\u00edthatjuk egy harmadik f\u00e9lnek (egy m\u00e1sik adatkezel\u0151nek), akit \u00d6n a k\u00e9relm\u00e9ben megjel\u00f6l, felt\u00e9ve, hogy ez a k\u00e9relem nem \u00e9rinti m\u00e1s szem\u00e9lyek jogait \u00e9s szabads\u00e1gait, \u00e9s felt\u00e9ve, hogy ez technikailag megval\u00f3s\u00edthat\u00f3.<\/p>\n<p>&nbsp;<\/p>\n<h3>6.2 A hozz\u00e1j\u00e1rul\u00e1s visszavon\u00e1sa<\/h3>\n<p>\u00d6n b\u00e1rmikor indokl\u00e1s n\u00e9lk\u00fcl visszavonhatja hozz\u00e1j\u00e1rul\u00e1s\u00e1t (ha megadta nek\u00fcnk). Ebben az esetben az \u00d6n szem\u00e9lyes adatait a lehet\u0151 legr\u00f6videbb id\u0151n bel\u00fcl, de legk\u00e9s\u0151bb a hozz\u00e1j\u00e1rul\u00e1s visszavon\u00e1s\u00e1t\u00f3l sz\u00e1m\u00edtott 30 napon bel\u00fcl t\u00f6r\u00f6lj\u00fck.<\/p>\n<p>Felh\u00edvjuk figyelm\u00e9t, hogy az \u00d6n hozz\u00e1j\u00e1rul\u00e1s\u00e1nak visszavon\u00e1sa nem \u00e9rinti a hozz\u00e1j\u00e1rul\u00e1s alapj\u00e1n a visszavon\u00e1s el\u0151tt v\u00e9gzett adatkezel\u00e9s jogszer\u0171s\u00e9g\u00e9t.<\/p>\n<p>&nbsp;<\/p>\n<h3>6.3 Az \u00d6n szem\u00e9lyes adatainak helyesb\u00edt\u00e9se<\/h3>\n<p>Az alkalmazand\u00f3 jogszab\u00e1lyok szerint joga van az \u00e1ltalunk kezelt szem\u00e9lyes adatainak helyesb\u00edt\u00e9s\u00e9hez, ha \u00fagy tal\u00e1lja, hogy azok pontatlanok vagy hi\u00e1nyosak.<\/p>\n<p>B\u00e1rmikor t\u00e1j\u00e9koztat\u00e1st k\u00e9rhet arr\u00f3l, hogy tov\u00e1bbra is feldolgozzuk-e az \u00d6n szem\u00e9lyes adatait vagy sem.<\/p>\n<p>&nbsp;<\/p>\n<h3>6.4 Az \u00d6n szem\u00e9lyes adatainak t\u00f6rl\u00e9se<\/h3>\n<p>\u00d6n b\u00e1rmikor k\u00e9rheti szem\u00e9lyes adatainak t\u00f6rl\u00e9s\u00e9t (pl. ha \u00fagy d\u00f6nt, hogy kil\u00e9p a toborz\u00f3programunkb\u00f3l). Ha ilyen k\u00e9r\u00e9ssel fordul hozz\u00e1nk, indokolatlan k\u00e9sedelem n\u00e9lk\u00fcl t\u00f6r\u00f6lj\u00fck a birtokunkban l\u00e9v\u0151 \u00f6sszes szem\u00e9lyes adat\u00e1t, kiv\u00e9ve, ha az \u00d6n szem\u00e9lyes adataira szerz\u0151d\u00e9ses vagy jogszab\u00e1lyi k\u00f6telezetts\u00e9gek teljes\u00edt\u00e9s\u00e9hez van sz\u00fcks\u00e9g\u00fcnk.<\/p>\n<p>Tov\u00e1bb\u00e1 t\u00f6r\u00f6lj\u00fck az \u00f6sszes szem\u00e9lyes adat\u00e1t (\u00e9s gondoskodunk arr\u00f3l, hogy az \u00e1ltalunk megb\u00edzott adatfeldolgoz\u00f3k t\u00f6r\u00f6lj\u00e9k azokat), ha \u00d6n visszavonja a hozz\u00e1j\u00e1rul\u00e1s\u00e1t.<\/p>\n<p>&nbsp;<\/p>\n<h3>6.5 Az adatkezel\u00e9ssel szembeni kifog\u00e1sok<\/h3>\n<p>Ha az \u00d6n szem\u00e9lyes adatainak egy r\u00e9sz\u00e9t jogos \u00e9rdek\u00fcnk alapj\u00e1n kezelj\u00fck, akkor \u00d6n jogosult arra, hogy b\u00e1rmikor tiltakozzon a szem\u00e9lyes adatok kezel\u00e9se ellen. Ha az adatkezel\u00e9shez f\u0171z\u0151d\u0151 jelent\u0151s jogos \u00e9rdekek - amelyek els\u0151bbs\u00e9get \u00e9lveznek az \u00e9rintett \u00e9rdekeivel vagy jogaival \u00e9s szabads\u00e1gaival szemben - nem bizony\u00edtottak a r\u00e9sz\u00fcnkr\u0151l, vagy a tov\u00e1bbi adatkezel\u00e9s nem sz\u00fcks\u00e9ges jogi k\u00f6vetel\u00e9seink meg\u00e1llap\u00edt\u00e1s\u00e1hoz, gyakorl\u00e1s\u00e1hoz vagy v\u00e9delm\u00e9hez, a tov\u00e1bbiakban nem kezelj\u00fck az \u00d6n szem\u00e9lyes adatait.<\/p>\n<p>&nbsp;<\/p>\n<h3>6.6 A feldolgoz\u00e1s korl\u00e1toz\u00e1sa<\/h3>\n<p>Ha \u00d6n szem\u00e9lyes adatai feldolgoz\u00e1s\u00e1nak korl\u00e1toz\u00e1s\u00e1t k\u00e9ri, p\u00e9ld\u00e1ul abban az esetben, ha megk\u00e9rd\u0151jelezi szem\u00e9lyes adatainak pontoss\u00e1g\u00e1t vagy jogszer\u0171s\u00e9g\u00e9t, illetve azt, hogy sz\u00fcks\u00e9g\u00fcnk van-e szem\u00e9lyes adatai feldolgoz\u00e1s\u00e1ra, akkor szem\u00e9lyes adatainak feldolgoz\u00e1s\u00e1t a sz\u00fcks\u00e9ges minimumra (t\u00e1rol\u00e1sra) korl\u00e1tozzuk, \u00e9s azokat csak jogi ig\u00e9nyek el\u0151terjeszt\u00e9s\u00e9hez, \u00e9rv\u00e9nyes\u00edt\u00e9s\u00e9hez vagy v\u00e9delm\u00e9hez, vagy m\u00e1s term\u00e9szetes vagy jogi szem\u00e9ly jogainak v\u00e9delm\u00e9hez, illetve az alkalmazand\u00f3 jogszab\u00e1lyokban el\u0151\u00edrt egy\u00e9b korl\u00e1tozott okokb\u00f3l kezelhetj\u00fck. Ha az adatkezel\u00e9s korl\u00e1toz\u00e1s\u00e1t feloldjuk, \u00e9s az \u00d6n szem\u00e9lyes adatait tov\u00e1bbra is feldolgozzuk, err\u0151l indokolatlan k\u00e9sedelem n\u00e9lk\u00fcl t\u00e1j\u00e9koztatjuk \u00d6nt.<\/p>\n<p>&nbsp;<\/p>\n<h3>6.7 Panaszt\u00e9tel a Szem\u00e9lyes adatok v\u00e9delm\u00e9\u00e9rt felel\u0151s hivataln\u00e1l<\/h3>\n<p>\u00d6nnek joga van panaszt tenni az \u00e1ltalunk v\u00e9gzett adatkezel\u00e9ssel kapcsolatban az illet\u00e9kes adatv\u00e9delmi hat\u00f3s\u00e1gn\u00e1l, azaz Csehorsz\u00e1gban a Szem\u00e9lyes adatok v\u00e9delm\u00e9\u00e9rt felel\u0151s hivataln\u00e1l, Pplk. Sochora 27, 170 00 Praha 7; weboldal: <a href=\"http:\/\/www.uoou.cz\">www.uoou.cz<\/a>.<\/p>\n<h2><\/h2>\n<h2>7 Az adatv\u00e9delmi szab\u00e1lyzat friss\u00edt\u00e9sei<\/h2>\n<p>Id\u0151r\u0151l id\u0151re m\u00f3dos\u00edthatjuk vagy friss\u00edthetj\u00fck az Adatv\u00e9delmi szab\u00e1lyzatot. A jelen Adatv\u00e9delmi szab\u00e1lyzat b\u00e1rmely m\u00f3dos\u00edt\u00e1sa a friss\u00edtett Adatv\u00e9delmi szab\u00e1lyzat k\u00f6zz\u00e9t\u00e9tel\u00e9vel l\u00e9p hat\u00e1lyba a k\u00f6vetkez\u0151 c\u00edmen <a href=\"https:\/\/ctp.rvltpreview.com\/ctp-policies\/recruitment-privacy-policy\/\">https:\/\/ctp.rvltpreview.com\/ctp-policies\/recruitment-privacy-policy\/.<\/a><\/p>\n<p>&nbsp;<\/p>\n<p>&nbsp;<\/p>\n<p>&nbsp;<\/p>\n<p>&nbsp;<\/p>\n<p>&nbsp;<\/p>\n<p>&nbsp;<\/p>\n<p>&nbsp;<\/p>\n<p>&nbsp;<\/p>\n<p>&nbsp;<\/p>\n<p>&nbsp;<\/p>\n<\/div>","protected":false},"excerpt":{"rendered":"<p>1 \u00c1ltal\u00e1nos rendelkez\u00e9sek Elk\u00f6telezettek vagyunk a mag\u00e1n\u00e9let tiszteletben tart\u00e1sa \u00e9s az \u00d6n szem\u00e9lyes adatainak v\u00e9delme ir\u00e1nt, amelyek az al\u00e1bbiakban felsorolt b\u00e1rmely inform\u00e1ci\u00f3kra vonatkoznak.<\/p>","protected":false},"author":67,"featured_media":0,"parent":6125,"menu_order":0,"comment_status":"closed","ping_status":"closed","template":"","meta":{"_acf_changed":false,"footnotes":""},"class_list":["post-5938","page","type-page","status-publish","hentry"],"acf":[],"yoast_head":"<title>Recruitment Privacy Policy - Commercial Real Estate Developer And Manager<\/title>\n<meta name=\"robots\" content=\"noindex, follow, max-snippet:-1, max-image-preview:large, max-video-preview:-1\" \/>\n<meta property=\"og:locale\" content=\"hu_HU\" \/>\n<meta property=\"og:type\" content=\"article\" \/>\n<meta property=\"og:title\" content=\"Recruitment Privacy Policy\" \/>\n<meta property=\"og:description\" content=\"1\u00a0 General Provisions We are committed to respecting your privacy and protecting your personal data, which is any information that\" \/>\n<meta property=\"og:url\" content=\"https:\/\/ctp.rvltpreview.com\/hu\/ctp-policies\/recruitment-privacy-policy\/\" \/>\n<meta property=\"og:site_name\" content=\"Commercial Real Estate Developer And Manager\" \/>\n<meta property=\"article:modified_time\" content=\"2020-08-28T10:59:07+00:00\" \/>\n<meta name=\"twitter:card\" content=\"summary_large_image\" \/>\n<meta name=\"twitter:label1\" content=\"Becs\u00fclt olvas\u00e1si id\u0151\" \/>\n\t<meta name=\"twitter:data1\" content=\"8 perc\" \/>\n<script type=\"application\/ld+json\" class=\"yoast-schema-graph\">{\"@context\":\"https:\\\/\\\/schema.org\",\"@graph\":[{\"@type\":\"WebPage\",\"@id\":\"https:\\\/\\\/ctp.rvltpreview.com\\\/ctp-policies\\\/recruitment-privacy-policy\\\/\",\"url\":\"https:\\\/\\\/ctp.rvltpreview.com\\\/ctp-policies\\\/recruitment-privacy-policy\\\/\",\"name\":\"Recruitment Privacy Policy - Commercial Real Estate Developer And Manager\",\"isPartOf\":{\"@id\":\"https:\\\/\\\/ctp.rvltpreview.com\\\/#website\"},\"datePublished\":\"2019-07-16T09:26:03+00:00\",\"dateModified\":\"2020-08-28T10:59:07+00:00\",\"breadcrumb\":{\"@id\":\"https:\\\/\\\/ctp.rvltpreview.com\\\/ctp-policies\\\/recruitment-privacy-policy\\\/#breadcrumb\"},\"inLanguage\":\"hu\",\"potentialAction\":[{\"@type\":\"ReadAction\",\"target\":[\"https:\\\/\\\/ctp.rvltpreview.com\\\/ctp-policies\\\/recruitment-privacy-policy\\\/\"]}]},{\"@type\":\"BreadcrumbList\",\"@id\":\"https:\\\/\\\/ctp.rvltpreview.com\\\/ctp-policies\\\/recruitment-privacy-policy\\\/#breadcrumb\",\"itemListElement\":[{\"@type\":\"ListItem\",\"position\":1,\"name\":\"Home\",\"item\":\"https:\\\/\\\/ctp.rvltpreview.com\\\/cs\\\/\"},{\"@type\":\"ListItem\",\"position\":2,\"name\":\"CTP Policies\",\"item\":\"https:\\\/\\\/ctp.rvltpreview.com\\\/ctp-policies\\\/\"},{\"@type\":\"ListItem\",\"position\":3,\"name\":\"Recruitment Privacy Policy\"}]},{\"@type\":\"WebSite\",\"@id\":\"https:\\\/\\\/ctp.rvltpreview.com\\\/#website\",\"url\":\"https:\\\/\\\/ctp.rvltpreview.com\\\/\",\"name\":\"Commercial Real Estate Developer And Manager\",\"description\":\"CTP - premium industrial warehouse and office buildings\",\"publisher\":{\"@id\":\"https:\\\/\\\/ctp.rvltpreview.com\\\/#organization\"},\"potentialAction\":[{\"@type\":\"SearchAction\",\"target\":{\"@type\":\"EntryPoint\",\"urlTemplate\":\"https:\\\/\\\/ctp.rvltpreview.com\\\/?s={search_term_string}\"},\"query-input\":{\"@type\":\"PropertyValueSpecification\",\"valueRequired\":true,\"valueName\":\"search_term_string\"}}],\"inLanguage\":\"hu\"},{\"@type\":\"Organization\",\"@id\":\"https:\\\/\\\/ctp.rvltpreview.com\\\/#organization\",\"name\":\"CTP\",\"url\":\"https:\\\/\\\/ctp.rvltpreview.com\\\/\",\"logo\":{\"@type\":\"ImageObject\",\"inLanguage\":\"hu\",\"@id\":\"https:\\\/\\\/ctp.rvltpreview.com\\\/#\\\/schema\\\/logo\\\/image\\\/\",\"url\":\"\",\"contentUrl\":\"\",\"caption\":\"CTP\"},\"image\":{\"@id\":\"https:\\\/\\\/ctp.rvltpreview.com\\\/#\\\/schema\\\/logo\\\/image\\\/\"}}]}<\/script>","yoast_head_json":{"title":"Toborz\u00e1si adatv\u00e9delmi szab\u00e1lyzat - Kereskedelmi ingatlanfejleszt\u0151 \u00e9s -menedzser","robots":{"index":"noindex","follow":"follow","max-snippet":"max-snippet:-1","max-image-preview":"max-image-preview:large","max-video-preview":"max-video-preview:-1"},"og_locale":"hu_HU","og_type":"article","og_title":"Recruitment Privacy Policy","og_description":"1\u00a0 General Provisions We are committed to respecting your privacy and protecting your personal data, which is any information that","og_url":"https:\/\/ctp.rvltpreview.com\/hu\/ctp-policies\/recruitment-privacy-policy\/","og_site_name":"Commercial Real Estate Developer And Manager","article_modified_time":"2020-08-28T10:59:07+00:00","twitter_card":"summary_large_image","twitter_misc":{"Becs\u00fclt olvas\u00e1si id\u0151":"8 perc"},"schema":{"@context":"https:\/\/schema.org","@graph":[{"@type":"WebPage","@id":"https:\/\/ctp.rvltpreview.com\/ctp-policies\/recruitment-privacy-policy\/","url":"https:\/\/ctp.rvltpreview.com\/ctp-policies\/recruitment-privacy-policy\/","name":"Toborz\u00e1si adatv\u00e9delmi szab\u00e1lyzat - Kereskedelmi ingatlanfejleszt\u0151 \u00e9s -menedzser","isPartOf":{"@id":"https:\/\/ctp.rvltpreview.com\/#website"},"datePublished":"2019-07-16T09:26:03+00:00","dateModified":"2020-08-28T10:59:07+00:00","breadcrumb":{"@id":"https:\/\/ctp.rvltpreview.com\/ctp-policies\/recruitment-privacy-policy\/#breadcrumb"},"inLanguage":"hu","potentialAction":[{"@type":"ReadAction","target":["https:\/\/ctp.rvltpreview.com\/ctp-policies\/recruitment-privacy-policy\/"]}]},{"@type":"BreadcrumbList","@id":"https:\/\/ctp.rvltpreview.com\/ctp-policies\/recruitment-privacy-policy\/#breadcrumb","itemListElement":[{"@type":"ListItem","position":1,"name":"Home","item":"https:\/\/ctp.rvltpreview.com\/cs\/"},{"@type":"ListItem","position":2,"name":"CTP Policies","item":"https:\/\/ctp.rvltpreview.com\/ctp-policies\/"},{"@type":"ListItem","position":3,"name":"Recruitment Privacy Policy"}]},{"@type":"WebSite","@id":"https:\/\/ctp.rvltpreview.com\/#website","url":"https:\/\/ctp.rvltpreview.com\/","name":"Kereskedelmi ingatlanfejleszt\u0151 \u00e9s menedzser","description":"CTP - pr\u00e9mium ipari rakt\u00e1rak \u00e9s iroda\u00e9p\u00fcletek","publisher":{"@id":"https:\/\/ctp.rvltpreview.com\/#organization"},"potentialAction":[{"@type":"SearchAction","target":{"@type":"EntryPoint","urlTemplate":"https:\/\/ctp.rvltpreview.com\/?s={search_term_string}"},"query-input":{"@type":"PropertyValueSpecification","valueRequired":true,"valueName":"search_term_string"}}],"inLanguage":"hu"},{"@type":"Organization","@id":"https:\/\/ctp.rvltpreview.com\/#organization","name":"CTP","url":"https:\/\/ctp.rvltpreview.com\/","logo":{"@type":"ImageObject","inLanguage":"hu","@id":"https:\/\/ctp.rvltpreview.com\/#\/schema\/logo\/image\/","url":"","contentUrl":"","caption":"CTP"},"image":{"@id":"https:\/\/ctp.rvltpreview.com\/#\/schema\/logo\/image\/"}}]}},"_links":{"self":[{"href":"https:\/\/ctp.rvltpreview.com\/hu\/wp-json\/wp\/v2\/pages\/5938","targetHints":{"allow":["GET"]}}],"collection":[{"href":"https:\/\/ctp.rvltpreview.com\/hu\/wp-json\/wp\/v2\/pages"}],"about":[{"href":"https:\/\/ctp.rvltpreview.com\/hu\/wp-json\/wp\/v2\/types\/page"}],"author":[{"embeddable":true,"href":"https:\/\/ctp.rvltpreview.com\/hu\/wp-json\/wp\/v2\/users\/67"}],"replies":[{"embeddable":true,"href":"https:\/\/ctp.rvltpreview.com\/hu\/wp-json\/wp\/v2\/comments?post=5938"}],"version-history":[{"count":0,"href":"https:\/\/ctp.rvltpreview.com\/hu\/wp-json\/wp\/v2\/pages\/5938\/revisions"}],"up":[{"embeddable":true,"href":"https:\/\/ctp.rvltpreview.com\/hu\/wp-json\/wp\/v2\/pages\/6125"}],"wp:attachment":[{"href":"https:\/\/ctp.rvltpreview.com\/hu\/wp-json\/wp\/v2\/media?parent=5938"}],"curies":[{"name":"wp","href":"https:\/\/api.w.org\/{rel}","templated":true}]}}