{"id":236,"date":"2018-04-17T11:23:21","date_gmt":"2018-04-17T11:23:21","guid":{"rendered":"https:\/\/www.ctp.eu\/?page_id=236"},"modified":"2023-11-03T09:25:06","modified_gmt":"2023-11-03T07:25:06","slug":"industrial","status":"publish","type":"page","link":"https:\/\/ctp.rvltpreview.com\/hu\/portfolio\/industrial\/","title":{"rendered":"Ipari portf\u00f3li\u00f3"},"content":{"rendered":"<h2 class=\"ctp-red weight-normal\" style=\"line-height: 1.2;\">A CTP ipari ingatlanjainak el\u0151nyei<\/h2>\n<p>Mi gondoskodunk a sz\u00fcks\u00e9ges l\u00e9tes\u00edtm\u00e9nyekr\u0151l, hogy te a v\u00e1llalkoz\u00e1sodra \u00f6sszpontos\u00edthass. Tapasztalt kereskedelmi ingatlanfejleszt\u0151k\u00e9nt, tulajdonosk\u00e9nt \u00e9s \u00fczemeltet\u0151k\u00e9nt \u2014 egyszersmind t\u00f6bb mint 1000 glob\u00e1lis \u00e9s helyi piacvezet\u0151 c\u00e9g megb\u00edzhat\u00f3 eur\u00f3pai partnerek\u00e9nt \u2014 pontosan tudjuk, mire van sz\u00fcks\u00e9ged ahhoz, hogy a befektet\u00e9sed teljes \u00e9letciklusa alatt maximaliz\u00e1lni tudd a v\u00e1llalkoz\u00e1sod \u00e9rt\u00e9k\u00e9t. Az te k\u00e9nyelmedet biztos\u00edt\u00f3 szolg\u00e1ltat\u00e1saink k\u00f6z\u00e9 tartoznak az \u00fcgyf\u00e9lk\u00f6zpont\u00fa, bels\u0151 csapataink, a rugalmasan alak\u00edthat\u00f3 terek, a v\u00e1llalkoz\u00e1sa n\u00f6veked\u00e9s\u00e9vel gyorsan b\u0151v\u00edthet\u0151 vagy \u00e1thelyezhet\u0151 telephely, a technol\u00f3giai fejleszt\u00e9sek \u00e9s a karbantart\u00e1s, valamint a vel\u00fcnk val\u00f3 partners\u00e9gb\u0151l fakad\u0151 nyugalom \u00e9s mindig biztos\u00edtott magas min\u0151s\u00e9g \u2014 hiszen mi vagyunk Eur\u00f3pa legnagyobb t\u0151zsd\u00e9n jegyzett ipari \u00e9s logisztikai ingatlanfejleszt\u0151je, valamint a j\u00f3 \u00fczleti \u00e9rz\u00e9kkel rendelkez\u0151 k\u00f6z\u00e9p- \u00e9s kelet-Eur\u00f3pai r\u00e9gi\u00f3 piacvezet\u0151je hossz\u00fa t\u00e1von is.<\/p>","protected":false},"excerpt":{"rendered":"<p>A CTP ipari ingatlanjainak el\u0151nyei Gondoskodunk a l\u00e9tes\u00edtm\u00e9nyi ig\u00e9nyeir\u0151l, hogy \u00d6n a k\u00f6vetkez\u0151kre \u00f6sszpontos\u00edthasson<\/p>","protected":false},"author":67,"featured_media":0,"parent":64,"menu_order":0,"comment_status":"closed","ping_status":"closed","template":"templates\/industrial-portfolio.php","meta":{"_acf_changed":false,"footnotes":""},"class_list":["post-236","page","type-page","status-publish","hentry"],"acf":[],"yoast_head":"<title>Industrial Portfolio - Commercial Real Estate Developer And Manager<\/title>\n<meta name=\"robots\" content=\"noindex, follow, max-snippet:-1, max-image-preview:large, max-video-preview:-1\" \/>\n<meta property=\"og:locale\" content=\"hu_HU\" \/>\n<meta property=\"og:type\" content=\"article\" \/>\n<meta property=\"og:title\" content=\"Industrial Portfolio\" \/>\n<meta property=\"og:description\" content=\"Advantages of CTP&#8217;s Industrial Properties We take care of your facility needs so that you can stay focused on your\" \/>\n<meta property=\"og:url\" content=\"https:\/\/ctp.rvltpreview.com\/hu\/portfolio\/industrial\/\" \/>\n<meta property=\"og:site_name\" content=\"Commercial Real Estate Developer And Manager\" \/>\n<meta property=\"article:modified_time\" content=\"2023-11-03T07:25:06+00:00\" \/>\n<meta name=\"twitter:card\" content=\"summary_large_image\" \/>\n<meta name=\"twitter:label1\" content=\"Becs\u00fclt olvas\u00e1si id\u0151\" \/>\n\t<meta name=\"twitter:data1\" content=\"1 perc\" \/>\n<script type=\"application\/ld+json\" class=\"yoast-schema-graph\">{\"@context\":\"https:\/\/schema.org\",\"@graph\":[{\"@type\":\"WebPage\",\"@id\":\"https:\/\/ctp.rvltpreview.com\/portfolio\/industrial\/\",\"url\":\"https:\/\/ctp.rvltpreview.com\/portfolio\/industrial\/\",\"name\":\"Industrial Portfolio - Commercial Real Estate Developer And Manager\",\"isPartOf\":{\"@id\":\"https:\/\/ctp.rvltpreview.com\/#website\"},\"datePublished\":\"2018-04-17T11:23:21+00:00\",\"dateModified\":\"2023-11-03T07:25:06+00:00\",\"breadcrumb\":{\"@id\":\"https:\/\/ctp.rvltpreview.com\/portfolio\/industrial\/#breadcrumb\"},\"inLanguage\":\"hu\",\"potentialAction\":[{\"@type\":\"ReadAction\",\"target\":[\"https:\/\/ctp.rvltpreview.com\/portfolio\/industrial\/\"]}]},{\"@type\":\"BreadcrumbList\",\"@id\":\"https:\/\/ctp.rvltpreview.com\/portfolio\/industrial\/#breadcrumb\",\"itemListElement\":[{\"@type\":\"ListItem\",\"position\":1,\"name\":\"Home\",\"item\":\"https:\/\/ctp.rvltpreview.com\/\"},{\"@type\":\"ListItem\",\"position\":2,\"name\":\"Portfolio\",\"item\":\"https:\/\/ctp.rvltpreview.com\/portfolio\/\"},{\"@type\":\"ListItem\",\"position\":3,\"name\":\"Industrial Portfolio\"}]},{\"@type\":\"WebSite\",\"@id\":\"https:\/\/ctp.rvltpreview.com\/#website\",\"url\":\"https:\/\/ctp.rvltpreview.com\/\",\"name\":\"Commercial Real Estate Developer And Manager\",\"description\":\"CTP - premium industrial warehouse and office buildings\",\"publisher\":{\"@id\":\"https:\/\/ctp.rvltpreview.com\/#organization\"},\"potentialAction\":[{\"@type\":\"SearchAction\",\"target\":{\"@type\":\"EntryPoint\",\"urlTemplate\":\"https:\/\/ctp.rvltpreview.com\/?s={search_term_string}\"},\"query-input\":{\"@type\":\"PropertyValueSpecification\",\"valueRequired\":true,\"valueName\":\"search_term_string\"}}],\"inLanguage\":\"hu\"},{\"@type\":\"Organization\",\"@id\":\"https:\/\/ctp.rvltpreview.com\/#organization\",\"name\":\"CTP\",\"url\":\"https:\/\/ctp.rvltpreview.com\/\",\"logo\":{\"@type\":\"ImageObject\",\"inLanguage\":\"hu\",\"@id\":\"https:\/\/ctp.rvltpreview.com\/#\/schema\/logo\/image\/\",\"url\":\"\",\"contentUrl\":\"\",\"caption\":\"CTP\"},\"image\":{\"@id\":\"https:\/\/ctp.rvltpreview.com\/#\/schema\/logo\/image\/\"}}]}<\/script>","yoast_head_json":{"title":"Industrial Portfolio - Commercial Real Estate Developer And Manager","robots":{"index":"noindex","follow":"follow","max-snippet":"max-snippet:-1","max-image-preview":"max-image-preview:large","max-video-preview":"max-video-preview:-1"},"og_locale":"hu_HU","og_type":"article","og_title":"Industrial Portfolio","og_description":"Advantages of CTP&#8217;s Industrial Properties We take care of your facility needs so that you can stay focused on your","og_url":"https:\/\/ctp.rvltpreview.com\/hu\/portfolio\/industrial\/","og_site_name":"Commercial Real Estate Developer And Manager","article_modified_time":"2023-11-03T07:25:06+00:00","twitter_card":"summary_large_image","twitter_misc":{"Becs\u00fclt olvas\u00e1si id\u0151":"1 perc"},"schema":{"@context":"https:\/\/schema.org","@graph":[{"@type":"WebPage","@id":"https:\/\/ctp.rvltpreview.com\/portfolio\/industrial\/","url":"https:\/\/ctp.rvltpreview.com\/portfolio\/industrial\/","name":"Industrial Portfolio - Commercial Real Estate Developer And Manager","isPartOf":{"@id":"https:\/\/ctp.rvltpreview.com\/#website"},"datePublished":"2018-04-17T11:23:21+00:00","dateModified":"2023-11-03T07:25:06+00:00","breadcrumb":{"@id":"https:\/\/ctp.rvltpreview.com\/portfolio\/industrial\/#breadcrumb"},"inLanguage":"hu","potentialAction":[{"@type":"ReadAction","target":["https:\/\/ctp.rvltpreview.com\/portfolio\/industrial\/"]}]},{"@type":"BreadcrumbList","@id":"https:\/\/ctp.rvltpreview.com\/portfolio\/industrial\/#breadcrumb","itemListElement":[{"@type":"ListItem","position":1,"name":"Home","item":"https:\/\/ctp.rvltpreview.com\/"},{"@type":"ListItem","position":2,"name":"Portfolio","item":"https:\/\/ctp.rvltpreview.com\/portfolio\/"},{"@type":"ListItem","position":3,"name":"Industrial Portfolio"}]},{"@type":"WebSite","@id":"https:\/\/ctp.rvltpreview.com\/#website","url":"https:\/\/ctp.rvltpreview.com\/","name":"Commercial Real Estate Developer And Manager","description":"CTP - premium industrial warehouse and office buildings","publisher":{"@id":"https:\/\/ctp.rvltpreview.com\/#organization"},"potentialAction":[{"@type":"SearchAction","target":{"@type":"EntryPoint","urlTemplate":"https:\/\/ctp.rvltpreview.com\/?s={search_term_string}"},"query-input":{"@type":"PropertyValueSpecification","valueRequired":true,"valueName":"search_term_string"}}],"inLanguage":"hu"},{"@type":"Organization","@id":"https:\/\/ctp.rvltpreview.com\/#organization","name":"CTP","url":"https:\/\/ctp.rvltpreview.com\/","logo":{"@type":"ImageObject","inLanguage":"hu","@id":"https:\/\/ctp.rvltpreview.com\/#\/schema\/logo\/image\/","url":"","contentUrl":"","caption":"CTP"},"image":{"@id":"https:\/\/ctp.rvltpreview.com\/#\/schema\/logo\/image\/"}}]}},"_links":{"self":[{"href":"https:\/\/ctp.rvltpreview.com\/hu\/wp-json\/wp\/v2\/pages\/236","targetHints":{"allow":["GET"]}}],"collection":[{"href":"https:\/\/ctp.rvltpreview.com\/hu\/wp-json\/wp\/v2\/pages"}],"about":[{"href":"https:\/\/ctp.rvltpreview.com\/hu\/wp-json\/wp\/v2\/types\/page"}],"author":[{"embeddable":true,"href":"https:\/\/ctp.rvltpreview.com\/hu\/wp-json\/wp\/v2\/users\/67"}],"replies":[{"embeddable":true,"href":"https:\/\/ctp.rvltpreview.com\/hu\/wp-json\/wp\/v2\/comments?post=236"}],"version-history":[{"count":33,"href":"https:\/\/ctp.rvltpreview.com\/hu\/wp-json\/wp\/v2\/pages\/236\/revisions"}],"predecessor-version":[{"id":89070,"href":"https:\/\/ctp.rvltpreview.com\/hu\/wp-json\/wp\/v2\/pages\/236\/revisions\/89070"}],"up":[{"embeddable":true,"href":"https:\/\/ctp.rvltpreview.com\/hu\/wp-json\/wp\/v2\/pages\/64"}],"wp:attachment":[{"href":"https:\/\/ctp.rvltpreview.com\/hu\/wp-json\/wp\/v2\/media?parent=236"}],"curies":[{"name":"wp","href":"https:\/\/api.w.org\/{rel}","templated":true}]}}