{"id":13639,"date":"2021-03-03T13:58:12","date_gmt":"2021-03-03T11:58:12","guid":{"rendered":"https:\/\/www.ctp.eu\/?page_id=13639"},"modified":"2025-09-04T09:28:36","modified_gmt":"2025-09-04T07:28:36","slug":"governance","status":"publish","type":"page","link":"https:\/\/ctp.rvltpreview.com\/hu\/investors\/governance\/","title":{"rendered":"Ir\u00e1ny\u00edt\u00e1s"},"content":{"rendered":"<p>Els\u0151bbs\u00e9get biztos\u00edtunk a hat\u00e9kony v\u00e1llalatir\u00e1ny\u00edt\u00e1si gyakorlatoknak, \u00e9s k\u00f6vetkezetesen azon dolgozunk, hogy \u00e1tl\u00e1that\u00f3 munkak\u00f6rnyezetet \u00e9p\u00edts\u00fcnk szervezet\u00fcnk minden szintj\u00e9n. Ennek hangv\u00e9tel\u00e9t a legfels\u0151bb szinten hat\u00e1rozzuk meg. Egyszint\u0171 igazgat\u00f3tan\u00e1csunk, amely \u00fcgyvezet\u0151 \u00e9s nem \u00fcgyvezet\u0151 igazgat\u00f3kb\u00f3l \u00e1ll, fel\u00fcgyeli a v\u00e1llalat m\u0171k\u00f6d\u00e9s\u00e9t, biztos\u00edtja a megfelel\u00e9st, \u00e9s k\u00e9pviseli \u00e9rdekelt feleink \u00e9rdekeit. A nem \u00fcgyvezet\u0151 igazgat\u00f3k fel\u00fcgyelik az \u00fcgyvezet\u0151 igazgat\u00f3k feladatainak ell\u00e1t\u00e1s\u00e1t, valamint a CTP \u00e1ltal\u00e1nos \u00fcgyeit \u00e9s \u00fczleti tev\u00e9kenys\u00e9g\u00e9t, seg\u00edtenek a strat\u00e9giai javaslatok kidolgoz\u00e1s\u00e1ban, \u00e9s fel\u00fcgyelik a strat\u00e9gia v\u00e9grehajt\u00e1s\u00e1t. <\/p>\n<p>Gondosan betartjuk a vonatkoz\u00f3 t\u00f6rv\u00e9nyeket \u00e9s szab\u00e1lyoz\u00e1sokat, \u00e9s l\u00e9trehoztunk igazgat\u00f3s\u00e1gi szint\u0171 bizotts\u00e1gokat, amelyek biztos\u00edtj\u00e1k a felel\u0151ss\u00e9gteljes, tisztess\u00e9ges \u00e9s \u00e1tl\u00e1that\u00f3 d\u00f6nt\u00e9shozatalt az Ellen\u0151rz\u0151, Jel\u00f6l\u0151 \u00e9s Javadalmaz\u00e1si, Fenntarthat\u00f3s\u00e1gi Bizotts\u00e1gokban \u00e9s az Igazgat\u00f3tan\u00e1csban. Igazgat\u00f3tan\u00e1csunk elk\u00f6telezett a hossz\u00fa t\u00e1v\u00fa \u00e9rt\u00e9kteremt\u00e9s ir\u00e1nt, mik\u00f6zben figyelembe veszi tev\u00e9kenys\u00e9geink hat\u00e1s\u00e1t az eg\u00e9sz \u00e9rt\u00e9kl\u00e1ncra.<\/p>","protected":false},"excerpt":{"rendered":"<p>A hat\u00e9kony v\u00e1llalatir\u00e1ny\u00edt\u00e1si gyakorlatokat helyezz\u00fck el\u0151t\u00e9rbe, \u00e9s minden szinten k\u00f6vetkezetesen dolgozunk az \u00e1tl\u00e1that\u00f3 munkak\u00f6rnyezet megteremt\u00e9s\u00e9n.<\/p>","protected":false},"author":22,"featured_media":0,"parent":9830,"menu_order":6,"comment_status":"closed","ping_status":"closed","template":"templates\/governance.php","meta":{"_acf_changed":false,"footnotes":""},"class_list":["post-13639","page","type-page","status-publish","hentry"],"acf":[],"yoast_head":"<title>Governance - Commercial Real Estate Developer And Manager<\/title>\n<meta name=\"robots\" content=\"noindex, follow, max-snippet:-1, max-image-preview:large, max-video-preview:-1\" \/>\n<meta property=\"og:locale\" content=\"hu_HU\" \/>\n<meta property=\"og:type\" content=\"article\" \/>\n<meta property=\"og:title\" content=\"Governance\" \/>\n<meta property=\"og:description\" content=\"We prioritise effective corporate governance practices and work consistently to build a transparent work environment at all levels of our\" \/>\n<meta property=\"og:url\" content=\"https:\/\/ctp.rvltpreview.com\/hu\/investors\/governance\/\" \/>\n<meta property=\"og:site_name\" content=\"Commercial Real Estate Developer And Manager\" \/>\n<meta property=\"article:modified_time\" content=\"2025-09-04T07:28:36+00:00\" \/>\n<meta name=\"twitter:card\" content=\"summary_large_image\" \/>\n<meta name=\"twitter:label1\" content=\"Becs\u00fclt olvas\u00e1si id\u0151\" \/>\n\t<meta name=\"twitter:data1\" content=\"1 perc\" \/>\n<script type=\"application\/ld+json\" class=\"yoast-schema-graph\">{\"@context\":\"https:\/\/schema.org\",\"@graph\":[{\"@type\":\"WebPage\",\"@id\":\"https:\/\/ctp.rvltpreview.com\/investors\/governance\/\",\"url\":\"https:\/\/ctp.rvltpreview.com\/investors\/governance\/\",\"name\":\"Governance - Commercial Real Estate Developer And Manager\",\"isPartOf\":{\"@id\":\"https:\/\/ctp.rvltpreview.com\/#website\"},\"datePublished\":\"2021-03-03T11:58:12+00:00\",\"dateModified\":\"2025-09-04T07:28:36+00:00\",\"breadcrumb\":{\"@id\":\"https:\/\/ctp.rvltpreview.com\/investors\/governance\/#breadcrumb\"},\"inLanguage\":\"hu\",\"potentialAction\":[{\"@type\":\"ReadAction\",\"target\":[\"https:\/\/ctp.rvltpreview.com\/investors\/governance\/\"]}]},{\"@type\":\"BreadcrumbList\",\"@id\":\"https:\/\/ctp.rvltpreview.com\/investors\/governance\/#breadcrumb\",\"itemListElement\":[{\"@type\":\"ListItem\",\"position\":1,\"name\":\"Home\",\"item\":\"https:\/\/ctp.rvltpreview.com\/\"},{\"@type\":\"ListItem\",\"position\":2,\"name\":\"Long-Term Investment Partnership\",\"item\":\"https:\/\/ctp.rvltpreview.com\/investors\/\"},{\"@type\":\"ListItem\",\"position\":3,\"name\":\"Governance\"}]},{\"@type\":\"WebSite\",\"@id\":\"https:\/\/ctp.rvltpreview.com\/#website\",\"url\":\"https:\/\/ctp.rvltpreview.com\/\",\"name\":\"Commercial Real Estate Developer And Manager\",\"description\":\"CTP - premium industrial warehouse and office buildings\",\"publisher\":{\"@id\":\"https:\/\/ctp.rvltpreview.com\/#organization\"},\"potentialAction\":[{\"@type\":\"SearchAction\",\"target\":{\"@type\":\"EntryPoint\",\"urlTemplate\":\"https:\/\/ctp.rvltpreview.com\/?s={search_term_string}\"},\"query-input\":{\"@type\":\"PropertyValueSpecification\",\"valueRequired\":true,\"valueName\":\"search_term_string\"}}],\"inLanguage\":\"hu\"},{\"@type\":\"Organization\",\"@id\":\"https:\/\/ctp.rvltpreview.com\/#organization\",\"name\":\"CTP\",\"url\":\"https:\/\/ctp.rvltpreview.com\/\",\"logo\":{\"@type\":\"ImageObject\",\"inLanguage\":\"hu\",\"@id\":\"https:\/\/ctp.rvltpreview.com\/#\/schema\/logo\/image\/\",\"url\":\"\",\"contentUrl\":\"\",\"caption\":\"CTP\"},\"image\":{\"@id\":\"https:\/\/ctp.rvltpreview.com\/#\/schema\/logo\/image\/\"}}]}<\/script>","yoast_head_json":{"title":"Governance - Commercial Real Estate Developer And Manager","robots":{"index":"noindex","follow":"follow","max-snippet":"max-snippet:-1","max-image-preview":"max-image-preview:large","max-video-preview":"max-video-preview:-1"},"og_locale":"hu_HU","og_type":"article","og_title":"Governance","og_description":"We prioritise effective corporate governance practices and work consistently to build a transparent work environment at all levels of our","og_url":"https:\/\/ctp.rvltpreview.com\/hu\/investors\/governance\/","og_site_name":"Commercial Real Estate Developer And Manager","article_modified_time":"2025-09-04T07:28:36+00:00","twitter_card":"summary_large_image","twitter_misc":{"Becs\u00fclt olvas\u00e1si id\u0151":"1 perc"},"schema":{"@context":"https:\/\/schema.org","@graph":[{"@type":"WebPage","@id":"https:\/\/ctp.rvltpreview.com\/investors\/governance\/","url":"https:\/\/ctp.rvltpreview.com\/investors\/governance\/","name":"Governance - Commercial Real Estate Developer And Manager","isPartOf":{"@id":"https:\/\/ctp.rvltpreview.com\/#website"},"datePublished":"2021-03-03T11:58:12+00:00","dateModified":"2025-09-04T07:28:36+00:00","breadcrumb":{"@id":"https:\/\/ctp.rvltpreview.com\/investors\/governance\/#breadcrumb"},"inLanguage":"hu","potentialAction":[{"@type":"ReadAction","target":["https:\/\/ctp.rvltpreview.com\/investors\/governance\/"]}]},{"@type":"BreadcrumbList","@id":"https:\/\/ctp.rvltpreview.com\/investors\/governance\/#breadcrumb","itemListElement":[{"@type":"ListItem","position":1,"name":"Home","item":"https:\/\/ctp.rvltpreview.com\/"},{"@type":"ListItem","position":2,"name":"Long-Term Investment Partnership","item":"https:\/\/ctp.rvltpreview.com\/investors\/"},{"@type":"ListItem","position":3,"name":"Governance"}]},{"@type":"WebSite","@id":"https:\/\/ctp.rvltpreview.com\/#website","url":"https:\/\/ctp.rvltpreview.com\/","name":"Commercial Real Estate Developer And Manager","description":"CTP - premium industrial warehouse and office buildings","publisher":{"@id":"https:\/\/ctp.rvltpreview.com\/#organization"},"potentialAction":[{"@type":"SearchAction","target":{"@type":"EntryPoint","urlTemplate":"https:\/\/ctp.rvltpreview.com\/?s={search_term_string}"},"query-input":{"@type":"PropertyValueSpecification","valueRequired":true,"valueName":"search_term_string"}}],"inLanguage":"hu"},{"@type":"Organization","@id":"https:\/\/ctp.rvltpreview.com\/#organization","name":"CTP","url":"https:\/\/ctp.rvltpreview.com\/","logo":{"@type":"ImageObject","inLanguage":"hu","@id":"https:\/\/ctp.rvltpreview.com\/#\/schema\/logo\/image\/","url":"","contentUrl":"","caption":"CTP"},"image":{"@id":"https:\/\/ctp.rvltpreview.com\/#\/schema\/logo\/image\/"}}]}},"_links":{"self":[{"href":"https:\/\/ctp.rvltpreview.com\/hu\/wp-json\/wp\/v2\/pages\/13639","targetHints":{"allow":["GET"]}}],"collection":[{"href":"https:\/\/ctp.rvltpreview.com\/hu\/wp-json\/wp\/v2\/pages"}],"about":[{"href":"https:\/\/ctp.rvltpreview.com\/hu\/wp-json\/wp\/v2\/types\/page"}],"author":[{"embeddable":true,"href":"https:\/\/ctp.rvltpreview.com\/hu\/wp-json\/wp\/v2\/users\/22"}],"replies":[{"embeddable":true,"href":"https:\/\/ctp.rvltpreview.com\/hu\/wp-json\/wp\/v2\/comments?post=13639"}],"version-history":[{"count":45,"href":"https:\/\/ctp.rvltpreview.com\/hu\/wp-json\/wp\/v2\/pages\/13639\/revisions"}],"predecessor-version":[{"id":104110,"href":"https:\/\/ctp.rvltpreview.com\/hu\/wp-json\/wp\/v2\/pages\/13639\/revisions\/104110"}],"up":[{"embeddable":true,"href":"https:\/\/ctp.rvltpreview.com\/hu\/wp-json\/wp\/v2\/pages\/9830"}],"wp:attachment":[{"href":"https:\/\/ctp.rvltpreview.com\/hu\/wp-json\/wp\/v2\/media?parent=13639"}],"curies":[{"name":"wp","href":"https:\/\/api.w.org\/{rel}","templated":true}]}}