{"id":101310,"date":"2024-12-17T15:16:49","date_gmt":"2024-12-17T13:16:49","guid":{"rendered":"https:\/\/ctp.eu\/?page_id=101310"},"modified":"2024-12-17T16:05:17","modified_gmt":"2024-12-17T14:05:17","slug":"ctbox-ideal-for-small-business","status":"publish","type":"page","link":"https:\/\/ctp.rvltpreview.com\/hu\/ponavka\/ctbox-ideal-for-small-business\/","title":{"rendered":"CTBox: Ide\u00e1lis kisv\u00e1llalkoz\u00e1sok sz\u00e1m\u00e1ra"},"content":{"rendered":"<p>&nbsp;<\/p>\n<p><scribe-shadow id=\"crxjs-ext\" style=\"position: fixed; width: 0px; height: 0px; top: 0px; left: 0px; z-index: 2147483647; overflow: visible; visibility: visible;\"><\/scribe-shadow><\/p>","protected":false},"excerpt":{"rendered":"<p>&nbsp;<\/p>","protected":false},"author":68,"featured_media":0,"parent":99938,"menu_order":0,"comment_status":"closed","ping_status":"closed","template":"templates\/park-promo-vlnena-buildings.php","meta":{"_acf_changed":false,"footnotes":""},"class_list":["post-101310","page","type-page","status-publish","hentry"],"acf":[],"yoast_head":"<title>CTBox: Ideal for Small Business - Commercial Real Estate Developer And Manager<\/title>\n<meta name=\"robots\" content=\"noindex, follow, max-snippet:-1, max-image-preview:large, max-video-preview:-1\" \/>\n<meta property=\"og:locale\" content=\"hu_HU\" \/>\n<meta property=\"og:type\" content=\"article\" \/>\n<meta property=\"og:title\" content=\"CTBox: Ideal for Small Business\" \/>\n<meta property=\"og:description\" content=\"&nbsp;\" \/>\n<meta property=\"og:url\" content=\"https:\/\/ctp.rvltpreview.com\/hu\/ponavka\/ctbox-ideal-for-small-business\/\" \/>\n<meta property=\"og:site_name\" content=\"Commercial Real Estate Developer And Manager\" \/>\n<meta property=\"article:modified_time\" content=\"2024-12-17T14:05:17+00:00\" \/>\n<meta name=\"twitter:card\" content=\"summary_large_image\" \/>\n<script type=\"application\/ld+json\" class=\"yoast-schema-graph\">{\"@context\":\"https:\\\/\\\/schema.org\",\"@graph\":[{\"@type\":\"WebPage\",\"@id\":\"https:\\\/\\\/ctp.rvltpreview.com\\\/ponavka\\\/ctbox-ideal-for-small-business\\\/\",\"url\":\"https:\\\/\\\/ctp.rvltpreview.com\\\/ponavka\\\/ctbox-ideal-for-small-business\\\/\",\"name\":\"CTBox: Ideal for Small Business - Commercial Real Estate Developer And Manager\",\"isPartOf\":{\"@id\":\"https:\\\/\\\/ctp.rvltpreview.com\\\/#website\"},\"datePublished\":\"2024-12-17T13:16:49+00:00\",\"dateModified\":\"2024-12-17T14:05:17+00:00\",\"breadcrumb\":{\"@id\":\"https:\\\/\\\/ctp.rvltpreview.com\\\/ponavka\\\/ctbox-ideal-for-small-business\\\/#breadcrumb\"},\"inLanguage\":\"hu\",\"potentialAction\":[{\"@type\":\"ReadAction\",\"target\":[\"https:\\\/\\\/ctp.rvltpreview.com\\\/ponavka\\\/ctbox-ideal-for-small-business\\\/\"]}]},{\"@type\":\"BreadcrumbList\",\"@id\":\"https:\\\/\\\/ctp.rvltpreview.com\\\/ponavka\\\/ctbox-ideal-for-small-business\\\/#breadcrumb\",\"itemListElement\":[{\"@type\":\"ListItem\",\"position\":1,\"name\":\"Home\",\"item\":\"https:\\\/\\\/ctp.rvltpreview.com\\\/cs\\\/\"},{\"@type\":\"ListItem\",\"position\":2,\"name\":\"Pon\u0101vka\",\"item\":\"https:\\\/\\\/ctp.rvltpreview.com\\\/ponavka\\\/\"},{\"@type\":\"ListItem\",\"position\":3,\"name\":\"CTBox: Ideal for Small Business\"}]},{\"@type\":\"WebSite\",\"@id\":\"https:\\\/\\\/ctp.rvltpreview.com\\\/#website\",\"url\":\"https:\\\/\\\/ctp.rvltpreview.com\\\/\",\"name\":\"Commercial Real Estate Developer And Manager\",\"description\":\"CTP - premium industrial warehouse and office buildings\",\"publisher\":{\"@id\":\"https:\\\/\\\/ctp.rvltpreview.com\\\/#organization\"},\"potentialAction\":[{\"@type\":\"SearchAction\",\"target\":{\"@type\":\"EntryPoint\",\"urlTemplate\":\"https:\\\/\\\/ctp.rvltpreview.com\\\/?s={search_term_string}\"},\"query-input\":{\"@type\":\"PropertyValueSpecification\",\"valueRequired\":true,\"valueName\":\"search_term_string\"}}],\"inLanguage\":\"hu\"},{\"@type\":\"Organization\",\"@id\":\"https:\\\/\\\/ctp.rvltpreview.com\\\/#organization\",\"name\":\"CTP\",\"url\":\"https:\\\/\\\/ctp.rvltpreview.com\\\/\",\"logo\":{\"@type\":\"ImageObject\",\"inLanguage\":\"hu\",\"@id\":\"https:\\\/\\\/ctp.rvltpreview.com\\\/#\\\/schema\\\/logo\\\/image\\\/\",\"url\":\"\",\"contentUrl\":\"\",\"caption\":\"CTP\"},\"image\":{\"@id\":\"https:\\\/\\\/ctp.rvltpreview.com\\\/#\\\/schema\\\/logo\\\/image\\\/\"}}]}<\/script>","yoast_head_json":{"title":"CTBox: Ide\u00e1lis kisv\u00e1llalkoz\u00e1sok sz\u00e1m\u00e1ra \u2013 kereskedelmi ingatlanfejleszt\u0151 \u00e9s menedzser","robots":{"index":"noindex","follow":"follow","max-snippet":"max-snippet:-1","max-image-preview":"max-image-preview:large","max-video-preview":"max-video-preview:-1"},"og_locale":"hu_HU","og_type":"article","og_title":"CTBox: Ideal for Small Business","og_description":"&nbsp;","og_url":"https:\/\/ctp.rvltpreview.com\/hu\/ponavka\/ctbox-ideal-for-small-business\/","og_site_name":"Commercial Real Estate Developer And Manager","article_modified_time":"2024-12-17T14:05:17+00:00","twitter_card":"summary_large_image","schema":{"@context":"https:\/\/schema.org","@graph":[{"@type":"WebPage","@id":"https:\/\/ctp.rvltpreview.com\/ponavka\/ctbox-ideal-for-small-business\/","url":"https:\/\/ctp.rvltpreview.com\/ponavka\/ctbox-ideal-for-small-business\/","name":"CTBox: Ide\u00e1lis kisv\u00e1llalkoz\u00e1sok sz\u00e1m\u00e1ra \u2013 kereskedelmi ingatlanfejleszt\u0151 \u00e9s menedzser","isPartOf":{"@id":"https:\/\/ctp.rvltpreview.com\/#website"},"datePublished":"2024-12-17T13:16:49+00:00","dateModified":"2024-12-17T14:05:17+00:00","breadcrumb":{"@id":"https:\/\/ctp.rvltpreview.com\/ponavka\/ctbox-ideal-for-small-business\/#breadcrumb"},"inLanguage":"hu","potentialAction":[{"@type":"ReadAction","target":["https:\/\/ctp.rvltpreview.com\/ponavka\/ctbox-ideal-for-small-business\/"]}]},{"@type":"BreadcrumbList","@id":"https:\/\/ctp.rvltpreview.com\/ponavka\/ctbox-ideal-for-small-business\/#breadcrumb","itemListElement":[{"@type":"ListItem","position":1,"name":"Home","item":"https:\/\/ctp.rvltpreview.com\/cs\/"},{"@type":"ListItem","position":2,"name":"Pon\u0101vka","item":"https:\/\/ctp.rvltpreview.com\/ponavka\/"},{"@type":"ListItem","position":3,"name":"CTBox: Ideal for Small Business"}]},{"@type":"WebSite","@id":"https:\/\/ctp.rvltpreview.com\/#website","url":"https:\/\/ctp.rvltpreview.com\/","name":"Kereskedelmi ingatlanfejleszt\u0151 \u00e9s menedzser","description":"CTP - pr\u00e9mium ipari rakt\u00e1rak \u00e9s iroda\u00e9p\u00fcletek","publisher":{"@id":"https:\/\/ctp.rvltpreview.com\/#organization"},"potentialAction":[{"@type":"SearchAction","target":{"@type":"EntryPoint","urlTemplate":"https:\/\/ctp.rvltpreview.com\/?s={search_term_string}"},"query-input":{"@type":"PropertyValueSpecification","valueRequired":true,"valueName":"search_term_string"}}],"inLanguage":"hu"},{"@type":"Organization","@id":"https:\/\/ctp.rvltpreview.com\/#organization","name":"CTP","url":"https:\/\/ctp.rvltpreview.com\/","logo":{"@type":"ImageObject","inLanguage":"hu","@id":"https:\/\/ctp.rvltpreview.com\/#\/schema\/logo\/image\/","url":"","contentUrl":"","caption":"CTP"},"image":{"@id":"https:\/\/ctp.rvltpreview.com\/#\/schema\/logo\/image\/"}}]}},"_links":{"self":[{"href":"https:\/\/ctp.rvltpreview.com\/hu\/wp-json\/wp\/v2\/pages\/101310","targetHints":{"allow":["GET"]}}],"collection":[{"href":"https:\/\/ctp.rvltpreview.com\/hu\/wp-json\/wp\/v2\/pages"}],"about":[{"href":"https:\/\/ctp.rvltpreview.com\/hu\/wp-json\/wp\/v2\/types\/page"}],"author":[{"embeddable":true,"href":"https:\/\/ctp.rvltpreview.com\/hu\/wp-json\/wp\/v2\/users\/68"}],"replies":[{"embeddable":true,"href":"https:\/\/ctp.rvltpreview.com\/hu\/wp-json\/wp\/v2\/comments?post=101310"}],"version-history":[{"count":5,"href":"https:\/\/ctp.rvltpreview.com\/hu\/wp-json\/wp\/v2\/pages\/101310\/revisions"}],"predecessor-version":[{"id":101319,"href":"https:\/\/ctp.rvltpreview.com\/hu\/wp-json\/wp\/v2\/pages\/101310\/revisions\/101319"}],"up":[{"embeddable":true,"href":"https:\/\/ctp.rvltpreview.com\/hu\/wp-json\/wp\/v2\/pages\/99938"}],"wp:attachment":[{"href":"https:\/\/ctp.rvltpreview.com\/hu\/wp-json\/wp\/v2\/media?parent=101310"}],"curies":[{"name":"wp","href":"https:\/\/api.w.org\/{rel}","templated":true}]}}