{"id":9638,"date":"2020-09-01T09:15:46","date_gmt":"2020-09-01T09:15:46","guid":{"rendered":"https:\/\/www.ctp.eu\/?page_id=9638"},"modified":"2021-03-17T16:57:10","modified_gmt":"2021-03-17T16:57:10","slug":"regions","status":"publish","type":"page","link":"https:\/\/ctp.rvltpreview.com\/de\/regions\/","title":{"rendered":"Hei\u00dfe Regionen"},"content":{"rendered":"<p>Die hochwertigen, nachhaltigen Lagerh\u00e4user von CTP k\u00f6nnen von Logistik-, E-Commerce- und Drittanbietern in ganz Mittel- und Osteuropa gemietet werden, von den Hauptst\u00e4dten der Region bis hin zu mehreren anderen wichtigen st\u00e4dtischen Zentren. Alle Parks sind strategisch so gelegen, dass sie einen optimalen Zugang zu Autobahnen, Flugh\u00e4fen und anderen wichtigen Verkehrs- und Logistikknotenpunkten bieten.<\/p>","protected":false},"excerpt":{"rendered":"<p>Die hochwertigen, nachhaltigen Lagerh\u00e4user von CTP k\u00f6nnen von Logistik-, E-Commerce- und Drittanbietern in ganz Mittel- und Osteuropa gemietet werden,<\/p>","protected":false},"author":22,"featured_media":0,"parent":0,"menu_order":0,"comment_status":"closed","ping_status":"closed","template":"regions-page.php","meta":{"_acf_changed":false,"footnotes":""},"class_list":["post-9638","page","type-page","status-publish","hentry"],"acf":[],"yoast_head":"<title>Hot Regions - Commercial Real Estate Developer And Manager<\/title>\n<meta name=\"robots\" content=\"noindex, follow, max-snippet:-1, max-image-preview:large, max-video-preview:-1\" \/>\n<meta property=\"og:locale\" content=\"de_DE\" \/>\n<meta property=\"og:type\" content=\"article\" \/>\n<meta property=\"og:title\" content=\"Hot Regions\" \/>\n<meta property=\"og:description\" content=\"CTP\u2019s high-quality, sustainable warehouses are available for lease for logistics, ecommerce, and third-party logistics providers across Central and Eastern Europe,\" \/>\n<meta property=\"og:url\" content=\"https:\/\/ctp.rvltpreview.com\/de\/regions\/\" \/>\n<meta property=\"og:site_name\" content=\"Commercial Real Estate Developer And Manager\" \/>\n<meta property=\"article:modified_time\" content=\"2021-03-17T16:57:10+00:00\" \/>\n<meta name=\"twitter:card\" content=\"summary_large_image\" \/>\n<script type=\"application\/ld+json\" class=\"yoast-schema-graph\">{\"@context\":\"https:\/\/schema.org\",\"@graph\":[{\"@type\":\"WebPage\",\"@id\":\"https:\/\/ctp.rvltpreview.com\/regions\/\",\"url\":\"https:\/\/ctp.rvltpreview.com\/regions\/\",\"name\":\"Hot Regions - Commercial Real Estate Developer And Manager\",\"isPartOf\":{\"@id\":\"https:\/\/ctp.rvltpreview.com\/#website\"},\"datePublished\":\"2020-09-01T09:15:46+00:00\",\"dateModified\":\"2021-03-17T16:57:10+00:00\",\"breadcrumb\":{\"@id\":\"https:\/\/ctp.rvltpreview.com\/regions\/#breadcrumb\"},\"inLanguage\":\"de\",\"potentialAction\":[{\"@type\":\"ReadAction\",\"target\":[\"https:\/\/ctp.rvltpreview.com\/regions\/\"]}]},{\"@type\":\"BreadcrumbList\",\"@id\":\"https:\/\/ctp.rvltpreview.com\/regions\/#breadcrumb\",\"itemListElement\":[{\"@type\":\"ListItem\",\"position\":1,\"name\":\"Home\",\"item\":\"https:\/\/ctp.rvltpreview.com\/\"},{\"@type\":\"ListItem\",\"position\":2,\"name\":\"Hot Regions\"}]},{\"@type\":\"WebSite\",\"@id\":\"https:\/\/ctp.rvltpreview.com\/#website\",\"url\":\"https:\/\/ctp.rvltpreview.com\/\",\"name\":\"Commercial Real Estate Developer And Manager\",\"description\":\"CTP - premium industrial warehouse and office buildings\",\"publisher\":{\"@id\":\"https:\/\/ctp.rvltpreview.com\/#organization\"},\"potentialAction\":[{\"@type\":\"SearchAction\",\"target\":{\"@type\":\"EntryPoint\",\"urlTemplate\":\"https:\/\/ctp.rvltpreview.com\/?s={search_term_string}\"},\"query-input\":{\"@type\":\"PropertyValueSpecification\",\"valueRequired\":true,\"valueName\":\"search_term_string\"}}],\"inLanguage\":\"de\"},{\"@type\":\"Organization\",\"@id\":\"https:\/\/ctp.rvltpreview.com\/#organization\",\"name\":\"CTP\",\"url\":\"https:\/\/ctp.rvltpreview.com\/\",\"logo\":{\"@type\":\"ImageObject\",\"inLanguage\":\"de\",\"@id\":\"https:\/\/ctp.rvltpreview.com\/#\/schema\/logo\/image\/\",\"url\":\"\",\"contentUrl\":\"\",\"caption\":\"CTP\"},\"image\":{\"@id\":\"https:\/\/ctp.rvltpreview.com\/#\/schema\/logo\/image\/\"}}]}<\/script>","yoast_head_json":{"title":"Hot Regions - Commercial Real Estate Developer And Manager","robots":{"index":"noindex","follow":"follow","max-snippet":"max-snippet:-1","max-image-preview":"max-image-preview:large","max-video-preview":"max-video-preview:-1"},"og_locale":"de_DE","og_type":"article","og_title":"Hot Regions","og_description":"CTP\u2019s high-quality, sustainable warehouses are available for lease for logistics, ecommerce, and third-party logistics providers across Central and Eastern Europe,","og_url":"https:\/\/ctp.rvltpreview.com\/de\/regions\/","og_site_name":"Commercial Real Estate Developer And Manager","article_modified_time":"2021-03-17T16:57:10+00:00","twitter_card":"summary_large_image","schema":{"@context":"https:\/\/schema.org","@graph":[{"@type":"WebPage","@id":"https:\/\/ctp.rvltpreview.com\/regions\/","url":"https:\/\/ctp.rvltpreview.com\/regions\/","name":"Hot Regions - Commercial Real Estate Developer And Manager","isPartOf":{"@id":"https:\/\/ctp.rvltpreview.com\/#website"},"datePublished":"2020-09-01T09:15:46+00:00","dateModified":"2021-03-17T16:57:10+00:00","breadcrumb":{"@id":"https:\/\/ctp.rvltpreview.com\/regions\/#breadcrumb"},"inLanguage":"de","potentialAction":[{"@type":"ReadAction","target":["https:\/\/ctp.rvltpreview.com\/regions\/"]}]},{"@type":"BreadcrumbList","@id":"https:\/\/ctp.rvltpreview.com\/regions\/#breadcrumb","itemListElement":[{"@type":"ListItem","position":1,"name":"Home","item":"https:\/\/ctp.rvltpreview.com\/"},{"@type":"ListItem","position":2,"name":"Hot Regions"}]},{"@type":"WebSite","@id":"https:\/\/ctp.rvltpreview.com\/#website","url":"https:\/\/ctp.rvltpreview.com\/","name":"Commercial Real Estate Developer And Manager","description":"CTP - premium industrial warehouse and office buildings","publisher":{"@id":"https:\/\/ctp.rvltpreview.com\/#organization"},"potentialAction":[{"@type":"SearchAction","target":{"@type":"EntryPoint","urlTemplate":"https:\/\/ctp.rvltpreview.com\/?s={search_term_string}"},"query-input":{"@type":"PropertyValueSpecification","valueRequired":true,"valueName":"search_term_string"}}],"inLanguage":"de"},{"@type":"Organization","@id":"https:\/\/ctp.rvltpreview.com\/#organization","name":"CTP","url":"https:\/\/ctp.rvltpreview.com\/","logo":{"@type":"ImageObject","inLanguage":"de","@id":"https:\/\/ctp.rvltpreview.com\/#\/schema\/logo\/image\/","url":"","contentUrl":"","caption":"CTP"},"image":{"@id":"https:\/\/ctp.rvltpreview.com\/#\/schema\/logo\/image\/"}}]}},"_links":{"self":[{"href":"https:\/\/ctp.rvltpreview.com\/de\/wp-json\/wp\/v2\/pages\/9638","targetHints":{"allow":["GET"]}}],"collection":[{"href":"https:\/\/ctp.rvltpreview.com\/de\/wp-json\/wp\/v2\/pages"}],"about":[{"href":"https:\/\/ctp.rvltpreview.com\/de\/wp-json\/wp\/v2\/types\/page"}],"author":[{"embeddable":true,"href":"https:\/\/ctp.rvltpreview.com\/de\/wp-json\/wp\/v2\/users\/22"}],"replies":[{"embeddable":true,"href":"https:\/\/ctp.rvltpreview.com\/de\/wp-json\/wp\/v2\/comments?post=9638"}],"version-history":[{"count":0,"href":"https:\/\/ctp.rvltpreview.com\/de\/wp-json\/wp\/v2\/pages\/9638\/revisions"}],"wp:attachment":[{"href":"https:\/\/ctp.rvltpreview.com\/de\/wp-json\/wp\/v2\/media?parent=9638"}],"curies":[{"name":"wp","href":"https:\/\/api.w.org\/{rel}","templated":true}]}}