{"id":64327,"date":"2022-11-16T19:26:58","date_gmt":"2022-11-16T17:26:58","guid":{"rendered":"https:\/\/www.ctp.eu\/?page_id=64327"},"modified":"2023-04-14T15:18:54","modified_gmt":"2023-04-14T13:18:54","slug":"jobs","status":"publish","type":"page","link":"https:\/\/ctp.rvltpreview.com\/de\/company\/jobs\/","title":{"rendered":"Beginnen Sie Ihre Zukunft mit uns"},"content":{"rendered":"<p>CTP ist ein dynamisches, schnell wachsendes Unternehmen, das seine Mitarbeiter zu H\u00f6chstleistungen anspornt. <strong>F\u00fcnf Grundwerte - Engagement f\u00fcr Spitzenleistungen, Unternehmergeist, Verantwortlichkeit gegen\u00fcber Interessengruppen, Nachhaltigkeit und Gemeinschaft<\/strong>-... verbinden uns \u00fcber unsere M\u00e4rkte und Teams hinweg, w\u00e4hrend unsere praxisorientierte Unternehmenskultur Ihnen die M\u00f6glichkeit gibt, einen echten Einfluss auf das Unternehmen zu nehmen. Wenn Sie der Meinung sind, dass Sie das Zeug dazu haben, unserem preisgekr\u00f6nten Team von Fachleuten beizutreten, finden Sie in der folgenden Liste M\u00f6glichkeiten, die Ihren F\u00e4higkeiten entsprechen.<\/p>","protected":false},"excerpt":{"rendered":"<p>CTP ist ein dynamisches, schnell wachsendes Unternehmen, das Menschen zu H\u00f6chstleistungen herausfordert. F\u00fcnf Grundwerte \u2013 Engagement f\u00fcr Spitzenleistungen, unternehmerisches<\/p>","protected":false},"author":22,"featured_media":0,"parent":62,"menu_order":0,"comment_status":"closed","ping_status":"closed","template":"jobs-page-home.php","meta":{"_acf_changed":false,"footnotes":""},"class_list":["post-64327","page","type-page","status-publish","hentry"],"acf":[],"yoast_head":"<title>Start Your Future with Us at CTP<\/title>\n<meta name=\"description\" content=\"Available jobs at CTP - the leading industrial property developer and manager - job opportunities available in Central and Eastern Europe.\" \/>\n<meta name=\"robots\" content=\"noindex, follow, max-snippet:-1, max-image-preview:large, max-video-preview:-1\" \/>\n<meta property=\"og:locale\" content=\"de_DE\" \/>\n<meta property=\"og:type\" content=\"article\" \/>\n<meta property=\"og:title\" content=\"Start Your Future with Us\" \/>\n<meta property=\"og:description\" content=\"Available jobs at CTP - the leading industrial property developer and manager - job opportunities available in Central and Eastern Europe.\" \/>\n<meta property=\"og:url\" content=\"https:\/\/ctp.rvltpreview.com\/de\/company\/jobs\/\" \/>\n<meta property=\"og:site_name\" content=\"Commercial Real Estate Developer And Manager\" \/>\n<meta property=\"article:modified_time\" content=\"2023-04-14T13:18:54+00:00\" \/>\n<meta property=\"og:image\" content=\"https:\/\/ctp.rvltpreview.com\/wp-content\/uploads\/2021\/02\/Jobs-lizzbeth.jpg\" \/>\n\t<meta property=\"og:image:width\" content=\"1040\" \/>\n\t<meta property=\"og:image:height\" content=\"544\" \/>\n\t<meta property=\"og:image:type\" content=\"image\/jpeg\" \/>\n<meta name=\"twitter:card\" content=\"summary_large_image\" \/>\n<meta name=\"twitter:label1\" content=\"Gesch\u00e4tzte Lesezeit\" \/>\n\t<meta name=\"twitter:data1\" content=\"1\u00a0Minute\" \/>\n<script type=\"application\/ld+json\" class=\"yoast-schema-graph\">{\"@context\":\"https:\\\/\\\/schema.org\",\"@graph\":[{\"@type\":\"WebPage\",\"@id\":\"https:\\\/\\\/ctp.rvltpreview.com\\\/company\\\/jobs\\\/\",\"url\":\"https:\\\/\\\/ctp.rvltpreview.com\\\/company\\\/jobs\\\/\",\"name\":\"Start Your Future with Us at CTP\",\"isPartOf\":{\"@id\":\"https:\\\/\\\/ctp.rvltpreview.com\\\/#website\"},\"datePublished\":\"2022-11-16T17:26:58+00:00\",\"dateModified\":\"2023-04-14T13:18:54+00:00\",\"description\":\"Available jobs at CTP - the leading industrial property developer and manager - job opportunities available in Central and Eastern Europe.\",\"breadcrumb\":{\"@id\":\"https:\\\/\\\/ctp.rvltpreview.com\\\/company\\\/jobs\\\/#breadcrumb\"},\"inLanguage\":\"de\",\"potentialAction\":[{\"@type\":\"ReadAction\",\"target\":[\"https:\\\/\\\/ctp.rvltpreview.com\\\/company\\\/jobs\\\/\"]}]},{\"@type\":\"BreadcrumbList\",\"@id\":\"https:\\\/\\\/ctp.rvltpreview.com\\\/company\\\/jobs\\\/#breadcrumb\",\"itemListElement\":[{\"@type\":\"ListItem\",\"position\":1,\"name\":\"Home\",\"item\":\"https:\\\/\\\/ctp.rvltpreview.com\\\/\"},{\"@type\":\"ListItem\",\"position\":2,\"name\":\"Company\",\"item\":\"https:\\\/\\\/ctp.rvltpreview.com\\\/company\\\/\"},{\"@type\":\"ListItem\",\"position\":3,\"name\":\"Start Your Future with Us\"}]},{\"@type\":\"WebSite\",\"@id\":\"https:\\\/\\\/ctp.rvltpreview.com\\\/#website\",\"url\":\"https:\\\/\\\/ctp.rvltpreview.com\\\/\",\"name\":\"Commercial Real Estate Developer And Manager\",\"description\":\"CTP - premium industrial warehouse and office buildings\",\"publisher\":{\"@id\":\"https:\\\/\\\/ctp.rvltpreview.com\\\/#organization\"},\"potentialAction\":[{\"@type\":\"SearchAction\",\"target\":{\"@type\":\"EntryPoint\",\"urlTemplate\":\"https:\\\/\\\/ctp.rvltpreview.com\\\/?s={search_term_string}\"},\"query-input\":{\"@type\":\"PropertyValueSpecification\",\"valueRequired\":true,\"valueName\":\"search_term_string\"}}],\"inLanguage\":\"de\"},{\"@type\":\"Organization\",\"@id\":\"https:\\\/\\\/ctp.rvltpreview.com\\\/#organization\",\"name\":\"CTP\",\"url\":\"https:\\\/\\\/ctp.rvltpreview.com\\\/\",\"logo\":{\"@type\":\"ImageObject\",\"inLanguage\":\"de\",\"@id\":\"https:\\\/\\\/ctp.rvltpreview.com\\\/#\\\/schema\\\/logo\\\/image\\\/\",\"url\":\"\",\"contentUrl\":\"\",\"caption\":\"CTP\"},\"image\":{\"@id\":\"https:\\\/\\\/ctp.rvltpreview.com\\\/#\\\/schema\\\/logo\\\/image\\\/\"}}]}<\/script>","yoast_head_json":{"title":"Beginnen Sie Ihre Zukunft mit uns bei CTP","description":"Freie Stellen bei CTP - dem f\u00fchrenden Entwickler und Verwalter von Industrieimmobilien - freie Stellen in Mittel- und Osteuropa.","robots":{"index":"noindex","follow":"follow","max-snippet":"max-snippet:-1","max-image-preview":"max-image-preview:large","max-video-preview":"max-video-preview:-1"},"og_locale":"de_DE","og_type":"article","og_title":"Start Your Future with Us","og_description":"Available jobs at CTP - the leading industrial property developer and manager - job opportunities available in Central and Eastern Europe.","og_url":"https:\/\/ctp.rvltpreview.com\/de\/company\/jobs\/","og_site_name":"Commercial Real Estate Developer And Manager","article_modified_time":"2023-04-14T13:18:54+00:00","og_image":[{"width":1040,"height":544,"url":"https:\/\/ctp.rvltpreview.com\/wp-content\/uploads\/2021\/02\/Jobs-lizzbeth.jpg","type":"image\/jpeg"}],"twitter_card":"summary_large_image","twitter_misc":{"Gesch\u00e4tzte Lesezeit":"1\u00a0Minute"},"schema":{"@context":"https:\/\/schema.org","@graph":[{"@type":"WebPage","@id":"https:\/\/ctp.rvltpreview.com\/company\/jobs\/","url":"https:\/\/ctp.rvltpreview.com\/company\/jobs\/","name":"Beginnen Sie Ihre Zukunft mit uns bei CTP","isPartOf":{"@id":"https:\/\/ctp.rvltpreview.com\/#website"},"datePublished":"2022-11-16T17:26:58+00:00","dateModified":"2023-04-14T13:18:54+00:00","description":"Freie Stellen bei CTP - dem f\u00fchrenden Entwickler und Verwalter von Industrieimmobilien - freie Stellen in Mittel- und Osteuropa.","breadcrumb":{"@id":"https:\/\/ctp.rvltpreview.com\/company\/jobs\/#breadcrumb"},"inLanguage":"de","potentialAction":[{"@type":"ReadAction","target":["https:\/\/ctp.rvltpreview.com\/company\/jobs\/"]}]},{"@type":"BreadcrumbList","@id":"https:\/\/ctp.rvltpreview.com\/company\/jobs\/#breadcrumb","itemListElement":[{"@type":"ListItem","position":1,"name":"Home","item":"https:\/\/ctp.rvltpreview.com\/"},{"@type":"ListItem","position":2,"name":"Company","item":"https:\/\/ctp.rvltpreview.com\/company\/"},{"@type":"ListItem","position":3,"name":"Start Your Future with Us"}]},{"@type":"WebSite","@id":"https:\/\/ctp.rvltpreview.com\/#website","url":"https:\/\/ctp.rvltpreview.com\/","name":"Entwickler und Manager von Gewerbeimmobilien","description":"CTP - hochwertige industrielle Lager- und B\u00fcrogeb\u00e4ude","publisher":{"@id":"https:\/\/ctp.rvltpreview.com\/#organization"},"potentialAction":[{"@type":"SearchAction","target":{"@type":"EntryPoint","urlTemplate":"https:\/\/ctp.rvltpreview.com\/?s={search_term_string}"},"query-input":{"@type":"PropertyValueSpecification","valueRequired":true,"valueName":"search_term_string"}}],"inLanguage":"de"},{"@type":"Organization","@id":"https:\/\/ctp.rvltpreview.com\/#organization","name":"CTP","url":"https:\/\/ctp.rvltpreview.com\/","logo":{"@type":"ImageObject","inLanguage":"de","@id":"https:\/\/ctp.rvltpreview.com\/#\/schema\/logo\/image\/","url":"","contentUrl":"","caption":"CTP"},"image":{"@id":"https:\/\/ctp.rvltpreview.com\/#\/schema\/logo\/image\/"}}]}},"_links":{"self":[{"href":"https:\/\/ctp.rvltpreview.com\/de\/wp-json\/wp\/v2\/pages\/64327","targetHints":{"allow":["GET"]}}],"collection":[{"href":"https:\/\/ctp.rvltpreview.com\/de\/wp-json\/wp\/v2\/pages"}],"about":[{"href":"https:\/\/ctp.rvltpreview.com\/de\/wp-json\/wp\/v2\/types\/page"}],"author":[{"embeddable":true,"href":"https:\/\/ctp.rvltpreview.com\/de\/wp-json\/wp\/v2\/users\/22"}],"replies":[{"embeddable":true,"href":"https:\/\/ctp.rvltpreview.com\/de\/wp-json\/wp\/v2\/comments?post=64327"}],"version-history":[{"count":0,"href":"https:\/\/ctp.rvltpreview.com\/de\/wp-json\/wp\/v2\/pages\/64327\/revisions"}],"up":[{"embeddable":true,"href":"https:\/\/ctp.rvltpreview.com\/de\/wp-json\/wp\/v2\/pages\/62"}],"wp:attachment":[{"href":"https:\/\/ctp.rvltpreview.com\/de\/wp-json\/wp\/v2\/media?parent=64327"}],"curies":[{"name":"wp","href":"https:\/\/api.w.org\/{rel}","templated":true}]}}