{"id":5938,"date":"2019-07-16T09:26:03","date_gmt":"2019-07-16T09:26:03","guid":{"rendered":"https:\/\/www.ctp.eu\/?page_id=5938"},"modified":"2020-08-28T10:59:07","modified_gmt":"2020-08-28T10:59:07","slug":"recruitment-privacy-policy","status":"publish","type":"page","link":"https:\/\/ctp.rvltpreview.com\/de\/ctp-policies\/recruitment-privacy-policy\/","title":{"rendered":"Datenschutz bei der Rekrutierung"},"content":{"rendered":"<div class=\"policy\">\n<h2>1 Allgemeine Bestimmungen<\/h2>\n<p>Wir verpflichten uns, Ihre Privatsph\u00e4re zu respektieren und Ihre personenbezogenen Daten zu sch\u00fctzen, d. h. alle Informationen, die Sie als Einzelperson identifizieren k\u00f6nnen. Diese Datenschutzrichtlinie f\u00fcr die Personalbeschaffung (die \"<strong>Datenschutzbestimmungen<\/strong>\") beschreibt, wie <strong>CTP<\/strong> <strong>Investieren <\/strong>(\"<strong>CTP investieren<\/strong>\" oder \"<strong>wir<\/strong>\") behandelt, verarbeitet und sch\u00fctzt Ihre personenbezogenen Daten im Zusammenhang mit dem Einstellungsprozess. Wie in dieser Datenschutzerkl\u00e4rung verwendet, bedeutet \"personenbezogene Daten\" Informationen, die Bewerber und potenzielle Kandidaten f\u00fcr eine Besch\u00e4ftigung bei uns identifizieren (\"<strong>Sie<\/strong>\" oder der \"<strong>Kandidat<\/strong>\"), die Sie uns entweder im Rahmen Ihrer Bewerbung (online oder schriftlich) und\/oder \u00fcber andere Kan\u00e4le (z. B. \u00fcber professionelle Personalvermittlungsfirmen) zukommen lassen.<\/p>\n<p>Diese Datenschutzrichtlinie informiert Sie auch \u00fcber Ihre Rechte in Bezug auf die Verarbeitung personenbezogener Daten und dar\u00fcber, wie und mit welchen Mitteln Sie diese aus\u00fcben k\u00f6nnen.<\/p>\n<p>Wir empfehlen Ihnen, sich sorgf\u00e4ltig mit dieser Datenschutzrichtlinie vertraut zu machen.<\/p>\n<p>&nbsp;<\/p>\n<h2>2 Verantwortlicher f\u00fcr personenbezogene Daten<\/h2>\n<h3>2.1 Identifizierung des f\u00fcr die Datenverarbeitung Verantwortlichen<\/h3>\n<p>Der f\u00fcr die Verarbeitung Ihrer personenbezogenen Daten Verantwortliche ist <strong>CTP Invest, spol. s r.o.<\/strong>mit Sitz im Central Trade Park D1 1571, 396 01 Humpolec, ID: 261 66 453, eingetragen im Handelsregister des Bezirksgerichts in \u010cesk\u00e9 Bud\u011bjovice, Akte C 15647.<\/p>\n<p>Wie in dieser Datenschutzerkl\u00e4rung festgelegt, k\u00f6nnen Ihre personenbezogenen Daten an andere verbundene Unternehmen oder Tochtergesellschaften von CTP Invest weitergegeben werden, die Teil der CTP-Gruppe sind (\"<strong>CTP-Gruppe<\/strong>\").<\/p>\n<p>Aktuelle Kontaktdaten und weitere Informationen \u00fcber CTP Invest und andere Unternehmen der CTP-Gruppe finden Sie unter <a href=\"https:\/\/ctp.rvltpreview.com\/contact\/\">https:\/\/ctp.rvltpreview.com\/contact\/<\/a>.<\/p>\n<p>F\u00fcr Anfragen und\/oder Beschwerden im Zusammenhang mit dieser Datenschutzrichtlinie k\u00f6nnen Sie uns per E-Mail kontaktieren <a href=\"mailto:Privacy@ctp.eu\">Privacy@ctp.eu<\/a>.<\/p>\n<p>&nbsp;<\/p>\n<h2>3 Zweck, Rechtsgrundlage, Umfang und Dauer der Verarbeitung von personenbezogenen Daten<\/h2>\n<h3>3.1 Zwecke, Rechtsgrundlagen und Dauer der Verarbeitung<\/h3>\n<p>Wir verarbeiten Ihre personenbezogenen Daten nur in dem Umfang, der zur Erf\u00fcllung unserer vertraglichen oder gesetzlichen Pflichten erforderlich ist, oder auf der Grundlage einer von Ihnen erteilten Einwilligung zu den nachfolgend genannten Zwecken.<\/p>\n<p><strong>3.1.1<\/strong>\u00a0 Wir verarbeiten Ihre personenbezogenen Daten f\u00fcr die folgenden Zwecke <strong>den Einstellungs- und Rekrutierungsprozess. <\/strong>Wir verwenden Ihre personenbezogenen Daten, um Bewerber f\u00fcr eine potenzielle Besch\u00e4ftigung zu identifizieren und zu bewerten (d. h. f\u00fcr <strong>eine bestimmte Stelle bei CTP Invest <\/strong>oder einer anderen Einheit der CTP-Gruppe).<\/p>\n<p>Wir verwenden die personenbezogenen Daten, wenn dies erforderlich ist, um einen Arbeitsvertrag mit Ihnen zu schlie\u00dfen. Aus diesem Grund verarbeiten wir Ihre personenbezogenen Daten bis zur Beendigung des Einstellungsverfahrens. Zu diesem Zweck k\u00f6nnen Ihre personenbezogenen Daten an das jeweilige Unternehmen der CTP-Gruppe weitergeleitet werden, das die freie Stelle zu besetzen hat.<\/p>\n<p><strong>3.1.2<\/strong>\u00a0 Es kann sein, dass wir Ihre personenbezogenen Daten aufbewahren m\u00f6chten, um Sie f\u00fcr zuk\u00fcnftige Besch\u00e4ftigungsm\u00f6glichkeiten bei CTP Invest oder m\u00f6glicherweise bei anderen Unternehmen der CTP-Gruppe in Betracht zu ziehen. In einem solchen Fall werden wir Sie entweder vor oder nach Ihrer offiziellen Bewerbung um eine Stelle um Ihre Zustimmung bitten, an unserem Rekrutierungsprogramm teilzunehmen, das Ihnen M\u00f6glichkeiten bietet, weitere Angebote f\u00fcr offene Stellen in der CTP-Gruppe zu erhalten. Dieses Rekrutierungsprogramm ist v\u00f6llig freiwillig.<\/p>\n<p>Wenn Sie uns Ihre Zustimmung geben, k\u00f6nnen wir Ihre personenbezogenen Daten f\u00fcr folgende Zwecke verarbeiten <strong>Kontaktaufnahme mit Ihnen in Bezug auf Besch\u00e4ftigungsm\u00f6glichkeiten (freie Stellen) f\u00fcr eine geeignete Stelle bei CTP Invest<\/strong> (oder ein anderes Unternehmen der CTP-Gruppe).  Wir werden Ihre personenbezogenen Daten maximal f\u00fcr den in der Einwilligung festgelegten Zeitraum verarbeiten; dieser Zeitraum wird in der Regel den Zeitraum von 2 Jahren ab dem Zeitpunkt der Einwilligung nicht \u00fcberschreiten.<\/p>\n<p>&nbsp;<\/p>\n<h3>3.2 Umfang der Verarbeitung<\/h3>\n<p>Wir verarbeiten Ihre personenbezogenen Daten in folgendem Umfang: <strong>Daten, die Sie uns zur Verf\u00fcgung stellen <\/strong><strong>w\u00e4hrend des Bewerbungs- und Einstellungsprozesses und in Ihrem Lebenslauf<\/strong>Insbesondere Ihren Vor- und Nachnamen, Ihre Adresse, Ihre E-Mail-Adresse, Ihre Telefonnummer, Ihren beruflichen und schulischen Werdegang, Ihre Leistungen und Testergebnisse (falls zutreffend), Ihr Foto und alle anderen personenbezogenen Daten, die in Ihrem Lebenslauf enthalten sind oder uns anderweitig zur Verf\u00fcgung gestellt oder von uns erlangt wurden, z. B. Daten, die wir bei der \u00dcberpr\u00fcfung von Bewerbern erfassen, einschlie\u00dflich rechtm\u00e4\u00dfiger Hintergrund\u00fcberpr\u00fcfungen.<\/p>\n<h2><\/h2>\n<h2>4 Weitergabe und \u00dcbermittlung der personenbezogenen Daten (Empf\u00e4nger der personenbezogenen Daten)<\/h2>\n<h3>4.1 Empf\u00e4nger von personenbezogenen Daten<\/h3>\n<p>Einige Kategorien personenbezogener Daten, die wir auf die oben beschriebene Art und Weise erfassen, k\u00f6nnen von uns an Dritte weitergegeben werden, die entweder unabh\u00e4ngige Verantwortliche sind oder uns bestimmte Dienstleistungen im Zusammenhang mit dem Einstellungsverfahren erbringen, insbesondere als unsere Auftragsverarbeiter:<\/p>\n<p>I. innerhalb der CTP-Gruppe f\u00fcr den Zweck des Einstellungs- und Rekrutierungsprozesses;<\/p>\n<p>II. mit Einrichtungen, die unsere IT-Systeme verwalten und IT-Dienstleistungen erbringen, die f\u00fcr die Verwaltung und Organisation des Einstellungsverfahrens genutzt werden;<\/p>\n<p>III. mit Einrichtungen, die Personalvermittlungsdienste und Stellenausschreibungen anbieten;<\/p>\n<p>IV. mit Beh\u00f6rden oder anderen Dritten zur Erf\u00fcllung von Verpflichtungen gem\u00e4\u00df den gesetzlichen Vorschriften.<\/p>\n<p>&nbsp;<\/p>\n<h3>4.2 Sicherheitsvorkehrungen<\/h3>\n<p>Wir haben mit den Verarbeitern personenbezogener Daten gem\u00e4\u00df dem vorstehenden Absatz Vereinbarungen \u00fcber die Verarbeitung personenbezogener Daten getroffen (mit Ausnahme der F\u00e4lle, in denen der Abschluss einer solchen Vereinbarung nicht obligatorisch ist, z. B. bei der \u00dcbermittlung personenbezogener Daten an Beh\u00f6rden), die mindestens das gleiche Schutzniveau gew\u00e4hrleisten wie diese Datenschutzrichtlinie.<\/p>\n<p>&nbsp;<\/p>\n<h2>5 Datensicherheit<\/h2>\n<p>Wir haben angemessene technische und organisatorische Ma\u00dfnahmen, interne Kontrollen und Informationssicherheitsprozesse in \u00dcbereinstimmung mit gesetzlichen Anforderungen und Marktstandards implementiert und unterhalten diese, die einer m\u00f6glichen Bedrohung f\u00fcr Sie als betroffene Person entsprechen. Wir ber\u00fccksichtigen auch den Stand der technischen Entwicklung, um Ihre personenbezogenen Daten vor versehentlichem Verlust, Zerst\u00f6rung, Ver\u00e4nderung, unbefugter Weitergabe oder unbefugtem Zugriff zu sch\u00fctzen. Zu diesen Ma\u00dfnahmen k\u00f6nnen unter anderem geh\u00f6ren: angemessene Ma\u00dfnahmen zur Sicherstellung der Haftung der zust\u00e4ndigen Mitarbeiter, die Zugang zu Ihren Daten haben, Schulung der Mitarbeiter, regelm\u00e4\u00dfige Backups, Verfahren zur Datenerneuerung und zum Umgang mit Zwischenf\u00e4llen, Softwareschutz f\u00fcr Ger\u00e4te, auf denen personenbezogene Daten gespeichert sind, usw.<\/p>\n<p>&nbsp;<\/p>\n<h2>6 Ihre Rechte als betroffene Person<\/h2>\n<p>Wenn Sie eines Ihrer Rechte gem\u00e4\u00df diesem Artikel oder gem\u00e4\u00df den geltenden Rechtsvorschriften aus\u00fcben m\u00f6chten, setzen Sie sich bitte mit uns in Verbindung, indem Sie die in Artikel 2 aufgef\u00fchrten Kontaktinformationen verwenden.<\/p>\n<p>Au\u00dferdem werden wir gegebenenfalls jeden Empf\u00e4nger, dem Ihre Daten gem\u00e4\u00df Artikel 4 dieser Datenschutzrichtlinie zur Verf\u00fcgung gestellt wurden, \u00fcber die getroffenen Ma\u00dfnahmen oder die L\u00f6schung Ihrer personenbezogenen Daten oder die Einschr\u00e4nkung der Verarbeitung gem\u00e4\u00df Ihrem Antrag informieren, sofern eine solche Mitteilung m\u00f6glich ist und\/oder keinen unverh\u00e4ltnism\u00e4\u00dfigen Aufwand erfordert.<\/p>\n<p>&nbsp;<\/p>\n<h3>6.1 Zugang zu und \u00dcbertragbarkeit von personenbezogenen Daten<\/h3>\n<p>Sie haben das Recht, Auskunft dar\u00fcber zu verlangen, ob und in welchem Umfang wir Ihre personenbezogenen Daten verarbeiten. Sie haben auch das Recht, die personenbezogenen Daten, die Sie uns zur Verf\u00fcgung gestellt haben, und andere personenbezogene Daten, die Sie betreffen, zu erhalten (es sei denn, wir haben Ihre Daten vor Ihrer Anfrage gel\u00f6scht).<\/p>\n<p>Auf Ihren Wunsch hin k\u00f6nnen wir einen Teil Ihrer personenbezogenen Daten (n\u00e4mlich die Daten, die wir aufgrund der Erf\u00fcllung eines Vertrags und\/oder Ihrer Einwilligung verarbeiten, und zwar automatisch) direkt an einen Dritten (an einen anderen f\u00fcr die Datenverarbeitung Verantwortlichen) \u00fcbermitteln, den Sie in Ihrem Antrag angeben, sofern dieser Antrag die Rechte und Freiheiten anderer Personen nicht beeintr\u00e4chtigt und sofern dies technisch m\u00f6glich ist.<\/p>\n<p>&nbsp;<\/p>\n<h3>6.2 R\u00fccknahme der Zustimmung<\/h3>\n<p>Sie k\u00f6nnen Ihre Einwilligung (sofern Sie sie uns erteilt haben) jederzeit ohne Angabe von Gr\u00fcnden widerrufen. In diesem Fall werden wir Ihre personenbezogenen Daten so schnell wie m\u00f6glich, sp\u00e4testens jedoch 30 Tage nach dem Widerruf Ihrer Einwilligung, l\u00f6schen.<\/p>\n<p>Bitte beachten Sie, dass der Widerruf Ihrer Einwilligung die Rechtm\u00e4\u00dfigkeit der Verarbeitung, die auf der Grundlage der Einwilligung vor deren Widerruf erfolgte, nicht ber\u00fchrt.<\/p>\n<p>&nbsp;<\/p>\n<h3>6.3 Berichtigung Ihrer personenbezogenen Daten<\/h3>\n<p>Nach geltendem Recht haben Sie das Recht auf Berichtigung Ihrer personenbezogenen Daten, die wir verarbeiten, wenn Sie feststellen, dass diese unrichtig oder unvollst\u00e4ndig sind.<\/p>\n<p>Sie k\u00f6nnen jederzeit Auskunft dar\u00fcber verlangen, ob wir Ihre personenbezogenen Daten noch verarbeiten oder nicht.<\/p>\n<p>&nbsp;<\/p>\n<h3>6.4 L\u00f6schung Ihrer personenbezogenen Daten<\/h3>\n<p>Sie k\u00f6nnen jederzeit die L\u00f6schung Ihrer personenbezogenen Daten verlangen (z. B. wenn Sie sich aus unserem Rekrutierungsprogramm zur\u00fcckziehen). Wenn Sie sich mit einer solchen Bitte an uns wenden, werden wir alle Ihre personenbezogenen Daten, \u00fcber die wir verf\u00fcgen, unverz\u00fcglich l\u00f6schen, es sei denn, wir ben\u00f6tigen Ihre personenbezogenen Daten f\u00fcr die Erf\u00fcllung vertraglicher oder gesetzlicher Verpflichtungen.<\/p>\n<p>Au\u00dferdem werden wir alle Ihre personenbezogenen Daten l\u00f6schen (und deren L\u00f6schung durch die von uns beauftragten Auftragsverarbeiter sicherstellen), wenn Sie Ihre Einwilligung widerrufen.<\/p>\n<p>&nbsp;<\/p>\n<h3>6.5 Einw\u00e4nde gegen die Verarbeitung<\/h3>\n<p>Wenn wir einige Ihrer personenbezogenen Daten auf der Grundlage unseres berechtigten Interesses verarbeiten, haben Sie das Recht, jederzeit gegen die Verarbeitung personenbezogener Daten Widerspruch einzulegen. K\u00f6nnen wir keine erheblichen berechtigten Interessen f\u00fcr die Verarbeitung nachweisen, die die Interessen oder Rechte und Freiheiten der betroffenen Person \u00fcberwiegen, oder ist die weitere Verarbeitung nicht zur Begr\u00fcndung, Aus\u00fcbung oder Verteidigung unserer Rechtsanspr\u00fcche erforderlich, werden wir Ihre personenbezogenen Daten nicht mehr verarbeiten.<\/p>\n<p>&nbsp;<\/p>\n<h3>6.6 Einschr\u00e4nkung der Verarbeitung<\/h3>\n<p>Wenn Sie eine Einschr\u00e4nkung der Verarbeitung Ihrer personenbezogenen Daten verlangen, z. B. wenn Sie die Richtigkeit oder Rechtm\u00e4\u00dfigkeit oder unsere Notwendigkeit der Verarbeitung Ihrer personenbezogenen Daten in Frage stellen, werden wir die Verarbeitung Ihrer personenbezogenen Daten auf das erforderliche Minimum beschr\u00e4nken (Speicherung) und d\u00fcrfen sie nur zur Geltendmachung, Aus\u00fcbung oder Verteidigung von Rechtsanspr\u00fcchen oder aus Gr\u00fcnden des Schutzes der Rechte einer anderen nat\u00fcrlichen oder juristischen Person oder aus anderen durch die geltenden Rechtsvorschriften vorgeschriebenen Gr\u00fcnden verarbeiten. Wenn eine Einschr\u00e4nkung der Verarbeitung aufgehoben wird und wir Ihre personenbezogenen Daten weiterhin verarbeiten, werden wir Sie unverz\u00fcglich informieren.<\/p>\n<p>&nbsp;<\/p>\n<h3>6.7 Beschwerde beim Amt f\u00fcr den Schutz personenbezogener Daten<\/h3>\n<p>Sie haben das Recht, bei der zust\u00e4ndigen Datenschutzbeh\u00f6rde, d.h. in der Tschechischen Republik beim Amt f\u00fcr den Schutz personenbezogener Daten, Sochora 27, 170 00 Prag 7, eine Beschwerde \u00fcber die von uns durchgef\u00fchrte Datenverarbeitung einzureichen. Sochora 27, 170 00 Praha 7; Website: <a href=\"http:\/\/www.uoou.cz\">www.uoou.cz<\/a>.<\/p>\n<h2><\/h2>\n<h2>7 Aktualisierungen der Datenschutzrichtlinie<\/h2>\n<p>Wir k\u00f6nnen die Datenschutzrichtlinie von Zeit zu Zeit \u00e4ndern oder aktualisieren. Jegliche \u00c4nderungen an dieser Datenschutzrichtlinie treten mit der Ver\u00f6ffentlichung der aktualisierten Datenschutzrichtlinie unter <a href=\"https:\/\/ctp.rvltpreview.com\/ctp-policies\/recruitment-privacy-policy\/\">https:\/\/ctp.rvltpreview.com\/ctp-policies\/recruitment-privacy-policy\/.<\/a><\/p>\n<p>&nbsp;<\/p>\n<p>&nbsp;<\/p>\n<p>&nbsp;<\/p>\n<p>&nbsp;<\/p>\n<p>&nbsp;<\/p>\n<p>&nbsp;<\/p>\n<p>&nbsp;<\/p>\n<p>&nbsp;<\/p>\n<p>&nbsp;<\/p>\n<p>&nbsp;<\/p>\n<\/div>","protected":false},"excerpt":{"rendered":"<p>1 Allgemeine Bestimmungen Wir verpflichten uns, Ihre Privatsph\u00e4re zu respektieren und Ihre pers\u00f6nlichen Daten zu sch\u00fctzen, d.h. alle Informationen, die<\/p>","protected":false},"author":67,"featured_media":0,"parent":6125,"menu_order":0,"comment_status":"closed","ping_status":"closed","template":"","meta":{"_acf_changed":false,"footnotes":""},"class_list":["post-5938","page","type-page","status-publish","hentry"],"acf":[],"yoast_head":"<title>Recruitment Privacy Policy - Commercial Real Estate Developer And Manager<\/title>\n<meta name=\"robots\" content=\"noindex, follow, max-snippet:-1, max-image-preview:large, max-video-preview:-1\" \/>\n<meta property=\"og:locale\" content=\"de_DE\" \/>\n<meta property=\"og:type\" content=\"article\" \/>\n<meta property=\"og:title\" content=\"Recruitment Privacy Policy\" \/>\n<meta property=\"og:description\" content=\"1\u00a0 General Provisions We are committed to respecting your privacy and protecting your personal data, which is any information that\" \/>\n<meta property=\"og:url\" content=\"https:\/\/ctp.rvltpreview.com\/de\/ctp-policies\/recruitment-privacy-policy\/\" \/>\n<meta property=\"og:site_name\" content=\"Commercial Real Estate Developer And Manager\" \/>\n<meta property=\"article:modified_time\" content=\"2020-08-28T10:59:07+00:00\" \/>\n<meta name=\"twitter:card\" content=\"summary_large_image\" \/>\n<meta name=\"twitter:label1\" content=\"Gesch\u00e4tzte Lesezeit\" \/>\n\t<meta name=\"twitter:data1\" content=\"8\u00a0Minuten\" \/>\n<script type=\"application\/ld+json\" class=\"yoast-schema-graph\">{\"@context\":\"https:\\\/\\\/schema.org\",\"@graph\":[{\"@type\":\"WebPage\",\"@id\":\"https:\\\/\\\/ctp.rvltpreview.com\\\/ctp-policies\\\/recruitment-privacy-policy\\\/\",\"url\":\"https:\\\/\\\/ctp.rvltpreview.com\\\/ctp-policies\\\/recruitment-privacy-policy\\\/\",\"name\":\"Recruitment Privacy Policy - Commercial Real Estate Developer And Manager\",\"isPartOf\":{\"@id\":\"https:\\\/\\\/ctp.rvltpreview.com\\\/#website\"},\"datePublished\":\"2019-07-16T09:26:03+00:00\",\"dateModified\":\"2020-08-28T10:59:07+00:00\",\"breadcrumb\":{\"@id\":\"https:\\\/\\\/ctp.rvltpreview.com\\\/ctp-policies\\\/recruitment-privacy-policy\\\/#breadcrumb\"},\"inLanguage\":\"de\",\"potentialAction\":[{\"@type\":\"ReadAction\",\"target\":[\"https:\\\/\\\/ctp.rvltpreview.com\\\/ctp-policies\\\/recruitment-privacy-policy\\\/\"]}]},{\"@type\":\"BreadcrumbList\",\"@id\":\"https:\\\/\\\/ctp.rvltpreview.com\\\/ctp-policies\\\/recruitment-privacy-policy\\\/#breadcrumb\",\"itemListElement\":[{\"@type\":\"ListItem\",\"position\":1,\"name\":\"Home\",\"item\":\"https:\\\/\\\/ctp.rvltpreview.com\\\/cs\\\/\"},{\"@type\":\"ListItem\",\"position\":2,\"name\":\"CTP Policies\",\"item\":\"https:\\\/\\\/ctp.rvltpreview.com\\\/ctp-policies\\\/\"},{\"@type\":\"ListItem\",\"position\":3,\"name\":\"Recruitment Privacy Policy\"}]},{\"@type\":\"WebSite\",\"@id\":\"https:\\\/\\\/ctp.rvltpreview.com\\\/#website\",\"url\":\"https:\\\/\\\/ctp.rvltpreview.com\\\/\",\"name\":\"Commercial Real Estate Developer And Manager\",\"description\":\"CTP - premium industrial warehouse and office buildings\",\"publisher\":{\"@id\":\"https:\\\/\\\/ctp.rvltpreview.com\\\/#organization\"},\"potentialAction\":[{\"@type\":\"SearchAction\",\"target\":{\"@type\":\"EntryPoint\",\"urlTemplate\":\"https:\\\/\\\/ctp.rvltpreview.com\\\/?s={search_term_string}\"},\"query-input\":{\"@type\":\"PropertyValueSpecification\",\"valueRequired\":true,\"valueName\":\"search_term_string\"}}],\"inLanguage\":\"de\"},{\"@type\":\"Organization\",\"@id\":\"https:\\\/\\\/ctp.rvltpreview.com\\\/#organization\",\"name\":\"CTP\",\"url\":\"https:\\\/\\\/ctp.rvltpreview.com\\\/\",\"logo\":{\"@type\":\"ImageObject\",\"inLanguage\":\"de\",\"@id\":\"https:\\\/\\\/ctp.rvltpreview.com\\\/#\\\/schema\\\/logo\\\/image\\\/\",\"url\":\"\",\"contentUrl\":\"\",\"caption\":\"CTP\"},\"image\":{\"@id\":\"https:\\\/\\\/ctp.rvltpreview.com\\\/#\\\/schema\\\/logo\\\/image\\\/\"}}]}<\/script>","yoast_head_json":{"title":"Datenschutz bei der Personalbeschaffung - Entwickler und Verwalter von Gewerbeimmobilien","robots":{"index":"noindex","follow":"follow","max-snippet":"max-snippet:-1","max-image-preview":"max-image-preview:large","max-video-preview":"max-video-preview:-1"},"og_locale":"de_DE","og_type":"article","og_title":"Recruitment Privacy Policy","og_description":"1\u00a0 General Provisions We are committed to respecting your privacy and protecting your personal data, which is any information that","og_url":"https:\/\/ctp.rvltpreview.com\/de\/ctp-policies\/recruitment-privacy-policy\/","og_site_name":"Commercial Real Estate Developer And Manager","article_modified_time":"2020-08-28T10:59:07+00:00","twitter_card":"summary_large_image","twitter_misc":{"Gesch\u00e4tzte Lesezeit":"8\u00a0Minuten"},"schema":{"@context":"https:\/\/schema.org","@graph":[{"@type":"WebPage","@id":"https:\/\/ctp.rvltpreview.com\/ctp-policies\/recruitment-privacy-policy\/","url":"https:\/\/ctp.rvltpreview.com\/ctp-policies\/recruitment-privacy-policy\/","name":"Datenschutz bei der Personalbeschaffung - Entwickler und Verwalter von Gewerbeimmobilien","isPartOf":{"@id":"https:\/\/ctp.rvltpreview.com\/#website"},"datePublished":"2019-07-16T09:26:03+00:00","dateModified":"2020-08-28T10:59:07+00:00","breadcrumb":{"@id":"https:\/\/ctp.rvltpreview.com\/ctp-policies\/recruitment-privacy-policy\/#breadcrumb"},"inLanguage":"de","potentialAction":[{"@type":"ReadAction","target":["https:\/\/ctp.rvltpreview.com\/ctp-policies\/recruitment-privacy-policy\/"]}]},{"@type":"BreadcrumbList","@id":"https:\/\/ctp.rvltpreview.com\/ctp-policies\/recruitment-privacy-policy\/#breadcrumb","itemListElement":[{"@type":"ListItem","position":1,"name":"Home","item":"https:\/\/ctp.rvltpreview.com\/cs\/"},{"@type":"ListItem","position":2,"name":"CTP Policies","item":"https:\/\/ctp.rvltpreview.com\/ctp-policies\/"},{"@type":"ListItem","position":3,"name":"Recruitment Privacy Policy"}]},{"@type":"WebSite","@id":"https:\/\/ctp.rvltpreview.com\/#website","url":"https:\/\/ctp.rvltpreview.com\/","name":"Entwickler und Manager von Gewerbeimmobilien","description":"CTP - hochwertige industrielle Lager- und B\u00fcrogeb\u00e4ude","publisher":{"@id":"https:\/\/ctp.rvltpreview.com\/#organization"},"potentialAction":[{"@type":"SearchAction","target":{"@type":"EntryPoint","urlTemplate":"https:\/\/ctp.rvltpreview.com\/?s={search_term_string}"},"query-input":{"@type":"PropertyValueSpecification","valueRequired":true,"valueName":"search_term_string"}}],"inLanguage":"de"},{"@type":"Organization","@id":"https:\/\/ctp.rvltpreview.com\/#organization","name":"CTP","url":"https:\/\/ctp.rvltpreview.com\/","logo":{"@type":"ImageObject","inLanguage":"de","@id":"https:\/\/ctp.rvltpreview.com\/#\/schema\/logo\/image\/","url":"","contentUrl":"","caption":"CTP"},"image":{"@id":"https:\/\/ctp.rvltpreview.com\/#\/schema\/logo\/image\/"}}]}},"_links":{"self":[{"href":"https:\/\/ctp.rvltpreview.com\/de\/wp-json\/wp\/v2\/pages\/5938","targetHints":{"allow":["GET"]}}],"collection":[{"href":"https:\/\/ctp.rvltpreview.com\/de\/wp-json\/wp\/v2\/pages"}],"about":[{"href":"https:\/\/ctp.rvltpreview.com\/de\/wp-json\/wp\/v2\/types\/page"}],"author":[{"embeddable":true,"href":"https:\/\/ctp.rvltpreview.com\/de\/wp-json\/wp\/v2\/users\/67"}],"replies":[{"embeddable":true,"href":"https:\/\/ctp.rvltpreview.com\/de\/wp-json\/wp\/v2\/comments?post=5938"}],"version-history":[{"count":0,"href":"https:\/\/ctp.rvltpreview.com\/de\/wp-json\/wp\/v2\/pages\/5938\/revisions"}],"up":[{"embeddable":true,"href":"https:\/\/ctp.rvltpreview.com\/de\/wp-json\/wp\/v2\/pages\/6125"}],"wp:attachment":[{"href":"https:\/\/ctp.rvltpreview.com\/de\/wp-json\/wp\/v2\/media?parent=5938"}],"curies":[{"name":"wp","href":"https:\/\/api.w.org\/{rel}","templated":true}]}}