{"id":13639,"date":"2021-03-03T13:58:12","date_gmt":"2021-03-03T11:58:12","guid":{"rendered":"https:\/\/www.ctp.eu\/?page_id=13639"},"modified":"2025-09-04T09:28:36","modified_gmt":"2025-09-04T07:28:36","slug":"governance","status":"publish","type":"page","link":"https:\/\/ctp.rvltpreview.com\/de\/investors\/governance\/","title":{"rendered":"Governance"},"content":{"rendered":"<p>Wir legen Wert auf effektive Corporate-Governance-Praktiken und arbeiten konsequent an einem transparenten Arbeitsumfeld auf allen Ebenen unserer Organisation. Die Weichen daf\u00fcr werden von der Unternehmensspitze gestellt. Unser einstufiger Vorstand, bestehend aus gesch\u00e4ftsf\u00fchrenden und nicht gesch\u00e4ftsf\u00fchrenden Direktoren, \u00fcberwacht die Gesch\u00e4ftst\u00e4tigkeit des Unternehmens, stellt die Einhaltung der Vorschriften sicher und wahrt die Interessen unserer Stakeholder. Die nicht gesch\u00e4ftsf\u00fchrenden Direktoren \u00fcberwachen die Erf\u00fcllung der Aufgaben der gesch\u00e4ftsf\u00fchrenden Direktoren sowie die allgemeinen Angelegenheiten und Gesch\u00e4fte von CTP, wirken bei der Entwicklung von Strategievorschl\u00e4gen mit und \u00fcberwachen deren Umsetzung. <\/p>\n<p>Wir halten uns strikt an geltende Gesetze und Vorschriften und haben Aussch\u00fcsse auf Vorstandsebene eingerichtet, die eine verantwortungsvolle, faire und transparente Entscheidungsfindung in den Aussch\u00fcssen f\u00fcr Pr\u00fcfung, Nominierung und Verg\u00fctung, Nachhaltigkeit und im Vorstand gew\u00e4hrleisten. Unser Vorstand ist der Schaffung langfristiger Werte verpflichtet und ber\u00fccksichtigt dabei die Auswirkungen unseres Handelns entlang der gesamten Wertsch\u00f6pfungskette.<\/p>","protected":false},"excerpt":{"rendered":"<p>Wir legen Wert auf effektive Corporate-Governance-Praktiken und arbeiten konsequent daran, auf allen Ebenen unseres Unternehmens ein transparentes Arbeitsumfeld zu schaffen.<\/p>","protected":false},"author":22,"featured_media":0,"parent":9830,"menu_order":6,"comment_status":"closed","ping_status":"closed","template":"templates\/governance.php","meta":{"_acf_changed":false,"footnotes":""},"class_list":["post-13639","page","type-page","status-publish","hentry"],"acf":[],"yoast_head":"<title>Governance - Commercial Real Estate Developer And Manager<\/title>\n<meta name=\"robots\" content=\"noindex, follow, max-snippet:-1, max-image-preview:large, max-video-preview:-1\" \/>\n<meta property=\"og:locale\" content=\"de_DE\" \/>\n<meta property=\"og:type\" content=\"article\" \/>\n<meta property=\"og:title\" content=\"Governance\" \/>\n<meta property=\"og:description\" content=\"We prioritise effective corporate governance practices and work consistently to build a transparent work environment at all levels of our\" \/>\n<meta property=\"og:url\" content=\"https:\/\/ctp.rvltpreview.com\/de\/investors\/governance\/\" \/>\n<meta property=\"og:site_name\" content=\"Commercial Real Estate Developer And Manager\" \/>\n<meta property=\"article:modified_time\" content=\"2025-09-04T07:28:36+00:00\" \/>\n<meta name=\"twitter:card\" content=\"summary_large_image\" \/>\n<meta name=\"twitter:label1\" content=\"Gesch\u00e4tzte Lesezeit\" \/>\n\t<meta name=\"twitter:data1\" content=\"1\u00a0Minute\" \/>\n<script type=\"application\/ld+json\" class=\"yoast-schema-graph\">{\"@context\":\"https:\/\/schema.org\",\"@graph\":[{\"@type\":\"WebPage\",\"@id\":\"https:\/\/ctp.rvltpreview.com\/investors\/governance\/\",\"url\":\"https:\/\/ctp.rvltpreview.com\/investors\/governance\/\",\"name\":\"Governance - Commercial Real Estate Developer And Manager\",\"isPartOf\":{\"@id\":\"https:\/\/ctp.rvltpreview.com\/#website\"},\"datePublished\":\"2021-03-03T11:58:12+00:00\",\"dateModified\":\"2025-09-04T07:28:36+00:00\",\"breadcrumb\":{\"@id\":\"https:\/\/ctp.rvltpreview.com\/investors\/governance\/#breadcrumb\"},\"inLanguage\":\"de\",\"potentialAction\":[{\"@type\":\"ReadAction\",\"target\":[\"https:\/\/ctp.rvltpreview.com\/investors\/governance\/\"]}]},{\"@type\":\"BreadcrumbList\",\"@id\":\"https:\/\/ctp.rvltpreview.com\/investors\/governance\/#breadcrumb\",\"itemListElement\":[{\"@type\":\"ListItem\",\"position\":1,\"name\":\"Home\",\"item\":\"https:\/\/ctp.rvltpreview.com\/\"},{\"@type\":\"ListItem\",\"position\":2,\"name\":\"Long-Term Investment Partnership\",\"item\":\"https:\/\/ctp.rvltpreview.com\/investors\/\"},{\"@type\":\"ListItem\",\"position\":3,\"name\":\"Governance\"}]},{\"@type\":\"WebSite\",\"@id\":\"https:\/\/ctp.rvltpreview.com\/#website\",\"url\":\"https:\/\/ctp.rvltpreview.com\/\",\"name\":\"Commercial Real Estate Developer And Manager\",\"description\":\"CTP - premium industrial warehouse and office buildings\",\"publisher\":{\"@id\":\"https:\/\/ctp.rvltpreview.com\/#organization\"},\"potentialAction\":[{\"@type\":\"SearchAction\",\"target\":{\"@type\":\"EntryPoint\",\"urlTemplate\":\"https:\/\/ctp.rvltpreview.com\/?s={search_term_string}\"},\"query-input\":{\"@type\":\"PropertyValueSpecification\",\"valueRequired\":true,\"valueName\":\"search_term_string\"}}],\"inLanguage\":\"de\"},{\"@type\":\"Organization\",\"@id\":\"https:\/\/ctp.rvltpreview.com\/#organization\",\"name\":\"CTP\",\"url\":\"https:\/\/ctp.rvltpreview.com\/\",\"logo\":{\"@type\":\"ImageObject\",\"inLanguage\":\"de\",\"@id\":\"https:\/\/ctp.rvltpreview.com\/#\/schema\/logo\/image\/\",\"url\":\"\",\"contentUrl\":\"\",\"caption\":\"CTP\"},\"image\":{\"@id\":\"https:\/\/ctp.rvltpreview.com\/#\/schema\/logo\/image\/\"}}]}<\/script>","yoast_head_json":{"title":"Governance - Commercial Real Estate Developer And Manager","robots":{"index":"noindex","follow":"follow","max-snippet":"max-snippet:-1","max-image-preview":"max-image-preview:large","max-video-preview":"max-video-preview:-1"},"og_locale":"de_DE","og_type":"article","og_title":"Governance","og_description":"We prioritise effective corporate governance practices and work consistently to build a transparent work environment at all levels of our","og_url":"https:\/\/ctp.rvltpreview.com\/de\/investors\/governance\/","og_site_name":"Commercial Real Estate Developer And Manager","article_modified_time":"2025-09-04T07:28:36+00:00","twitter_card":"summary_large_image","twitter_misc":{"Gesch\u00e4tzte Lesezeit":"1\u00a0Minute"},"schema":{"@context":"https:\/\/schema.org","@graph":[{"@type":"WebPage","@id":"https:\/\/ctp.rvltpreview.com\/investors\/governance\/","url":"https:\/\/ctp.rvltpreview.com\/investors\/governance\/","name":"Governance - Commercial Real Estate Developer And Manager","isPartOf":{"@id":"https:\/\/ctp.rvltpreview.com\/#website"},"datePublished":"2021-03-03T11:58:12+00:00","dateModified":"2025-09-04T07:28:36+00:00","breadcrumb":{"@id":"https:\/\/ctp.rvltpreview.com\/investors\/governance\/#breadcrumb"},"inLanguage":"de","potentialAction":[{"@type":"ReadAction","target":["https:\/\/ctp.rvltpreview.com\/investors\/governance\/"]}]},{"@type":"BreadcrumbList","@id":"https:\/\/ctp.rvltpreview.com\/investors\/governance\/#breadcrumb","itemListElement":[{"@type":"ListItem","position":1,"name":"Home","item":"https:\/\/ctp.rvltpreview.com\/"},{"@type":"ListItem","position":2,"name":"Long-Term Investment Partnership","item":"https:\/\/ctp.rvltpreview.com\/investors\/"},{"@type":"ListItem","position":3,"name":"Governance"}]},{"@type":"WebSite","@id":"https:\/\/ctp.rvltpreview.com\/#website","url":"https:\/\/ctp.rvltpreview.com\/","name":"Commercial Real Estate Developer And Manager","description":"CTP - premium industrial warehouse and office buildings","publisher":{"@id":"https:\/\/ctp.rvltpreview.com\/#organization"},"potentialAction":[{"@type":"SearchAction","target":{"@type":"EntryPoint","urlTemplate":"https:\/\/ctp.rvltpreview.com\/?s={search_term_string}"},"query-input":{"@type":"PropertyValueSpecification","valueRequired":true,"valueName":"search_term_string"}}],"inLanguage":"de"},{"@type":"Organization","@id":"https:\/\/ctp.rvltpreview.com\/#organization","name":"CTP","url":"https:\/\/ctp.rvltpreview.com\/","logo":{"@type":"ImageObject","inLanguage":"de","@id":"https:\/\/ctp.rvltpreview.com\/#\/schema\/logo\/image\/","url":"","contentUrl":"","caption":"CTP"},"image":{"@id":"https:\/\/ctp.rvltpreview.com\/#\/schema\/logo\/image\/"}}]}},"_links":{"self":[{"href":"https:\/\/ctp.rvltpreview.com\/de\/wp-json\/wp\/v2\/pages\/13639","targetHints":{"allow":["GET"]}}],"collection":[{"href":"https:\/\/ctp.rvltpreview.com\/de\/wp-json\/wp\/v2\/pages"}],"about":[{"href":"https:\/\/ctp.rvltpreview.com\/de\/wp-json\/wp\/v2\/types\/page"}],"author":[{"embeddable":true,"href":"https:\/\/ctp.rvltpreview.com\/de\/wp-json\/wp\/v2\/users\/22"}],"replies":[{"embeddable":true,"href":"https:\/\/ctp.rvltpreview.com\/de\/wp-json\/wp\/v2\/comments?post=13639"}],"version-history":[{"count":45,"href":"https:\/\/ctp.rvltpreview.com\/de\/wp-json\/wp\/v2\/pages\/13639\/revisions"}],"predecessor-version":[{"id":104110,"href":"https:\/\/ctp.rvltpreview.com\/de\/wp-json\/wp\/v2\/pages\/13639\/revisions\/104110"}],"up":[{"embeddable":true,"href":"https:\/\/ctp.rvltpreview.com\/de\/wp-json\/wp\/v2\/pages\/9830"}],"wp:attachment":[{"href":"https:\/\/ctp.rvltpreview.com\/de\/wp-json\/wp\/v2\/media?parent=13639"}],"curies":[{"name":"wp","href":"https:\/\/api.w.org\/{rel}","templated":true}]}}