{"id":64327,"date":"2022-11-16T19:26:58","date_gmt":"2022-11-16T17:26:58","guid":{"rendered":"https:\/\/www.ctp.eu\/?page_id=64327"},"modified":"2023-04-14T15:18:54","modified_gmt":"2023-04-14T13:18:54","slug":"jobs","status":"publish","type":"page","link":"https:\/\/ctp.rvltpreview.com\/cs\/company\/jobs\/","title":{"rendered":"Za\u010dn\u011bte svou budoucnost s n\u00e1mi"},"content":{"rendered":"<p>CTP je dynamick\u00e1, rychle rostouc\u00ed spole\u010dnost, kter\u00e1 vyz\u00fdv\u00e1 lidi k co nejlep\u0161\u00edm v\u00fdkon\u016fm. <strong>P\u011bt z\u00e1kladn\u00edch hodnot - z\u00e1vazek k dokonalosti, podnikatelsk\u00fd duch, odpov\u011bdnost v\u016f\u010di zainteresovan\u00fdm stran\u00e1m, udr\u017eitelnost a komunita.<\/strong>-sjednocuj\u00ed n\u00e1s nap\u0159\u00ed\u010d na\u0161imi trhy a t\u00fdmy, zat\u00edmco na\u0161e praktick\u00e1 firemn\u00ed kultura v pln\u00e9m tempu v\u00e1m d\u00e1v\u00e1 mo\u017enost skute\u010dn\u011b ovlivnit chod spole\u010dnosti. Pokud si mysl\u00edte, \u017ee m\u00e1te na to, abyste se p\u0159ipojili k na\u0161emu oce\u0148ovan\u00e9mu t\u00fdmu profesion\u00e1l\u016f, pod\u00edvejte se na n\u00ed\u017ee uveden\u00fd seznam p\u0159\u00edle\u017eitost\u00ed, kter\u00e9 odpov\u00eddaj\u00ed va\u0161im dovednostem.<\/p>","protected":false},"excerpt":{"rendered":"<p>CTP je dynamick\u00e1, rychle rostouc\u00ed spole\u010dnost, kter\u00e1 vyz\u00fdv\u00e1 lidi k co nejlep\u0161\u00edm v\u00fdkon\u016fm. P\u011bt z\u00e1kladn\u00edch hodnot - z\u00e1vazek k dokonalosti, podnikatelsk\u00fd duch - jsou pro n\u00e1s d\u016fle\u017eit\u00e9.<\/p>","protected":false},"author":22,"featured_media":0,"parent":62,"menu_order":0,"comment_status":"closed","ping_status":"closed","template":"jobs-page-home.php","meta":{"_acf_changed":false,"footnotes":""},"class_list":["post-64327","page","type-page","status-publish","hentry"],"acf":[],"yoast_head":"<title>Start Your Future with Us at CTP<\/title>\n<meta name=\"description\" content=\"Available jobs at CTP - the leading industrial property developer and manager - job opportunities available in Central and Eastern Europe.\" \/>\n<meta name=\"robots\" content=\"noindex, follow, max-snippet:-1, max-image-preview:large, max-video-preview:-1\" \/>\n<meta property=\"og:locale\" content=\"cs_CZ\" \/>\n<meta property=\"og:type\" content=\"article\" \/>\n<meta property=\"og:title\" content=\"Start Your Future with Us\" \/>\n<meta property=\"og:description\" content=\"Available jobs at CTP - the leading industrial property developer and manager - job opportunities available in Central and Eastern Europe.\" \/>\n<meta property=\"og:url\" content=\"https:\/\/ctp.rvltpreview.com\/cs\/company\/jobs\/\" \/>\n<meta property=\"og:site_name\" content=\"Commercial Real Estate Developer And Manager\" \/>\n<meta property=\"article:modified_time\" content=\"2023-04-14T13:18:54+00:00\" \/>\n<meta property=\"og:image\" content=\"https:\/\/ctp.rvltpreview.com\/wp-content\/uploads\/2021\/02\/Jobs-lizzbeth.jpg\" \/>\n\t<meta property=\"og:image:width\" content=\"1040\" \/>\n\t<meta property=\"og:image:height\" content=\"544\" \/>\n\t<meta property=\"og:image:type\" content=\"image\/jpeg\" \/>\n<meta name=\"twitter:card\" content=\"summary_large_image\" \/>\n<meta name=\"twitter:label1\" content=\"Odhadovan\u00e1 doba \u010dten\u00ed\" \/>\n\t<meta name=\"twitter:data1\" content=\"1 minuta\" \/>\n<script type=\"application\/ld+json\" class=\"yoast-schema-graph\">{\"@context\":\"https:\\\/\\\/schema.org\",\"@graph\":[{\"@type\":\"WebPage\",\"@id\":\"https:\\\/\\\/ctp.rvltpreview.com\\\/company\\\/jobs\\\/\",\"url\":\"https:\\\/\\\/ctp.rvltpreview.com\\\/company\\\/jobs\\\/\",\"name\":\"Start Your Future with Us at CTP\",\"isPartOf\":{\"@id\":\"https:\\\/\\\/ctp.rvltpreview.com\\\/#website\"},\"datePublished\":\"2022-11-16T17:26:58+00:00\",\"dateModified\":\"2023-04-14T13:18:54+00:00\",\"description\":\"Available jobs at CTP - the leading industrial property developer and manager - job opportunities available in Central and Eastern Europe.\",\"breadcrumb\":{\"@id\":\"https:\\\/\\\/ctp.rvltpreview.com\\\/company\\\/jobs\\\/#breadcrumb\"},\"inLanguage\":\"cs\",\"potentialAction\":[{\"@type\":\"ReadAction\",\"target\":[\"https:\\\/\\\/ctp.rvltpreview.com\\\/company\\\/jobs\\\/\"]}]},{\"@type\":\"BreadcrumbList\",\"@id\":\"https:\\\/\\\/ctp.rvltpreview.com\\\/company\\\/jobs\\\/#breadcrumb\",\"itemListElement\":[{\"@type\":\"ListItem\",\"position\":1,\"name\":\"Home\",\"item\":\"https:\\\/\\\/ctp.rvltpreview.com\\\/\"},{\"@type\":\"ListItem\",\"position\":2,\"name\":\"Company\",\"item\":\"https:\\\/\\\/ctp.rvltpreview.com\\\/company\\\/\"},{\"@type\":\"ListItem\",\"position\":3,\"name\":\"Start Your Future with Us\"}]},{\"@type\":\"WebSite\",\"@id\":\"https:\\\/\\\/ctp.rvltpreview.com\\\/#website\",\"url\":\"https:\\\/\\\/ctp.rvltpreview.com\\\/\",\"name\":\"Commercial Real Estate Developer And Manager\",\"description\":\"CTP - premium industrial warehouse and office buildings\",\"publisher\":{\"@id\":\"https:\\\/\\\/ctp.rvltpreview.com\\\/#organization\"},\"potentialAction\":[{\"@type\":\"SearchAction\",\"target\":{\"@type\":\"EntryPoint\",\"urlTemplate\":\"https:\\\/\\\/ctp.rvltpreview.com\\\/?s={search_term_string}\"},\"query-input\":{\"@type\":\"PropertyValueSpecification\",\"valueRequired\":true,\"valueName\":\"search_term_string\"}}],\"inLanguage\":\"cs\"},{\"@type\":\"Organization\",\"@id\":\"https:\\\/\\\/ctp.rvltpreview.com\\\/#organization\",\"name\":\"CTP\",\"url\":\"https:\\\/\\\/ctp.rvltpreview.com\\\/\",\"logo\":{\"@type\":\"ImageObject\",\"inLanguage\":\"cs\",\"@id\":\"https:\\\/\\\/ctp.rvltpreview.com\\\/#\\\/schema\\\/logo\\\/image\\\/\",\"url\":\"\",\"contentUrl\":\"\",\"caption\":\"CTP\"},\"image\":{\"@id\":\"https:\\\/\\\/ctp.rvltpreview.com\\\/#\\\/schema\\\/logo\\\/image\\\/\"}}]}<\/script>","yoast_head_json":{"title":"Za\u010dn\u011bte svou budoucnost s n\u00e1mi v CTP","description":"Voln\u00e1 pracovn\u00ed m\u00edsta ve spole\u010dnosti CTP - p\u0159edn\u00ed developer a spr\u00e1vce pr\u016fmyslov\u00fdch nemovitost\u00ed - pracovn\u00ed p\u0159\u00edle\u017eitosti ve st\u0159edn\u00ed a v\u00fdchodn\u00ed Evrop\u011b.","robots":{"index":"noindex","follow":"follow","max-snippet":"max-snippet:-1","max-image-preview":"max-image-preview:large","max-video-preview":"max-video-preview:-1"},"og_locale":"cs_CZ","og_type":"article","og_title":"Start Your Future with Us","og_description":"Available jobs at CTP - the leading industrial property developer and manager - job opportunities available in Central and Eastern Europe.","og_url":"https:\/\/ctp.rvltpreview.com\/cs\/company\/jobs\/","og_site_name":"Commercial Real Estate Developer And Manager","article_modified_time":"2023-04-14T13:18:54+00:00","og_image":[{"width":1040,"height":544,"url":"https:\/\/ctp.rvltpreview.com\/wp-content\/uploads\/2021\/02\/Jobs-lizzbeth.jpg","type":"image\/jpeg"}],"twitter_card":"summary_large_image","twitter_misc":{"Odhadovan\u00e1 doba \u010dten\u00ed":"1 minuta"},"schema":{"@context":"https:\/\/schema.org","@graph":[{"@type":"WebPage","@id":"https:\/\/ctp.rvltpreview.com\/company\/jobs\/","url":"https:\/\/ctp.rvltpreview.com\/company\/jobs\/","name":"Za\u010dn\u011bte svou budoucnost s n\u00e1mi v CTP","isPartOf":{"@id":"https:\/\/ctp.rvltpreview.com\/#website"},"datePublished":"2022-11-16T17:26:58+00:00","dateModified":"2023-04-14T13:18:54+00:00","description":"Voln\u00e1 pracovn\u00ed m\u00edsta ve spole\u010dnosti CTP - p\u0159edn\u00ed developer a spr\u00e1vce pr\u016fmyslov\u00fdch nemovitost\u00ed - pracovn\u00ed p\u0159\u00edle\u017eitosti ve st\u0159edn\u00ed a v\u00fdchodn\u00ed Evrop\u011b.","breadcrumb":{"@id":"https:\/\/ctp.rvltpreview.com\/company\/jobs\/#breadcrumb"},"inLanguage":"cs","potentialAction":[{"@type":"ReadAction","target":["https:\/\/ctp.rvltpreview.com\/company\/jobs\/"]}]},{"@type":"BreadcrumbList","@id":"https:\/\/ctp.rvltpreview.com\/company\/jobs\/#breadcrumb","itemListElement":[{"@type":"ListItem","position":1,"name":"Home","item":"https:\/\/ctp.rvltpreview.com\/"},{"@type":"ListItem","position":2,"name":"Company","item":"https:\/\/ctp.rvltpreview.com\/company\/"},{"@type":"ListItem","position":3,"name":"Start Your Future with Us"}]},{"@type":"WebSite","@id":"https:\/\/ctp.rvltpreview.com\/#website","url":"https:\/\/ctp.rvltpreview.com\/","name":"Developer a mana\u017eer komer\u010dn\u00edch nemovitost\u00ed","description":"CTP - pr\u00e9miov\u00e9 pr\u016fmyslov\u00e9 sklady a kancel\u00e1\u0159sk\u00e9 budovy","publisher":{"@id":"https:\/\/ctp.rvltpreview.com\/#organization"},"potentialAction":[{"@type":"SearchAction","target":{"@type":"EntryPoint","urlTemplate":"https:\/\/ctp.rvltpreview.com\/?s={search_term_string}"},"query-input":{"@type":"PropertyValueSpecification","valueRequired":true,"valueName":"search_term_string"}}],"inLanguage":"cs"},{"@type":"Organization","@id":"https:\/\/ctp.rvltpreview.com\/#organization","name":"Postaven\u00ed spole\u010dnosti","url":"https:\/\/ctp.rvltpreview.com\/","logo":{"@type":"ImageObject","inLanguage":"cs","@id":"https:\/\/ctp.rvltpreview.com\/#\/schema\/logo\/image\/","url":"","contentUrl":"","caption":"CTP"},"image":{"@id":"https:\/\/ctp.rvltpreview.com\/#\/schema\/logo\/image\/"}}]}},"_links":{"self":[{"href":"https:\/\/ctp.rvltpreview.com\/cs\/wp-json\/wp\/v2\/pages\/64327","targetHints":{"allow":["GET"]}}],"collection":[{"href":"https:\/\/ctp.rvltpreview.com\/cs\/wp-json\/wp\/v2\/pages"}],"about":[{"href":"https:\/\/ctp.rvltpreview.com\/cs\/wp-json\/wp\/v2\/types\/page"}],"author":[{"embeddable":true,"href":"https:\/\/ctp.rvltpreview.com\/cs\/wp-json\/wp\/v2\/users\/22"}],"replies":[{"embeddable":true,"href":"https:\/\/ctp.rvltpreview.com\/cs\/wp-json\/wp\/v2\/comments?post=64327"}],"version-history":[{"count":0,"href":"https:\/\/ctp.rvltpreview.com\/cs\/wp-json\/wp\/v2\/pages\/64327\/revisions"}],"up":[{"embeddable":true,"href":"https:\/\/ctp.rvltpreview.com\/cs\/wp-json\/wp\/v2\/pages\/62"}],"wp:attachment":[{"href":"https:\/\/ctp.rvltpreview.com\/cs\/wp-json\/wp\/v2\/media?parent=64327"}],"curies":[{"name":"wp","href":"https:\/\/api.w.org\/{rel}","templated":true}]}}