{"id":5938,"date":"2019-07-16T09:26:03","date_gmt":"2019-07-16T09:26:03","guid":{"rendered":"https:\/\/www.ctp.eu\/?page_id=5938"},"modified":"2020-08-28T10:59:07","modified_gmt":"2020-08-28T10:59:07","slug":"recruitment-privacy-policy","status":"publish","type":"page","link":"https:\/\/ctp.rvltpreview.com\/cs\/ctp-policies\/recruitment-privacy-policy\/","title":{"rendered":"Z\u00e1sady ochrany osobn\u00edch \u00fadaj\u016f p\u0159i n\u00e1boru"},"content":{"rendered":"<div class=\"policy\">\n<h2>1 Obecn\u00e1 ustanoven\u00ed<\/h2>\n<p>Zavazujeme se respektovat va\u0161e soukrom\u00ed a chr\u00e1nit va\u0161e osobn\u00ed \u00fadaje, co\u017e jsou ve\u0161ker\u00e9 informace, kter\u00e9 v\u00e1s mohou identifikovat jako jednotlivce. Tyto Z\u00e1sady ochrany osobn\u00edch \u00fadaj\u016f p\u0159i n\u00e1boru zam\u011bstnanc\u016f (d\u00e1le jen \"<strong>Z\u00e1sady ochrany osobn\u00edch \u00fadaj\u016f<\/strong>\") popisuje, jak <strong>Postaven\u00ed spole\u010dnosti<\/strong> <strong>Investovat <\/strong>(\"<strong>CTP Invest<\/strong>\" nebo \"<strong>my<\/strong>\") zpracov\u00e1v\u00e1 a chr\u00e1n\u00ed va\u0161e osobn\u00ed \u00fadaje v souvislosti s n\u00e1borov\u00fdm procesem. V t\u011bchto z\u00e1sad\u00e1ch ochrany osobn\u00edch \u00fadaj\u016f se \"osobn\u00edmi \u00fadaji\" rozum\u00ed informace, kter\u00e9 identifikuj\u00ed uchaze\u010de o zam\u011bstn\u00e1n\u00ed a potenci\u00e1ln\u00ed kandid\u00e1ty na zam\u011bstn\u00e1n\u00ed u n\u00e1s (\"<strong>Vy<\/strong>\" nebo \"<strong>kandid\u00e1t<\/strong>\"), kter\u00e9 jste n\u00e1m p\u0159edlo\u017eili v r\u00e1mci sv\u00e9 \u017e\u00e1dosti o zam\u011bstn\u00e1n\u00ed (online nebo p\u00edsemn\u011b) a\/nebo alternativn\u00edmi kan\u00e1ly (nap\u0159. prost\u0159ednictv\u00edm profesion\u00e1ln\u00edch n\u00e1borov\u00fdch firem).<\/p>\n<p>Tyto z\u00e1sady ochrany osobn\u00edch \u00fadaj\u016f v\u00e1s tak\u00e9 informuj\u00ed o va\u0161ich pr\u00e1vech t\u00fdkaj\u00edc\u00edch se zpracov\u00e1n\u00ed osobn\u00edch \u00fadaj\u016f a o tom, jak a jak\u00fdmi prost\u0159edky je m\u016f\u017eete uplatnit.<\/p>\n<p>Doporu\u010dujeme v\u00e1m, abyste se s t\u011bmito Z\u00e1sadami ochrany osobn\u00edch \u00fadaj\u016f pe\u010dliv\u011b sezn\u00e1mili.<\/p>\n<p>&nbsp;<\/p>\n<h2>2 Spr\u00e1vce osobn\u00edch \u00fadaj\u016f<\/h2>\n<h3>2.1 Identifikace va\u0161eho spr\u00e1vce \u00fadaj\u016f<\/h3>\n<p>Spr\u00e1vcem va\u0161ich osobn\u00edch \u00fadaj\u016f je <strong>CTP Invest, spol. s r.o.<\/strong>, se s\u00eddlem Central Trade Park D1 1571, 396 01 Humpolec, I\u010c: 261 66 453, zapsan\u00e1 v obchodn\u00edm rejst\u0159\u00edku veden\u00e9m Krajsk\u00fdm soudem v \u010cesk\u00fdch Bud\u011bjovic\u00edch, spisov\u00e1 zna\u010dka C 15647.<\/p>\n<p>Jak je uvedeno v t\u011bchto Z\u00e1sad\u00e1ch ochrany osobn\u00edch \u00fadaj\u016f, va\u0161e osobn\u00ed \u00fadaje mohou b\u00fdt sd\u00edleny s dal\u0161\u00edmi p\u0159idru\u017een\u00fdmi nebo dce\u0159in\u00fdmi spole\u010dnostmi spole\u010dnosti CTP Invest, kter\u00e9 jsou sou\u010d\u00e1st\u00ed skupiny CTP (\"<strong>Skupina CTP<\/strong>\").<\/p>\n<p>Aktualizovan\u00e9 kontaktn\u00ed \u00fadaje a dal\u0161\u00ed informace o spole\u010dnosti CTP Invest a dal\u0161\u00edch spole\u010dnostech skupiny CTP naleznete na adrese <a href=\"https:\/\/ctp.rvltpreview.com\/contact\/\">https:\/\/ctp.rvltpreview.com\/contact\/<\/a>.<\/p>\n<p>V p\u0159\u00edpad\u011b \u017e\u00e1dost\u00ed a\/nebo st\u00ed\u017enost\u00ed t\u00fdkaj\u00edc\u00edch se t\u011bchto z\u00e1sad ochrany osobn\u00edch \u00fadaj\u016f n\u00e1s m\u016f\u017eete kontaktovat e-mailem. <a href=\"mailto:Privacy@ctp.eu\">Privacy@ctp.eu<\/a>.<\/p>\n<p>&nbsp;<\/p>\n<h2>3 \u00da\u010del, pr\u00e1vn\u00ed z\u00e1klad, rozsah a doba zpracov\u00e1n\u00ed osobn\u00edch \u00fadaj\u016f<\/h2>\n<h3>3.1 \u00da\u010dely, pr\u00e1vn\u00ed z\u00e1klady a doba zpracov\u00e1n\u00ed<\/h3>\n<p>Va\u0161e osobn\u00ed \u00fadaje zpracov\u00e1v\u00e1me pouze v rozsahu nezbytn\u00e9m pro pln\u011bn\u00ed na\u0161ich smluvn\u00edch nebo z\u00e1konn\u00fdch povinnost\u00ed nebo na z\u00e1klad\u011b v\u00e1mi ud\u011blen\u00e9ho souhlasu pro \u00fa\u010dely uveden\u00e9 n\u00ed\u017ee.<\/p>\n<p><strong>3.1.1<\/strong>\u00a0 Va\u0161e osobn\u00ed \u00fadaje zpracov\u00e1v\u00e1me pro \u00fa\u010dely <strong>proces n\u00e1boru a p\u0159ij\u00edm\u00e1n\u00ed zam\u011bstnanc\u016f. <\/strong>Va\u0161e osobn\u00ed \u00fadaje pou\u017e\u00edv\u00e1me za \u00fa\u010delem identifikace a hodnocen\u00ed kandid\u00e1t\u016f na potenci\u00e1ln\u00ed zam\u011bstn\u00e1n\u00ed (tj. pro <strong>konkr\u00e9tn\u00ed pracovn\u00ed pozici v programu CTP Invest <\/strong>nebo p\u0159\u00edpadn\u011b jin\u00fd subjekt skupiny CTP).<\/p>\n<p>Osobn\u00ed \u00fadaje pou\u017e\u00edv\u00e1me, pokud je to nezbytn\u00e9 k uzav\u0159en\u00ed pracovn\u00ed smlouvy s v\u00e1mi. Z tohoto d\u016fvodu zpracov\u00e1v\u00e1me va\u0161e osobn\u00ed \u00fadaje a\u017e do ukon\u010den\u00ed n\u00e1borov\u00e9ho procesu. Za t\u00edmto \u00fa\u010delem mohou b\u00fdt va\u0161e osobn\u00ed \u00fadaje p\u0159ed\u00e1ny konkr\u00e9tn\u00ed spole\u010dnosti skupiny CTP, kter\u00e1 m\u00e1 voln\u00e9 pracovn\u00ed m\u00edsto.<\/p>\n<p><strong>3.1.2<\/strong>\u00a0 Va\u0161e osobn\u00ed \u00fadaje si m\u016f\u017eeme p\u0159\u00e1t uchovat, abychom v\u00e1s mohli v budoucnu zam\u011bstnat ve spole\u010dnosti CTP Invest nebo p\u0159\u00edpadn\u011b v jin\u00fdch subjektech skupiny CTP. V takov\u00e9m p\u0159\u00edpad\u011b v\u00e1s po\u017e\u00e1d\u00e1me o souhlas, a to bu\u010f p\u0159ed pod\u00e1n\u00edm ofici\u00e1ln\u00ed \u017e\u00e1dosti o pracovn\u00ed p\u0159\u00edle\u017eitost, nebo po jej\u00edm pod\u00e1n\u00ed, abyste se stali sou\u010d\u00e1st\u00ed na\u0161eho n\u00e1borov\u00e9ho programu, kter\u00fd v\u00e1m poskytuje zp\u016fsoby, jak dost\u00e1vat dal\u0161\u00ed nab\u00eddky voln\u00fdch pracovn\u00edch m\u00edst ve skupin\u011b CTP. Tento n\u00e1borov\u00fd program je zcela dobrovoln\u00fd.<\/p>\n<p>Pokud n\u00e1m k tomu d\u00e1te souhlas, m\u016f\u017eeme va\u0161e osobn\u00ed \u00fadaje zpracov\u00e1vat za \u00fa\u010delem. <strong>kontaktovat v\u00e1s v souvislosti s pracovn\u00edmi p\u0159\u00edle\u017eitostmi (voln\u00fdmi m\u00edsty) na vhodnou pracovn\u00ed pozici ve spole\u010dnosti CTP Invest.<\/strong> (nebo jin\u00fd subjekt skupiny CTP).  Va\u0161e osobn\u00ed \u00fadaje budeme zpracov\u00e1vat maxim\u00e1ln\u011b po dobu stanovenou v souhlasu; tato doba obvykle nep\u0159es\u00e1hne dobu 2 let od ud\u011blen\u00ed souhlasu.<\/p>\n<p>&nbsp;<\/p>\n<h3>3.2 Rozsah zpracov\u00e1n\u00ed<\/h3>\n<p>Va\u0161e osobn\u00ed \u00fadaje zpracov\u00e1v\u00e1me v n\u00e1sleduj\u00edc\u00edm rozsahu: <strong>\u00fadaje, kter\u00e9 n\u00e1m poskytnete. <\/strong><strong>b\u011bhem n\u00e1boru a p\u0159ij\u00edm\u00e1n\u00ed zam\u011bstnanc\u016f a ve sv\u00e9m \u017eivotopise.<\/strong>, zejm\u00e9na va\u0161e jm\u00e9no a p\u0159\u00edjmen\u00ed, adresa, e-mailov\u00e1 adresa, telefon, pracovn\u00ed a vzd\u011bl\u00e1vac\u00ed historie, dosa\u017een\u00e9 v\u00fdsledky a v\u00fdsledky test\u016f (pokud jsou relevantn\u00ed), fotografie a dal\u0161\u00ed osobn\u00ed \u00fadaje obsa\u017een\u00e9 ve va\u0161em \u017eivotopise nebo jinak poskytnut\u00e9 \u010di z\u00edskan\u00e9, nap\u0159\u00edklad \u00fadaje, kter\u00e9 shroma\u017e\u010fujeme p\u0159i prov\u011b\u0159ov\u00e1n\u00ed uchaze\u010d\u016f, v\u010detn\u011b z\u00e1konn\u00fdch prov\u011brek.<\/p>\n<h2><\/h2>\n<h2>4 Sd\u00edlen\u00ed a p\u0159ed\u00e1v\u00e1n\u00ed osobn\u00edch \u00fadaj\u016f (P\u0159\u00edjemci osobn\u00edch \u00fadaj\u016f)<\/h2>\n<h3>4.1 P\u0159\u00edjemci osobn\u00edch \u00fadaj\u016f<\/h3>\n<p>N\u011bkter\u00e9 kategorie osobn\u00edch \u00fadaj\u016f, kter\u00e9 shroma\u017e\u010fujeme v\u00fd\u0161e uveden\u00fdmi zp\u016fsoby, m\u016f\u017eeme sd\u00edlet s t\u0159et\u00edmi stranami, kter\u00e9 jsou bu\u010f nez\u00e1visl\u00fdmi spr\u00e1vci, nebo n\u00e1m poskytuj\u00ed ur\u010dit\u00e9 slu\u017eby souvisej\u00edc\u00ed s n\u00e1borov\u00fdm procesem, zejm\u00e9na jako na\u0161i zpracovatel\u00e9:<\/p>\n<p>I. v r\u00e1mci skupiny CTP pro \u00fa\u010dely n\u00e1boru a p\u0159ij\u00edm\u00e1n\u00ed zam\u011bstnanc\u016f;<\/p>\n<p>II. se subjekty spravuj\u00edc\u00edmi na\u0161e IT syst\u00e9my a poskytuj\u00edc\u00edmi IT slu\u017eby vyu\u017e\u00edvan\u00e9 pro \u00fa\u010dely spr\u00e1vy a organizace n\u00e1borov\u00e9ho procesu;<\/p>\n<p>III. se subjekty poskytuj\u00edc\u00edmi n\u00e1borov\u00e9 slu\u017eby a inzerci pracovn\u00edch m\u00edst;<\/p>\n<p>IV. s org\u00e1ny ve\u0159ejn\u00e9 moci nebo jin\u00fdmi t\u0159et\u00edmi stranami za \u00fa\u010delem pln\u011bn\u00ed povinnost\u00ed v souladu s pr\u00e1vn\u00edmi p\u0159edpisy.<\/p>\n<p>&nbsp;<\/p>\n<h3>4.2 Z\u00e1ruky<\/h3>\n<p>Se zpracovateli osobn\u00edch \u00fadaj\u016f jsme uzav\u0159eli smlouvy o zpracov\u00e1n\u00ed osobn\u00edch \u00fadaj\u016f podle p\u0159edchoz\u00edho odstavce (s v\u00fdjimkou p\u0159\u00edpad\u016f, kdy uzav\u0159en\u00ed takov\u00e9 smlouvy nen\u00ed povinn\u00e9, nap\u0159\u00edklad p\u0159i p\u0159ed\u00e1v\u00e1n\u00ed osobn\u00edch \u00fadaj\u016f org\u00e1n\u016fm ve\u0159ejn\u00e9 moci), kter\u00e9 zaji\u0161\u0165uj\u00ed minim\u00e1ln\u011b stejnou \u00farove\u0148 jejich ochrany jako tyto Z\u00e1sady ochrany osobn\u00edch \u00fadaj\u016f.<\/p>\n<p>&nbsp;<\/p>\n<h2>5 Zabezpe\u010den\u00ed dat<\/h2>\n<p>Zavedli jsme a udr\u017eujeme vhodn\u00e1 technick\u00e1 a organiza\u010dn\u00ed opat\u0159en\u00ed, vnit\u0159n\u00ed kontroly a procesy zabezpe\u010den\u00ed informac\u00ed v souladu s pr\u00e1vn\u00edmi po\u017eadavky a tr\u017en\u00edmi standardy odpov\u00eddaj\u00edc\u00edmi mo\u017en\u00e9mu ohro\u017een\u00ed v\u00e1s jako subjektu \u00fadaj\u016f. Zohled\u0148ujeme tak\u00e9 stav technologick\u00e9ho v\u00fdvoje, abychom ochr\u00e1nili va\u0161e osobn\u00ed \u00fadaje p\u0159ed n\u00e1hodnou ztr\u00e1tou, zni\u010den\u00edm, zm\u011bnami, neopr\u00e1vn\u011bn\u00fdm zve\u0159ejn\u011bn\u00edm nebo p\u0159\u00edstupem. Takov\u00e1 opat\u0159en\u00ed mohou mimo jin\u00e9 zahrnovat p\u0159ijet\u00ed p\u0159im\u011b\u0159en\u00fdch opat\u0159en\u00ed k zaji\u0161t\u011bn\u00ed odpov\u011bdnosti p\u0159\u00edslu\u0161n\u00fdch zam\u011bstnanc\u016f, kte\u0159\u00ed maj\u00ed p\u0159\u00edstup k va\u0161im \u00fadaj\u016fm, \u0161kolen\u00ed zam\u011bstnanc\u016f, pravideln\u00e9 z\u00e1lohov\u00e1n\u00ed, postupy pro obnovu dat a \u0159\u00edzen\u00ed incident\u016f, softwarovou ochranu za\u0159\u00edzen\u00ed, na kter\u00fdch jsou osobn\u00ed \u00fadaje ulo\u017eeny, atd.<\/p>\n<p>&nbsp;<\/p>\n<h2>6 Va\u0161e pr\u00e1va jako subjektu \u00fadaj\u016f<\/h2>\n<p>Pokud si p\u0159ejete uplatnit n\u011bkter\u00e1 ze sv\u00fdch pr\u00e1v podle tohoto \u010dl\u00e1nku nebo podle platn\u00fdch pr\u00e1vn\u00edch p\u0159edpis\u016f, obra\u0165te se na n\u00e1s prost\u0159ednictv\u00edm kontaktn\u00edch \u00fadaj\u016f uveden\u00fdch v \u010dl\u00e1nku 2 v\u00fd\u0161e.<\/p>\n<p>P\u0159\u00edpadn\u011b budeme tak\u00e9 informovat ka\u017ed\u00e9ho p\u0159\u00edjemce, kter\u00e9mu byly va\u0161e \u00fadaje poskytnuty podle \u010dl\u00e1nku 4 t\u011bchto Z\u00e1sad ochrany osobn\u00edch \u00fadaj\u016f, o p\u0159ijat\u00fdch opat\u0159en\u00edch nebo o v\u00fdmazu va\u0161ich osobn\u00edch \u00fadaj\u016f nebo o omezen\u00ed zpracov\u00e1n\u00ed v souladu s va\u0161\u00ed \u017e\u00e1dost\u00ed, pokud je takov\u00e9 ozn\u00e1men\u00ed mo\u017en\u00e9 a\/nebo nevy\u017eaduje nep\u0159im\u011b\u0159en\u00e9 \u00fasil\u00ed.<\/p>\n<p>&nbsp;<\/p>\n<h3>6.1 P\u0159\u00edstup k va\u0161im osobn\u00edm \u00fadaj\u016fm a jejich p\u0159enositelnost<\/h3>\n<p>M\u00e1te pr\u00e1vo po\u017eadovat informace o tom, zda a v jak\u00e9m rozsahu zpracov\u00e1v\u00e1me va\u0161e osobn\u00ed \u00fadaje. M\u00e1te tak\u00e9 pr\u00e1vo z\u00edskat osobn\u00ed \u00fadaje, kter\u00e9 jste n\u00e1m poskytli, a dal\u0161\u00ed osobn\u00ed \u00fadaje, kter\u00e9 se v\u00e1s t\u00fdkaj\u00ed (pokud jsme va\u0161e \u00fadaje p\u0159ed va\u0161\u00ed \u017e\u00e1dost\u00ed nevymazali).<\/p>\n<p>Pokud o to po\u017e\u00e1d\u00e1te, m\u016f\u017eeme n\u011bkter\u00e9 va\u0161e osobn\u00ed \u00fadaje (konkr\u00e9tn\u011b \u00fadaje, kter\u00e9 zpracov\u00e1v\u00e1me na z\u00e1klad\u011b pln\u011bn\u00ed smlouvy a\/nebo va\u0161eho souhlasu, a to automatizovan\u011b) zaslat p\u0159\u00edmo t\u0159et\u00ed stran\u011b (jin\u00e9mu spr\u00e1vci \u00fadaj\u016f), kterou uvedete ve sv\u00e9 \u017e\u00e1dosti, pokud takov\u00e1 \u017e\u00e1dost neovlivn\u00ed pr\u00e1va a svobody jin\u00fdch osob a pokud je to technicky provediteln\u00e9.<\/p>\n<p>&nbsp;<\/p>\n<h3>6.2 Odvol\u00e1n\u00ed souhlasu<\/h3>\n<p>Sv\u016fj souhlas (pokud jste n\u00e1m ho ud\u011blili) m\u016f\u017eete kdykoli odvolat bez ud\u00e1n\u00ed d\u016fvodu. V takov\u00e9m p\u0159\u00edpad\u011b va\u0161e osobn\u00ed \u00fadaje vyma\u017eeme, jakmile to bude p\u0159im\u011b\u0159en\u00e9 a provediteln\u00e9, nejpozd\u011bji v\u0161ak do 30 dn\u016f od odvol\u00e1n\u00ed va\u0161eho souhlasu.<\/p>\n<p>Upozor\u0148ujeme, \u017ee odvol\u00e1n\u00ed souhlasu nem\u00e1 vliv na z\u00e1konnost zpracov\u00e1n\u00ed proveden\u00e9ho na z\u00e1klad\u011b souhlasu p\u0159ed jeho odvol\u00e1n\u00edm.<\/p>\n<p>&nbsp;<\/p>\n<h3>6.3 Oprava va\u0161ich osobn\u00edch \u00fadaj\u016f<\/h3>\n<p>Podle platn\u00fdch pr\u00e1vn\u00edch p\u0159edpis\u016f m\u00e1te pr\u00e1vo na opravu sv\u00fdch osobn\u00edch \u00fadaj\u016f, kter\u00e9 zpracov\u00e1v\u00e1me, pokud zjist\u00edte, \u017ee jsou nep\u0159esn\u00e9 nebo ne\u00fapln\u00e9.<\/p>\n<p>Kdykoli si m\u016f\u017eete vy\u017e\u00e1dat informace o tom, zda va\u0161e osobn\u00ed \u00fadaje st\u00e1le zpracov\u00e1v\u00e1me, \u010di nikoli.<\/p>\n<p>&nbsp;<\/p>\n<h3>6.4 Vymaz\u00e1n\u00ed va\u0161ich osobn\u00edch \u00fadaj\u016f<\/h3>\n<p>O vymaz\u00e1n\u00ed sv\u00fdch osobn\u00edch \u00fadaj\u016f m\u016f\u017eete kdykoli po\u017e\u00e1dat (nap\u0159. pokud se rozhodnete odstoupit z na\u0161eho n\u00e1borov\u00e9ho programu). Pokud se na n\u00e1s s takovou \u017e\u00e1dost\u00ed obr\u00e1t\u00edte, vyma\u017eeme bez zbyte\u010dn\u00e9ho odkladu v\u0161echny va\u0161e osobn\u00ed \u00fadaje, kter\u00e9 m\u00e1me, pokud va\u0161e osobn\u00ed \u00fadaje nepot\u0159ebujeme pro pln\u011bn\u00ed smluvn\u00edch nebo z\u00e1konn\u00fdch povinnost\u00ed.<\/p>\n<p>D\u00e1le tak\u00e9 vyma\u017eeme v\u0161echny va\u0161e osobn\u00ed \u00fadaje (a zajist\u00edme jejich vymaz\u00e1n\u00ed u n\u00e1mi pov\u011b\u0159en\u00fdch zpracovatel\u016f), pokud odvol\u00e1te sv\u016fj souhlas.<\/p>\n<p>&nbsp;<\/p>\n<h3>6.5 N\u00e1mitky proti zpracov\u00e1n\u00ed<\/h3>\n<p>Pokud zpracov\u00e1v\u00e1me n\u011bkter\u00e9 va\u0161e osobn\u00ed \u00fadaje na z\u00e1klad\u011b na\u0161eho opr\u00e1vn\u011bn\u00e9ho z\u00e1jmu, m\u00e1te pr\u00e1vo kdykoli vzn\u00e9st n\u00e1mitku proti zpracov\u00e1n\u00ed osobn\u00edch \u00fadaj\u016f. Pokud nebudou z na\u0161\u00ed strany prok\u00e1z\u00e1ny v\u00fdznamn\u00e9 opr\u00e1vn\u011bn\u00e9 z\u00e1jmy pro zpracov\u00e1n\u00ed - kter\u00e9 p\u0159eva\u017euj\u00ed nad z\u00e1jmy nebo pr\u00e1vy a svobodami subjektu \u00fadaj\u016f - nebo pokud dal\u0161\u00ed zpracov\u00e1n\u00ed nebude nezbytn\u00e9 pro ur\u010den\u00ed, v\u00fdkon nebo obhajobu na\u0161ich pr\u00e1vn\u00edch n\u00e1rok\u016f, nebudeme va\u0161e osobn\u00ed \u00fadaje d\u00e1le zpracov\u00e1vat.<\/p>\n<p>&nbsp;<\/p>\n<h3>6.6 Omezen\u00ed zpracov\u00e1n\u00ed<\/h3>\n<p>Pokud po\u017e\u00e1d\u00e1te o omezen\u00ed zpracov\u00e1n\u00ed va\u0161ich osobn\u00edch \u00fadaj\u016f, nap\u0159. v p\u0159\u00edpad\u011b, \u017ee zpochybn\u00edte p\u0159esnost nebo z\u00e1konnost \u010di na\u0161i pot\u0159ebu zpracov\u00e1vat va\u0161e osobn\u00ed \u00fadaje, omez\u00edme zpracov\u00e1n\u00ed va\u0161ich osobn\u00edch \u00fadaj\u016f na nezbytn\u00e9 minimum (ulo\u017een\u00ed) a m\u016f\u017eeme je zpracov\u00e1vat pouze za \u00fa\u010delem ur\u010den\u00ed, v\u00fdkonu nebo obhajoby pr\u00e1vn\u00edch n\u00e1rok\u016f nebo z d\u016fvodu ochrany pr\u00e1v jin\u00e9 fyzick\u00e9 nebo pr\u00e1vnick\u00e9 osoby nebo z jin\u00fdch omezen\u00fdch d\u016fvod\u016f stanoven\u00fdch platn\u00fdmi pr\u00e1vn\u00edmi p\u0159edpisy. Pokud bude omezen\u00ed zpracov\u00e1n\u00ed zru\u0161eno a my budeme va\u0161e osobn\u00ed \u00fadaje nad\u00e1le zpracov\u00e1vat, budeme v\u00e1s o tom bez zbyte\u010dn\u00e9ho odkladu informovat.<\/p>\n<p>&nbsp;<\/p>\n<h3>6.7 St\u00ed\u017enost k \u00da\u0159adu pro ochranu osobn\u00edch \u00fadaj\u016f<\/h3>\n<p>M\u00e1te pr\u00e1vo podat st\u00ed\u017enost t\u00fdkaj\u00edc\u00ed se n\u00e1mi prov\u00e1d\u011bn\u00e9ho zpracov\u00e1n\u00ed \u00fadaj\u016f u p\u0159\u00edslu\u0161n\u00e9ho \u00fa\u0159adu pro ochranu osobn\u00edch \u00fadaj\u016f, tj. v \u010cesk\u00e9 republice u \u00da\u0159adu pro ochranu osobn\u00edch \u00fadaj\u016f, Pplk. Sochora 27, 170 00 Praha 7; webov\u00e9 str\u00e1nky: <a href=\"http:\/\/www.uoou.cz\">www.uoou.cz<\/a>.<\/p>\n<h2><\/h2>\n<h2>7 Aktualizace z\u00e1sad ochrany osobn\u00edch \u00fadaj\u016f<\/h2>\n<p>Z\u00e1sady ochrany osobn\u00edch \u00fadaj\u016f m\u016f\u017eeme \u010das od \u010dasu upravit nebo aktualizovat. Ve\u0161ker\u00e9 zm\u011bny t\u011bchto Z\u00e1sad ochrany osobn\u00edch \u00fadaj\u016f nab\u00fdvaj\u00ed \u00fa\u010dinnosti zve\u0159ejn\u011bn\u00edm aktualizovan\u00fdch Z\u00e1sad ochrany osobn\u00edch \u00fadaj\u016f na adrese <a href=\"https:\/\/ctp.rvltpreview.com\/ctp-policies\/recruitment-privacy-policy\/\">https:\/\/ctp.rvltpreview.com\/ctp-policies\/recruitment-privacy-policy\/.<\/a><\/p>\n<p>&nbsp;<\/p>\n<p>&nbsp;<\/p>\n<p>&nbsp;<\/p>\n<p>&nbsp;<\/p>\n<p>&nbsp;<\/p>\n<p>&nbsp;<\/p>\n<p>&nbsp;<\/p>\n<p>&nbsp;<\/p>\n<p>&nbsp;<\/p>\n<p>&nbsp;<\/p>\n<\/div>","protected":false},"excerpt":{"rendered":"<p>1 Obecn\u00e1 ustanoven\u00ed Zavazujeme se respektovat va\u0161e soukrom\u00ed a chr\u00e1nit va\u0161e osobn\u00ed \u00fadaje, co\u017e jsou ve\u0161ker\u00e9 informace, kter\u00e9<\/p>","protected":false},"author":67,"featured_media":0,"parent":6125,"menu_order":0,"comment_status":"closed","ping_status":"closed","template":"","meta":{"_acf_changed":false,"footnotes":""},"class_list":["post-5938","page","type-page","status-publish","hentry"],"acf":[],"yoast_head":"<title>Recruitment Privacy Policy - Commercial Real Estate Developer And Manager<\/title>\n<meta name=\"robots\" content=\"noindex, follow, max-snippet:-1, max-image-preview:large, max-video-preview:-1\" \/>\n<meta property=\"og:locale\" content=\"cs_CZ\" \/>\n<meta property=\"og:type\" content=\"article\" \/>\n<meta property=\"og:title\" content=\"Recruitment Privacy Policy\" \/>\n<meta property=\"og:description\" content=\"1\u00a0 General Provisions We are committed to respecting your privacy and protecting your personal data, which is any information that\" \/>\n<meta property=\"og:url\" content=\"https:\/\/ctp.rvltpreview.com\/cs\/ctp-policies\/recruitment-privacy-policy\/\" \/>\n<meta property=\"og:site_name\" content=\"Commercial Real Estate Developer And Manager\" \/>\n<meta property=\"article:modified_time\" content=\"2020-08-28T10:59:07+00:00\" \/>\n<meta name=\"twitter:card\" content=\"summary_large_image\" \/>\n<meta name=\"twitter:label1\" content=\"Odhadovan\u00e1 doba \u010dten\u00ed\" \/>\n\t<meta name=\"twitter:data1\" content=\"8 minut\" \/>\n<script type=\"application\/ld+json\" class=\"yoast-schema-graph\">{\"@context\":\"https:\\\/\\\/schema.org\",\"@graph\":[{\"@type\":\"WebPage\",\"@id\":\"https:\\\/\\\/ctp.rvltpreview.com\\\/ctp-policies\\\/recruitment-privacy-policy\\\/\",\"url\":\"https:\\\/\\\/ctp.rvltpreview.com\\\/ctp-policies\\\/recruitment-privacy-policy\\\/\",\"name\":\"Recruitment Privacy Policy - Commercial Real Estate Developer And Manager\",\"isPartOf\":{\"@id\":\"https:\\\/\\\/ctp.rvltpreview.com\\\/#website\"},\"datePublished\":\"2019-07-16T09:26:03+00:00\",\"dateModified\":\"2020-08-28T10:59:07+00:00\",\"breadcrumb\":{\"@id\":\"https:\\\/\\\/ctp.rvltpreview.com\\\/ctp-policies\\\/recruitment-privacy-policy\\\/#breadcrumb\"},\"inLanguage\":\"cs\",\"potentialAction\":[{\"@type\":\"ReadAction\",\"target\":[\"https:\\\/\\\/ctp.rvltpreview.com\\\/ctp-policies\\\/recruitment-privacy-policy\\\/\"]}]},{\"@type\":\"BreadcrumbList\",\"@id\":\"https:\\\/\\\/ctp.rvltpreview.com\\\/ctp-policies\\\/recruitment-privacy-policy\\\/#breadcrumb\",\"itemListElement\":[{\"@type\":\"ListItem\",\"position\":1,\"name\":\"Home\",\"item\":\"https:\\\/\\\/ctp.rvltpreview.com\\\/cs\\\/\"},{\"@type\":\"ListItem\",\"position\":2,\"name\":\"CTP Policies\",\"item\":\"https:\\\/\\\/ctp.rvltpreview.com\\\/ctp-policies\\\/\"},{\"@type\":\"ListItem\",\"position\":3,\"name\":\"Recruitment Privacy Policy\"}]},{\"@type\":\"WebSite\",\"@id\":\"https:\\\/\\\/ctp.rvltpreview.com\\\/#website\",\"url\":\"https:\\\/\\\/ctp.rvltpreview.com\\\/\",\"name\":\"Commercial Real Estate Developer And Manager\",\"description\":\"CTP - premium industrial warehouse and office buildings\",\"publisher\":{\"@id\":\"https:\\\/\\\/ctp.rvltpreview.com\\\/#organization\"},\"potentialAction\":[{\"@type\":\"SearchAction\",\"target\":{\"@type\":\"EntryPoint\",\"urlTemplate\":\"https:\\\/\\\/ctp.rvltpreview.com\\\/?s={search_term_string}\"},\"query-input\":{\"@type\":\"PropertyValueSpecification\",\"valueRequired\":true,\"valueName\":\"search_term_string\"}}],\"inLanguage\":\"cs\"},{\"@type\":\"Organization\",\"@id\":\"https:\\\/\\\/ctp.rvltpreview.com\\\/#organization\",\"name\":\"CTP\",\"url\":\"https:\\\/\\\/ctp.rvltpreview.com\\\/\",\"logo\":{\"@type\":\"ImageObject\",\"inLanguage\":\"cs\",\"@id\":\"https:\\\/\\\/ctp.rvltpreview.com\\\/#\\\/schema\\\/logo\\\/image\\\/\",\"url\":\"\",\"contentUrl\":\"\",\"caption\":\"CTP\"},\"image\":{\"@id\":\"https:\\\/\\\/ctp.rvltpreview.com\\\/#\\\/schema\\\/logo\\\/image\\\/\"}}]}<\/script>","yoast_head_json":{"title":"Z\u00e1sady ochrany osobn\u00edch \u00fadaj\u016f p\u0159i n\u00e1boru zam\u011bstnanc\u016f - Commercial Real Estate Developer And Manager","robots":{"index":"noindex","follow":"follow","max-snippet":"max-snippet:-1","max-image-preview":"max-image-preview:large","max-video-preview":"max-video-preview:-1"},"og_locale":"cs_CZ","og_type":"article","og_title":"Recruitment Privacy Policy","og_description":"1\u00a0 General Provisions We are committed to respecting your privacy and protecting your personal data, which is any information that","og_url":"https:\/\/ctp.rvltpreview.com\/cs\/ctp-policies\/recruitment-privacy-policy\/","og_site_name":"Commercial Real Estate Developer And Manager","article_modified_time":"2020-08-28T10:59:07+00:00","twitter_card":"summary_large_image","twitter_misc":{"Odhadovan\u00e1 doba \u010dten\u00ed":"8 minut"},"schema":{"@context":"https:\/\/schema.org","@graph":[{"@type":"WebPage","@id":"https:\/\/ctp.rvltpreview.com\/ctp-policies\/recruitment-privacy-policy\/","url":"https:\/\/ctp.rvltpreview.com\/ctp-policies\/recruitment-privacy-policy\/","name":"Z\u00e1sady ochrany osobn\u00edch \u00fadaj\u016f p\u0159i n\u00e1boru zam\u011bstnanc\u016f - Commercial Real Estate Developer And Manager","isPartOf":{"@id":"https:\/\/ctp.rvltpreview.com\/#website"},"datePublished":"2019-07-16T09:26:03+00:00","dateModified":"2020-08-28T10:59:07+00:00","breadcrumb":{"@id":"https:\/\/ctp.rvltpreview.com\/ctp-policies\/recruitment-privacy-policy\/#breadcrumb"},"inLanguage":"cs","potentialAction":[{"@type":"ReadAction","target":["https:\/\/ctp.rvltpreview.com\/ctp-policies\/recruitment-privacy-policy\/"]}]},{"@type":"BreadcrumbList","@id":"https:\/\/ctp.rvltpreview.com\/ctp-policies\/recruitment-privacy-policy\/#breadcrumb","itemListElement":[{"@type":"ListItem","position":1,"name":"Home","item":"https:\/\/ctp.rvltpreview.com\/cs\/"},{"@type":"ListItem","position":2,"name":"CTP Policies","item":"https:\/\/ctp.rvltpreview.com\/ctp-policies\/"},{"@type":"ListItem","position":3,"name":"Recruitment Privacy Policy"}]},{"@type":"WebSite","@id":"https:\/\/ctp.rvltpreview.com\/#website","url":"https:\/\/ctp.rvltpreview.com\/","name":"Developer a mana\u017eer komer\u010dn\u00edch nemovitost\u00ed","description":"CTP - pr\u00e9miov\u00e9 pr\u016fmyslov\u00e9 sklady a kancel\u00e1\u0159sk\u00e9 budovy","publisher":{"@id":"https:\/\/ctp.rvltpreview.com\/#organization"},"potentialAction":[{"@type":"SearchAction","target":{"@type":"EntryPoint","urlTemplate":"https:\/\/ctp.rvltpreview.com\/?s={search_term_string}"},"query-input":{"@type":"PropertyValueSpecification","valueRequired":true,"valueName":"search_term_string"}}],"inLanguage":"cs"},{"@type":"Organization","@id":"https:\/\/ctp.rvltpreview.com\/#organization","name":"Postaven\u00ed spole\u010dnosti","url":"https:\/\/ctp.rvltpreview.com\/","logo":{"@type":"ImageObject","inLanguage":"cs","@id":"https:\/\/ctp.rvltpreview.com\/#\/schema\/logo\/image\/","url":"","contentUrl":"","caption":"CTP"},"image":{"@id":"https:\/\/ctp.rvltpreview.com\/#\/schema\/logo\/image\/"}}]}},"_links":{"self":[{"href":"https:\/\/ctp.rvltpreview.com\/cs\/wp-json\/wp\/v2\/pages\/5938","targetHints":{"allow":["GET"]}}],"collection":[{"href":"https:\/\/ctp.rvltpreview.com\/cs\/wp-json\/wp\/v2\/pages"}],"about":[{"href":"https:\/\/ctp.rvltpreview.com\/cs\/wp-json\/wp\/v2\/types\/page"}],"author":[{"embeddable":true,"href":"https:\/\/ctp.rvltpreview.com\/cs\/wp-json\/wp\/v2\/users\/67"}],"replies":[{"embeddable":true,"href":"https:\/\/ctp.rvltpreview.com\/cs\/wp-json\/wp\/v2\/comments?post=5938"}],"version-history":[{"count":0,"href":"https:\/\/ctp.rvltpreview.com\/cs\/wp-json\/wp\/v2\/pages\/5938\/revisions"}],"up":[{"embeddable":true,"href":"https:\/\/ctp.rvltpreview.com\/cs\/wp-json\/wp\/v2\/pages\/6125"}],"wp:attachment":[{"href":"https:\/\/ctp.rvltpreview.com\/cs\/wp-json\/wp\/v2\/media?parent=5938"}],"curies":[{"name":"wp","href":"https:\/\/api.w.org\/{rel}","templated":true}]}}