{"id":236,"date":"2018-04-17T11:23:21","date_gmt":"2018-04-17T11:23:21","guid":{"rendered":"https:\/\/www.ctp.eu\/?page_id=236"},"modified":"2023-11-03T09:25:06","modified_gmt":"2023-11-03T07:25:06","slug":"industrial","status":"publish","type":"page","link":"https:\/\/ctp.rvltpreview.com\/cs\/portfolio\/industrial\/","title":{"rendered":"Pr\u016fmyslov\u00e9 portfolio"},"content":{"rendered":"<h2 class=\"ctp-red weight-normal\" style=\"line-height: 1.2;\">V\u00fdhody pr\u016fmyslov\u00fdch nemovitost\u00ed spole\u010dnosti CTP<\/h2>\n<p>Postar\u00e1me se o va\u0161e pot\u0159eby, abyste se mohli soust\u0159edit na sv\u00e9 podnik\u00e1n\u00ed. Jako zku\u0161en\u00fd developer, vlastn\u00edk a provozovatel komer\u010dn\u00edch nemovitost\u00ed - a d\u016fv\u011bryhodn\u00fd evropsk\u00fd partner v\u00edce ne\u017e 1 000 glob\u00e1ln\u00edch a m\u00edstn\u00edch l\u00eddr\u016f na trhu - m\u00e1me know-how, kter\u00e9 pot\u0159ebujete k maximalizaci hodnoty va\u0161ich provoz\u016f b\u011bhem \u017eivotn\u00edho cyklu va\u0161\u00ed investice. Mezi va\u0161e v\u00fdhody pat\u0159\u00ed na\u0161e vlastn\u00ed t\u00fdmy zam\u011b\u0159en\u00e9 na klienty, flexibilita p\u0159i p\u0159izp\u016fsobov\u00e1n\u00ed prostor a rychl\u00e9m roz\u0161i\u0159ov\u00e1n\u00ed a p\u0159emis\u0165ov\u00e1n\u00ed podle toho, jak va\u0161e podnik\u00e1n\u00ed roste, modernizace a \u00fadr\u017eba technologi\u00ed a klid a jistota kvality, kter\u00e9 plynou z partnerstv\u00ed s n\u00e1mi - nejv\u011bt\u0161\u00edm ve\u0159ejn\u011b obchodovan\u00fdm developerem pr\u016fmyslov\u00fdch a logistick\u00fdch nemovitost\u00ed v Evrop\u011b a dlouhodob\u00fdm l\u00eddrem na trhu ve st\u0159edn\u00ed a v\u00fdchodn\u00ed Evrop\u011b.<\/p>","protected":false},"excerpt":{"rendered":"<p>V\u00fdhody pr\u016fmyslov\u00fdch nemovitost\u00ed spole\u010dnosti CTP Postar\u00e1me se o va\u0161e pot\u0159eby, abyste se mohli soust\u0159edit na sv\u00e9 podnik\u00e1n\u00ed.<\/p>","protected":false},"author":67,"featured_media":0,"parent":64,"menu_order":0,"comment_status":"closed","ping_status":"closed","template":"templates\/industrial-portfolio.php","meta":{"_acf_changed":false,"footnotes":""},"class_list":["post-236","page","type-page","status-publish","hentry"],"acf":[],"yoast_head":"<title>Industrial Portfolio - Commercial Real Estate Developer And Manager<\/title>\n<meta name=\"robots\" content=\"noindex, follow, max-snippet:-1, max-image-preview:large, max-video-preview:-1\" \/>\n<meta property=\"og:locale\" content=\"cs_CZ\" \/>\n<meta property=\"og:type\" content=\"article\" \/>\n<meta property=\"og:title\" content=\"Industrial Portfolio\" \/>\n<meta property=\"og:description\" content=\"Advantages of CTP&#8217;s Industrial Properties We take care of your facility needs so that you can stay focused on your\" \/>\n<meta property=\"og:url\" content=\"https:\/\/ctp.rvltpreview.com\/cs\/portfolio\/industrial\/\" \/>\n<meta property=\"og:site_name\" content=\"Commercial Real Estate Developer And Manager\" \/>\n<meta property=\"article:modified_time\" content=\"2023-11-03T07:25:06+00:00\" \/>\n<meta name=\"twitter:card\" content=\"summary_large_image\" \/>\n<meta name=\"twitter:label1\" content=\"Odhadovan\u00e1 doba \u010dten\u00ed\" \/>\n\t<meta name=\"twitter:data1\" content=\"1 minuta\" \/>\n<script type=\"application\/ld+json\" class=\"yoast-schema-graph\">{\"@context\":\"https:\/\/schema.org\",\"@graph\":[{\"@type\":\"WebPage\",\"@id\":\"https:\/\/ctp.rvltpreview.com\/portfolio\/industrial\/\",\"url\":\"https:\/\/ctp.rvltpreview.com\/portfolio\/industrial\/\",\"name\":\"Industrial Portfolio - Commercial Real Estate Developer And Manager\",\"isPartOf\":{\"@id\":\"https:\/\/ctp.rvltpreview.com\/#website\"},\"datePublished\":\"2018-04-17T11:23:21+00:00\",\"dateModified\":\"2023-11-03T07:25:06+00:00\",\"breadcrumb\":{\"@id\":\"https:\/\/ctp.rvltpreview.com\/portfolio\/industrial\/#breadcrumb\"},\"inLanguage\":\"cs\",\"potentialAction\":[{\"@type\":\"ReadAction\",\"target\":[\"https:\/\/ctp.rvltpreview.com\/portfolio\/industrial\/\"]}]},{\"@type\":\"BreadcrumbList\",\"@id\":\"https:\/\/ctp.rvltpreview.com\/portfolio\/industrial\/#breadcrumb\",\"itemListElement\":[{\"@type\":\"ListItem\",\"position\":1,\"name\":\"Home\",\"item\":\"https:\/\/ctp.rvltpreview.com\/\"},{\"@type\":\"ListItem\",\"position\":2,\"name\":\"Portfolio\",\"item\":\"https:\/\/ctp.rvltpreview.com\/portfolio\/\"},{\"@type\":\"ListItem\",\"position\":3,\"name\":\"Industrial Portfolio\"}]},{\"@type\":\"WebSite\",\"@id\":\"https:\/\/ctp.rvltpreview.com\/#website\",\"url\":\"https:\/\/ctp.rvltpreview.com\/\",\"name\":\"Commercial Real Estate Developer And Manager\",\"description\":\"CTP - premium industrial warehouse and office buildings\",\"publisher\":{\"@id\":\"https:\/\/ctp.rvltpreview.com\/#organization\"},\"potentialAction\":[{\"@type\":\"SearchAction\",\"target\":{\"@type\":\"EntryPoint\",\"urlTemplate\":\"https:\/\/ctp.rvltpreview.com\/?s={search_term_string}\"},\"query-input\":{\"@type\":\"PropertyValueSpecification\",\"valueRequired\":true,\"valueName\":\"search_term_string\"}}],\"inLanguage\":\"cs\"},{\"@type\":\"Organization\",\"@id\":\"https:\/\/ctp.rvltpreview.com\/#organization\",\"name\":\"CTP\",\"url\":\"https:\/\/ctp.rvltpreview.com\/\",\"logo\":{\"@type\":\"ImageObject\",\"inLanguage\":\"cs\",\"@id\":\"https:\/\/ctp.rvltpreview.com\/#\/schema\/logo\/image\/\",\"url\":\"\",\"contentUrl\":\"\",\"caption\":\"CTP\"},\"image\":{\"@id\":\"https:\/\/ctp.rvltpreview.com\/#\/schema\/logo\/image\/\"}}]}<\/script>","yoast_head_json":{"title":"Industrial Portfolio - Commercial Real Estate Developer And Manager","robots":{"index":"noindex","follow":"follow","max-snippet":"max-snippet:-1","max-image-preview":"max-image-preview:large","max-video-preview":"max-video-preview:-1"},"og_locale":"cs_CZ","og_type":"article","og_title":"Industrial Portfolio","og_description":"Advantages of CTP&#8217;s Industrial Properties We take care of your facility needs so that you can stay focused on your","og_url":"https:\/\/ctp.rvltpreview.com\/cs\/portfolio\/industrial\/","og_site_name":"Commercial Real Estate Developer And Manager","article_modified_time":"2023-11-03T07:25:06+00:00","twitter_card":"summary_large_image","twitter_misc":{"Odhadovan\u00e1 doba \u010dten\u00ed":"1 minuta"},"schema":{"@context":"https:\/\/schema.org","@graph":[{"@type":"WebPage","@id":"https:\/\/ctp.rvltpreview.com\/portfolio\/industrial\/","url":"https:\/\/ctp.rvltpreview.com\/portfolio\/industrial\/","name":"Industrial Portfolio - Commercial Real Estate Developer And Manager","isPartOf":{"@id":"https:\/\/ctp.rvltpreview.com\/#website"},"datePublished":"2018-04-17T11:23:21+00:00","dateModified":"2023-11-03T07:25:06+00:00","breadcrumb":{"@id":"https:\/\/ctp.rvltpreview.com\/portfolio\/industrial\/#breadcrumb"},"inLanguage":"cs","potentialAction":[{"@type":"ReadAction","target":["https:\/\/ctp.rvltpreview.com\/portfolio\/industrial\/"]}]},{"@type":"BreadcrumbList","@id":"https:\/\/ctp.rvltpreview.com\/portfolio\/industrial\/#breadcrumb","itemListElement":[{"@type":"ListItem","position":1,"name":"Home","item":"https:\/\/ctp.rvltpreview.com\/"},{"@type":"ListItem","position":2,"name":"Portfolio","item":"https:\/\/ctp.rvltpreview.com\/portfolio\/"},{"@type":"ListItem","position":3,"name":"Industrial Portfolio"}]},{"@type":"WebSite","@id":"https:\/\/ctp.rvltpreview.com\/#website","url":"https:\/\/ctp.rvltpreview.com\/","name":"Commercial Real Estate Developer And Manager","description":"CTP - premium industrial warehouse and office buildings","publisher":{"@id":"https:\/\/ctp.rvltpreview.com\/#organization"},"potentialAction":[{"@type":"SearchAction","target":{"@type":"EntryPoint","urlTemplate":"https:\/\/ctp.rvltpreview.com\/?s={search_term_string}"},"query-input":{"@type":"PropertyValueSpecification","valueRequired":true,"valueName":"search_term_string"}}],"inLanguage":"cs"},{"@type":"Organization","@id":"https:\/\/ctp.rvltpreview.com\/#organization","name":"CTP","url":"https:\/\/ctp.rvltpreview.com\/","logo":{"@type":"ImageObject","inLanguage":"cs","@id":"https:\/\/ctp.rvltpreview.com\/#\/schema\/logo\/image\/","url":"","contentUrl":"","caption":"CTP"},"image":{"@id":"https:\/\/ctp.rvltpreview.com\/#\/schema\/logo\/image\/"}}]}},"_links":{"self":[{"href":"https:\/\/ctp.rvltpreview.com\/cs\/wp-json\/wp\/v2\/pages\/236","targetHints":{"allow":["GET"]}}],"collection":[{"href":"https:\/\/ctp.rvltpreview.com\/cs\/wp-json\/wp\/v2\/pages"}],"about":[{"href":"https:\/\/ctp.rvltpreview.com\/cs\/wp-json\/wp\/v2\/types\/page"}],"author":[{"embeddable":true,"href":"https:\/\/ctp.rvltpreview.com\/cs\/wp-json\/wp\/v2\/users\/67"}],"replies":[{"embeddable":true,"href":"https:\/\/ctp.rvltpreview.com\/cs\/wp-json\/wp\/v2\/comments?post=236"}],"version-history":[{"count":33,"href":"https:\/\/ctp.rvltpreview.com\/cs\/wp-json\/wp\/v2\/pages\/236\/revisions"}],"predecessor-version":[{"id":89070,"href":"https:\/\/ctp.rvltpreview.com\/cs\/wp-json\/wp\/v2\/pages\/236\/revisions\/89070"}],"up":[{"embeddable":true,"href":"https:\/\/ctp.rvltpreview.com\/cs\/wp-json\/wp\/v2\/pages\/64"}],"wp:attachment":[{"href":"https:\/\/ctp.rvltpreview.com\/cs\/wp-json\/wp\/v2\/media?parent=236"}],"curies":[{"name":"wp","href":"https:\/\/api.w.org\/{rel}","templated":true}]}}