{"id":13639,"date":"2021-03-03T13:58:12","date_gmt":"2021-03-03T11:58:12","guid":{"rendered":"https:\/\/www.ctp.eu\/?page_id=13639"},"modified":"2025-09-04T09:28:36","modified_gmt":"2025-09-04T07:28:36","slug":"governance","status":"publish","type":"page","link":"https:\/\/ctp.rvltpreview.com\/cs\/investors\/governance\/","title":{"rendered":"Spr\u00e1va"},"content":{"rendered":"<p>Prioritn\u00edmi principy korpor\u00e1tn\u00edho \u0159\u00edzen\u00ed jsou efektivn\u00ed postupy a d\u016fsledn\u011b pracujeme na budov\u00e1n\u00ed transparentn\u00edho pracovn\u00edho prost\u0159ed\u00ed na v\u0161ech \u00farovn\u00edch na\u0161\u00ed organizace. T\u00f3n pro to je ud\u00e1v\u00e1n naho\u0159e. Na\u0161e jednostup\u0148ov\u00e1 spr\u00e1vn\u00ed rada, slo\u017een\u00e1 z v\u00fdkonn\u00fdch a nev\u00fdkonn\u00fdch \u0159editel\u016f, dohl\u00ed\u017e\u00ed na provoz spole\u010dnosti, zaji\u0161\u0165uje dodr\u017eov\u00e1n\u00ed p\u0159edpis\u016f a h\u00e1j\u00ed z\u00e1jmy na\u0161ich zainteresovan\u00fdch stran. Nev\u00fdkonn\u00ed \u0159editel\u00e9 dohl\u00ed\u017eej\u00ed na pln\u011bn\u00ed povinnost\u00ed v\u00fdkonn\u00fdch \u0159editel\u016f a na obecn\u00e9 z\u00e1le\u017eitosti a \u010dinnost spole\u010dnosti CTP, pom\u00e1haj\u00ed s tvorbou n\u00e1vrh\u016f strategie a dohl\u00ed\u017eej\u00ed na jej\u00ed implementaci. <\/p>\n<p>Pe\u010dliv\u011b dodr\u017eujeme platn\u00e9 z\u00e1kony a p\u0159edpisy a z\u0159\u00eddili jsme v\u00fdbory na \u00farovni p\u0159edstavenstva, kter\u00e9 zaji\u0161\u0165uj\u00ed odpov\u011bdn\u00e9, spravedliv\u00e9 a transparentn\u00ed rozhodov\u00e1n\u00ed ve v\u00fdborech pro audit, nominace a odm\u011b\u0148ov\u00e1n\u00ed, udr\u017eitelnost a v p\u0159edstavenstvu. Na\u0161e p\u0159edstavenstvo se zav\u00e1zalo k vytv\u00e1\u0159en\u00ed dlouhodob\u00e9 hodnoty a z\u00e1rove\u0148 zohled\u0148uje dopad na\u0161ich krok\u016f v cel\u00e9m hodnotov\u00e9m \u0159et\u011bzci.<\/p>","protected":false},"excerpt":{"rendered":"<p>Up\u0159ednost\u0148ujeme efektivn\u00ed postupy spr\u00e1vy a \u0159\u00edzen\u00ed spole\u010dnost\u00ed a d\u016fsledn\u011b pracujeme na budov\u00e1n\u00ed transparentn\u00edho pracovn\u00edho prost\u0159ed\u00ed na v\u0161ech \u00farovn\u00edch na\u0161\u00ed<\/p>","protected":false},"author":22,"featured_media":0,"parent":9830,"menu_order":6,"comment_status":"closed","ping_status":"closed","template":"templates\/governance.php","meta":{"_acf_changed":false,"footnotes":""},"class_list":["post-13639","page","type-page","status-publish","hentry"],"acf":[],"yoast_head":"<title>Governance - Commercial Real Estate Developer And Manager<\/title>\n<meta name=\"robots\" content=\"noindex, follow, max-snippet:-1, max-image-preview:large, max-video-preview:-1\" \/>\n<meta property=\"og:locale\" content=\"cs_CZ\" \/>\n<meta property=\"og:type\" content=\"article\" \/>\n<meta property=\"og:title\" content=\"Governance\" \/>\n<meta property=\"og:description\" content=\"We prioritise effective corporate governance practices and work consistently to build a transparent work environment at all levels of our\" \/>\n<meta property=\"og:url\" content=\"https:\/\/ctp.rvltpreview.com\/cs\/investors\/governance\/\" \/>\n<meta property=\"og:site_name\" content=\"Commercial Real Estate Developer And Manager\" \/>\n<meta property=\"article:modified_time\" content=\"2025-09-04T07:28:36+00:00\" \/>\n<meta name=\"twitter:card\" content=\"summary_large_image\" \/>\n<meta name=\"twitter:label1\" content=\"Odhadovan\u00e1 doba \u010dten\u00ed\" \/>\n\t<meta name=\"twitter:data1\" content=\"1 minuta\" \/>\n<script type=\"application\/ld+json\" class=\"yoast-schema-graph\">{\"@context\":\"https:\/\/schema.org\",\"@graph\":[{\"@type\":\"WebPage\",\"@id\":\"https:\/\/ctp.rvltpreview.com\/investors\/governance\/\",\"url\":\"https:\/\/ctp.rvltpreview.com\/investors\/governance\/\",\"name\":\"Governance - Commercial Real Estate Developer And Manager\",\"isPartOf\":{\"@id\":\"https:\/\/ctp.rvltpreview.com\/#website\"},\"datePublished\":\"2021-03-03T11:58:12+00:00\",\"dateModified\":\"2025-09-04T07:28:36+00:00\",\"breadcrumb\":{\"@id\":\"https:\/\/ctp.rvltpreview.com\/investors\/governance\/#breadcrumb\"},\"inLanguage\":\"cs\",\"potentialAction\":[{\"@type\":\"ReadAction\",\"target\":[\"https:\/\/ctp.rvltpreview.com\/investors\/governance\/\"]}]},{\"@type\":\"BreadcrumbList\",\"@id\":\"https:\/\/ctp.rvltpreview.com\/investors\/governance\/#breadcrumb\",\"itemListElement\":[{\"@type\":\"ListItem\",\"position\":1,\"name\":\"Home\",\"item\":\"https:\/\/ctp.rvltpreview.com\/\"},{\"@type\":\"ListItem\",\"position\":2,\"name\":\"Long-Term Investment Partnership\",\"item\":\"https:\/\/ctp.rvltpreview.com\/investors\/\"},{\"@type\":\"ListItem\",\"position\":3,\"name\":\"Governance\"}]},{\"@type\":\"WebSite\",\"@id\":\"https:\/\/ctp.rvltpreview.com\/#website\",\"url\":\"https:\/\/ctp.rvltpreview.com\/\",\"name\":\"Commercial Real Estate Developer And Manager\",\"description\":\"CTP - premium industrial warehouse and office buildings\",\"publisher\":{\"@id\":\"https:\/\/ctp.rvltpreview.com\/#organization\"},\"potentialAction\":[{\"@type\":\"SearchAction\",\"target\":{\"@type\":\"EntryPoint\",\"urlTemplate\":\"https:\/\/ctp.rvltpreview.com\/?s={search_term_string}\"},\"query-input\":{\"@type\":\"PropertyValueSpecification\",\"valueRequired\":true,\"valueName\":\"search_term_string\"}}],\"inLanguage\":\"cs\"},{\"@type\":\"Organization\",\"@id\":\"https:\/\/ctp.rvltpreview.com\/#organization\",\"name\":\"CTP\",\"url\":\"https:\/\/ctp.rvltpreview.com\/\",\"logo\":{\"@type\":\"ImageObject\",\"inLanguage\":\"cs\",\"@id\":\"https:\/\/ctp.rvltpreview.com\/#\/schema\/logo\/image\/\",\"url\":\"\",\"contentUrl\":\"\",\"caption\":\"CTP\"},\"image\":{\"@id\":\"https:\/\/ctp.rvltpreview.com\/#\/schema\/logo\/image\/\"}}]}<\/script>","yoast_head_json":{"title":"Governance - Commercial Real Estate Developer And Manager","robots":{"index":"noindex","follow":"follow","max-snippet":"max-snippet:-1","max-image-preview":"max-image-preview:large","max-video-preview":"max-video-preview:-1"},"og_locale":"cs_CZ","og_type":"article","og_title":"Governance","og_description":"We prioritise effective corporate governance practices and work consistently to build a transparent work environment at all levels of our","og_url":"https:\/\/ctp.rvltpreview.com\/cs\/investors\/governance\/","og_site_name":"Commercial Real Estate Developer And Manager","article_modified_time":"2025-09-04T07:28:36+00:00","twitter_card":"summary_large_image","twitter_misc":{"Odhadovan\u00e1 doba \u010dten\u00ed":"1 minuta"},"schema":{"@context":"https:\/\/schema.org","@graph":[{"@type":"WebPage","@id":"https:\/\/ctp.rvltpreview.com\/investors\/governance\/","url":"https:\/\/ctp.rvltpreview.com\/investors\/governance\/","name":"Governance - Commercial Real Estate Developer And Manager","isPartOf":{"@id":"https:\/\/ctp.rvltpreview.com\/#website"},"datePublished":"2021-03-03T11:58:12+00:00","dateModified":"2025-09-04T07:28:36+00:00","breadcrumb":{"@id":"https:\/\/ctp.rvltpreview.com\/investors\/governance\/#breadcrumb"},"inLanguage":"cs","potentialAction":[{"@type":"ReadAction","target":["https:\/\/ctp.rvltpreview.com\/investors\/governance\/"]}]},{"@type":"BreadcrumbList","@id":"https:\/\/ctp.rvltpreview.com\/investors\/governance\/#breadcrumb","itemListElement":[{"@type":"ListItem","position":1,"name":"Home","item":"https:\/\/ctp.rvltpreview.com\/"},{"@type":"ListItem","position":2,"name":"Long-Term Investment Partnership","item":"https:\/\/ctp.rvltpreview.com\/investors\/"},{"@type":"ListItem","position":3,"name":"Governance"}]},{"@type":"WebSite","@id":"https:\/\/ctp.rvltpreview.com\/#website","url":"https:\/\/ctp.rvltpreview.com\/","name":"Commercial Real Estate Developer And Manager","description":"CTP - premium industrial warehouse and office buildings","publisher":{"@id":"https:\/\/ctp.rvltpreview.com\/#organization"},"potentialAction":[{"@type":"SearchAction","target":{"@type":"EntryPoint","urlTemplate":"https:\/\/ctp.rvltpreview.com\/?s={search_term_string}"},"query-input":{"@type":"PropertyValueSpecification","valueRequired":true,"valueName":"search_term_string"}}],"inLanguage":"cs"},{"@type":"Organization","@id":"https:\/\/ctp.rvltpreview.com\/#organization","name":"CTP","url":"https:\/\/ctp.rvltpreview.com\/","logo":{"@type":"ImageObject","inLanguage":"cs","@id":"https:\/\/ctp.rvltpreview.com\/#\/schema\/logo\/image\/","url":"","contentUrl":"","caption":"CTP"},"image":{"@id":"https:\/\/ctp.rvltpreview.com\/#\/schema\/logo\/image\/"}}]}},"_links":{"self":[{"href":"https:\/\/ctp.rvltpreview.com\/cs\/wp-json\/wp\/v2\/pages\/13639","targetHints":{"allow":["GET"]}}],"collection":[{"href":"https:\/\/ctp.rvltpreview.com\/cs\/wp-json\/wp\/v2\/pages"}],"about":[{"href":"https:\/\/ctp.rvltpreview.com\/cs\/wp-json\/wp\/v2\/types\/page"}],"author":[{"embeddable":true,"href":"https:\/\/ctp.rvltpreview.com\/cs\/wp-json\/wp\/v2\/users\/22"}],"replies":[{"embeddable":true,"href":"https:\/\/ctp.rvltpreview.com\/cs\/wp-json\/wp\/v2\/comments?post=13639"}],"version-history":[{"count":45,"href":"https:\/\/ctp.rvltpreview.com\/cs\/wp-json\/wp\/v2\/pages\/13639\/revisions"}],"predecessor-version":[{"id":104110,"href":"https:\/\/ctp.rvltpreview.com\/cs\/wp-json\/wp\/v2\/pages\/13639\/revisions\/104110"}],"up":[{"embeddable":true,"href":"https:\/\/ctp.rvltpreview.com\/cs\/wp-json\/wp\/v2\/pages\/9830"}],"wp:attachment":[{"href":"https:\/\/ctp.rvltpreview.com\/cs\/wp-json\/wp\/v2\/media?parent=13639"}],"curies":[{"name":"wp","href":"https:\/\/api.w.org\/{rel}","templated":true}]}}