{"id":13620,"date":"2021-03-03T13:39:45","date_gmt":"2021-03-03T13:39:45","guid":{"rendered":"https:\/\/www.ctp.eu\/?page_id=13620"},"modified":"2021-08-06T13:10:10","modified_gmt":"2021-08-06T13:10:10","slug":"access-restricted","status":"publish","type":"page","link":"https:\/\/ctp.rvltpreview.com\/cs\/access-restricted\/","title":{"rendered":"P\u0159\u00edstup omezen"},"content":{"rendered":"<h2 class=\"investors-subtitle\">Je n\u00e1m l\u00edto, \u017ee kv\u016fli regula\u010dn\u00edm omezen\u00edm v\u00e1m nem\u016f\u017eeme poskytnout p\u0159\u00edstup k t\u011bmto materi\u00e1l\u016fm.<\/h2>\n<p class=\"investors-paragraph\">Zjistili jsme, \u017ee na tento web p\u0159istupujete ze zem\u011b s omezen\u00fdm p\u0159\u00edstupem, kter\u00e9 jsme kv\u016fli regula\u010dn\u00edm omezen\u00edm povinni zablokovat p\u0159\u00edstup k materi\u00e1l\u016fm na v\u00e1mi po\u017eadovan\u00e9 str\u00e1nce. Pokud se domn\u00edv\u00e1te, \u017ee se jedn\u00e1 o chybu, kontaktujte n\u00e1s<a href=\"https:\/\/ctp.rvltpreview.com\/investors\/#contact\"> T\u00fdm pro vztahy s investory zde<\/a>.<\/p>\n<p><a class=\"btn btn-primary uppercase mb-0 getOfferButton\" style=\"margin-top: 80px;\" href=\"\/investors\/\">Kliknut\u00edm sem p\u0159ejdete na domovskou str\u00e1nku<\/a><\/p>","protected":false},"excerpt":{"rendered":"<p>Je n\u00e1m l\u00edto, \u017ee z d\u016fvodu regula\u010dn\u00edch omezen\u00ed v\u00e1m nem\u016f\u017eeme poskytnout p\u0159\u00edstup k t\u011bmto materi\u00e1l\u016fm. To jsme zjistili<\/p>","protected":false},"author":22,"featured_media":0,"parent":0,"menu_order":0,"comment_status":"closed","ping_status":"closed","template":"investors-sub-page.php","meta":{"_acf_changed":false,"footnotes":""},"class_list":["post-13620","page","type-page","status-publish","hentry"],"acf":[],"yoast_head":"<title>Access restricted - Commercial Real Estate Developer And Manager<\/title>\n<meta name=\"robots\" content=\"noindex, follow, max-snippet:-1, max-image-preview:large, max-video-preview:-1\" \/>\n<meta property=\"og:locale\" content=\"cs_CZ\" \/>\n<meta property=\"og:type\" content=\"article\" \/>\n<meta property=\"og:title\" content=\"Access restricted\" \/>\n<meta property=\"og:description\" content=\"We regret that due to regulatory restrictions, we cannot provide you with access to these materials. We have detected that\" \/>\n<meta property=\"og:url\" content=\"https:\/\/ctp.rvltpreview.com\/cs\/access-restricted\/\" \/>\n<meta property=\"og:site_name\" content=\"Commercial Real Estate Developer And Manager\" \/>\n<meta property=\"article:modified_time\" content=\"2021-08-06T13:10:10+00:00\" \/>\n<meta name=\"twitter:card\" content=\"summary_large_image\" \/>\n<script type=\"application\/ld+json\" class=\"yoast-schema-graph\">{\"@context\":\"https:\\\/\\\/schema.org\",\"@graph\":[{\"@type\":\"WebPage\",\"@id\":\"https:\\\/\\\/ctp.rvltpreview.com\\\/access-restricted\\\/\",\"url\":\"https:\\\/\\\/ctp.rvltpreview.com\\\/access-restricted\\\/\",\"name\":\"Access restricted - Commercial Real Estate Developer And Manager\",\"isPartOf\":{\"@id\":\"https:\\\/\\\/ctp.rvltpreview.com\\\/#website\"},\"datePublished\":\"2021-03-03T13:39:45+00:00\",\"dateModified\":\"2021-08-06T13:10:10+00:00\",\"breadcrumb\":{\"@id\":\"https:\\\/\\\/ctp.rvltpreview.com\\\/access-restricted\\\/#breadcrumb\"},\"inLanguage\":\"cs\",\"potentialAction\":[{\"@type\":\"ReadAction\",\"target\":[\"https:\\\/\\\/ctp.rvltpreview.com\\\/access-restricted\\\/\"]}]},{\"@type\":\"BreadcrumbList\",\"@id\":\"https:\\\/\\\/ctp.rvltpreview.com\\\/access-restricted\\\/#breadcrumb\",\"itemListElement\":[{\"@type\":\"ListItem\",\"position\":1,\"name\":\"Home\",\"item\":\"https:\\\/\\\/ctp.rvltpreview.com\\\/cs\\\/\"},{\"@type\":\"ListItem\",\"position\":2,\"name\":\"Access restricted\"}]},{\"@type\":\"WebSite\",\"@id\":\"https:\\\/\\\/ctp.rvltpreview.com\\\/#website\",\"url\":\"https:\\\/\\\/ctp.rvltpreview.com\\\/\",\"name\":\"Commercial Real Estate Developer And Manager\",\"description\":\"CTP - premium industrial warehouse and office buildings\",\"publisher\":{\"@id\":\"https:\\\/\\\/ctp.rvltpreview.com\\\/#organization\"},\"potentialAction\":[{\"@type\":\"SearchAction\",\"target\":{\"@type\":\"EntryPoint\",\"urlTemplate\":\"https:\\\/\\\/ctp.rvltpreview.com\\\/?s={search_term_string}\"},\"query-input\":{\"@type\":\"PropertyValueSpecification\",\"valueRequired\":true,\"valueName\":\"search_term_string\"}}],\"inLanguage\":\"cs\"},{\"@type\":\"Organization\",\"@id\":\"https:\\\/\\\/ctp.rvltpreview.com\\\/#organization\",\"name\":\"CTP\",\"url\":\"https:\\\/\\\/ctp.rvltpreview.com\\\/\",\"logo\":{\"@type\":\"ImageObject\",\"inLanguage\":\"cs\",\"@id\":\"https:\\\/\\\/ctp.rvltpreview.com\\\/#\\\/schema\\\/logo\\\/image\\\/\",\"url\":\"\",\"contentUrl\":\"\",\"caption\":\"CTP\"},\"image\":{\"@id\":\"https:\\\/\\\/ctp.rvltpreview.com\\\/#\\\/schema\\\/logo\\\/image\\\/\"}}]}<\/script>","yoast_head_json":{"title":"P\u0159\u00edstup je omezen \u2013 Developer a mana\u017eer komer\u010dn\u00edch nemovitost\u00ed","robots":{"index":"noindex","follow":"follow","max-snippet":"max-snippet:-1","max-image-preview":"max-image-preview:large","max-video-preview":"max-video-preview:-1"},"og_locale":"cs_CZ","og_type":"article","og_title":"Access restricted","og_description":"We regret that due to regulatory restrictions, we cannot provide you with access to these materials. We have detected that","og_url":"https:\/\/ctp.rvltpreview.com\/cs\/access-restricted\/","og_site_name":"Commercial Real Estate Developer And Manager","article_modified_time":"2021-08-06T13:10:10+00:00","twitter_card":"summary_large_image","schema":{"@context":"https:\/\/schema.org","@graph":[{"@type":"WebPage","@id":"https:\/\/ctp.rvltpreview.com\/access-restricted\/","url":"https:\/\/ctp.rvltpreview.com\/access-restricted\/","name":"P\u0159\u00edstup je omezen \u2013 Developer a mana\u017eer komer\u010dn\u00edch nemovitost\u00ed","isPartOf":{"@id":"https:\/\/ctp.rvltpreview.com\/#website"},"datePublished":"2021-03-03T13:39:45+00:00","dateModified":"2021-08-06T13:10:10+00:00","breadcrumb":{"@id":"https:\/\/ctp.rvltpreview.com\/access-restricted\/#breadcrumb"},"inLanguage":"cs","potentialAction":[{"@type":"ReadAction","target":["https:\/\/ctp.rvltpreview.com\/access-restricted\/"]}]},{"@type":"BreadcrumbList","@id":"https:\/\/ctp.rvltpreview.com\/access-restricted\/#breadcrumb","itemListElement":[{"@type":"ListItem","position":1,"name":"Home","item":"https:\/\/ctp.rvltpreview.com\/cs\/"},{"@type":"ListItem","position":2,"name":"Access restricted"}]},{"@type":"WebSite","@id":"https:\/\/ctp.rvltpreview.com\/#website","url":"https:\/\/ctp.rvltpreview.com\/","name":"Developer a mana\u017eer komer\u010dn\u00edch nemovitost\u00ed","description":"CTP - pr\u00e9miov\u00e9 pr\u016fmyslov\u00e9 sklady a kancel\u00e1\u0159sk\u00e9 budovy","publisher":{"@id":"https:\/\/ctp.rvltpreview.com\/#organization"},"potentialAction":[{"@type":"SearchAction","target":{"@type":"EntryPoint","urlTemplate":"https:\/\/ctp.rvltpreview.com\/?s={search_term_string}"},"query-input":{"@type":"PropertyValueSpecification","valueRequired":true,"valueName":"search_term_string"}}],"inLanguage":"cs"},{"@type":"Organization","@id":"https:\/\/ctp.rvltpreview.com\/#organization","name":"Postaven\u00ed spole\u010dnosti","url":"https:\/\/ctp.rvltpreview.com\/","logo":{"@type":"ImageObject","inLanguage":"cs","@id":"https:\/\/ctp.rvltpreview.com\/#\/schema\/logo\/image\/","url":"","contentUrl":"","caption":"CTP"},"image":{"@id":"https:\/\/ctp.rvltpreview.com\/#\/schema\/logo\/image\/"}}]}},"_links":{"self":[{"href":"https:\/\/ctp.rvltpreview.com\/cs\/wp-json\/wp\/v2\/pages\/13620","targetHints":{"allow":["GET"]}}],"collection":[{"href":"https:\/\/ctp.rvltpreview.com\/cs\/wp-json\/wp\/v2\/pages"}],"about":[{"href":"https:\/\/ctp.rvltpreview.com\/cs\/wp-json\/wp\/v2\/types\/page"}],"author":[{"embeddable":true,"href":"https:\/\/ctp.rvltpreview.com\/cs\/wp-json\/wp\/v2\/users\/22"}],"replies":[{"embeddable":true,"href":"https:\/\/ctp.rvltpreview.com\/cs\/wp-json\/wp\/v2\/comments?post=13620"}],"version-history":[{"count":0,"href":"https:\/\/ctp.rvltpreview.com\/cs\/wp-json\/wp\/v2\/pages\/13620\/revisions"}],"wp:attachment":[{"href":"https:\/\/ctp.rvltpreview.com\/cs\/wp-json\/wp\/v2\/media?parent=13620"}],"curies":[{"name":"wp","href":"https:\/\/api.w.org\/{rel}","templated":true}]}}